{"id":9431,"date":"2025-07-12T07:00:15","date_gmt":"2025-07-12T07:00:15","guid":{"rendered":"https:\/\/imiapower.com\/?post_type=product&#038;p=9431"},"modified":"2025-07-12T07:03:42","modified_gmt":"2025-07-12T07:03:42","slug":"30w-car-charger-with-usb-c","status":"publish","type":"product","link":"https:\/\/imiapower.com\/pt_pt\/products\/car-charger\/30w-car-charger-with-usb-c\/","title":{"rendered":"Carregador de carro de 30 W com USB-C PD e duas portas USB-A | Carregamento r\u00e1pido"},"content":{"rendered":"<ul>\n<li><strong>Carregador de carro com USB-C<\/strong><\/li>\n<li><strong>Entrada:<\/strong> CC 12-24 V<\/li>\n<li><strong>Sa\u00edda USB-A1&amp;A2:<\/strong> 12W m\u00e1x. 5V2.4A<\/li>\n<li><strong>USB-C: 18 W M\u00e1x.:<\/strong> 12V1,5A \/ 9V2A \/ 5V3A<\/li>\n<li><strong>Produ\u00e7\u00e3o total:<\/strong> 30 W m\u00e1x.: USB-A1 e A2: 5 V 2,4 A USB-C: 12 V 1,5 A \/ 9 V 2 A \/ 5 V 3 A<\/li>\n<li><strong>Material:<\/strong> Liga de alum\u00ednio, PC \u00e0 prova de fogo sem halog\u00eanio, PCBA<\/li>\n<li><strong>Certifica\u00e7\u00e3o:<\/strong> CE\/FCC\/ROHS<\/li>\n<li><strong>Tamanho:<\/strong> 25,2*41,2*65,3 mm<\/li>\n<li><strong>Liderado:<\/strong> Luz Azul<\/li>\n<\/ul>","protected":false},"excerpt":{"rendered":"<p>Carregador de carro compacto com 3 portas (USB-C + 2 USB-A) e pot\u00eancia m\u00e1xima de 30 W. Suporta carregamento r\u00e1pido para celulares e tablets. Caixa \u00e0 prova de fogo com LED azul.<\/p>\n<p><img fetchpriority=\"high\" decoding=\"async\" class=\"alignnone wp-image-9433 size-full\" src=\"https:\/\/imiapower.com\/wp-content\/uploads\/converted-2-6.webp\" alt=\"Carregador de carro com USB-C\" width=\"730\" height=\"410\" srcset=\"https:\/\/imiapower.com\/wp-content\/uploads\/converted-2-6.webp 730w, https:\/\/imiapower.com\/wp-content\/uploads\/converted-2-6-300x168.webp 300w, https:\/\/imiapower.com\/wp-content\/uploads\/converted-2-6-18x10.webp 18w, https:\/\/imiapower.com\/wp-content\/uploads\/converted-2-6-600x337.webp 600w, https:\/\/imiapower.com\/wp-content\/uploads\/converted-2-6-64x36.webp 64w\" sizes=\"(max-width: 730px) 100vw, 730px\" \/><\/p>","protected":false},"featured_media":9434,"comment_status":"open","ping_status":"closed","template":"","meta":{"rank_math_lock_modified_date":false,"site-sidebar-layout":"default","site-content-layout":"","ast-site-content-layout":"default","site-content-style":"default","site-sidebar-style":"default","ast-global-header-display":"","ast-banner-title-visibility":"","ast-main-header-display":"","ast-hfb-above-header-display":"","ast-hfb-below-header-display":"","ast-hfb-mobile-header-display":"","site-post-title":"","ast-breadcrumbs-content":"","ast-featured-img":"","footer-sml-layout":"","ast-disable-related-posts":"","theme-transparent-header-meta":"default","adv-header-id-meta":"","stick-header-meta":"","header-above-stick-meta":"","header-main-stick-meta":"","header-below-stick-meta":"","astra-migrate-meta-layouts":"set","ast-page-background-enabled":"default","ast-page-background-meta":{"desktop":{"background-color":"","background-image":"","background-repeat":"repeat","background-position":"center center","background-size":"auto","background-attachment":"scroll","background-type":"","background-media":"","overlay-type":"","overlay-color":"","overlay-opacity":"","overlay-gradient":""},"tablet":{"background-color":"","background-image":"","background-repeat":"repeat","background-position":"center center","background-size":"auto","background-attachment":"scroll","background-type":"","background-media":"","overlay-type":"","overlay-color":"","overlay-opacity":"","overlay-gradient":""},"mobile":{"background-color":"","background-image":"","background-repeat":"repeat","background-position":"center center","background-size":"auto","background-attachment":"scroll","background-type":"","background-media":"","overlay-type":"","overlay-color":"","overlay-opacity":"","overlay-gradient":""}},"ast-content-background-meta":{"desktop":{"background-color":"var(--ast-global-color-5)","background-image":"","background-repeat":"repeat","background-position":"center center","background-size":"auto","background-attachment":"scroll","background-type":"","background-media":"","overlay-type":"","overlay-color":"","overlay-opacity":"","overlay-gradient":""},"tablet":{"background-color":"var(--ast-global-color-5)","background-image":"","background-repeat":"repeat","background-position":"center center","background-size":"auto","background-attachment":"scroll","background-type":"","background-media":"","overlay-type":"","overlay-color":"","overlay-opacity":"","overlay-gradient":""},"mobile":{"background-color":"var(--ast-global-color-5)","background-image":"","background-repeat":"repeat","background-position":"center center","background-size":"auto","background-attachment":"scroll","background-type":"","background-media":"","overlay-type":"","overlay-color":"","overlay-opacity":"","overlay-gradient":""}}},"product_cat":[41],"product_tag":[],"class_list":{"0":"post-9431","1":"product","2":"type-product","3":"status-publish","4":"has-post-thumbnail","6":"product_cat-car-charger","7":"desktop-align-center","8":"tablet-align-center","9":"mobile-align-center","11":"first","12":"instock","13":"shipping-taxable","14":"product-type-simple"},"_links":{"self":[{"href":"https:\/\/imiapower.com\/pt_pt\/wp-json\/wp\/v2\/product\/9431","targetHints":{"allow":["GET"]}}],"collection":[{"href":"https:\/\/imiapower.com\/pt_pt\/wp-json\/wp\/v2\/product"}],"about":[{"href":"https:\/\/imiapower.com\/pt_pt\/wp-json\/wp\/v2\/types\/product"}],"replies":[{"embeddable":true,"href":"https:\/\/imiapower.com\/pt_pt\/wp-json\/wp\/v2\/comments?post=9431"}],"version-history":[{"count":3,"href":"https:\/\/imiapower.com\/pt_pt\/wp-json\/wp\/v2\/product\/9431\/revisions"}],"predecessor-version":[{"id":9438,"href":"https:\/\/imiapower.com\/pt_pt\/wp-json\/wp\/v2\/product\/9431\/revisions\/9438"}],"wp:featuredmedia":[{"embeddable":true,"href":"https:\/\/imiapower.com\/pt_pt\/wp-json\/wp\/v2\/media\/9434"}],"wp:attachment":[{"href":"https:\/\/imiapower.com\/pt_pt\/wp-json\/wp\/v2\/media?parent=9431"}],"wp:term":[{"taxonomy":"product_cat","embeddable":true,"href":"https:\/\/imiapower.com\/pt_pt\/wp-json\/wp\/v2\/product_cat?post=9431"},{"taxonomy":"product_tag","embeddable":true,"href":"https:\/\/imiapower.com\/pt_pt\/wp-json\/wp\/v2\/product_tag?post=9431"}],"curies":[{"name":"wp","href":"https:\/\/api.w.org\/{rel}","templated":true}]}}