{"id":9468,"date":"2025-07-15T03:45:45","date_gmt":"2025-07-15T03:45:45","guid":{"rendered":"https:\/\/imiapower.com\/?post_type=product&#038;p=9468"},"modified":"2025-07-15T03:45:47","modified_gmt":"2025-07-15T03:45:47","slug":"45w-travel-adapter-usb-c","status":"publish","type":"product","link":"https:\/\/imiapower.com\/pt_pt\/products\/travel-adapter\/45w-travel-adapter-usb-c\/","title":{"rendered":"Adaptador de viagem universal de 45 W com carregamento r\u00e1pido USB-C PD e tomada CA"},"content":{"rendered":"<ul>\n<li><strong>Adaptador de viagem de 45 W<\/strong><\/li>\n<li><strong>Tens\u00e3o de entrada:<\/strong>110~250 V\/CA 50-60 Hz<\/li>\n<li><strong>Sa\u00edda CA:<\/strong>10A M\u00e1x.(1000W\/100V ou 2400W\/240V)<\/li>\n<li><strong>Sa\u00edda USB \u00fanica:<\/strong> 5V 3A \/ 9V 2A \/ 12V 1,5A (m\u00e1x. 18W)<\/li>\n<li><strong>Sa\u00edda \u00fanica tipo C:<\/strong>5 V, 3 A 9 V, 3 A 12 V, 3 A 15 V, 3 A 20 V, 2,25 A (M\u00c1X. 45 W)<\/li>\n<li><strong>Sa\u00edda USB+Tipo C:<\/strong> 5V3A (m\u00e1x. 15W)<\/li>\n<li><strong>Tamanho :<\/strong>74*50,5*53,9 mm<\/li>\n<li><strong>Materiais:<\/strong> PC disparado + metal cobre<\/li>\n<li><strong>Certificado :<\/strong> FCC, CE<\/li>\n<\/ul>","protected":false},"excerpt":{"rendered":"<p><strong data-start=\"797\" data-end=\"865\">Adaptador de viagem de 45 W com carregamento r\u00e1pido USB-C PD para uso mundial<\/strong><br data-start=\"865\" data-end=\"868\" \/>Este adaptador universal compacto suporta entrada de 110\u2013250 V e fornece at\u00e9 45 W via USB-C para carregamento r\u00e1pido de seu laptop, tablet ou smartphone.<\/p>\n<p>Equipado com uma tomada CA (at\u00e9 2400 W), porta USB-A (m\u00e1x. 18 W) e sa\u00edda combinada USB+Tipo C (m\u00e1x. 15 W), \u00e9 perfeito para viagens internacionais.<\/p>\n<p>Constru\u00eddo com materiais de PC e cobre retardantes de chamas e certificado pela FCC e CE para uso seguro em todo o mundo.<\/p>","protected":false},"featured_media":9469,"comment_status":"open","ping_status":"closed","template":"","meta":{"rank_math_lock_modified_date":false,"site-sidebar-layout":"default","site-content-layout":"","ast-site-content-layout":"default","site-content-style":"default","site-sidebar-style":"default","ast-global-header-display":"","ast-banner-title-visibility":"","ast-main-header-display":"","ast-hfb-above-header-display":"","ast-hfb-below-header-display":"","ast-hfb-mobile-header-display":"","site-post-title":"","ast-breadcrumbs-content":"","ast-featured-img":"","footer-sml-layout":"","ast-disable-related-posts":"","theme-transparent-header-meta":"default","adv-header-id-meta":"","stick-header-meta":"","header-above-stick-meta":"","header-main-stick-meta":"","header-below-stick-meta":"","astra-migrate-meta-layouts":"set","ast-page-background-enabled":"default","ast-page-background-meta":{"desktop":{"background-color":"","background-image":"","background-repeat":"repeat","background-position":"center center","background-size":"auto","background-attachment":"scroll","background-type":"","background-media":"","overlay-type":"","overlay-color":"","overlay-opacity":"","overlay-gradient":""},"tablet":{"background-color":"","background-image":"","background-repeat":"repeat","background-position":"center center","background-size":"auto","background-attachment":"scroll","background-type":"","background-media":"","overlay-type":"","overlay-color":"","overlay-opacity":"","overlay-gradient":""},"mobile":{"background-color":"","background-image":"","background-repeat":"repeat","background-position":"center center","background-size":"auto","background-attachment":"scroll","background-type":"","background-media":"","overlay-type":"","overlay-color":"","overlay-opacity":"","overlay-gradient":""}},"ast-content-background-meta":{"desktop":{"background-color":"var(--ast-global-color-5)","background-image":"","background-repeat":"repeat","background-position":"center center","background-size":"auto","background-attachment":"scroll","background-type":"","background-media":"","overlay-type":"","overlay-color":"","overlay-opacity":"","overlay-gradient":""},"tablet":{"background-color":"var(--ast-global-color-5)","background-image":"","background-repeat":"repeat","background-position":"center center","background-size":"auto","background-attachment":"scroll","background-type":"","background-media":"","overlay-type":"","overlay-color":"","overlay-opacity":"","overlay-gradient":""},"mobile":{"background-color":"var(--ast-global-color-5)","background-image":"","background-repeat":"repeat","background-position":"center center","background-size":"auto","background-attachment":"scroll","background-type":"","background-media":"","overlay-type":"","overlay-color":"","overlay-opacity":"","overlay-gradient":""}}},"product_cat":[64],"product_tag":[],"class_list":{"0":"post-9468","1":"product","2":"type-product","3":"status-publish","4":"has-post-thumbnail","6":"product_cat-travel-adapter","7":"desktop-align-center","8":"tablet-align-center","9":"mobile-align-center","11":"first","12":"instock","13":"shipping-taxable","14":"product-type-simple"},"_links":{"self":[{"href":"https:\/\/imiapower.com\/pt_pt\/wp-json\/wp\/v2\/product\/9468","targetHints":{"allow":["GET"]}}],"collection":[{"href":"https:\/\/imiapower.com\/pt_pt\/wp-json\/wp\/v2\/product"}],"about":[{"href":"https:\/\/imiapower.com\/pt_pt\/wp-json\/wp\/v2\/types\/product"}],"replies":[{"embeddable":true,"href":"https:\/\/imiapower.com\/pt_pt\/wp-json\/wp\/v2\/comments?post=9468"}],"version-history":[{"count":2,"href":"https:\/\/imiapower.com\/pt_pt\/wp-json\/wp\/v2\/product\/9468\/revisions"}],"predecessor-version":[{"id":9472,"href":"https:\/\/imiapower.com\/pt_pt\/wp-json\/wp\/v2\/product\/9468\/revisions\/9472"}],"wp:featuredmedia":[{"embeddable":true,"href":"https:\/\/imiapower.com\/pt_pt\/wp-json\/wp\/v2\/media\/9469"}],"wp:attachment":[{"href":"https:\/\/imiapower.com\/pt_pt\/wp-json\/wp\/v2\/media?parent=9468"}],"wp:term":[{"taxonomy":"product_cat","embeddable":true,"href":"https:\/\/imiapower.com\/pt_pt\/wp-json\/wp\/v2\/product_cat?post=9468"},{"taxonomy":"product_tag","embeddable":true,"href":"https:\/\/imiapower.com\/pt_pt\/wp-json\/wp\/v2\/product_tag?post=9468"}],"curies":[{"name":"wp","href":"https:\/\/api.w.org\/{rel}","templated":true}]}}