{"id":9588,"date":"2025-07-26T02:38:35","date_gmt":"2025-07-26T02:38:35","guid":{"rendered":"https:\/\/imiapower.com\/?post_type=product&#038;p=9588"},"modified":"2025-08-02T00:18:08","modified_gmt":"2025-08-02T00:18:08","slug":"power-adapter-travel","status":"publish","type":"product","link":"https:\/\/imiapower.com\/pt_pt\/products\/travel-adapter\/power-adapter-travel\/","title":{"rendered":"Adaptador de energia para viagem \u2013 Conversor de tomada da Europa para a \u00c1frica do Sul"},"content":{"rendered":"<ul>\n<li><strong>Adaptador de energia para viagem<\/strong><\/li>\n<li><strong>Entrada:<\/strong> 250 V 10 A 2500 W m\u00e1x.<\/li>\n<li><strong>Material da caixa:<\/strong> PC<\/li>\n<li><strong>Padr\u00e3o:<\/strong> Em conformidade com IEC60884-2-5<\/li>\n<li><strong>Cor:<\/strong>\u00a0Branco\/preto<\/li>\n<li><strong>Observa\u00e7\u00e3o:<\/strong> Adaptador de tomada da Europa para a \u00c1frica do Sul<\/li>\n<\/ul>","protected":false},"excerpt":{"rendered":"<p data-start=\"744\" data-end=\"1042\">Viaje com confian\u00e7a usando este produto de alta qualidade <strong data-start=\"791\" data-end=\"815\">adaptador de energia para viagem<\/strong> solu\u00e7\u00e3o projetada para converter <strong data-start=\"845\" data-end=\"863\">Plugues europeus<\/strong> para <strong data-start=\"867\" data-end=\"892\">soquetes sul-africanos<\/strong>. N\u00e3o importa se voc\u00ea est\u00e1 visitando, se mudando ou enviando seus eletr\u00f4nicos para o exterior, este adaptador compacto garante o fornecimento de energia seguro e eficiente para seus dispositivos.<\/p>\n<p data-start=\"1044\" data-end=\"1385\">Com uma pot\u00eancia nominal de <strong data-start=\"1067\" data-end=\"1090\">250 V 10 A, 2500 W m\u00e1x.<\/strong>, ele suporta uma ampla gama de eletr\u00f4nicos, incluindo laptops, carregadores, secadores de cabelo e muito mais. Constru\u00eddo a partir de <strong data-start=\"1201\" data-end=\"1240\">caixa de PC dur\u00e1vel e resistente a chamas<\/strong>, oferece maior seguran\u00e7a e durabilidade. Este adaptador \u00e9 <strong data-start=\"1300\" data-end=\"1331\">compat\u00edvel com IEC60884-2-5<\/strong>, atendendo aos padr\u00f5es internacionais para adaptadores de viagem.<\/p>\n<p data-start=\"1387\" data-end=\"1565\">Dispon\u00edvel em <strong data-start=\"1400\" data-end=\"1418\">branco ou preto<\/strong>, combina design moderno com desempenho confi\u00e1vel \u2014 um acess\u00f3rio indispens\u00e1vel para viajantes globais que precisam de um <strong data-start=\"1527\" data-end=\"1553\">Da Europa para a \u00c1frica do Sul<\/strong> conex\u00e3o.<\/p>\n<p data-start=\"1387\" data-end=\"1565\"><img fetchpriority=\"high\" decoding=\"async\" class=\"alignnone wp-image-9590 size-full\" src=\"https:\/\/imiapower.com\/wp-content\/uploads\/converted-21.webp\" alt=\"adaptador de energia para viagem\" width=\"960\" height=\"822\" srcset=\"https:\/\/imiapower.com\/wp-content\/uploads\/converted-21.webp 960w, https:\/\/imiapower.com\/wp-content\/uploads\/converted-21-300x257.webp 300w, https:\/\/imiapower.com\/wp-content\/uploads\/converted-21-768x658.webp 768w, https:\/\/imiapower.com\/wp-content\/uploads\/converted-21-14x12.webp 14w, https:\/\/imiapower.com\/wp-content\/uploads\/converted-21-600x514.webp 600w, https:\/\/imiapower.com\/wp-content\/uploads\/converted-21-64x55.webp 64w\" sizes=\"(max-width: 960px) 100vw, 960px\" \/><\/p>","protected":false},"featured_media":9589,"comment_status":"open","ping_status":"closed","template":"","meta":{"rank_math_lock_modified_date":false,"site-sidebar-layout":"default","site-content-layout":"","ast-site-content-layout":"default","site-content-style":"default","site-sidebar-style":"default","ast-global-header-display":"","ast-banner-title-visibility":"","ast-main-header-display":"","ast-hfb-above-header-display":"","ast-hfb-below-header-display":"","ast-hfb-mobile-header-display":"","site-post-title":"","ast-breadcrumbs-content":"","ast-featured-img":"","footer-sml-layout":"","ast-disable-related-posts":"","theme-transparent-header-meta":"default","adv-header-id-meta":"","stick-header-meta":"","header-above-stick-meta":"","header-main-stick-meta":"","header-below-stick-meta":"","astra-migrate-meta-layouts":"set","ast-page-background-enabled":"default","ast-page-background-meta":{"desktop":{"background-color":"","background-image":"","background-repeat":"repeat","background-position":"center center","background-size":"auto","background-attachment":"scroll","background-type":"","background-media":"","overlay-type":"","overlay-color":"","overlay-opacity":"","overlay-gradient":""},"tablet":{"background-color":"","background-image":"","background-repeat":"repeat","background-position":"center center","background-size":"auto","background-attachment":"scroll","background-type":"","background-media":"","overlay-type":"","overlay-color":"","overlay-opacity":"","overlay-gradient":""},"mobile":{"background-color":"","background-image":"","background-repeat":"repeat","background-position":"center center","background-size":"auto","background-attachment":"scroll","background-type":"","background-media":"","overlay-type":"","overlay-color":"","overlay-opacity":"","overlay-gradient":""}},"ast-content-background-meta":{"desktop":{"background-color":"var(--ast-global-color-5)","background-image":"","background-repeat":"repeat","background-position":"center center","background-size":"auto","background-attachment":"scroll","background-type":"","background-media":"","overlay-type":"","overlay-color":"","overlay-opacity":"","overlay-gradient":""},"tablet":{"background-color":"var(--ast-global-color-5)","background-image":"","background-repeat":"repeat","background-position":"center center","background-size":"auto","background-attachment":"scroll","background-type":"","background-media":"","overlay-type":"","overlay-color":"","overlay-opacity":"","overlay-gradient":""},"mobile":{"background-color":"var(--ast-global-color-5)","background-image":"","background-repeat":"repeat","background-position":"center center","background-size":"auto","background-attachment":"scroll","background-type":"","background-media":"","overlay-type":"","overlay-color":"","overlay-opacity":"","overlay-gradient":""}}},"product_cat":[64],"product_tag":[],"class_list":{"0":"post-9588","1":"product","2":"type-product","3":"status-publish","4":"has-post-thumbnail","6":"product_cat-travel-adapter","7":"desktop-align-center","8":"tablet-align-center","9":"mobile-align-center","11":"first","12":"instock","13":"shipping-taxable","14":"product-type-simple"},"_links":{"self":[{"href":"https:\/\/imiapower.com\/pt_pt\/wp-json\/wp\/v2\/product\/9588","targetHints":{"allow":["GET"]}}],"collection":[{"href":"https:\/\/imiapower.com\/pt_pt\/wp-json\/wp\/v2\/product"}],"about":[{"href":"https:\/\/imiapower.com\/pt_pt\/wp-json\/wp\/v2\/types\/product"}],"replies":[{"embeddable":true,"href":"https:\/\/imiapower.com\/pt_pt\/wp-json\/wp\/v2\/comments?post=9588"}],"version-history":[{"count":1,"href":"https:\/\/imiapower.com\/pt_pt\/wp-json\/wp\/v2\/product\/9588\/revisions"}],"predecessor-version":[{"id":9591,"href":"https:\/\/imiapower.com\/pt_pt\/wp-json\/wp\/v2\/product\/9588\/revisions\/9591"}],"wp:featuredmedia":[{"embeddable":true,"href":"https:\/\/imiapower.com\/pt_pt\/wp-json\/wp\/v2\/media\/9589"}],"wp:attachment":[{"href":"https:\/\/imiapower.com\/pt_pt\/wp-json\/wp\/v2\/media?parent=9588"}],"wp:term":[{"taxonomy":"product_cat","embeddable":true,"href":"https:\/\/imiapower.com\/pt_pt\/wp-json\/wp\/v2\/product_cat?post=9588"},{"taxonomy":"product_tag","embeddable":true,"href":"https:\/\/imiapower.com\/pt_pt\/wp-json\/wp\/v2\/product_tag?post=9588"}],"curies":[{"name":"wp","href":"https:\/\/api.w.org\/{rel}","templated":true}]}}