{"id":9592,"date":"2025-07-26T03:04:52","date_gmt":"2025-07-26T03:04:52","guid":{"rendered":"https:\/\/imiapower.com\/?post_type=product&#038;p=9592"},"modified":"2025-08-21T01:07:23","modified_gmt":"2025-08-21T01:07:23","slug":"european-power-adapter","status":"publish","type":"product","link":"https:\/\/imiapower.com\/pt_pt\/products\/travel-adapter\/european-power-adapter\/","title":{"rendered":"Adaptador de energia europeu \u2013 Conversor de tomada da Europa para a \u00cdndia"},"content":{"rendered":"<ul>\n<li><strong>Adaptador de energia europeu<\/strong><\/li>\n<li><strong>Entrada:<\/strong> 250 V 10 A 2500 W m\u00e1x.<\/li>\n<li><strong>Material da caixa:<\/strong> PC<\/li>\n<li><strong>Padr\u00e3o:<\/strong> Em conformidade com IEC60884-2-5<\/li>\n<li><strong>Cor:<\/strong>\u00a0Branco\/preto<\/li>\n<li><strong>Observa\u00e7\u00e3o:<\/strong> Adaptador de tomada da Europa para a \u00cdndia<\/li>\n<\/ul>","protected":false},"excerpt":{"rendered":"<p data-start=\"766\" data-end=\"1123\">Esse <strong data-start=\"771\" data-end=\"797\">Adaptador de energia europeu<\/strong> \u00e9 um acess\u00f3rio de viagem indispens\u00e1vel para converter <strong data-start=\"845\" data-end=\"876\">Plugues europeus (tipo C\/E\/F)<\/strong> para caber <strong data-start=\"884\" data-end=\"911\">Soquetes indianos (Tipo D)<\/strong>. Ideal para viajantes, expatriados ou uso comercial internacional, oferece desempenho confi\u00e1vel com um <strong data-start=\"1013\" data-end=\"1032\">Classifica\u00e7\u00e3o de 250 V 10 A<\/strong>, suportando at\u00e9 <strong data-start=\"1051\" data-end=\"1060\">2500W<\/strong> de energia \u2014 adequado para laptops, carregadores, ferramentas de cabelo e muito mais.<\/p>\n<p data-start=\"1125\" data-end=\"1417\">Feito de <strong data-start=\"1138\" data-end=\"1169\">material de PC retardante de chamas<\/strong>, garante durabilidade e seguran\u00e7a no uso. O design \u00e9 compacto e leve, perfeito para levar na sua mala de viagem. <strong data-start=\"1318\" data-end=\"1349\">compat\u00edvel com IEC60884-2-5<\/strong>, este adaptador atende aos padr\u00f5es internacionais de seguran\u00e7a e desempenho.<\/p>\n<p data-start=\"1419\" data-end=\"1560\">Dispon\u00edvel em <strong data-start=\"1432\" data-end=\"1450\">branco ou preto<\/strong>, combina praticidade e design elegante para quem precisa de um <strong data-start=\"1515\" data-end=\"1534\">Da Europa para a \u00cdndia<\/strong> solu\u00e7\u00e3o de convers\u00e3o de plugues.<\/p>\n<p data-start=\"1419\" data-end=\"1560\"><img fetchpriority=\"high\" decoding=\"async\" class=\"alignnone wp-image-9593 size-full\" src=\"https:\/\/imiapower.com\/wp-content\/uploads\/converted-1-14.webp\" alt=\"adaptador de energia europeu\" width=\"960\" height=\"691\" srcset=\"https:\/\/imiapower.com\/wp-content\/uploads\/converted-1-14.webp 960w, https:\/\/imiapower.com\/wp-content\/uploads\/converted-1-14-300x216.webp 300w, https:\/\/imiapower.com\/wp-content\/uploads\/converted-1-14-768x553.webp 768w, https:\/\/imiapower.com\/wp-content\/uploads\/converted-1-14-18x12.webp 18w, https:\/\/imiapower.com\/wp-content\/uploads\/converted-1-14-600x432.webp 600w, https:\/\/imiapower.com\/wp-content\/uploads\/converted-1-14-64x46.webp 64w\" sizes=\"(max-width: 960px) 100vw, 960px\" \/><\/p>","protected":false},"featured_media":9594,"comment_status":"open","ping_status":"closed","template":"","meta":{"rank_math_lock_modified_date":false,"site-sidebar-layout":"default","site-content-layout":"","ast-site-content-layout":"default","site-content-style":"default","site-sidebar-style":"default","ast-global-header-display":"","ast-banner-title-visibility":"","ast-main-header-display":"","ast-hfb-above-header-display":"","ast-hfb-below-header-display":"","ast-hfb-mobile-header-display":"","site-post-title":"","ast-breadcrumbs-content":"","ast-featured-img":"","footer-sml-layout":"","ast-disable-related-posts":"","theme-transparent-header-meta":"default","adv-header-id-meta":"","stick-header-meta":"","header-above-stick-meta":"","header-main-stick-meta":"","header-below-stick-meta":"","astra-migrate-meta-layouts":"set","ast-page-background-enabled":"default","ast-page-background-meta":{"desktop":{"background-color":"","background-image":"","background-repeat":"repeat","background-position":"center center","background-size":"auto","background-attachment":"scroll","background-type":"","background-media":"","overlay-type":"","overlay-color":"","overlay-opacity":"","overlay-gradient":""},"tablet":{"background-color":"","background-image":"","background-repeat":"repeat","background-position":"center center","background-size":"auto","background-attachment":"scroll","background-type":"","background-media":"","overlay-type":"","overlay-color":"","overlay-opacity":"","overlay-gradient":""},"mobile":{"background-color":"","background-image":"","background-repeat":"repeat","background-position":"center center","background-size":"auto","background-attachment":"scroll","background-type":"","background-media":"","overlay-type":"","overlay-color":"","overlay-opacity":"","overlay-gradient":""}},"ast-content-background-meta":{"desktop":{"background-color":"var(--ast-global-color-5)","background-image":"","background-repeat":"repeat","background-position":"center center","background-size":"auto","background-attachment":"scroll","background-type":"","background-media":"","overlay-type":"","overlay-color":"","overlay-opacity":"","overlay-gradient":""},"tablet":{"background-color":"var(--ast-global-color-5)","background-image":"","background-repeat":"repeat","background-position":"center center","background-size":"auto","background-attachment":"scroll","background-type":"","background-media":"","overlay-type":"","overlay-color":"","overlay-opacity":"","overlay-gradient":""},"mobile":{"background-color":"var(--ast-global-color-5)","background-image":"","background-repeat":"repeat","background-position":"center center","background-size":"auto","background-attachment":"scroll","background-type":"","background-media":"","overlay-type":"","overlay-color":"","overlay-opacity":"","overlay-gradient":""}}},"product_cat":[64],"product_tag":[],"class_list":{"0":"post-9592","1":"product","2":"type-product","3":"status-publish","4":"has-post-thumbnail","6":"product_cat-travel-adapter","7":"desktop-align-center","8":"tablet-align-center","9":"mobile-align-center","11":"first","12":"instock","13":"shipping-taxable","14":"product-type-simple"},"_links":{"self":[{"href":"https:\/\/imiapower.com\/pt_pt\/wp-json\/wp\/v2\/product\/9592","targetHints":{"allow":["GET"]}}],"collection":[{"href":"https:\/\/imiapower.com\/pt_pt\/wp-json\/wp\/v2\/product"}],"about":[{"href":"https:\/\/imiapower.com\/pt_pt\/wp-json\/wp\/v2\/types\/product"}],"replies":[{"embeddable":true,"href":"https:\/\/imiapower.com\/pt_pt\/wp-json\/wp\/v2\/comments?post=9592"}],"version-history":[{"count":1,"href":"https:\/\/imiapower.com\/pt_pt\/wp-json\/wp\/v2\/product\/9592\/revisions"}],"predecessor-version":[{"id":9595,"href":"https:\/\/imiapower.com\/pt_pt\/wp-json\/wp\/v2\/product\/9592\/revisions\/9595"}],"wp:featuredmedia":[{"embeddable":true,"href":"https:\/\/imiapower.com\/pt_pt\/wp-json\/wp\/v2\/media\/9594"}],"wp:attachment":[{"href":"https:\/\/imiapower.com\/pt_pt\/wp-json\/wp\/v2\/media?parent=9592"}],"wp:term":[{"taxonomy":"product_cat","embeddable":true,"href":"https:\/\/imiapower.com\/pt_pt\/wp-json\/wp\/v2\/product_cat?post=9592"},{"taxonomy":"product_tag","embeddable":true,"href":"https:\/\/imiapower.com\/pt_pt\/wp-json\/wp\/v2\/product_tag?post=9592"}],"curies":[{"name":"wp","href":"https:\/\/api.w.org\/{rel}","templated":true}]}}