{"id":9636,"date":"2025-08-12T01:07:52","date_gmt":"2025-08-12T01:07:52","guid":{"rendered":"https:\/\/imiapower.com\/?post_type=product&#038;p=9636"},"modified":"2025-08-21T00:54:48","modified_gmt":"2025-08-21T00:54:48","slug":"electronic-travel-gadgets","status":"publish","type":"product","link":"https:\/\/imiapower.com\/pt_pt\/products\/travel-adapter\/electronic-travel-gadgets\/","title":{"rendered":"Dispositivos eletr\u00f4nicos de viagem \u2013 Adaptador de tomada do mundo para a Su\u00ed\u00e7a 250V 10A"},"content":{"rendered":"<ul>\n<li><strong>Dispositivos eletr\u00f4nicos de viagem<\/strong><\/li>\n<li><strong>Entrada:<\/strong>250 V 10 A 2500 W m\u00e1x.<\/li>\n<li><strong>Material da caixa:<\/strong>PC<\/li>\n<li><strong>Padr\u00e3o: <\/strong>BS8546, IEC60884-2-5<\/li>\n<li><strong>Cor:<\/strong>\u00a0Branco\/preto<\/li>\n<li><strong>Observa\u00e7\u00e3o:<\/strong>Adaptador de tomada do mundo para a Su\u00ed\u00e7a<\/li>\n<\/ul>","protected":false},"excerpt":{"rendered":"<p><img fetchpriority=\"high\" decoding=\"async\" class=\"alignnone wp-image-9638 size-full\" src=\"https:\/\/imiapower.com\/wp-content\/uploads\/converted-28.webp\" alt=\"aparelhos eletr\u00f4nicos de viagem\" width=\"960\" height=\"960\" srcset=\"https:\/\/imiapower.com\/wp-content\/uploads\/converted-28.webp 960w, https:\/\/imiapower.com\/wp-content\/uploads\/converted-28-300x300.webp 300w, https:\/\/imiapower.com\/wp-content\/uploads\/converted-28-150x150.webp 150w, https:\/\/imiapower.com\/wp-content\/uploads\/converted-28-768x768.webp 768w, https:\/\/imiapower.com\/wp-content\/uploads\/converted-28-12x12.webp 12w, https:\/\/imiapower.com\/wp-content\/uploads\/converted-28-600x600.webp 600w, https:\/\/imiapower.com\/wp-content\/uploads\/converted-28-100x100.webp 100w, https:\/\/imiapower.com\/wp-content\/uploads\/converted-28-64x64.webp 64w\" sizes=\"(max-width: 960px) 100vw, 960px\" \/><\/p>\n<p>Vai viajar para a Su\u00ed\u00e7a? Garanta que seus aparelhos eletr\u00f4nicos de viagem nunca fiquem sem bateria.<\/p>\n<p>Nosso adaptador de tomada do mundo para a Su\u00ed\u00e7a suporta 250 V, 10 A e at\u00e9 2500 W m\u00e1x., tornando-o ideal para carregar laptops, c\u00e2meras, smartphones e muito mais.<\/p>\n<p>Constru\u00eddo com carca\u00e7a de PC dur\u00e1vel e certificado de acordo com os padr\u00f5es BS8546 e IEC60884-2-5, ele garante um desempenho seguro e confi\u00e1vel.<\/p>\n<p>Compacto, leve e dispon\u00edvel em branco ou preto, este item essencial para viagens manter\u00e1 sua jornada alegre e sem estresse, sem se preocupar com plugues incompat\u00edveis.<\/p>","protected":false},"featured_media":9637,"comment_status":"open","ping_status":"closed","template":"","meta":{"rank_math_lock_modified_date":false,"site-sidebar-layout":"default","site-content-layout":"","ast-site-content-layout":"default","site-content-style":"default","site-sidebar-style":"default","ast-global-header-display":"","ast-banner-title-visibility":"","ast-main-header-display":"","ast-hfb-above-header-display":"","ast-hfb-below-header-display":"","ast-hfb-mobile-header-display":"","site-post-title":"","ast-breadcrumbs-content":"","ast-featured-img":"","footer-sml-layout":"","ast-disable-related-posts":"","theme-transparent-header-meta":"default","adv-header-id-meta":"","stick-header-meta":"","header-above-stick-meta":"","header-main-stick-meta":"","header-below-stick-meta":"","astra-migrate-meta-layouts":"set","ast-page-background-enabled":"default","ast-page-background-meta":{"desktop":{"background-color":"","background-image":"","background-repeat":"repeat","background-position":"center center","background-size":"auto","background-attachment":"scroll","background-type":"","background-media":"","overlay-type":"","overlay-color":"","overlay-opacity":"","overlay-gradient":""},"tablet":{"background-color":"","background-image":"","background-repeat":"repeat","background-position":"center center","background-size":"auto","background-attachment":"scroll","background-type":"","background-media":"","overlay-type":"","overlay-color":"","overlay-opacity":"","overlay-gradient":""},"mobile":{"background-color":"","background-image":"","background-repeat":"repeat","background-position":"center center","background-size":"auto","background-attachment":"scroll","background-type":"","background-media":"","overlay-type":"","overlay-color":"","overlay-opacity":"","overlay-gradient":""}},"ast-content-background-meta":{"desktop":{"background-color":"var(--ast-global-color-5)","background-image":"","background-repeat":"repeat","background-position":"center center","background-size":"auto","background-attachment":"scroll","background-type":"","background-media":"","overlay-type":"","overlay-color":"","overlay-opacity":"","overlay-gradient":""},"tablet":{"background-color":"var(--ast-global-color-5)","background-image":"","background-repeat":"repeat","background-position":"center center","background-size":"auto","background-attachment":"scroll","background-type":"","background-media":"","overlay-type":"","overlay-color":"","overlay-opacity":"","overlay-gradient":""},"mobile":{"background-color":"var(--ast-global-color-5)","background-image":"","background-repeat":"repeat","background-position":"center center","background-size":"auto","background-attachment":"scroll","background-type":"","background-media":"","overlay-type":"","overlay-color":"","overlay-opacity":"","overlay-gradient":""}}},"product_cat":[64],"product_tag":[],"class_list":{"0":"post-9636","1":"product","2":"type-product","3":"status-publish","4":"has-post-thumbnail","6":"product_cat-travel-adapter","7":"desktop-align-center","8":"tablet-align-center","9":"mobile-align-center","11":"first","12":"instock","13":"shipping-taxable","14":"product-type-simple"},"_links":{"self":[{"href":"https:\/\/imiapower.com\/pt_pt\/wp-json\/wp\/v2\/product\/9636","targetHints":{"allow":["GET"]}}],"collection":[{"href":"https:\/\/imiapower.com\/pt_pt\/wp-json\/wp\/v2\/product"}],"about":[{"href":"https:\/\/imiapower.com\/pt_pt\/wp-json\/wp\/v2\/types\/product"}],"replies":[{"embeddable":true,"href":"https:\/\/imiapower.com\/pt_pt\/wp-json\/wp\/v2\/comments?post=9636"}],"version-history":[{"count":1,"href":"https:\/\/imiapower.com\/pt_pt\/wp-json\/wp\/v2\/product\/9636\/revisions"}],"predecessor-version":[{"id":9639,"href":"https:\/\/imiapower.com\/pt_pt\/wp-json\/wp\/v2\/product\/9636\/revisions\/9639"}],"wp:featuredmedia":[{"embeddable":true,"href":"https:\/\/imiapower.com\/pt_pt\/wp-json\/wp\/v2\/media\/9637"}],"wp:attachment":[{"href":"https:\/\/imiapower.com\/pt_pt\/wp-json\/wp\/v2\/media?parent=9636"}],"wp:term":[{"taxonomy":"product_cat","embeddable":true,"href":"https:\/\/imiapower.com\/pt_pt\/wp-json\/wp\/v2\/product_cat?post=9636"},{"taxonomy":"product_tag","embeddable":true,"href":"https:\/\/imiapower.com\/pt_pt\/wp-json\/wp\/v2\/product_tag?post=9636"}],"curies":[{"name":"wp","href":"https:\/\/api.w.org\/{rel}","templated":true}]}}