{"id":9640,"date":"2025-08-12T01:52:35","date_gmt":"2025-08-12T01:52:35","guid":{"rendered":"https:\/\/imiapower.com\/?post_type=product&#038;p=9640"},"modified":"2025-08-21T00:50:47","modified_gmt":"2025-08-21T00:50:47","slug":"travel-adapter-plug-china","status":"publish","type":"product","link":"https:\/\/imiapower.com\/pt_pt\/products\/travel-adapter\/travel-adapter-plug-china\/","title":{"rendered":"Adaptador de viagem China \u2013 Mundo para China\/Austr\u00e1lia Adaptador de tomada 250V 10A"},"content":{"rendered":"<ul>\n<li><strong>Adaptador de tomada para viagem China<\/strong><\/li>\n<li><strong>Entrada:<\/strong>250 V 10 A 2500 W m\u00e1x.<\/li>\n<li><strong>Material da caixa:<\/strong>PC<\/li>\n<li><strong>Padr\u00e3o: <\/strong>BS8546, IEC60884-2-5<\/li>\n<li><strong>Cor:<\/strong>\u00a0Branco\/preto<\/li>\n<li><strong>Observa\u00e7\u00e3o:<\/strong>Adaptador de tomada do mundo para China\/Austr\u00e1lia<\/li>\n<\/ul>","protected":false},"excerpt":{"rendered":"<p><img fetchpriority=\"high\" decoding=\"async\" class=\"alignnone wp-image-9641 size-full\" src=\"https:\/\/imiapower.com\/wp-content\/uploads\/converted-1-21.webp\" alt=\"adaptador de viagem com plugue chin\u00eas\" width=\"960\" height=\"960\" srcset=\"https:\/\/imiapower.com\/wp-content\/uploads\/converted-1-21.webp 960w, https:\/\/imiapower.com\/wp-content\/uploads\/converted-1-21-300x300.webp 300w, https:\/\/imiapower.com\/wp-content\/uploads\/converted-1-21-150x150.webp 150w, https:\/\/imiapower.com\/wp-content\/uploads\/converted-1-21-768x768.webp 768w, https:\/\/imiapower.com\/wp-content\/uploads\/converted-1-21-12x12.webp 12w, https:\/\/imiapower.com\/wp-content\/uploads\/converted-1-21-600x600.webp 600w, https:\/\/imiapower.com\/wp-content\/uploads\/converted-1-21-100x100.webp 100w, https:\/\/imiapower.com\/wp-content\/uploads\/converted-1-21-64x64.webp 64w\" sizes=\"(max-width: 960px) 100vw, 960px\" \/><\/p>\n<p>O r\u00e1pido crescimento econ\u00f4mico da China atrai in\u00fameros viajantes de neg\u00f3cios, representantes de marcas e distribuidores do mundo todo.<\/p>\n<p>De fato, mais de 90% dos fabricantes globais de adaptadores est\u00e3o sediados na China, o que torna as visitas ainda mais frequentes para profissionais do setor.<\/p>\n<p>Quer voc\u00ea esteja participando de feiras comerciais, visitando f\u00e1bricas ou explorando cidades da China, uma <strong data-start=\"1136\" data-end=\"1165\">t<\/strong>O adaptador de tomada Ravel da China \u00e9 essencial para manter seus dispositivos ligados.<\/p>\n<p>Nosso adaptador de tomada do mundo para China\/Austr\u00e1lia suporta 250 V, 10 A e at\u00e9 2500 W m\u00e1x.<\/p>\n<p>Constru\u00eddo com caixa de PC dur\u00e1vel e em conformidade com os padr\u00f5es de seguran\u00e7a BS8546 e IEC60884-2-5, \u00e9 perfeito para carregar laptops, c\u00e2meras e smartphones.<\/p>\n<p>Compacto, confi\u00e1vel e dispon\u00edvel em branco ou preto, ele garante que voc\u00ea permane\u00e7a conectado e produtivo durante toda a sua viagem.<\/p>","protected":false},"featured_media":9642,"comment_status":"open","ping_status":"closed","template":"","meta":{"rank_math_lock_modified_date":false,"site-sidebar-layout":"default","site-content-layout":"","ast-site-content-layout":"default","site-content-style":"default","site-sidebar-style":"default","ast-global-header-display":"","ast-banner-title-visibility":"","ast-main-header-display":"","ast-hfb-above-header-display":"","ast-hfb-below-header-display":"","ast-hfb-mobile-header-display":"","site-post-title":"","ast-breadcrumbs-content":"","ast-featured-img":"","footer-sml-layout":"","ast-disable-related-posts":"","theme-transparent-header-meta":"default","adv-header-id-meta":"","stick-header-meta":"","header-above-stick-meta":"","header-main-stick-meta":"","header-below-stick-meta":"","astra-migrate-meta-layouts":"set","ast-page-background-enabled":"default","ast-page-background-meta":{"desktop":{"background-color":"","background-image":"","background-repeat":"repeat","background-position":"center center","background-size":"auto","background-attachment":"scroll","background-type":"","background-media":"","overlay-type":"","overlay-color":"","overlay-opacity":"","overlay-gradient":""},"tablet":{"background-color":"","background-image":"","background-repeat":"repeat","background-position":"center center","background-size":"auto","background-attachment":"scroll","background-type":"","background-media":"","overlay-type":"","overlay-color":"","overlay-opacity":"","overlay-gradient":""},"mobile":{"background-color":"","background-image":"","background-repeat":"repeat","background-position":"center center","background-size":"auto","background-attachment":"scroll","background-type":"","background-media":"","overlay-type":"","overlay-color":"","overlay-opacity":"","overlay-gradient":""}},"ast-content-background-meta":{"desktop":{"background-color":"var(--ast-global-color-5)","background-image":"","background-repeat":"repeat","background-position":"center center","background-size":"auto","background-attachment":"scroll","background-type":"","background-media":"","overlay-type":"","overlay-color":"","overlay-opacity":"","overlay-gradient":""},"tablet":{"background-color":"var(--ast-global-color-5)","background-image":"","background-repeat":"repeat","background-position":"center center","background-size":"auto","background-attachment":"scroll","background-type":"","background-media":"","overlay-type":"","overlay-color":"","overlay-opacity":"","overlay-gradient":""},"mobile":{"background-color":"var(--ast-global-color-5)","background-image":"","background-repeat":"repeat","background-position":"center center","background-size":"auto","background-attachment":"scroll","background-type":"","background-media":"","overlay-type":"","overlay-color":"","overlay-opacity":"","overlay-gradient":""}}},"product_cat":[64],"product_tag":[],"class_list":{"0":"post-9640","1":"product","2":"type-product","3":"status-publish","4":"has-post-thumbnail","6":"product_cat-travel-adapter","7":"desktop-align-center","8":"tablet-align-center","9":"mobile-align-center","11":"first","12":"instock","13":"shipping-taxable","14":"product-type-simple"},"_links":{"self":[{"href":"https:\/\/imiapower.com\/pt_pt\/wp-json\/wp\/v2\/product\/9640","targetHints":{"allow":["GET"]}}],"collection":[{"href":"https:\/\/imiapower.com\/pt_pt\/wp-json\/wp\/v2\/product"}],"about":[{"href":"https:\/\/imiapower.com\/pt_pt\/wp-json\/wp\/v2\/types\/product"}],"replies":[{"embeddable":true,"href":"https:\/\/imiapower.com\/pt_pt\/wp-json\/wp\/v2\/comments?post=9640"}],"version-history":[{"count":1,"href":"https:\/\/imiapower.com\/pt_pt\/wp-json\/wp\/v2\/product\/9640\/revisions"}],"predecessor-version":[{"id":9643,"href":"https:\/\/imiapower.com\/pt_pt\/wp-json\/wp\/v2\/product\/9640\/revisions\/9643"}],"wp:featuredmedia":[{"embeddable":true,"href":"https:\/\/imiapower.com\/pt_pt\/wp-json\/wp\/v2\/media\/9642"}],"wp:attachment":[{"href":"https:\/\/imiapower.com\/pt_pt\/wp-json\/wp\/v2\/media?parent=9640"}],"wp:term":[{"taxonomy":"product_cat","embeddable":true,"href":"https:\/\/imiapower.com\/pt_pt\/wp-json\/wp\/v2\/product_cat?post=9640"},{"taxonomy":"product_tag","embeddable":true,"href":"https:\/\/imiapower.com\/pt_pt\/wp-json\/wp\/v2\/product_tag?post=9640"}],"curies":[{"name":"wp","href":"https:\/\/api.w.org\/{rel}","templated":true}]}}