{"id":9670,"date":"2025-09-02T00:14:49","date_gmt":"2025-09-02T00:14:49","guid":{"rendered":"https:\/\/imiapower.com\/?post_type=product&#038;p=9670"},"modified":"2025-09-02T00:14:50","modified_gmt":"2025-09-02T00:14:50","slug":"adapter-manufacturer","status":"publish","type":"product","link":"https:\/\/imiapower.com\/pt_pt\/products\/travel-adapter\/adapter-manufacturer\/","title":{"rendered":"Fabricante de adaptadores | Adaptador de tomada do Reino Unido para os EUA"},"content":{"rendered":"<ul>\n<li><strong>Fabricante do adaptador<\/strong><\/li>\n<li><strong>Classifica\u00e7\u00f5es:<\/strong> 100-125 V 10 A, 1250 W m\u00e1x.<\/li>\n<li><strong>Material da caixa:<\/strong> PC<\/li>\n<li><strong>Material do condutor:<\/strong> Cobre<\/li>\n<li><strong>Classifica\u00e7\u00e3o de inc\u00eandio:<\/strong> 94V0<\/li>\n<li><strong>Cor:<\/strong> Branco e preto<\/li>\n<li><strong>Observa\u00e7\u00e3o:<\/strong> Adaptador de tomada do Reino Unido para os EUA<\/li>\n<\/ul>","protected":false},"excerpt":{"rendered":"<p>Como fabricantes profissionais de adaptadores, oferecemos adaptadores de tomada de alta qualidade, projetados para seguran\u00e7a, conveni\u00eancia e viagens globais. Com foco em acessibilidade e portabilidade, este adaptador \u00e9 um acess\u00f3rio essencial para quem viaja do Reino Unido para os Estados Unidos.<\/p>\n<p data-start=\"1949\" data-end=\"1966\"><strong data-start=\"1949\" data-end=\"1964\">Vantagens:<\/strong><\/p>\n<ul data-start=\"1967\" data-end=\"2322\">\n<li data-start=\"1967\" data-end=\"2036\">\n<p data-start=\"1969\" data-end=\"2036\"><strong data-start=\"1969\" data-end=\"1990\">Viagem Essencial:<\/strong> Resolve problemas de compatibilidade de plugues nos EUA.<\/p>\n<\/li>\n<li data-start=\"2037\" data-end=\"2103\">\n<p data-start=\"2039\" data-end=\"2103\"><strong data-start=\"2039\" data-end=\"2065\">Compacto e leve:<\/strong> F\u00e1cil de transportar em bolsas ou malas.<\/p>\n<\/li>\n<li data-start=\"2104\" data-end=\"2169\">\n<p data-start=\"2106\" data-end=\"2169\"><strong data-start=\"2106\" data-end=\"2133\">Acess\u00edvel e pr\u00e1tico:<\/strong> Econ\u00f4mico para compras em grandes quantidades.<\/p>\n<\/li>\n<li data-start=\"2170\" data-end=\"2239\">\n<p data-start=\"2172\" data-end=\"2239\"><strong data-start=\"2172\" data-end=\"2191\">Seguro e dur\u00e1vel:<\/strong> Condutor de cobre + inv\u00f3lucro de PC retardante de fogo.<\/p>\n<\/li>\n<li data-start=\"2240\" data-end=\"2322\">\n<p data-start=\"2242\" data-end=\"2322\"><strong data-start=\"2242\" data-end=\"2256\">Pronto para B2B:<\/strong> Adequado para atacadistas, importadores, distribuidores e varejistas.<\/p>\n<\/li>\n<\/ul>\n<p data-start=\"2324\" data-end=\"2558\">Oferecemos personaliza\u00e7\u00e3o OEM\/ODM, fornecimento em massa e distribui\u00e7\u00e3o por atacado para parceiros globais. Nosso adaptador de tomada \u00e9 amplamente utilizado por fornecedores de acess\u00f3rios de viagem, distribuidores de eletr\u00f4nicos, hot\u00e9is e plataformas de e-commerce.<\/p>\n<p><img fetchpriority=\"high\" decoding=\"async\" class=\"alignnone wp-image-9671 size-full\" src=\"https:\/\/imiapower.com\/wp-content\/uploads\/converted-1-23.webp\" alt=\"fabricante do adaptador\" width=\"960\" height=\"960\" srcset=\"https:\/\/imiapower.com\/wp-content\/uploads\/converted-1-23.webp 960w, https:\/\/imiapower.com\/wp-content\/uploads\/converted-1-23-300x300.webp 300w, https:\/\/imiapower.com\/wp-content\/uploads\/converted-1-23-150x150.webp 150w, https:\/\/imiapower.com\/wp-content\/uploads\/converted-1-23-768x768.webp 768w, https:\/\/imiapower.com\/wp-content\/uploads\/converted-1-23-12x12.webp 12w, https:\/\/imiapower.com\/wp-content\/uploads\/converted-1-23-600x600.webp 600w, https:\/\/imiapower.com\/wp-content\/uploads\/converted-1-23-100x100.webp 100w, https:\/\/imiapower.com\/wp-content\/uploads\/converted-1-23-64x64.webp 64w\" sizes=\"(max-width: 960px) 100vw, 960px\" \/><\/p>","protected":false},"featured_media":9672,"comment_status":"open","ping_status":"closed","template":"","meta":{"rank_math_lock_modified_date":false,"site-sidebar-layout":"default","site-content-layout":"","ast-site-content-layout":"default","site-content-style":"default","site-sidebar-style":"default","ast-global-header-display":"","ast-banner-title-visibility":"","ast-main-header-display":"","ast-hfb-above-header-display":"","ast-hfb-below-header-display":"","ast-hfb-mobile-header-display":"","site-post-title":"","ast-breadcrumbs-content":"","ast-featured-img":"","footer-sml-layout":"","ast-disable-related-posts":"","theme-transparent-header-meta":"default","adv-header-id-meta":"","stick-header-meta":"","header-above-stick-meta":"","header-main-stick-meta":"","header-below-stick-meta":"","astra-migrate-meta-layouts":"set","ast-page-background-enabled":"default","ast-page-background-meta":{"desktop":{"background-color":"","background-image":"","background-repeat":"repeat","background-position":"center center","background-size":"auto","background-attachment":"scroll","background-type":"","background-media":"","overlay-type":"","overlay-color":"","overlay-opacity":"","overlay-gradient":""},"tablet":{"background-color":"","background-image":"","background-repeat":"repeat","background-position":"center center","background-size":"auto","background-attachment":"scroll","background-type":"","background-media":"","overlay-type":"","overlay-color":"","overlay-opacity":"","overlay-gradient":""},"mobile":{"background-color":"","background-image":"","background-repeat":"repeat","background-position":"center center","background-size":"auto","background-attachment":"scroll","background-type":"","background-media":"","overlay-type":"","overlay-color":"","overlay-opacity":"","overlay-gradient":""}},"ast-content-background-meta":{"desktop":{"background-color":"var(--ast-global-color-5)","background-image":"","background-repeat":"repeat","background-position":"center center","background-size":"auto","background-attachment":"scroll","background-type":"","background-media":"","overlay-type":"","overlay-color":"","overlay-opacity":"","overlay-gradient":""},"tablet":{"background-color":"var(--ast-global-color-5)","background-image":"","background-repeat":"repeat","background-position":"center center","background-size":"auto","background-attachment":"scroll","background-type":"","background-media":"","overlay-type":"","overlay-color":"","overlay-opacity":"","overlay-gradient":""},"mobile":{"background-color":"var(--ast-global-color-5)","background-image":"","background-repeat":"repeat","background-position":"center center","background-size":"auto","background-attachment":"scroll","background-type":"","background-media":"","overlay-type":"","overlay-color":"","overlay-opacity":"","overlay-gradient":""}}},"product_cat":[64],"product_tag":[],"class_list":{"0":"post-9670","1":"product","2":"type-product","3":"status-publish","4":"has-post-thumbnail","6":"product_cat-travel-adapter","7":"desktop-align-center","8":"tablet-align-center","9":"mobile-align-center","11":"first","12":"instock","13":"shipping-taxable","14":"product-type-simple"},"_links":{"self":[{"href":"https:\/\/imiapower.com\/pt_pt\/wp-json\/wp\/v2\/product\/9670","targetHints":{"allow":["GET"]}}],"collection":[{"href":"https:\/\/imiapower.com\/pt_pt\/wp-json\/wp\/v2\/product"}],"about":[{"href":"https:\/\/imiapower.com\/pt_pt\/wp-json\/wp\/v2\/types\/product"}],"replies":[{"embeddable":true,"href":"https:\/\/imiapower.com\/pt_pt\/wp-json\/wp\/v2\/comments?post=9670"}],"version-history":[{"count":1,"href":"https:\/\/imiapower.com\/pt_pt\/wp-json\/wp\/v2\/product\/9670\/revisions"}],"predecessor-version":[{"id":9673,"href":"https:\/\/imiapower.com\/pt_pt\/wp-json\/wp\/v2\/product\/9670\/revisions\/9673"}],"wp:featuredmedia":[{"embeddable":true,"href":"https:\/\/imiapower.com\/pt_pt\/wp-json\/wp\/v2\/media\/9672"}],"wp:attachment":[{"href":"https:\/\/imiapower.com\/pt_pt\/wp-json\/wp\/v2\/media?parent=9670"}],"wp:term":[{"taxonomy":"product_cat","embeddable":true,"href":"https:\/\/imiapower.com\/pt_pt\/wp-json\/wp\/v2\/product_cat?post=9670"},{"taxonomy":"product_tag","embeddable":true,"href":"https:\/\/imiapower.com\/pt_pt\/wp-json\/wp\/v2\/product_tag?post=9670"}],"curies":[{"name":"wp","href":"https:\/\/api.w.org\/{rel}","templated":true}]}}