{"id":9713,"date":"2025-09-01T06:28:31","date_gmt":"2025-09-01T06:28:31","guid":{"rendered":"https:\/\/imiapower.com\/?post_type=product&#038;p=9713"},"modified":"2025-10-16T08:57:09","modified_gmt":"2025-10-16T08:57:09","slug":"travel-universal-adaptor","status":"publish","type":"product","link":"https:\/\/imiapower.com\/pt_pt\/products\/travel-adapter\/travel-universal-adaptor\/","title":{"rendered":"Adaptador universal de viagem com plugue AUS e carregamento r\u00e1pido PD de 20 W | USB-C e USB-A"},"content":{"rendered":"<ul>\n<li><strong>Adaptador universal de viagem<\/strong><\/li>\n<li><strong>Entrada:<\/strong> 100-250 V 10 A m\u00e1x. 2500 W m\u00e1x.<\/li>\n<li><strong>Sa\u00edda:<\/strong> PD 20w<\/li>\n<li><strong>Porta de carregamento:<\/strong> 2 portas USB C e 1 USB A.<\/li>\n<li><strong>Cor:<\/strong> Branco e preto<\/li>\n<li><strong>Tamanho do adaptador:<\/strong> 66*64,8*83 mm<\/li>\n<li><strong>Peso do adaptador:<\/strong> 95g<\/li>\n<li><strong>Observa\u00e7\u00e3o:<\/strong> Adaptador de tomada de viagem do mundo para a Austr\u00e1lia<\/li>\n<\/ul>","protected":false},"excerpt":{"rendered":"<p><img fetchpriority=\"high\" decoding=\"async\" class=\"alignnone wp-image-9715 size-full\" src=\"https:\/\/imiapower.com\/wp-content\/uploads\/converted-35.webp\" alt=\"adaptador universal de viagem\" width=\"800\" height=\"1269\" srcset=\"https:\/\/imiapower.com\/wp-content\/uploads\/converted-35.webp 800w, https:\/\/imiapower.com\/wp-content\/uploads\/converted-35-189x300.webp 189w, https:\/\/imiapower.com\/wp-content\/uploads\/converted-35-646x1024.webp 646w, https:\/\/imiapower.com\/wp-content\/uploads\/converted-35-768x1218.webp 768w, https:\/\/imiapower.com\/wp-content\/uploads\/converted-35-8x12.webp 8w, https:\/\/imiapower.com\/wp-content\/uploads\/converted-35-600x952.webp 600w, https:\/\/imiapower.com\/wp-content\/uploads\/converted-35-64x102.webp 64w\" sizes=\"(max-width: 800px) 100vw, 800px\" \/><\/p>\n<p>Adaptador universal de viagem para pa\u00edses com plugues da AUS \u2013 a escolha perfeita para viajantes que v\u00e3o para a Austr\u00e1lia, Nova Zel\u00e2ndia, China e regi\u00f5es que usam tomadas no estilo AUS.<\/p>\n<p>Este adaptador n\u00e3o s\u00f3 suporta 100\u2013250 V, 10 A (at\u00e9 2500 W) para compatibilidade global, mas tamb\u00e9m inclui carregamento r\u00e1pido PD de 20 W com 2 portas USB-C e 1 USB-A, permitindo que voc\u00ea carregue v\u00e1rios dispositivos ao mesmo tempo.<\/p>\n<p>Pesando apenas 95g e com um design compacto (66\u00d764,8\u00d783mm), \u00e9 um item essencial de viagem inteligente e confi\u00e1vel.<\/p>\n<p>&nbsp;<\/p>","protected":false},"featured_media":9714,"comment_status":"open","ping_status":"closed","template":"","meta":{"rank_math_lock_modified_date":false,"site-sidebar-layout":"default","site-content-layout":"","ast-site-content-layout":"default","site-content-style":"default","site-sidebar-style":"default","ast-global-header-display":"","ast-banner-title-visibility":"","ast-main-header-display":"","ast-hfb-above-header-display":"","ast-hfb-below-header-display":"","ast-hfb-mobile-header-display":"","site-post-title":"","ast-breadcrumbs-content":"","ast-featured-img":"","footer-sml-layout":"","ast-disable-related-posts":"","theme-transparent-header-meta":"default","adv-header-id-meta":"","stick-header-meta":"","header-above-stick-meta":"","header-main-stick-meta":"","header-below-stick-meta":"","astra-migrate-meta-layouts":"set","ast-page-background-enabled":"default","ast-page-background-meta":{"desktop":{"background-color":"","background-image":"","background-repeat":"repeat","background-position":"center center","background-size":"auto","background-attachment":"scroll","background-type":"","background-media":"","overlay-type":"","overlay-color":"","overlay-opacity":"","overlay-gradient":""},"tablet":{"background-color":"","background-image":"","background-repeat":"repeat","background-position":"center center","background-size":"auto","background-attachment":"scroll","background-type":"","background-media":"","overlay-type":"","overlay-color":"","overlay-opacity":"","overlay-gradient":""},"mobile":{"background-color":"","background-image":"","background-repeat":"repeat","background-position":"center center","background-size":"auto","background-attachment":"scroll","background-type":"","background-media":"","overlay-type":"","overlay-color":"","overlay-opacity":"","overlay-gradient":""}},"ast-content-background-meta":{"desktop":{"background-color":"var(--ast-global-color-5)","background-image":"","background-repeat":"repeat","background-position":"center center","background-size":"auto","background-attachment":"scroll","background-type":"","background-media":"","overlay-type":"","overlay-color":"","overlay-opacity":"","overlay-gradient":""},"tablet":{"background-color":"var(--ast-global-color-5)","background-image":"","background-repeat":"repeat","background-position":"center center","background-size":"auto","background-attachment":"scroll","background-type":"","background-media":"","overlay-type":"","overlay-color":"","overlay-opacity":"","overlay-gradient":""},"mobile":{"background-color":"var(--ast-global-color-5)","background-image":"","background-repeat":"repeat","background-position":"center center","background-size":"auto","background-attachment":"scroll","background-type":"","background-media":"","overlay-type":"","overlay-color":"","overlay-opacity":"","overlay-gradient":""}}},"product_cat":[64],"product_tag":[],"class_list":{"0":"post-9713","1":"product","2":"type-product","3":"status-publish","4":"has-post-thumbnail","6":"product_cat-travel-adapter","7":"desktop-align-center","8":"tablet-align-center","9":"mobile-align-center","11":"first","12":"instock","13":"shipping-taxable","14":"product-type-simple"},"_links":{"self":[{"href":"https:\/\/imiapower.com\/pt_pt\/wp-json\/wp\/v2\/product\/9713","targetHints":{"allow":["GET"]}}],"collection":[{"href":"https:\/\/imiapower.com\/pt_pt\/wp-json\/wp\/v2\/product"}],"about":[{"href":"https:\/\/imiapower.com\/pt_pt\/wp-json\/wp\/v2\/types\/product"}],"replies":[{"embeddable":true,"href":"https:\/\/imiapower.com\/pt_pt\/wp-json\/wp\/v2\/comments?post=9713"}],"version-history":[{"count":1,"href":"https:\/\/imiapower.com\/pt_pt\/wp-json\/wp\/v2\/product\/9713\/revisions"}],"predecessor-version":[{"id":9716,"href":"https:\/\/imiapower.com\/pt_pt\/wp-json\/wp\/v2\/product\/9713\/revisions\/9716"}],"wp:featuredmedia":[{"embeddable":true,"href":"https:\/\/imiapower.com\/pt_pt\/wp-json\/wp\/v2\/media\/9714"}],"wp:attachment":[{"href":"https:\/\/imiapower.com\/pt_pt\/wp-json\/wp\/v2\/media?parent=9713"}],"wp:term":[{"taxonomy":"product_cat","embeddable":true,"href":"https:\/\/imiapower.com\/pt_pt\/wp-json\/wp\/v2\/product_cat?post=9713"},{"taxonomy":"product_tag","embeddable":true,"href":"https:\/\/imiapower.com\/pt_pt\/wp-json\/wp\/v2\/product_tag?post=9713"}],"curies":[{"name":"wp","href":"https:\/\/api.w.org\/{rel}","templated":true}]}}