{"id":9717,"date":"2025-09-01T06:52:08","date_gmt":"2025-09-01T06:52:08","guid":{"rendered":"https:\/\/imiapower.com\/?post_type=product&#038;p=9717"},"modified":"2025-09-08T00:28:25","modified_gmt":"2025-09-08T00:28:25","slug":"odm-power-supply-german-plug","status":"publish","type":"product","link":"https:\/\/imiapower.com\/pt_pt\/products\/travel-adapter\/odm-power-supply-german-plug\/","title":{"rendered":"Adaptador de tomada ODM para fonte de alimenta\u00e7\u00e3o alem\u00e3 com carregamento r\u00e1pido PD de 20 W | Portas USB-C e USB-A"},"content":{"rendered":"<ul>\n<li><strong>Fonte de alimenta\u00e7\u00e3o Odm<\/strong><\/li>\n<li><strong>Entrada:<\/strong> 100-250 V 10 A m\u00e1x. 2500 W m\u00e1x.<\/li>\n<li><strong>Sa\u00edda:<\/strong> PD 20w<\/li>\n<li><strong>Porta de carregamento:<\/strong> 2 portas USB C e 1 USB A.<\/li>\n<li><strong>Cor:<\/strong> Branco e preto<\/li>\n<li><strong>Peso:<\/strong> 95g<\/li>\n<li><strong>Observa\u00e7\u00e3o:<\/strong> Adaptador de tomada de viagem do mundo para a Alemanha<\/li>\n<\/ul>","protected":false},"excerpt":{"rendered":"<p><img fetchpriority=\"high\" decoding=\"async\" class=\"alignnone wp-image-9718 size-full\" src=\"https:\/\/imiapower.com\/wp-content\/uploads\/converted-1-28.webp\" alt=\"fonte de alimenta\u00e7\u00e3o odm\" width=\"960\" height=\"960\" srcset=\"https:\/\/imiapower.com\/wp-content\/uploads\/converted-1-28.webp 960w, https:\/\/imiapower.com\/wp-content\/uploads\/converted-1-28-300x300.webp 300w, https:\/\/imiapower.com\/wp-content\/uploads\/converted-1-28-150x150.webp 150w, https:\/\/imiapower.com\/wp-content\/uploads\/converted-1-28-768x768.webp 768w, https:\/\/imiapower.com\/wp-content\/uploads\/converted-1-28-12x12.webp 12w, https:\/\/imiapower.com\/wp-content\/uploads\/converted-1-28-600x600.webp 600w, https:\/\/imiapower.com\/wp-content\/uploads\/converted-1-28-100x100.webp 100w, https:\/\/imiapower.com\/wp-content\/uploads\/converted-1-28-64x64.webp 64w\" sizes=\"(max-width: 960px) 100vw, 960px\" \/><\/p>\n<p data-start=\"808\" data-end=\"1148\">Adaptador de tomada de alimenta\u00e7\u00e3o ODM da Alemanha \u2013 projetado para marcas, distribuidores e compradores atacadistas que exigem dispositivos de alimenta\u00e7\u00e3o de energia personaliz\u00e1veis e de alta qualidade.<\/p>\n<p data-start=\"808\" data-end=\"1148\">Tamb\u00e9m chamadas de adaptadores, essas solu\u00e7\u00f5es ODM s\u00e3o amplamente utilizadas em setores como eletr\u00f4nicos de consumo, acess\u00f3rios de viagem, hospitalidade e projetos de embalagens de varejo.<\/p>\n<p data-start=\"1150\" data-end=\"1470\">Este modelo suporta entrada de 100\u2013250 V, 10 A (at\u00e9 2500 W) e oferece sa\u00edda de carregamento r\u00e1pido PD de 20 W com 2 portas USB-C e 1 porta USB-A, permitindo que v\u00e1rios dispositivos sejam carregados simultaneamente.<\/p>\n<p data-start=\"1472\" data-end=\"1629\">Dispon\u00edvel em branco e preto, este adaptador ODM \u00e9 uma escolha inteligente para parceiros que buscam solu\u00e7\u00f5es de marca personalizada, pedidos em grandes quantidades ou marcas pr\u00f3prias.<\/p>\n<p>&nbsp;<\/p>","protected":false},"featured_media":9719,"comment_status":"open","ping_status":"closed","template":"","meta":{"rank_math_lock_modified_date":false,"site-sidebar-layout":"default","site-content-layout":"","ast-site-content-layout":"default","site-content-style":"default","site-sidebar-style":"default","ast-global-header-display":"","ast-banner-title-visibility":"","ast-main-header-display":"","ast-hfb-above-header-display":"","ast-hfb-below-header-display":"","ast-hfb-mobile-header-display":"","site-post-title":"","ast-breadcrumbs-content":"","ast-featured-img":"","footer-sml-layout":"","ast-disable-related-posts":"","theme-transparent-header-meta":"default","adv-header-id-meta":"","stick-header-meta":"","header-above-stick-meta":"","header-main-stick-meta":"","header-below-stick-meta":"","astra-migrate-meta-layouts":"set","ast-page-background-enabled":"default","ast-page-background-meta":{"desktop":{"background-color":"","background-image":"","background-repeat":"repeat","background-position":"center center","background-size":"auto","background-attachment":"scroll","background-type":"","background-media":"","overlay-type":"","overlay-color":"","overlay-opacity":"","overlay-gradient":""},"tablet":{"background-color":"","background-image":"","background-repeat":"repeat","background-position":"center center","background-size":"auto","background-attachment":"scroll","background-type":"","background-media":"","overlay-type":"","overlay-color":"","overlay-opacity":"","overlay-gradient":""},"mobile":{"background-color":"","background-image":"","background-repeat":"repeat","background-position":"center center","background-size":"auto","background-attachment":"scroll","background-type":"","background-media":"","overlay-type":"","overlay-color":"","overlay-opacity":"","overlay-gradient":""}},"ast-content-background-meta":{"desktop":{"background-color":"var(--ast-global-color-5)","background-image":"","background-repeat":"repeat","background-position":"center center","background-size":"auto","background-attachment":"scroll","background-type":"","background-media":"","overlay-type":"","overlay-color":"","overlay-opacity":"","overlay-gradient":""},"tablet":{"background-color":"var(--ast-global-color-5)","background-image":"","background-repeat":"repeat","background-position":"center center","background-size":"auto","background-attachment":"scroll","background-type":"","background-media":"","overlay-type":"","overlay-color":"","overlay-opacity":"","overlay-gradient":""},"mobile":{"background-color":"var(--ast-global-color-5)","background-image":"","background-repeat":"repeat","background-position":"center center","background-size":"auto","background-attachment":"scroll","background-type":"","background-media":"","overlay-type":"","overlay-color":"","overlay-opacity":"","overlay-gradient":""}}},"product_cat":[64],"product_tag":[],"class_list":{"0":"post-9717","1":"product","2":"type-product","3":"status-publish","4":"has-post-thumbnail","6":"product_cat-travel-adapter","7":"desktop-align-center","8":"tablet-align-center","9":"mobile-align-center","11":"first","12":"instock","13":"shipping-taxable","14":"product-type-simple"},"_links":{"self":[{"href":"https:\/\/imiapower.com\/pt_pt\/wp-json\/wp\/v2\/product\/9717","targetHints":{"allow":["GET"]}}],"collection":[{"href":"https:\/\/imiapower.com\/pt_pt\/wp-json\/wp\/v2\/product"}],"about":[{"href":"https:\/\/imiapower.com\/pt_pt\/wp-json\/wp\/v2\/types\/product"}],"replies":[{"embeddable":true,"href":"https:\/\/imiapower.com\/pt_pt\/wp-json\/wp\/v2\/comments?post=9717"}],"version-history":[{"count":1,"href":"https:\/\/imiapower.com\/pt_pt\/wp-json\/wp\/v2\/product\/9717\/revisions"}],"predecessor-version":[{"id":9720,"href":"https:\/\/imiapower.com\/pt_pt\/wp-json\/wp\/v2\/product\/9717\/revisions\/9720"}],"wp:featuredmedia":[{"embeddable":true,"href":"https:\/\/imiapower.com\/pt_pt\/wp-json\/wp\/v2\/media\/9719"}],"wp:attachment":[{"href":"https:\/\/imiapower.com\/pt_pt\/wp-json\/wp\/v2\/media?parent=9717"}],"wp:term":[{"taxonomy":"product_cat","embeddable":true,"href":"https:\/\/imiapower.com\/pt_pt\/wp-json\/wp\/v2\/product_cat?post=9717"},{"taxonomy":"product_tag","embeddable":true,"href":"https:\/\/imiapower.com\/pt_pt\/wp-json\/wp\/v2\/product_tag?post=9717"}],"curies":[{"name":"wp","href":"https:\/\/api.w.org\/{rel}","templated":true}]}}