{"id":9725,"date":"2025-09-02T00:15:46","date_gmt":"2025-09-02T00:15:46","guid":{"rendered":"https:\/\/imiapower.com\/?post_type=product&#038;p=9725"},"modified":"2025-09-03T00:46:43","modified_gmt":"2025-09-03T00:46:43","slug":"travel-adapter-for-high-power-appliances","status":"publish","type":"product","link":"https:\/\/imiapower.com\/pt_pt\/products\/travel-adapter\/travel-adapter-for-high-power-appliances\/","title":{"rendered":"Adaptador de viagem para eletrodom\u00e9sticos de alta pot\u00eancia | 2500 W m\u00e1x. | 4 plugues remov\u00edveis (EUA\/Reino Unido\/AUS\/UE) com carregamento r\u00e1pido PD de 20 W"},"content":{"rendered":"<ul>\n<li><strong>Adaptador de viagem para aparelhos de alta pot\u00eancia<\/strong><\/li>\n<li><strong>Entrada:<\/strong> 100-250 V 10 A m\u00e1x. 2500 W m\u00e1x.<\/li>\n<li><strong>Sa\u00edda:<\/strong> PD 20W, EUA 18W<\/li>\n<li><strong>Porta de carregamento:<\/strong> 2 portas USB C e 1 USB A.<\/li>\n<li><strong>Cor:<\/strong> Branco e preto<\/li>\n<li><b>Plugues: EUA\/AUS\/Reino Unido\/UE<\/b><\/li>\n<\/ul>","protected":false},"excerpt":{"rendered":"<p><img fetchpriority=\"high\" decoding=\"async\" class=\"alignnone wp-image-9728 size-full\" src=\"https:\/\/imiapower.com\/wp-content\/uploads\/converted-2-14.webp\" alt=\"adaptador de viagem para aparelhos de alta pot\u00eancia\" width=\"960\" height=\"960\" srcset=\"https:\/\/imiapower.com\/wp-content\/uploads\/converted-2-14.webp 960w, https:\/\/imiapower.com\/wp-content\/uploads\/converted-2-14-300x300.webp 300w, https:\/\/imiapower.com\/wp-content\/uploads\/converted-2-14-150x150.webp 150w, https:\/\/imiapower.com\/wp-content\/uploads\/converted-2-14-768x768.webp 768w, https:\/\/imiapower.com\/wp-content\/uploads\/converted-2-14-12x12.webp 12w, https:\/\/imiapower.com\/wp-content\/uploads\/converted-2-14-600x600.webp 600w, https:\/\/imiapower.com\/wp-content\/uploads\/converted-2-14-100x100.webp 100w, https:\/\/imiapower.com\/wp-content\/uploads\/converted-2-14-64x64.webp 64w\" sizes=\"(max-width: 960px) 100vw, 960px\" \/> <img decoding=\"async\" class=\"alignnone wp-image-9729 size-full\" src=\"https:\/\/imiapower.com\/wp-content\/uploads\/converted-37.webp\" alt=\"adaptador de viagem para aparelhos de alta pot\u00eancia\" width=\"850\" height=\"1553\" srcset=\"https:\/\/imiapower.com\/wp-content\/uploads\/converted-37.webp 850w, https:\/\/imiapower.com\/wp-content\/uploads\/converted-37-164x300.webp 164w, https:\/\/imiapower.com\/wp-content\/uploads\/converted-37-560x1024.webp 560w, https:\/\/imiapower.com\/wp-content\/uploads\/converted-37-768x1403.webp 768w, https:\/\/imiapower.com\/wp-content\/uploads\/converted-37-841x1536.webp 841w, https:\/\/imiapower.com\/wp-content\/uploads\/converted-37-7x12.webp 7w, https:\/\/imiapower.com\/wp-content\/uploads\/converted-37-600x1096.webp 600w, https:\/\/imiapower.com\/wp-content\/uploads\/converted-37-64x117.webp 64w\" sizes=\"(max-width: 850px) 100vw, 850px\" \/><\/p>\n<p data-start=\"916\" data-end=\"1272\">Adaptador de viagem para aparelhos de alta pot\u00eancia \u2013 a escolha perfeita para viajantes internacionais que carregam aparelhos como chaleiras, barbeadores, secadores de cabelo, chapinhas, c\u00e2meras e outros eletr\u00f4nicos de alta voltagem. Este adaptador universal suporta 100\u2013250 V, 10 A e at\u00e9 2500 W, tornando-o seguro e confi\u00e1vel tanto para aparelhos do dia a dia quanto para aparelhos mais exigentes.<\/p>\n<p data-start=\"1274\" data-end=\"1380\">Equipado com 4 plugues destac\u00e1veis (EUA, Reino Unido, Austr\u00e1lia, UE), garante compatibilidade em mais de 200 pa\u00edses:<\/p>\n<ul data-start=\"1381\" data-end=\"2005\">\n<li data-start=\"1381\" data-end=\"1552\">\n<p data-start=\"1383\" data-end=\"1552\">Plugue EUA \u2013 amplamente utilizado nos Estados Unidos, Canad\u00e1, Jap\u00e3o, M\u00e9xico, Filipinas, Panam\u00e1, Col\u00f4mbia, Barbados, Guam, Haiti, Honduras, Jamaica, L\u00edbano e muito mais.<\/p>\n<\/li>\n<li data-start=\"1553\" data-end=\"1681\">\n<p data-start=\"1555\" data-end=\"1681\">Plugue AUS \u2013 comum na Austr\u00e1lia, Nova Zel\u00e2ndia, Argentina, Fiji, Egito, Kiribati, Nauru, Let\u00f4nia, Papua Nova Guin\u00e9, etc.<\/p>\n<\/li>\n<li data-start=\"1682\" data-end=\"1811\">\n<p data-start=\"1684\" data-end=\"1811\">Plugue do Reino Unido \u2013 usado no Reino Unido, Emirados \u00c1rabes Unidos, Paquist\u00e3o, But\u00e3o, Qu\u00eania, Botsuana, Malawi, Chipre, Seychelles e outros.<\/p>\n<\/li>\n<li data-start=\"1812\" data-end=\"2005\">\n<p data-start=\"1814\" data-end=\"2005\">Plugue UE \u2013 padr\u00e3o na Alemanha, Coreia do Sul, Vietn\u00e3, R\u00fassia, Brasil, Gr\u00e9cia, Fran\u00e7a, Indon\u00e9sia, Finl\u00e2ndia, Noruega, Pol\u00f4nia, Portugal, \u00c1ustria, Espanha, Su\u00e9cia e na maior parte da Europa.<\/p>\n<\/li>\n<\/ul>\n<p data-start=\"2007\" data-end=\"2206\">Al\u00e9m de sua tomada CA universal, este adaptador integra tecnologia de carregamento moderna com sa\u00edda PD de 20 W e USB de 18 W, al\u00e9m de 2 portas USB-C e 1 USB-A para carregamento r\u00e1pido de v\u00e1rios dispositivos.<\/p>\n<p data-start=\"2208\" data-end=\"2403\">Dispon\u00edvel em branco e preto, este adaptador combina pot\u00eancia, versatilidade e portabilidade \u2014 pesando apenas 95 g. \u00c9 essencial para viajantes globais, viagens de neg\u00f3cios e compradores B2B.<\/p>\n<p data-start=\"2405\" data-end=\"2578\">Como fabricantes de fontes de alimenta\u00e7\u00e3o, tamb\u00e9m oferecemos personaliza\u00e7\u00e3o OEM\/ODM, fornecimento por atacado e marca pr\u00f3pria para distribuidores e clientes da ind\u00fastria no mundo todo.<\/p>\n<p>&nbsp;<\/p>","protected":false},"featured_media":9727,"comment_status":"open","ping_status":"closed","template":"","meta":{"rank_math_lock_modified_date":false,"site-sidebar-layout":"default","site-content-layout":"","ast-site-content-layout":"default","site-content-style":"default","site-sidebar-style":"default","ast-global-header-display":"","ast-banner-title-visibility":"","ast-main-header-display":"","ast-hfb-above-header-display":"","ast-hfb-below-header-display":"","ast-hfb-mobile-header-display":"","site-post-title":"","ast-breadcrumbs-content":"","ast-featured-img":"","footer-sml-layout":"","ast-disable-related-posts":"","theme-transparent-header-meta":"default","adv-header-id-meta":"","stick-header-meta":"","header-above-stick-meta":"","header-main-stick-meta":"","header-below-stick-meta":"","astra-migrate-meta-layouts":"set","ast-page-background-enabled":"default","ast-page-background-meta":{"desktop":{"background-color":"","background-image":"","background-repeat":"repeat","background-position":"center center","background-size":"auto","background-attachment":"scroll","background-type":"","background-media":"","overlay-type":"","overlay-color":"","overlay-opacity":"","overlay-gradient":""},"tablet":{"background-color":"","background-image":"","background-repeat":"repeat","background-position":"center center","background-size":"auto","background-attachment":"scroll","background-type":"","background-media":"","overlay-type":"","overlay-color":"","overlay-opacity":"","overlay-gradient":""},"mobile":{"background-color":"","background-image":"","background-repeat":"repeat","background-position":"center center","background-size":"auto","background-attachment":"scroll","background-type":"","background-media":"","overlay-type":"","overlay-color":"","overlay-opacity":"","overlay-gradient":""}},"ast-content-background-meta":{"desktop":{"background-color":"var(--ast-global-color-5)","background-image":"","background-repeat":"repeat","background-position":"center center","background-size":"auto","background-attachment":"scroll","background-type":"","background-media":"","overlay-type":"","overlay-color":"","overlay-opacity":"","overlay-gradient":""},"tablet":{"background-color":"var(--ast-global-color-5)","background-image":"","background-repeat":"repeat","background-position":"center center","background-size":"auto","background-attachment":"scroll","background-type":"","background-media":"","overlay-type":"","overlay-color":"","overlay-opacity":"","overlay-gradient":""},"mobile":{"background-color":"var(--ast-global-color-5)","background-image":"","background-repeat":"repeat","background-position":"center center","background-size":"auto","background-attachment":"scroll","background-type":"","background-media":"","overlay-type":"","overlay-color":"","overlay-opacity":"","overlay-gradient":""}}},"product_cat":[64],"product_tag":[],"class_list":{"0":"post-9725","1":"product","2":"type-product","3":"status-publish","4":"has-post-thumbnail","6":"product_cat-travel-adapter","7":"desktop-align-center","8":"tablet-align-center","9":"mobile-align-center","11":"first","12":"instock","13":"shipping-taxable","14":"product-type-simple"},"_links":{"self":[{"href":"https:\/\/imiapower.com\/pt_pt\/wp-json\/wp\/v2\/product\/9725","targetHints":{"allow":["GET"]}}],"collection":[{"href":"https:\/\/imiapower.com\/pt_pt\/wp-json\/wp\/v2\/product"}],"about":[{"href":"https:\/\/imiapower.com\/pt_pt\/wp-json\/wp\/v2\/types\/product"}],"replies":[{"embeddable":true,"href":"https:\/\/imiapower.com\/pt_pt\/wp-json\/wp\/v2\/comments?post=9725"}],"version-history":[{"count":1,"href":"https:\/\/imiapower.com\/pt_pt\/wp-json\/wp\/v2\/product\/9725\/revisions"}],"predecessor-version":[{"id":9730,"href":"https:\/\/imiapower.com\/pt_pt\/wp-json\/wp\/v2\/product\/9725\/revisions\/9730"}],"wp:featuredmedia":[{"embeddable":true,"href":"https:\/\/imiapower.com\/pt_pt\/wp-json\/wp\/v2\/media\/9727"}],"wp:attachment":[{"href":"https:\/\/imiapower.com\/pt_pt\/wp-json\/wp\/v2\/media?parent=9725"}],"wp:term":[{"taxonomy":"product_cat","embeddable":true,"href":"https:\/\/imiapower.com\/pt_pt\/wp-json\/wp\/v2\/product_cat?post=9725"},{"taxonomy":"product_tag","embeddable":true,"href":"https:\/\/imiapower.com\/pt_pt\/wp-json\/wp\/v2\/product_tag?post=9725"}],"curies":[{"name":"wp","href":"https:\/\/api.w.org\/{rel}","templated":true}]}}