{"id":9841,"date":"2026-01-05T08:57:43","date_gmt":"2026-01-05T08:57:43","guid":{"rendered":"https:\/\/imiapower.com\/?post_type=product&#038;p=9841"},"modified":"2026-01-05T08:58:24","modified_gmt":"2026-01-05T08:58:24","slug":"140w-macbook-charger-pd","status":"publish","type":"product","link":"https:\/\/imiapower.com\/pt_pt\/products\/wall-charger\/140w-macbook-charger-pd\/","title":{"rendered":"Novo carregador de 140 W para MacBook Pro de 16 polegadas, iPad Pro, Samsung S23, compat\u00edvel com QC4.0+."},"content":{"rendered":"<ul>\n<li><strong>Carregador de MacBook de 140 W<\/strong><\/li>\n<li><strong>Entrada:<\/strong>100-240 VCA 50\/60 Hz<\/li>\n<li><strong>Sa\u00edda:<\/strong>5,1V 5A 9V 3A 12V 3A 15V 3A 20V 5A 28V 5A<\/li>\n<li><strong>Dimens\u00e3o:<\/strong>75*75*29MM<\/li>\n<li><strong>Projeto:<\/strong>Desdobrar plugue dos EUA e plugue da UE<\/li>\n<li><strong>Cor:<\/strong>Preto<\/li>\n<li><strong>Certificado:<\/strong>UL FCC CE CB UKCA<\/li>\n<li><strong>Prazo de produ\u00e7\u00e3o:<\/strong>30 dias<\/li>\n<li><strong>Garantia:<\/strong>2 anos<\/li>\n<\/ul>","protected":false},"excerpt":{"rendered":"<p><span class=\"citation-43\">Oferece uma pot\u00eancia de sa\u00edda cont\u00ednua massiva de 140 W.<\/span>. <span class=\"citation-42\">Compat\u00edvel com o perfil de voltagem mais recente de 28V\/5A necess\u00e1rio para o carregamento r\u00e1pido do MacBook Pro de 16 polegadas quando usado com um cabo E-Marker de 140W.<\/span>.<\/p>\n<p><span class=\"citation-41\">Carregamento r\u00e1pido universal:<\/span><span class=\"citation-41\"> N\u00e3o apenas um <\/span><span class=\"citation-41\">Carregador de MacBook de 140 W<\/span><span class=\"citation-41\">; apresenta ampla compatibilidade com protocolos, incluindo PD3.1, PPS, QC4+, QC3.0, Samsung AFC, Huawei SCP\/FCP e MTK PE-2.0<\/span>.<\/p>\n<p>Ajuste inteligente de pot\u00eancia: O AVS (Adjustable Voltage Supply - Fonte de Alimenta\u00e7\u00e3o Ajust\u00e1vel) integrado reconhece automaticamente o dispositivo e ajusta a sa\u00edda. <span class=\"citation-40\">No modo PPS, ele ajusta a tens\u00e3o em incrementos de 20 mV (5,02 V a 21 V) para otimizar a efici\u00eancia de carregamento.<\/span>.<\/p>\n<p><span class=\"citation-39\">Seguran\u00e7a abrangente:<\/span><span class=\"citation-39\"> Fabricado com uma carca\u00e7a de policarbonato resistente (classifica\u00e7\u00e3o UL94 V-0)<\/span>. <span class=\"citation-38\">Possui m\u00faltiplos sistemas de prote\u00e7\u00e3o, incluindo prote\u00e7\u00e3o contra sobrecarga (m\u00e1x. 180 W) e prote\u00e7\u00e3o contra curto-circuito com recupera\u00e7\u00e3o autom\u00e1tica.<\/span>.<\/p>\n<p><span class=\"citation-37\">Compatibilidade global:<\/span><span class=\"citation-37\"> Suporta entrada AC 100-240V 50\/60Hz<\/span>, tornando-o um companheiro de viagem ideal. <span class=\"citation-36\">O design compacto para montagem na parede permite que voc\u00ea o leve facilmente em bolsas para uso em qualquer lugar.<\/span>.<\/p>","protected":false},"featured_media":9844,"comment_status":"open","ping_status":"closed","template":"","meta":{"rank_math_lock_modified_date":false,"site-sidebar-layout":"default","site-content-layout":"","ast-site-content-layout":"default","site-content-style":"default","site-sidebar-style":"default","ast-global-header-display":"","ast-banner-title-visibility":"","ast-main-header-display":"","ast-hfb-above-header-display":"","ast-hfb-below-header-display":"","ast-hfb-mobile-header-display":"","site-post-title":"","ast-breadcrumbs-content":"","ast-featured-img":"","footer-sml-layout":"","ast-disable-related-posts":"","theme-transparent-header-meta":"default","adv-header-id-meta":"","stick-header-meta":"","header-above-stick-meta":"","header-main-stick-meta":"","header-below-stick-meta":"","astra-migrate-meta-layouts":"set","ast-page-background-enabled":"default","ast-page-background-meta":{"desktop":{"background-color":"","background-image":"","background-repeat":"repeat","background-position":"center center","background-size":"auto","background-attachment":"scroll","background-type":"","background-media":"","overlay-type":"","overlay-color":"","overlay-opacity":"","overlay-gradient":""},"tablet":{"background-color":"","background-image":"","background-repeat":"repeat","background-position":"center center","background-size":"auto","background-attachment":"scroll","background-type":"","background-media":"","overlay-type":"","overlay-color":"","overlay-opacity":"","overlay-gradient":""},"mobile":{"background-color":"","background-image":"","background-repeat":"repeat","background-position":"center center","background-size":"auto","background-attachment":"scroll","background-type":"","background-media":"","overlay-type":"","overlay-color":"","overlay-opacity":"","overlay-gradient":""}},"ast-content-background-meta":{"desktop":{"background-color":"var(--ast-global-color-5)","background-image":"","background-repeat":"repeat","background-position":"center center","background-size":"auto","background-attachment":"scroll","background-type":"","background-media":"","overlay-type":"","overlay-color":"","overlay-opacity":"","overlay-gradient":""},"tablet":{"background-color":"var(--ast-global-color-5)","background-image":"","background-repeat":"repeat","background-position":"center center","background-size":"auto","background-attachment":"scroll","background-type":"","background-media":"","overlay-type":"","overlay-color":"","overlay-opacity":"","overlay-gradient":""},"mobile":{"background-color":"var(--ast-global-color-5)","background-image":"","background-repeat":"repeat","background-position":"center center","background-size":"auto","background-attachment":"scroll","background-type":"","background-media":"","overlay-type":"","overlay-color":"","overlay-opacity":"","overlay-gradient":""}}},"product_cat":[43],"product_tag":[],"class_list":{"0":"post-9841","1":"product","2":"type-product","3":"status-publish","4":"has-post-thumbnail","6":"product_cat-wall-charger","7":"desktop-align-center","8":"tablet-align-center","9":"mobile-align-center","11":"first","12":"instock","13":"shipping-taxable","14":"product-type-simple"},"_links":{"self":[{"href":"https:\/\/imiapower.com\/pt_pt\/wp-json\/wp\/v2\/product\/9841","targetHints":{"allow":["GET"]}}],"collection":[{"href":"https:\/\/imiapower.com\/pt_pt\/wp-json\/wp\/v2\/product"}],"about":[{"href":"https:\/\/imiapower.com\/pt_pt\/wp-json\/wp\/v2\/types\/product"}],"replies":[{"embeddable":true,"href":"https:\/\/imiapower.com\/pt_pt\/wp-json\/wp\/v2\/comments?post=9841"}],"version-history":[{"count":1,"href":"https:\/\/imiapower.com\/pt_pt\/wp-json\/wp\/v2\/product\/9841\/revisions"}],"predecessor-version":[{"id":9845,"href":"https:\/\/imiapower.com\/pt_pt\/wp-json\/wp\/v2\/product\/9841\/revisions\/9845"}],"wp:featuredmedia":[{"embeddable":true,"href":"https:\/\/imiapower.com\/pt_pt\/wp-json\/wp\/v2\/media\/9844"}],"wp:attachment":[{"href":"https:\/\/imiapower.com\/pt_pt\/wp-json\/wp\/v2\/media?parent=9841"}],"wp:term":[{"taxonomy":"product_cat","embeddable":true,"href":"https:\/\/imiapower.com\/pt_pt\/wp-json\/wp\/v2\/product_cat?post=9841"},{"taxonomy":"product_tag","embeddable":true,"href":"https:\/\/imiapower.com\/pt_pt\/wp-json\/wp\/v2\/product_tag?post=9841"}],"curies":[{"name":"wp","href":"https:\/\/api.w.org\/{rel}","templated":true}]}}