{"id":9969,"date":"2026-02-05T09:19:40","date_gmt":"2026-02-05T09:19:40","guid":{"rendered":"https:\/\/imiapower.com\/?post_type=product&#038;p=9969"},"modified":"2026-02-05T09:19:40","modified_gmt":"2026-02-05T09:19:40","slug":"10w-qi-wireless-charger","status":"publish","type":"product","link":"https:\/\/imiapower.com\/pt_pt\/products\/wireless-charger\/10w-qi-wireless-charger\/","title":{"rendered":"Carregador sem fio Qi com luz noturna, base de carregamento r\u00e1pido de 10 W para iPhone e Android."},"content":{"rendered":"<ul>\n<li><strong>Carregador sem fio Qi<\/strong><\/li>\n<li><strong>Entrada:<\/strong> Micro-USB 5V\/3A 9V\/2A<\/li>\n<li><strong>Sa\u00edda:<\/strong> 5W 7,5W 10W<\/li>\n<li><strong>Tamanho:<\/strong> 95,3*95,3*16,9mm<\/li>\n<li><strong>Peso:<\/strong> 98g<\/li>\n<li><strong>Liderado:<\/strong> Show de luzes LED azuis acionado por 5 segundos<\/li>\n<\/ul>","protected":false},"excerpt":{"rendered":"<p data-path-to-node=\"14,0,0\"><b data-path-to-node=\"14,0,0\" data-index-in-node=\"0\">Design 2 em 1:<\/b> Uma combina\u00e7\u00e3o perfeita de um carregador sem fio Qi de 10W e uma luz noturna LED relaxante.<\/p>\n<p data-path-to-node=\"14,1,0\"><b data-path-to-node=\"14,1,0\" data-index-in-node=\"0\">Compatibilidade universal:<\/b> Funciona perfeitamente com todos os smartphones habilitados para Qi, incluindo a s\u00e9rie iPhone 8-15, Samsung Galaxy e muito mais.<\/p>\n<p data-path-to-node=\"14,2,0\"><b data-path-to-node=\"14,2,0\" data-index-in-node=\"0\">Carregamento r\u00e1pido inteligente:<\/b> O chip inteligente integrado ajusta automaticamente a pot\u00eancia (5W\/7,5W\/10W) para proteger a bateria do seu dispositivo.<\/p>\n<p data-path-to-node=\"14,3,0\"><b data-path-to-node=\"14,3,0\" data-index-in-node=\"0\">Elegante e seguro:<\/b> Acabamento met\u00e1lico premium com detec\u00e7\u00e3o de objetos estranhos (FOD) e controle de temperatura para carregamento seguro do modelo 100%.<\/p>","protected":false},"featured_media":9972,"comment_status":"open","ping_status":"closed","template":"","meta":{"rank_math_lock_modified_date":false,"site-sidebar-layout":"default","site-content-layout":"","ast-site-content-layout":"default","site-content-style":"default","site-sidebar-style":"default","ast-global-header-display":"","ast-banner-title-visibility":"","ast-main-header-display":"","ast-hfb-above-header-display":"","ast-hfb-below-header-display":"","ast-hfb-mobile-header-display":"","site-post-title":"","ast-breadcrumbs-content":"","ast-featured-img":"","footer-sml-layout":"","ast-disable-related-posts":"","theme-transparent-header-meta":"default","adv-header-id-meta":"","stick-header-meta":"","header-above-stick-meta":"","header-main-stick-meta":"","header-below-stick-meta":"","astra-migrate-meta-layouts":"set","ast-page-background-enabled":"default","ast-page-background-meta":{"desktop":{"background-color":"","background-image":"","background-repeat":"repeat","background-position":"center center","background-size":"auto","background-attachment":"scroll","background-type":"","background-media":"","overlay-type":"","overlay-color":"","overlay-opacity":"","overlay-gradient":""},"tablet":{"background-color":"","background-image":"","background-repeat":"repeat","background-position":"center center","background-size":"auto","background-attachment":"scroll","background-type":"","background-media":"","overlay-type":"","overlay-color":"","overlay-opacity":"","overlay-gradient":""},"mobile":{"background-color":"","background-image":"","background-repeat":"repeat","background-position":"center center","background-size":"auto","background-attachment":"scroll","background-type":"","background-media":"","overlay-type":"","overlay-color":"","overlay-opacity":"","overlay-gradient":""}},"ast-content-background-meta":{"desktop":{"background-color":"var(--ast-global-color-5)","background-image":"","background-repeat":"repeat","background-position":"center center","background-size":"auto","background-attachment":"scroll","background-type":"","background-media":"","overlay-type":"","overlay-color":"","overlay-opacity":"","overlay-gradient":""},"tablet":{"background-color":"var(--ast-global-color-5)","background-image":"","background-repeat":"repeat","background-position":"center center","background-size":"auto","background-attachment":"scroll","background-type":"","background-media":"","overlay-type":"","overlay-color":"","overlay-opacity":"","overlay-gradient":""},"mobile":{"background-color":"var(--ast-global-color-5)","background-image":"","background-repeat":"repeat","background-position":"center center","background-size":"auto","background-attachment":"scroll","background-type":"","background-media":"","overlay-type":"","overlay-color":"","overlay-opacity":"","overlay-gradient":""}}},"product_cat":[365],"product_tag":[],"class_list":{"0":"post-9969","1":"product","2":"type-product","3":"status-publish","4":"has-post-thumbnail","6":"product_cat-wireless-charger","7":"desktop-align-center","8":"tablet-align-center","9":"mobile-align-center","11":"first","12":"instock","13":"shipping-taxable","14":"product-type-simple"},"_links":{"self":[{"href":"https:\/\/imiapower.com\/pt_pt\/wp-json\/wp\/v2\/product\/9969","targetHints":{"allow":["GET"]}}],"collection":[{"href":"https:\/\/imiapower.com\/pt_pt\/wp-json\/wp\/v2\/product"}],"about":[{"href":"https:\/\/imiapower.com\/pt_pt\/wp-json\/wp\/v2\/types\/product"}],"replies":[{"embeddable":true,"href":"https:\/\/imiapower.com\/pt_pt\/wp-json\/wp\/v2\/comments?post=9969"}],"version-history":[{"count":1,"href":"https:\/\/imiapower.com\/pt_pt\/wp-json\/wp\/v2\/product\/9969\/revisions"}],"predecessor-version":[{"id":9973,"href":"https:\/\/imiapower.com\/pt_pt\/wp-json\/wp\/v2\/product\/9969\/revisions\/9973"}],"wp:featuredmedia":[{"embeddable":true,"href":"https:\/\/imiapower.com\/pt_pt\/wp-json\/wp\/v2\/media\/9972"}],"wp:attachment":[{"href":"https:\/\/imiapower.com\/pt_pt\/wp-json\/wp\/v2\/media?parent=9969"}],"wp:term":[{"taxonomy":"product_cat","embeddable":true,"href":"https:\/\/imiapower.com\/pt_pt\/wp-json\/wp\/v2\/product_cat?post=9969"},{"taxonomy":"product_tag","embeddable":true,"href":"https:\/\/imiapower.com\/pt_pt\/wp-json\/wp\/v2\/product_tag?post=9969"}],"curies":[{"name":"wp","href":"https:\/\/api.w.org\/{rel}","templated":true}]}}