{"id":4652,"date":"2023-03-04T00:24:05","date_gmt":"2023-03-04T00:24:05","guid":{"rendered":"https:\/\/imia.com.cn\/?post_type=product&#038;p=4652"},"modified":"2024-08-16T13:06:51","modified_gmt":"2024-08-16T13:06:51","slug":"20w-pd-wall-charger","status":"publish","type":"product","link":"https:\/\/imiapower.com\/tr\/products\/wall-charger\/20w-pd-wall-charger\/","title":{"rendered":"Pop\u00fcler 20w pd duvar \u015farj cihaz\u0131 \u00fcreticisi"},"content":{"rendered":"<ul>\n<li><strong>20w pd duvar \u015farj cihaz\u0131<\/strong><\/li>\n<li><strong>\u00c7\u0131kt\u0131:<\/strong>5V2A 10W Maks<\/li>\n<li><strong>Giri\u015f gerilimi:<\/strong>100-240V<\/li>\n<li><strong>Giri\u015f Frekans\u0131:<\/strong>50\/60 Hz<\/li>\n<li><strong>Enerji S\u0131n\u0131f\u0131: <\/strong>VI<\/li>\n<li><strong>G\u00fcvenlik sertifikas\u0131:<\/strong>EN62368: FCC\/CE\/SAA\/CCC<\/li>\n<li><strong>ABD\/CN\/JP boyutu:<\/strong>60*26*40mm<\/li>\n<li><strong>AB\/KR boyutu:<\/strong>80*27*40mm<\/li>\n<li><strong>\u0130ngiltere boyutu:<\/strong>75*27*39,5 mm<\/li>\n<\/ul>","protected":false},"excerpt":{"rendered":"<p>Piyasada yeni geli\u015ftirilen PD \u015farj cihazlar\u0131 140W ve 200W&#039;a kadar \u00e7\u0131ksa da, 20W PD duvar \u015farj cihaz\u0131 da olduk\u00e7a yayg\u0131n ve pop\u00fcler bir \u015farj cihaz\u0131 olup, piyasadaki telefonlar\u0131n h\u0131zl\u0131 \u015farj gereksinimlerini kar\u015f\u0131layabilmektedir.<\/p>\n<p>Baz\u0131 pop\u00fcler markalar bu 20w PD \u015farj cihaz\u0131n\u0131 se\u00e7ti, bu \u015farj cihaz\u0131na kapak olarak karton tasar\u0131m eklenebilir ve bir\u00e7ok gen\u00e7 bundan ho\u015flan\u0131r, \u00e7\u00fcnk\u00fc pop\u00fcler bir marka taraf\u0131ndan se\u00e7ilmi\u015ftir, bu nedenle kalite g\u00fcvence alt\u0131na al\u0131nm\u0131\u015ft\u0131r, test etmek i\u00e7in \u00fccretsiz \u00f6rnekler sa\u011fl\u0131yoruz, ayr\u0131ca d\u00fc\u015f\u00fck MOQ&#039;u da destekliyor<\/p>\n<p>Ak\u0131ll\u0131 telefonlar\u0131n\u0131z\u0131, tabletlerinizi ve di\u011fer USB ile \u00e7al\u0131\u015fan cihazlar\u0131n\u0131z\u0131 h\u0131zl\u0131 bir \u015fekilde \u015farj etmek i\u00e7in 20 watt.<\/p>\n<p>Geli\u015fmi\u015f USB G\u00fc\u00e7 Da\u011f\u0131t\u0131m\u0131 (PD) ve Qualcomm H\u0131zl\u0131 \u015earj teknolojileriyle 50%&#039;ye kadar daha h\u0131zl\u0131 \u015farj h\u0131zlar\u0131.<\/p>\n<p>&nbsp;<\/p>","protected":false},"featured_media":4584,"comment_status":"closed","ping_status":"closed","template":"","meta":{"rank_math_lock_modified_date":false,"site-sidebar-layout":"default","site-content-layout":"default","ast-site-content-layout":"default","site-content-style":"default","site-sidebar-style":"default","ast-global-header-display":"","ast-banner-title-visibility":"","ast-main-header-display":"","ast-hfb-above-header-display":"","ast-hfb-below-header-display":"","ast-hfb-mobile-header-display":"","site-post-title":"","ast-breadcrumbs-content":"","ast-featured-img":"","footer-sml-layout":"","ast-disable-related-posts":"","theme-transparent-header-meta":"default","adv-header-id-meta":"","stick-header-meta":"","header-above-stick-meta":"","header-main-stick-meta":"","header-below-stick-meta":"","astra-migrate-meta-layouts":"set","ast-page-background-enabled":"default","ast-page-background-meta":{"desktop":{"background-color":"","background-image":"","background-repeat":"repeat","background-position":"center center","background-size":"auto","background-attachment":"scroll","background-type":"","background-media":"","overlay-type":"","overlay-color":"","overlay-opacity":"","overlay-gradient":""},"tablet":{"background-color":"","background-image":"","background-repeat":"repeat","background-position":"center center","background-size":"auto","background-attachment":"scroll","background-type":"","background-media":"","overlay-type":"","overlay-color":"","overlay-opacity":"","overlay-gradient":""},"mobile":{"background-color":"","background-image":"","background-repeat":"repeat","background-position":"center center","background-size":"auto","background-attachment":"scroll","background-type":"","background-media":"","overlay-type":"","overlay-color":"","overlay-opacity":"","overlay-gradient":""}},"ast-content-background-meta":{"desktop":{"background-color":"var(--ast-global-color-5)","background-image":"","background-repeat":"repeat","background-position":"center center","background-size":"auto","background-attachment":"scroll","background-type":"","background-media":"","overlay-type":"","overlay-color":"","overlay-opacity":"","overlay-gradient":""},"tablet":{"background-color":"var(--ast-global-color-5)","background-image":"","background-repeat":"repeat","background-position":"center center","background-size":"auto","background-attachment":"scroll","background-type":"","background-media":"","overlay-type":"","overlay-color":"","overlay-opacity":"","overlay-gradient":""},"mobile":{"background-color":"var(--ast-global-color-5)","background-image":"","background-repeat":"repeat","background-position":"center center","background-size":"auto","background-attachment":"scroll","background-type":"","background-media":"","overlay-type":"","overlay-color":"","overlay-opacity":"","overlay-gradient":""}}},"product_cat":[43],"product_tag":[],"class_list":{"0":"post-4652","1":"product","2":"type-product","3":"status-publish","4":"has-post-thumbnail","6":"product_cat-wall-charger","7":"desktop-align-center","8":"tablet-align-center","9":"mobile-align-center","11":"first","12":"instock","13":"shipping-taxable","14":"purchasable","15":"product-type-simple"},"_links":{"self":[{"href":"https:\/\/imiapower.com\/tr\/wp-json\/wp\/v2\/product\/4652","targetHints":{"allow":["GET"]}}],"collection":[{"href":"https:\/\/imiapower.com\/tr\/wp-json\/wp\/v2\/product"}],"about":[{"href":"https:\/\/imiapower.com\/tr\/wp-json\/wp\/v2\/types\/product"}],"replies":[{"embeddable":true,"href":"https:\/\/imiapower.com\/tr\/wp-json\/wp\/v2\/comments?post=4652"}],"version-history":[{"count":4,"href":"https:\/\/imiapower.com\/tr\/wp-json\/wp\/v2\/product\/4652\/revisions"}],"predecessor-version":[{"id":8288,"href":"https:\/\/imiapower.com\/tr\/wp-json\/wp\/v2\/product\/4652\/revisions\/8288"}],"wp:featuredmedia":[{"embeddable":true,"href":"https:\/\/imiapower.com\/tr\/wp-json\/wp\/v2\/media\/4584"}],"wp:attachment":[{"href":"https:\/\/imiapower.com\/tr\/wp-json\/wp\/v2\/media?parent=4652"}],"wp:term":[{"taxonomy":"product_cat","embeddable":true,"href":"https:\/\/imiapower.com\/tr\/wp-json\/wp\/v2\/product_cat?post=4652"},{"taxonomy":"product_tag","embeddable":true,"href":"https:\/\/imiapower.com\/tr\/wp-json\/wp\/v2\/product_tag?post=4652"}],"curies":[{"name":"wp","href":"https:\/\/api.w.org\/{rel}","templated":true}]}}