{"id":4654,"date":"2023-03-04T00:24:05","date_gmt":"2023-03-04T00:24:05","guid":{"rendered":"https:\/\/imia.com.cn\/?post_type=product&#038;p=4654"},"modified":"2024-07-25T06:34:56","modified_gmt":"2024-07-25T06:34:56","slug":"wall-charger-for-usb","status":"publish","type":"product","link":"https:\/\/imiapower.com\/tr\/products\/wall-charger\/wall-charger-for-usb\/","title":{"rendered":"USB 12w i\u00e7in do\u011frudan duvar \u015farj cihaz\u0131"},"content":{"rendered":"<ul>\n<li><strong>USB i\u00e7in duvar \u015farj cihaz\u0131<\/strong><\/li>\n<li><strong>USB g\u00fc\u00e7 adapt\u00f6r\u00fc:<\/strong> 12w elma<\/li>\n<li><strong>\u00c7\u0131kt\u0131:<\/strong>5V2.4A 12W Maks<\/li>\n<li><strong>Giri\u015f gerilimi:<\/strong>100-240V<\/li>\n<li><strong>Giri\u015f Frekans\u0131:<\/strong>50\/60 Hz<\/li>\n<li><strong>Enerji\u00a0<\/strong><b>S\u0131n\u0131f: VI<\/b><\/li>\n<li><strong>G\u00fcvenlik sertifikas\u0131:<\/strong>EN62368: FCC\/CE\/CCC<\/li>\n<li><strong>ABD\/CN\/JP boyutu:<\/strong>60*26*40m<\/li>\n<\/ul>","protected":false},"excerpt":{"rendered":"<p>12W&#039;l\u0131k bir \u015farj cihaz\u0131 tipik olarak 5 volt ve 2,4 amper \u00e7\u0131k\u0131\u015f sa\u011flar. Bu, 12w&#039;l\u0131k sabit bir g\u00fc\u00e7 da\u011f\u0131t\u0131m\u0131 sa\u011flad\u0131\u011f\u0131 anlam\u0131na gelir<\/p>","protected":false},"featured_media":4588,"comment_status":"closed","ping_status":"closed","template":"","meta":{"rank_math_lock_modified_date":false,"site-sidebar-layout":"default","site-content-layout":"default","ast-site-content-layout":"default","site-content-style":"default","site-sidebar-style":"default","ast-global-header-display":"","ast-banner-title-visibility":"","ast-main-header-display":"","ast-hfb-above-header-display":"","ast-hfb-below-header-display":"","ast-hfb-mobile-header-display":"","site-post-title":"","ast-breadcrumbs-content":"","ast-featured-img":"","footer-sml-layout":"","ast-disable-related-posts":"","theme-transparent-header-meta":"default","adv-header-id-meta":"","stick-header-meta":"","header-above-stick-meta":"","header-main-stick-meta":"","header-below-stick-meta":"","astra-migrate-meta-layouts":"set","ast-page-background-enabled":"default","ast-page-background-meta":{"desktop":{"background-color":"","background-image":"","background-repeat":"repeat","background-position":"center center","background-size":"auto","background-attachment":"scroll","background-type":"","background-media":"","overlay-type":"","overlay-color":"","overlay-opacity":"","overlay-gradient":""},"tablet":{"background-color":"","background-image":"","background-repeat":"repeat","background-position":"center center","background-size":"auto","background-attachment":"scroll","background-type":"","background-media":"","overlay-type":"","overlay-color":"","overlay-opacity":"","overlay-gradient":""},"mobile":{"background-color":"","background-image":"","background-repeat":"repeat","background-position":"center center","background-size":"auto","background-attachment":"scroll","background-type":"","background-media":"","overlay-type":"","overlay-color":"","overlay-opacity":"","overlay-gradient":""}},"ast-content-background-meta":{"desktop":{"background-color":"var(--ast-global-color-5)","background-image":"","background-repeat":"repeat","background-position":"center center","background-size":"auto","background-attachment":"scroll","background-type":"","background-media":"","overlay-type":"","overlay-color":"","overlay-opacity":"","overlay-gradient":""},"tablet":{"background-color":"var(--ast-global-color-5)","background-image":"","background-repeat":"repeat","background-position":"center center","background-size":"auto","background-attachment":"scroll","background-type":"","background-media":"","overlay-type":"","overlay-color":"","overlay-opacity":"","overlay-gradient":""},"mobile":{"background-color":"var(--ast-global-color-5)","background-image":"","background-repeat":"repeat","background-position":"center center","background-size":"auto","background-attachment":"scroll","background-type":"","background-media":"","overlay-type":"","overlay-color":"","overlay-opacity":"","overlay-gradient":""}}},"product_cat":[43],"product_tag":[],"class_list":{"0":"post-4654","1":"product","2":"type-product","3":"status-publish","4":"has-post-thumbnail","6":"product_cat-wall-charger","7":"desktop-align-center","8":"tablet-align-center","9":"mobile-align-center","11":"first","12":"instock","13":"shipping-taxable","14":"purchasable","15":"product-type-simple"},"_links":{"self":[{"href":"https:\/\/imiapower.com\/tr\/wp-json\/wp\/v2\/product\/4654","targetHints":{"allow":["GET"]}}],"collection":[{"href":"https:\/\/imiapower.com\/tr\/wp-json\/wp\/v2\/product"}],"about":[{"href":"https:\/\/imiapower.com\/tr\/wp-json\/wp\/v2\/types\/product"}],"replies":[{"embeddable":true,"href":"https:\/\/imiapower.com\/tr\/wp-json\/wp\/v2\/comments?post=4654"}],"version-history":[{"count":2,"href":"https:\/\/imiapower.com\/tr\/wp-json\/wp\/v2\/product\/4654\/revisions"}],"predecessor-version":[{"id":8149,"href":"https:\/\/imiapower.com\/tr\/wp-json\/wp\/v2\/product\/4654\/revisions\/8149"}],"wp:featuredmedia":[{"embeddable":true,"href":"https:\/\/imiapower.com\/tr\/wp-json\/wp\/v2\/media\/4588"}],"wp:attachment":[{"href":"https:\/\/imiapower.com\/tr\/wp-json\/wp\/v2\/media?parent=4654"}],"wp:term":[{"taxonomy":"product_cat","embeddable":true,"href":"https:\/\/imiapower.com\/tr\/wp-json\/wp\/v2\/product_cat?post=4654"},{"taxonomy":"product_tag","embeddable":true,"href":"https:\/\/imiapower.com\/tr\/wp-json\/wp\/v2\/product_tag?post=4654"}],"curies":[{"name":"wp","href":"https:\/\/api.w.org\/{rel}","templated":true}]}}