{"id":4661,"date":"2023-03-04T00:24:05","date_gmt":"2023-03-04T00:24:05","guid":{"rendered":"https:\/\/imia.com.cn\/?post_type=product&#038;p=4661"},"modified":"2024-08-16T09:00:33","modified_gmt":"2024-08-16T09:00:33","slug":"45w-wall-charger","status":"publish","type":"product","link":"https:\/\/imiapower.com\/tr\/products\/wall-charger\/45w-wall-charger\/","title":{"rendered":"\u00c7in tedarik\u00e7isinden ucuz 45W duvar \u015farj cihaz\u0131"},"content":{"rendered":"<ul>\n<li><strong>45W duvar \u015farj cihaz\u0131<\/strong><\/li>\n<li><strong>\u00c7\u0131kt\u0131:<\/strong> A+C 45W Maks.<\/li>\n<li><strong>Tip-C:<\/strong> 5V3A\/9V3A\/12V3A\/15V3A\/20V2.25A PD45W<\/li>\n<li><strong>USB-A:<\/strong>5V3A\/9V2A\/12V1.5A QC18W<\/li>\n<li><strong>\u00c7ift \u00e7\u0131k\u0131\u015f:<\/strong>5V4A<\/li>\n<li><strong>Giri\u015f gerilimi:<\/strong> 100-240V<\/li>\n<li><strong>Giri\u015f Frekans\u0131:<\/strong> 50\/60Hz<\/li>\n<li><strong>Enerji s\u0131n\u0131f\u0131:<\/strong> VI<\/li>\n<li><strong>G\u00fcvenlik sertifikas\u0131:<\/strong> EN62368: FCC\/CE\/SAA<\/li>\n<li><strong>ABD\/CN\/JP boyutu:<\/strong> 60*26*40mm<\/li>\n<li><strong>AB\/KR boyutu:<\/strong> 80*27*40mm<\/li>\n<li><strong>\u0130ngiltere boyutu:<\/strong> 75*27*39,5 mm<\/li>\n<\/ul>","protected":false},"excerpt":{"rendered":"<p>Bu y\u0131l en \u00e7ok sat\u0131lan watt ise 45W USB \u015farj cihaz\u0131 oldu. \u00c7\u00fcnk\u00fc h\u0131zl\u0131 \u015farj \u00f6zelli\u011fi \u00e7ok y\u00fcksek bir fiyat de\u011fil, ak\u0131ll\u0131 telefonlar ve diz\u00fcst\u00fc bilgisayarlar i\u00e7in h\u0131zl\u0131 \u015farj \u00f6zelli\u011fiyle kullan\u0131labiliyor.<\/p>\n<p>\u00c7o\u011fu modern ak\u0131ll\u0131 telefon ve tablet USB-C \u00fczerinden h\u0131zl\u0131 \u015farj\u0131 destekliyor ve bu 45W duvar \u015farj cihaz\u0131 bu cihazlar\u0131 h\u0131zl\u0131 bir \u015fekilde \u015farj edebiliyor.<\/p>\n<p>Bir\u00e7ok ultra ince diz\u00fcst\u00fc bilgisayar (MacBook Air, Dell XPS 13 veya Microsoft Surface gibi) 45W USB-C \u015farj cihaz\u0131yla \u015farj edilebilir<\/p>","protected":false},"featured_media":4586,"comment_status":"closed","ping_status":"closed","template":"","meta":{"rank_math_lock_modified_date":false,"site-sidebar-layout":"default","site-content-layout":"default","ast-site-content-layout":"default","site-content-style":"default","site-sidebar-style":"default","ast-global-header-display":"","ast-banner-title-visibility":"","ast-main-header-display":"","ast-hfb-above-header-display":"","ast-hfb-below-header-display":"","ast-hfb-mobile-header-display":"","site-post-title":"","ast-breadcrumbs-content":"","ast-featured-img":"","footer-sml-layout":"","ast-disable-related-posts":"","theme-transparent-header-meta":"default","adv-header-id-meta":"","stick-header-meta":"","header-above-stick-meta":"","header-main-stick-meta":"","header-below-stick-meta":"","astra-migrate-meta-layouts":"set","ast-page-background-enabled":"default","ast-page-background-meta":{"desktop":{"background-color":"","background-image":"","background-repeat":"repeat","background-position":"center center","background-size":"auto","background-attachment":"scroll","background-type":"","background-media":"","overlay-type":"","overlay-color":"","overlay-opacity":"","overlay-gradient":""},"tablet":{"background-color":"","background-image":"","background-repeat":"repeat","background-position":"center center","background-size":"auto","background-attachment":"scroll","background-type":"","background-media":"","overlay-type":"","overlay-color":"","overlay-opacity":"","overlay-gradient":""},"mobile":{"background-color":"","background-image":"","background-repeat":"repeat","background-position":"center center","background-size":"auto","background-attachment":"scroll","background-type":"","background-media":"","overlay-type":"","overlay-color":"","overlay-opacity":"","overlay-gradient":""}},"ast-content-background-meta":{"desktop":{"background-color":"var(--ast-global-color-5)","background-image":"","background-repeat":"repeat","background-position":"center center","background-size":"auto","background-attachment":"scroll","background-type":"","background-media":"","overlay-type":"","overlay-color":"","overlay-opacity":"","overlay-gradient":""},"tablet":{"background-color":"var(--ast-global-color-5)","background-image":"","background-repeat":"repeat","background-position":"center center","background-size":"auto","background-attachment":"scroll","background-type":"","background-media":"","overlay-type":"","overlay-color":"","overlay-opacity":"","overlay-gradient":""},"mobile":{"background-color":"var(--ast-global-color-5)","background-image":"","background-repeat":"repeat","background-position":"center center","background-size":"auto","background-attachment":"scroll","background-type":"","background-media":"","overlay-type":"","overlay-color":"","overlay-opacity":"","overlay-gradient":""}}},"product_cat":[43],"product_tag":[],"class_list":{"0":"post-4661","1":"product","2":"type-product","3":"status-publish","4":"has-post-thumbnail","6":"product_cat-wall-charger","7":"desktop-align-center","8":"tablet-align-center","9":"mobile-align-center","11":"first","12":"instock","13":"shipping-taxable","14":"purchasable","15":"product-type-simple"},"_links":{"self":[{"href":"https:\/\/imiapower.com\/tr\/wp-json\/wp\/v2\/product\/4661","targetHints":{"allow":["GET"]}}],"collection":[{"href":"https:\/\/imiapower.com\/tr\/wp-json\/wp\/v2\/product"}],"about":[{"href":"https:\/\/imiapower.com\/tr\/wp-json\/wp\/v2\/types\/product"}],"replies":[{"embeddable":true,"href":"https:\/\/imiapower.com\/tr\/wp-json\/wp\/v2\/comments?post=4661"}],"version-history":[{"count":4,"href":"https:\/\/imiapower.com\/tr\/wp-json\/wp\/v2\/product\/4661\/revisions"}],"predecessor-version":[{"id":8280,"href":"https:\/\/imiapower.com\/tr\/wp-json\/wp\/v2\/product\/4661\/revisions\/8280"}],"wp:featuredmedia":[{"embeddable":true,"href":"https:\/\/imiapower.com\/tr\/wp-json\/wp\/v2\/media\/4586"}],"wp:attachment":[{"href":"https:\/\/imiapower.com\/tr\/wp-json\/wp\/v2\/media?parent=4661"}],"wp:term":[{"taxonomy":"product_cat","embeddable":true,"href":"https:\/\/imiapower.com\/tr\/wp-json\/wp\/v2\/product_cat?post=4661"},{"taxonomy":"product_tag","embeddable":true,"href":"https:\/\/imiapower.com\/tr\/wp-json\/wp\/v2\/product_tag?post=4661"}],"curies":[{"name":"wp","href":"https:\/\/api.w.org\/{rel}","templated":true}]}}