{"id":4663,"date":"2023-03-04T00:24:06","date_gmt":"2023-03-04T00:24:06","guid":{"rendered":"https:\/\/imia.com.cn\/?post_type=product&#038;p=4663"},"modified":"2025-09-30T03:25:26","modified_gmt":"2025-09-30T03:25:26","slug":"usb-c-laptop-charger","status":"publish","type":"product","link":"https:\/\/imiapower.com\/tr\/products\/power-adapter\/usb-c-laptop-charger\/","title":{"rendered":"USB c diz\u00fcst\u00fc bilgisayar \u015farj cihaz\u0131 65w&#039;yi ke\u015ffedin"},"content":{"rendered":"<ul>\n<li><strong>USB C diz\u00fcst\u00fc bilgisayar \u015farj cihaz\u0131<\/strong><\/li>\n<li><strong>\u00c7\u0131kt\u0131\uff1a<\/strong>5V-20V 65W Maks.<\/li>\n<li><strong>Giri\u015f gerilimi:<\/strong> 100-240V<\/li>\n<li><strong>Giri\u015f Frekans\u0131:<\/strong> 50\/60Hz<\/li>\n<li><strong>Enerji s\u0131n\u0131f\u0131:<\/strong> VI<\/li>\n<li><strong>G\u00fcvenlik sertifikas\u0131:<\/strong> EN62368: CE<\/li>\n<li><strong>\u00dcretim teslim s\u00fcresi:<\/strong> 25-30 g\u00fcn<\/li>\n<li><strong>Malzeme:<\/strong> bilgisayar<\/li>\n<li><strong>Kablo:<\/strong> 1,5m<\/li>\n<li><strong>A\u00e7\u0131klama: <\/strong>Her t\u00fcrl\u00fc cep telefonu ve diz\u00fcst\u00fc bilgisayar i\u00e7in uygundur<\/li>\n<\/ul>","protected":false},"excerpt":{"rendered":"<p>USB kablolu bu diz\u00fcst\u00fc bilgisayar adapt\u00f6r\u00fc, farkl\u0131 marka diz\u00fcst\u00fc bilgisayarlar\u0131 kar\u015f\u0131lamak i\u00e7in \u00e7e\u015fitli fi\u015fler de sa\u011fl\u0131yoruz, h\u0131zl\u0131 \u015farj, diz\u00fcst\u00fc bilgisayar\u0131n\u0131z\u0131 \u015farj etmek i\u00e7in iyi bir se\u00e7enektir<\/p>","protected":false},"featured_media":4593,"comment_status":"closed","ping_status":"closed","template":"","meta":{"rank_math_lock_modified_date":false,"site-sidebar-layout":"default","site-content-layout":"default","ast-site-content-layout":"default","site-content-style":"default","site-sidebar-style":"default","ast-global-header-display":"","ast-banner-title-visibility":"","ast-main-header-display":"","ast-hfb-above-header-display":"","ast-hfb-below-header-display":"","ast-hfb-mobile-header-display":"","site-post-title":"","ast-breadcrumbs-content":"","ast-featured-img":"","footer-sml-layout":"","ast-disable-related-posts":"","theme-transparent-header-meta":"default","adv-header-id-meta":"","stick-header-meta":"","header-above-stick-meta":"","header-main-stick-meta":"","header-below-stick-meta":"","astra-migrate-meta-layouts":"set","ast-page-background-enabled":"default","ast-page-background-meta":{"desktop":{"background-color":"","background-image":"","background-repeat":"repeat","background-position":"center center","background-size":"auto","background-attachment":"scroll","background-type":"","background-media":"","overlay-type":"","overlay-color":"","overlay-opacity":"","overlay-gradient":""},"tablet":{"background-color":"","background-image":"","background-repeat":"repeat","background-position":"center center","background-size":"auto","background-attachment":"scroll","background-type":"","background-media":"","overlay-type":"","overlay-color":"","overlay-opacity":"","overlay-gradient":""},"mobile":{"background-color":"","background-image":"","background-repeat":"repeat","background-position":"center center","background-size":"auto","background-attachment":"scroll","background-type":"","background-media":"","overlay-type":"","overlay-color":"","overlay-opacity":"","overlay-gradient":""}},"ast-content-background-meta":{"desktop":{"background-color":"var(--ast-global-color-5)","background-image":"","background-repeat":"repeat","background-position":"center center","background-size":"auto","background-attachment":"scroll","background-type":"","background-media":"","overlay-type":"","overlay-color":"","overlay-opacity":"","overlay-gradient":""},"tablet":{"background-color":"var(--ast-global-color-5)","background-image":"","background-repeat":"repeat","background-position":"center center","background-size":"auto","background-attachment":"scroll","background-type":"","background-media":"","overlay-type":"","overlay-color":"","overlay-opacity":"","overlay-gradient":""},"mobile":{"background-color":"var(--ast-global-color-5)","background-image":"","background-repeat":"repeat","background-position":"center center","background-size":"auto","background-attachment":"scroll","background-type":"","background-media":"","overlay-type":"","overlay-color":"","overlay-opacity":"","overlay-gradient":""}}},"product_cat":[58],"product_tag":[],"class_list":{"0":"post-4663","1":"product","2":"type-product","3":"status-publish","4":"has-post-thumbnail","6":"product_cat-power-adapter","7":"desktop-align-center","8":"tablet-align-center","9":"mobile-align-center","11":"first","12":"instock","13":"shipping-taxable","14":"purchasable","15":"product-type-simple"},"_links":{"self":[{"href":"https:\/\/imiapower.com\/tr\/wp-json\/wp\/v2\/product\/4663","targetHints":{"allow":["GET"]}}],"collection":[{"href":"https:\/\/imiapower.com\/tr\/wp-json\/wp\/v2\/product"}],"about":[{"href":"https:\/\/imiapower.com\/tr\/wp-json\/wp\/v2\/types\/product"}],"replies":[{"embeddable":true,"href":"https:\/\/imiapower.com\/tr\/wp-json\/wp\/v2\/comments?post=4663"}],"version-history":[{"count":1,"href":"https:\/\/imiapower.com\/tr\/wp-json\/wp\/v2\/product\/4663\/revisions"}],"predecessor-version":[{"id":9377,"href":"https:\/\/imiapower.com\/tr\/wp-json\/wp\/v2\/product\/4663\/revisions\/9377"}],"wp:featuredmedia":[{"embeddable":true,"href":"https:\/\/imiapower.com\/tr\/wp-json\/wp\/v2\/media\/4593"}],"wp:attachment":[{"href":"https:\/\/imiapower.com\/tr\/wp-json\/wp\/v2\/media?parent=4663"}],"wp:term":[{"taxonomy":"product_cat","embeddable":true,"href":"https:\/\/imiapower.com\/tr\/wp-json\/wp\/v2\/product_cat?post=4663"},{"taxonomy":"product_tag","embeddable":true,"href":"https:\/\/imiapower.com\/tr\/wp-json\/wp\/v2\/product_tag?post=4663"}],"curies":[{"name":"wp","href":"https:\/\/api.w.org\/{rel}","templated":true}]}}