{"id":4665,"date":"2023-03-04T00:24:06","date_gmt":"2023-03-04T00:24:06","guid":{"rendered":"https:\/\/imia.com.cn\/?post_type=product&#038;p=4665"},"modified":"2024-07-25T07:23:22","modified_gmt":"2024-07-25T07:23:22","slug":"car-usb-charger","status":"publish","type":"product","link":"https:\/\/imiapower.com\/tr\/products\/car-charger\/car-usb-charger\/","title":{"rendered":"\u0130ndirim Araba USB \u015earj Cihaz\u0131 QC3.0 18w"},"content":{"rendered":"<ul>\n<li><strong>Araba USB \u015farj cihaz\u0131\u00a0<\/strong><\/li>\n<li><strong>\u00c7\u0131kt\u0131:<\/strong> 5V3A\/9V2A\/12V1.5A QC18W<\/li>\n<li><strong>Giri\u015f gerilimi:<\/strong> DC12-24V<\/li>\n<li><strong>Giri\u015f Frekans\u0131:<\/strong> 50\/60Hz<\/li>\n<li><strong>Aktar\u0131m verimlili\u011fi:<\/strong>\u226590%<\/li>\n<li><strong>G\u00fcvenlik sertifikas\u0131:<\/strong> EN62368: CB\/CE<\/li>\n<li><strong>Boyut:<\/strong> 60*26*40mm<\/li>\n<\/ul>","protected":false},"excerpt":{"rendered":"<p>18W ara\u00e7 \u015farj cihaz\u0131, hareket halindeyken cihazlar\u0131 \u015farj etmek i\u00e7in pratik bir aksesuard\u0131r. \u00d6zellikle s\u00fcr\u00fc\u015f s\u0131ras\u0131nda ak\u0131ll\u0131 telefonlar\u0131n\u0131, tabletlerini ve di\u011fer cihazlar\u0131n\u0131 h\u0131zl\u0131 bir \u015fekilde \u015farj etmesi gerekenler i\u00e7in kullan\u0131\u015fl\u0131d\u0131r.<\/p>","protected":false},"featured_media":4601,"comment_status":"closed","ping_status":"closed","template":"","meta":{"rank_math_lock_modified_date":false,"site-sidebar-layout":"default","site-content-layout":"default","ast-site-content-layout":"default","site-content-style":"default","site-sidebar-style":"default","ast-global-header-display":"","ast-banner-title-visibility":"","ast-main-header-display":"","ast-hfb-above-header-display":"","ast-hfb-below-header-display":"","ast-hfb-mobile-header-display":"","site-post-title":"","ast-breadcrumbs-content":"","ast-featured-img":"","footer-sml-layout":"","ast-disable-related-posts":"","theme-transparent-header-meta":"default","adv-header-id-meta":"","stick-header-meta":"","header-above-stick-meta":"","header-main-stick-meta":"","header-below-stick-meta":"","astra-migrate-meta-layouts":"set","ast-page-background-enabled":"default","ast-page-background-meta":{"desktop":{"background-color":"","background-image":"","background-repeat":"repeat","background-position":"center center","background-size":"auto","background-attachment":"scroll","background-type":"","background-media":"","overlay-type":"","overlay-color":"","overlay-opacity":"","overlay-gradient":""},"tablet":{"background-color":"","background-image":"","background-repeat":"repeat","background-position":"center center","background-size":"auto","background-attachment":"scroll","background-type":"","background-media":"","overlay-type":"","overlay-color":"","overlay-opacity":"","overlay-gradient":""},"mobile":{"background-color":"","background-image":"","background-repeat":"repeat","background-position":"center center","background-size":"auto","background-attachment":"scroll","background-type":"","background-media":"","overlay-type":"","overlay-color":"","overlay-opacity":"","overlay-gradient":""}},"ast-content-background-meta":{"desktop":{"background-color":"var(--ast-global-color-5)","background-image":"","background-repeat":"repeat","background-position":"center center","background-size":"auto","background-attachment":"scroll","background-type":"","background-media":"","overlay-type":"","overlay-color":"","overlay-opacity":"","overlay-gradient":""},"tablet":{"background-color":"var(--ast-global-color-5)","background-image":"","background-repeat":"repeat","background-position":"center center","background-size":"auto","background-attachment":"scroll","background-type":"","background-media":"","overlay-type":"","overlay-color":"","overlay-opacity":"","overlay-gradient":""},"mobile":{"background-color":"var(--ast-global-color-5)","background-image":"","background-repeat":"repeat","background-position":"center center","background-size":"auto","background-attachment":"scroll","background-type":"","background-media":"","overlay-type":"","overlay-color":"","overlay-opacity":"","overlay-gradient":""}}},"product_cat":[41],"product_tag":[],"class_list":{"0":"post-4665","1":"product","2":"type-product","3":"status-publish","4":"has-post-thumbnail","6":"product_cat-car-charger","7":"desktop-align-center","8":"tablet-align-center","9":"mobile-align-center","11":"first","12":"instock","13":"shipping-taxable","14":"purchasable","15":"product-type-simple"},"_links":{"self":[{"href":"https:\/\/imiapower.com\/tr\/wp-json\/wp\/v2\/product\/4665","targetHints":{"allow":["GET"]}}],"collection":[{"href":"https:\/\/imiapower.com\/tr\/wp-json\/wp\/v2\/product"}],"about":[{"href":"https:\/\/imiapower.com\/tr\/wp-json\/wp\/v2\/types\/product"}],"replies":[{"embeddable":true,"href":"https:\/\/imiapower.com\/tr\/wp-json\/wp\/v2\/comments?post=4665"}],"version-history":[{"count":2,"href":"https:\/\/imiapower.com\/tr\/wp-json\/wp\/v2\/product\/4665\/revisions"}],"predecessor-version":[{"id":8160,"href":"https:\/\/imiapower.com\/tr\/wp-json\/wp\/v2\/product\/4665\/revisions\/8160"}],"wp:featuredmedia":[{"embeddable":true,"href":"https:\/\/imiapower.com\/tr\/wp-json\/wp\/v2\/media\/4601"}],"wp:attachment":[{"href":"https:\/\/imiapower.com\/tr\/wp-json\/wp\/v2\/media?parent=4665"}],"wp:term":[{"taxonomy":"product_cat","embeddable":true,"href":"https:\/\/imiapower.com\/tr\/wp-json\/wp\/v2\/product_cat?post=4665"},{"taxonomy":"product_tag","embeddable":true,"href":"https:\/\/imiapower.com\/tr\/wp-json\/wp\/v2\/product_tag?post=4665"}],"curies":[{"name":"wp","href":"https:\/\/api.w.org\/{rel}","templated":true}]}}