{"id":4666,"date":"2023-03-04T00:24:06","date_gmt":"2023-03-04T00:24:06","guid":{"rendered":"https:\/\/imia.com.cn\/?post_type=product&#038;p=4666"},"modified":"2025-09-30T03:20:55","modified_gmt":"2025-09-30T03:20:55","slug":"12w-usb-power-adapter","status":"publish","type":"product","link":"https:\/\/imiapower.com\/tr\/products\/power-adapter\/12w-usb-power-adapter\/","title":{"rendered":"Hediye 12w USB G\u00fc\u00e7 Adapt\u00f6r\u00fc"},"content":{"rendered":"<ul>\n<li><strong>12w USB g\u00fc\u00e7 adapt\u00f6r\u00fc<\/strong><\/li>\n<li><strong>\u00c7\u0131kt\u0131:<\/strong> 5V1A\/5V2A\/ 5V2.4A 12W<\/li>\n<li><strong>Giri\u015f gerilimi:<\/strong> 100-240V<\/li>\n<li><strong>Giri\u015f Frekans\u0131:<\/strong> 50\/60Hz<\/li>\n<li><strong>Enerji s\u0131n\u0131f\u0131:<\/strong> VI<\/li>\n<li><strong>G\u00fcvenlik sertifikas\u0131:<\/strong> EN62368: FCC\/CE\/SAA<\/li>\n<li><strong>ABD\/CN\/JP boyutu:<\/strong> 60*26*40mm<\/li>\n<li><strong>AB\/KR boyutu:<\/strong> 80*27*40mm<\/li>\n<li><strong>\u0130ngiltere boyutu:<\/strong> 75*27*39,5 mm<\/li>\n<\/ul>\n<div id=\"gtx-trans\" style=\"position: absolute; left: 296px; top: 283.625px;\">\n<div class=\"gtx-trans-icon\"><\/div>\n<\/div>","protected":false},"excerpt":{"rendered":"<p>Uygun bir kabloya sahip 12 W&#039;l\u0131k bir g\u00fc\u00e7 adapt\u00f6r\u00fc, \u00e7e\u015fitli k\u00fc\u00e7\u00fck cihazlara etkili bir \u015fekilde g\u00fc\u00e7 sa\u011flayarak rahatl\u0131\u011f\u0131 ve verimlili\u011fi art\u0131r\u0131r. Uyumlulu\u011fun sa\u011flanmas\u0131 ve y\u00fcksek kaliteli bile\u015fenlerin kullan\u0131lmas\u0131 sayesinde kullan\u0131c\u0131lar, cihazlar\u0131n\u0131 g\u00fcvenli ve g\u00fcvenilir bir \u015fekilde \u015farj edip \u00e7al\u0131\u015ft\u0131rabilirler.<\/p>","protected":false},"featured_media":4595,"comment_status":"closed","ping_status":"closed","template":"","meta":{"rank_math_lock_modified_date":false,"site-sidebar-layout":"default","site-content-layout":"default","ast-site-content-layout":"default","site-content-style":"default","site-sidebar-style":"default","ast-global-header-display":"","ast-banner-title-visibility":"","ast-main-header-display":"","ast-hfb-above-header-display":"","ast-hfb-below-header-display":"","ast-hfb-mobile-header-display":"","site-post-title":"","ast-breadcrumbs-content":"","ast-featured-img":"","footer-sml-layout":"","ast-disable-related-posts":"","theme-transparent-header-meta":"default","adv-header-id-meta":"","stick-header-meta":"","header-above-stick-meta":"","header-main-stick-meta":"","header-below-stick-meta":"","astra-migrate-meta-layouts":"set","ast-page-background-enabled":"default","ast-page-background-meta":{"desktop":{"background-color":"","background-image":"","background-repeat":"repeat","background-position":"center center","background-size":"auto","background-attachment":"scroll","background-type":"","background-media":"","overlay-type":"","overlay-color":"","overlay-opacity":"","overlay-gradient":""},"tablet":{"background-color":"","background-image":"","background-repeat":"repeat","background-position":"center center","background-size":"auto","background-attachment":"scroll","background-type":"","background-media":"","overlay-type":"","overlay-color":"","overlay-opacity":"","overlay-gradient":""},"mobile":{"background-color":"","background-image":"","background-repeat":"repeat","background-position":"center center","background-size":"auto","background-attachment":"scroll","background-type":"","background-media":"","overlay-type":"","overlay-color":"","overlay-opacity":"","overlay-gradient":""}},"ast-content-background-meta":{"desktop":{"background-color":"var(--ast-global-color-5)","background-image":"","background-repeat":"repeat","background-position":"center center","background-size":"auto","background-attachment":"scroll","background-type":"","background-media":"","overlay-type":"","overlay-color":"","overlay-opacity":"","overlay-gradient":""},"tablet":{"background-color":"var(--ast-global-color-5)","background-image":"","background-repeat":"repeat","background-position":"center center","background-size":"auto","background-attachment":"scroll","background-type":"","background-media":"","overlay-type":"","overlay-color":"","overlay-opacity":"","overlay-gradient":""},"mobile":{"background-color":"var(--ast-global-color-5)","background-image":"","background-repeat":"repeat","background-position":"center center","background-size":"auto","background-attachment":"scroll","background-type":"","background-media":"","overlay-type":"","overlay-color":"","overlay-opacity":"","overlay-gradient":""}}},"product_cat":[58],"product_tag":[],"class_list":{"0":"post-4666","1":"product","2":"type-product","3":"status-publish","4":"has-post-thumbnail","6":"product_cat-power-adapter","7":"desktop-align-center","8":"tablet-align-center","9":"mobile-align-center","11":"first","12":"instock","13":"shipping-taxable","14":"purchasable","15":"product-type-simple"},"_links":{"self":[{"href":"https:\/\/imiapower.com\/tr\/wp-json\/wp\/v2\/product\/4666","targetHints":{"allow":["GET"]}}],"collection":[{"href":"https:\/\/imiapower.com\/tr\/wp-json\/wp\/v2\/product"}],"about":[{"href":"https:\/\/imiapower.com\/tr\/wp-json\/wp\/v2\/types\/product"}],"replies":[{"embeddable":true,"href":"https:\/\/imiapower.com\/tr\/wp-json\/wp\/v2\/comments?post=4666"}],"version-history":[{"count":1,"href":"https:\/\/imiapower.com\/tr\/wp-json\/wp\/v2\/product\/4666\/revisions"}],"predecessor-version":[{"id":8155,"href":"https:\/\/imiapower.com\/tr\/wp-json\/wp\/v2\/product\/4666\/revisions\/8155"}],"wp:featuredmedia":[{"embeddable":true,"href":"https:\/\/imiapower.com\/tr\/wp-json\/wp\/v2\/media\/4595"}],"wp:attachment":[{"href":"https:\/\/imiapower.com\/tr\/wp-json\/wp\/v2\/media?parent=4666"}],"wp:term":[{"taxonomy":"product_cat","embeddable":true,"href":"https:\/\/imiapower.com\/tr\/wp-json\/wp\/v2\/product_cat?post=4666"},{"taxonomy":"product_tag","embeddable":true,"href":"https:\/\/imiapower.com\/tr\/wp-json\/wp\/v2\/product_tag?post=4666"}],"curies":[{"name":"wp","href":"https:\/\/api.w.org\/{rel}","templated":true}]}}