{"id":4667,"date":"2023-03-04T00:24:06","date_gmt":"2023-03-04T00:24:06","guid":{"rendered":"https:\/\/imia.com.cn\/?post_type=product&#038;p=4667"},"modified":"2025-09-30T03:22:16","modified_gmt":"2025-09-30T03:22:16","slug":"laptop-computer-charger","status":"publish","type":"product","link":"https:\/\/imiapower.com\/tr\/products\/power-adapter\/laptop-computer-charger\/","title":{"rendered":"B\u00fcy\u00fck diz\u00fcst\u00fc bilgisayar \u015farj cihaz\u0131 30w"},"content":{"rendered":"<ul>\n<li><strong>diz\u00fcst\u00fc bilgisayar \u015farj cihaz\u0131<\/strong><\/li>\n<li><strong>\u00c7\u0131kt\u0131:<\/strong> 12V2.5A 30W Maks.<\/li>\n<li><strong>Giri\u015f gerilimi:<\/strong> 100-240V<\/li>\n<li><strong>Giri\u015f Frekans\u0131:<\/strong> 50\/60Hz<\/li>\n<li><strong>Enerji s\u0131n\u0131f\u0131:<\/strong> VI<\/li>\n<li><strong>G\u00fcvenlik sertifikas\u0131:<\/strong> EN62368: FCC\/CE\/SAA<\/li>\n<li><strong>ABD\/CN\/JP boyutu:<\/strong> 60*26*40mm<\/li>\n<li><strong>AB\/KR boyutu:<\/strong> 80*27*40mm<\/li>\n<li><strong>\u0130ngiltere boyutu:<\/strong> 75*27*39,5 mm<\/li>\n<\/ul>","protected":false},"excerpt":{"rendered":"<p>Do\u011fru diz\u00fcst\u00fc bilgisayar \u015farj cihaz\u0131n\u0131 se\u00e7mek, diz\u00fcst\u00fc bilgisayar\u0131n\u0131z\u0131n g\u00fc\u00e7 gereksinimleriyle uyumlulu\u011fun sa\u011flanmas\u0131n\u0131, sayg\u0131n ve g\u00fcvenli bir \u00fcr\u00fcn\u00fcn se\u00e7ilmesini ve rahatl\u0131\u011f\u0131 ve ta\u015f\u0131nabilirli\u011fi art\u0131ran ek \u00f6zelliklerin dikkate al\u0131nmas\u0131n\u0131 i\u00e7erir. Bu y\u00f6nlere odaklanarak ihtiya\u00e7lar\u0131n\u0131z\u0131 kar\u015f\u0131layan ve diz\u00fcst\u00fc bilgisayar\u0131n\u0131z\u0131n verimli \u00e7al\u0131\u015fmas\u0131n\u0131 sa\u011flayan g\u00fcvenilir bir \u015farj cihaz\u0131 bulabilirsiniz.<\/p>","protected":false},"featured_media":4596,"comment_status":"closed","ping_status":"closed","template":"","meta":{"rank_math_lock_modified_date":false,"site-sidebar-layout":"default","site-content-layout":"default","ast-site-content-layout":"default","site-content-style":"default","site-sidebar-style":"default","ast-global-header-display":"","ast-banner-title-visibility":"","ast-main-header-display":"","ast-hfb-above-header-display":"","ast-hfb-below-header-display":"","ast-hfb-mobile-header-display":"","site-post-title":"","ast-breadcrumbs-content":"","ast-featured-img":"","footer-sml-layout":"","ast-disable-related-posts":"","theme-transparent-header-meta":"default","adv-header-id-meta":"","stick-header-meta":"","header-above-stick-meta":"","header-main-stick-meta":"","header-below-stick-meta":"","astra-migrate-meta-layouts":"set","ast-page-background-enabled":"default","ast-page-background-meta":{"desktop":{"background-color":"","background-image":"","background-repeat":"repeat","background-position":"center center","background-size":"auto","background-attachment":"scroll","background-type":"","background-media":"","overlay-type":"","overlay-color":"","overlay-opacity":"","overlay-gradient":""},"tablet":{"background-color":"","background-image":"","background-repeat":"repeat","background-position":"center center","background-size":"auto","background-attachment":"scroll","background-type":"","background-media":"","overlay-type":"","overlay-color":"","overlay-opacity":"","overlay-gradient":""},"mobile":{"background-color":"","background-image":"","background-repeat":"repeat","background-position":"center center","background-size":"auto","background-attachment":"scroll","background-type":"","background-media":"","overlay-type":"","overlay-color":"","overlay-opacity":"","overlay-gradient":""}},"ast-content-background-meta":{"desktop":{"background-color":"var(--ast-global-color-5)","background-image":"","background-repeat":"repeat","background-position":"center center","background-size":"auto","background-attachment":"scroll","background-type":"","background-media":"","overlay-type":"","overlay-color":"","overlay-opacity":"","overlay-gradient":""},"tablet":{"background-color":"var(--ast-global-color-5)","background-image":"","background-repeat":"repeat","background-position":"center center","background-size":"auto","background-attachment":"scroll","background-type":"","background-media":"","overlay-type":"","overlay-color":"","overlay-opacity":"","overlay-gradient":""},"mobile":{"background-color":"var(--ast-global-color-5)","background-image":"","background-repeat":"repeat","background-position":"center center","background-size":"auto","background-attachment":"scroll","background-type":"","background-media":"","overlay-type":"","overlay-color":"","overlay-opacity":"","overlay-gradient":""}}},"product_cat":[58],"product_tag":[],"class_list":{"0":"post-4667","1":"product","2":"type-product","3":"status-publish","4":"has-post-thumbnail","6":"product_cat-power-adapter","7":"desktop-align-center","8":"tablet-align-center","9":"mobile-align-center","11":"first","12":"instock","13":"shipping-taxable","14":"purchasable","15":"product-type-simple"},"_links":{"self":[{"href":"https:\/\/imiapower.com\/tr\/wp-json\/wp\/v2\/product\/4667","targetHints":{"allow":["GET"]}}],"collection":[{"href":"https:\/\/imiapower.com\/tr\/wp-json\/wp\/v2\/product"}],"about":[{"href":"https:\/\/imiapower.com\/tr\/wp-json\/wp\/v2\/types\/product"}],"replies":[{"embeddable":true,"href":"https:\/\/imiapower.com\/tr\/wp-json\/wp\/v2\/comments?post=4667"}],"version-history":[{"count":4,"href":"https:\/\/imiapower.com\/tr\/wp-json\/wp\/v2\/product\/4667\/revisions"}],"predecessor-version":[{"id":8165,"href":"https:\/\/imiapower.com\/tr\/wp-json\/wp\/v2\/product\/4667\/revisions\/8165"}],"wp:featuredmedia":[{"embeddable":true,"href":"https:\/\/imiapower.com\/tr\/wp-json\/wp\/v2\/media\/4596"}],"wp:attachment":[{"href":"https:\/\/imiapower.com\/tr\/wp-json\/wp\/v2\/media?parent=4667"}],"wp:term":[{"taxonomy":"product_cat","embeddable":true,"href":"https:\/\/imiapower.com\/tr\/wp-json\/wp\/v2\/product_cat?post=4667"},{"taxonomy":"product_tag","embeddable":true,"href":"https:\/\/imiapower.com\/tr\/wp-json\/wp\/v2\/product_tag?post=4667"}],"curies":[{"name":"wp","href":"https:\/\/api.w.org\/{rel}","templated":true}]}}