{"id":4668,"date":"2023-03-04T00:24:06","date_gmt":"2023-03-04T00:24:06","guid":{"rendered":"https:\/\/imia.com.cn\/?post_type=product&#038;p=4668"},"modified":"2024-07-25T07:43:43","modified_gmt":"2024-07-25T07:43:43","slug":"micro-usb-cable","status":"publish","type":"product","link":"https:\/\/imiapower.com\/tr\/products\/usb-cable\/micro-usb-cable\/","title":{"rendered":"\u00c7in&#039;de ucuz mikro usb kablo \u00fcreticisi"},"content":{"rendered":"<ul>\n<li><strong>mikro USB kablosu<\/strong><\/li>\n<li><strong>USB kablosu:<\/strong> USB-A&#039;dan Mikro 12WMax&#039;a<\/li>\n<li><strong>\u015eartname:<\/strong>1 milyon<\/li>\n<li><strong>Renk: <\/strong>Siyah beyaz<\/li>\n<li><strong>Malzeme: <\/strong>TPE, dokuma, naylon<\/li>\n<li><strong>Fi\u015f malzemesi: <\/strong>Mor ile bak\u0131r USB.<\/li>\n<li><strong>\u0130\u015flev: <\/strong>Veri aktar\u0131m\u0131, h\u0131zl\u0131 \u015farj<\/li>\n<\/ul>","protected":false},"excerpt":{"rendered":"<p>Mikro kablolar, USB-C kablolardan daha az yayg\u0131n hale gelse de, bir\u00e7ok eski cihaz i\u00e7in vazge\u00e7ilmez olmaya devam ediyor ve baz\u0131 k\u00fc\u00e7\u00fck cihazlar, Mirco kablolar\u0131n\u0131n da \u00fcr\u00fcnleriyle birlikte sat\u0131lmas\u0131n\u0131 talep ediyor.<\/p>\n<p>Do\u011fru uzunluk ve \u00f6zelliklere sahip, y\u00fcksek kaliteli bir mikro kablonun se\u00e7ilmesi, g\u00fcvenilir \u015farj ve veri aktar\u0131m\u0131 sa\u011flar.<\/p>\n<p>\u0130ster ak\u0131ll\u0131 telefon, ister tablet, ister di\u011fer \u00e7evre birimleri i\u00e7in ihtiyac\u0131n\u0131z olsun, iyi yap\u0131lm\u0131\u015f bir mikro kablo size etkili bir \u015fekilde hizmet edecektir.<\/p>","protected":false},"featured_media":4597,"comment_status":"closed","ping_status":"closed","template":"","meta":{"rank_math_lock_modified_date":false,"site-sidebar-layout":"default","site-content-layout":"default","ast-site-content-layout":"default","site-content-style":"default","site-sidebar-style":"default","ast-global-header-display":"","ast-banner-title-visibility":"","ast-main-header-display":"","ast-hfb-above-header-display":"","ast-hfb-below-header-display":"","ast-hfb-mobile-header-display":"","site-post-title":"","ast-breadcrumbs-content":"","ast-featured-img":"","footer-sml-layout":"","ast-disable-related-posts":"","theme-transparent-header-meta":"default","adv-header-id-meta":"","stick-header-meta":"","header-above-stick-meta":"","header-main-stick-meta":"","header-below-stick-meta":"","astra-migrate-meta-layouts":"set","ast-page-background-enabled":"default","ast-page-background-meta":{"desktop":{"background-color":"","background-image":"","background-repeat":"repeat","background-position":"center center","background-size":"auto","background-attachment":"scroll","background-type":"","background-media":"","overlay-type":"","overlay-color":"","overlay-opacity":"","overlay-gradient":""},"tablet":{"background-color":"","background-image":"","background-repeat":"repeat","background-position":"center center","background-size":"auto","background-attachment":"scroll","background-type":"","background-media":"","overlay-type":"","overlay-color":"","overlay-opacity":"","overlay-gradient":""},"mobile":{"background-color":"","background-image":"","background-repeat":"repeat","background-position":"center center","background-size":"auto","background-attachment":"scroll","background-type":"","background-media":"","overlay-type":"","overlay-color":"","overlay-opacity":"","overlay-gradient":""}},"ast-content-background-meta":{"desktop":{"background-color":"var(--ast-global-color-5)","background-image":"","background-repeat":"repeat","background-position":"center center","background-size":"auto","background-attachment":"scroll","background-type":"","background-media":"","overlay-type":"","overlay-color":"","overlay-opacity":"","overlay-gradient":""},"tablet":{"background-color":"var(--ast-global-color-5)","background-image":"","background-repeat":"repeat","background-position":"center center","background-size":"auto","background-attachment":"scroll","background-type":"","background-media":"","overlay-type":"","overlay-color":"","overlay-opacity":"","overlay-gradient":""},"mobile":{"background-color":"var(--ast-global-color-5)","background-image":"","background-repeat":"repeat","background-position":"center center","background-size":"auto","background-attachment":"scroll","background-type":"","background-media":"","overlay-type":"","overlay-color":"","overlay-opacity":"","overlay-gradient":""}}},"product_cat":[60],"product_tag":[],"class_list":{"0":"post-4668","1":"product","2":"type-product","3":"status-publish","4":"has-post-thumbnail","6":"product_cat-usb-cable","7":"desktop-align-center","8":"tablet-align-center","9":"mobile-align-center","11":"first","12":"instock","13":"shipping-taxable","14":"purchasable","15":"product-type-simple"},"_links":{"self":[{"href":"https:\/\/imiapower.com\/tr\/wp-json\/wp\/v2\/product\/4668","targetHints":{"allow":["GET"]}}],"collection":[{"href":"https:\/\/imiapower.com\/tr\/wp-json\/wp\/v2\/product"}],"about":[{"href":"https:\/\/imiapower.com\/tr\/wp-json\/wp\/v2\/types\/product"}],"replies":[{"embeddable":true,"href":"https:\/\/imiapower.com\/tr\/wp-json\/wp\/v2\/comments?post=4668"}],"version-history":[{"count":3,"href":"https:\/\/imiapower.com\/tr\/wp-json\/wp\/v2\/product\/4668\/revisions"}],"predecessor-version":[{"id":8167,"href":"https:\/\/imiapower.com\/tr\/wp-json\/wp\/v2\/product\/4668\/revisions\/8167"}],"wp:featuredmedia":[{"embeddable":true,"href":"https:\/\/imiapower.com\/tr\/wp-json\/wp\/v2\/media\/4597"}],"wp:attachment":[{"href":"https:\/\/imiapower.com\/tr\/wp-json\/wp\/v2\/media?parent=4668"}],"wp:term":[{"taxonomy":"product_cat","embeddable":true,"href":"https:\/\/imiapower.com\/tr\/wp-json\/wp\/v2\/product_cat?post=4668"},{"taxonomy":"product_tag","embeddable":true,"href":"https:\/\/imiapower.com\/tr\/wp-json\/wp\/v2\/product_tag?post=4668"}],"curies":[{"name":"wp","href":"https:\/\/api.w.org\/{rel}","templated":true}]}}