{"id":4669,"date":"2023-03-04T00:24:06","date_gmt":"2023-03-04T00:24:06","guid":{"rendered":"https:\/\/imia.com.cn\/?post_type=product&#038;p=4669"},"modified":"2024-07-25T07:49:43","modified_gmt":"2024-07-25T07:49:43","slug":"lightning-to-usb-cable","status":"publish","type":"product","link":"https:\/\/imiapower.com\/tr\/products\/usb-cable\/lightning-to-usb-cable\/","title":{"rendered":"\u00c7in&#039;den USB kablosuna g\u00fc\u00e7l\u00fc y\u0131ld\u0131r\u0131m"},"content":{"rendered":"<ul>\n<li><strong>USB kablosuna y\u0131ld\u0131r\u0131m<\/strong><\/li>\n<li><strong>Huawei y\u0131ld\u0131r\u0131m kablosu:<\/strong> USB-A&#039;dan Lightning&#039;e 20W Maks.<\/li>\n<li><strong>\u015eartname:<\/strong> OD3.8, 1M<\/li>\n<li><strong>Renk:<\/strong> Siyah beyaz.<\/li>\n<li><strong>Malzeme:<\/strong> TPE, dokuma, naylon.<\/li>\n<li><strong>Fi\u015f malzemesi:<\/strong> Mor ile bak\u0131r USB.<\/li>\n<li><strong>\u0130\u015flev:<\/strong> Veri aktar\u0131m\u0131, h\u0131zl\u0131 \u015farj<\/li>\n<\/ul>","protected":false},"excerpt":{"rendered":"<p>Lightning - USB kablosu, Apple cihazlar\u0131n\u0131 \u015farj etmek ve senkronize etmek i\u00e7in \u00f6nemli bir aksesuard\u0131r. Y\u00fcksek kaliteli bir kablo se\u00e7mek uyumluluk ve g\u00fcvenilir performans sa\u011flar. Farkl\u0131 uzunluklarda ve yap\u0131 kalitelerinde sunulan \u00e7e\u015fitli se\u00e7eneklerle, g\u00fcnl\u00fck kullan\u0131m veya seyahat i\u00e7in ihtiya\u00e7lar\u0131n\u0131za uygun bir kablo bulabilirsiniz.<\/p>","protected":false},"featured_media":4598,"comment_status":"closed","ping_status":"closed","template":"","meta":{"rank_math_lock_modified_date":false,"site-sidebar-layout":"default","site-content-layout":"default","ast-site-content-layout":"default","site-content-style":"default","site-sidebar-style":"default","ast-global-header-display":"","ast-banner-title-visibility":"","ast-main-header-display":"","ast-hfb-above-header-display":"","ast-hfb-below-header-display":"","ast-hfb-mobile-header-display":"","site-post-title":"","ast-breadcrumbs-content":"","ast-featured-img":"","footer-sml-layout":"","ast-disable-related-posts":"","theme-transparent-header-meta":"default","adv-header-id-meta":"","stick-header-meta":"","header-above-stick-meta":"","header-main-stick-meta":"","header-below-stick-meta":"","astra-migrate-meta-layouts":"set","ast-page-background-enabled":"default","ast-page-background-meta":{"desktop":{"background-color":"","background-image":"","background-repeat":"repeat","background-position":"center center","background-size":"auto","background-attachment":"scroll","background-type":"","background-media":"","overlay-type":"","overlay-color":"","overlay-opacity":"","overlay-gradient":""},"tablet":{"background-color":"","background-image":"","background-repeat":"repeat","background-position":"center center","background-size":"auto","background-attachment":"scroll","background-type":"","background-media":"","overlay-type":"","overlay-color":"","overlay-opacity":"","overlay-gradient":""},"mobile":{"background-color":"","background-image":"","background-repeat":"repeat","background-position":"center center","background-size":"auto","background-attachment":"scroll","background-type":"","background-media":"","overlay-type":"","overlay-color":"","overlay-opacity":"","overlay-gradient":""}},"ast-content-background-meta":{"desktop":{"background-color":"var(--ast-global-color-5)","background-image":"","background-repeat":"repeat","background-position":"center center","background-size":"auto","background-attachment":"scroll","background-type":"","background-media":"","overlay-type":"","overlay-color":"","overlay-opacity":"","overlay-gradient":""},"tablet":{"background-color":"var(--ast-global-color-5)","background-image":"","background-repeat":"repeat","background-position":"center center","background-size":"auto","background-attachment":"scroll","background-type":"","background-media":"","overlay-type":"","overlay-color":"","overlay-opacity":"","overlay-gradient":""},"mobile":{"background-color":"var(--ast-global-color-5)","background-image":"","background-repeat":"repeat","background-position":"center center","background-size":"auto","background-attachment":"scroll","background-type":"","background-media":"","overlay-type":"","overlay-color":"","overlay-opacity":"","overlay-gradient":""}}},"product_cat":[60],"product_tag":[],"class_list":{"0":"post-4669","1":"product","2":"type-product","3":"status-publish","4":"has-post-thumbnail","6":"product_cat-usb-cable","7":"desktop-align-center","8":"tablet-align-center","9":"mobile-align-center","11":"first","12":"instock","13":"shipping-taxable","14":"purchasable","15":"product-type-simple"},"_links":{"self":[{"href":"https:\/\/imiapower.com\/tr\/wp-json\/wp\/v2\/product\/4669","targetHints":{"allow":["GET"]}}],"collection":[{"href":"https:\/\/imiapower.com\/tr\/wp-json\/wp\/v2\/product"}],"about":[{"href":"https:\/\/imiapower.com\/tr\/wp-json\/wp\/v2\/types\/product"}],"replies":[{"embeddable":true,"href":"https:\/\/imiapower.com\/tr\/wp-json\/wp\/v2\/comments?post=4669"}],"version-history":[{"count":2,"href":"https:\/\/imiapower.com\/tr\/wp-json\/wp\/v2\/product\/4669\/revisions"}],"predecessor-version":[{"id":8169,"href":"https:\/\/imiapower.com\/tr\/wp-json\/wp\/v2\/product\/4669\/revisions\/8169"}],"wp:featuredmedia":[{"embeddable":true,"href":"https:\/\/imiapower.com\/tr\/wp-json\/wp\/v2\/media\/4598"}],"wp:attachment":[{"href":"https:\/\/imiapower.com\/tr\/wp-json\/wp\/v2\/media?parent=4669"}],"wp:term":[{"taxonomy":"product_cat","embeddable":true,"href":"https:\/\/imiapower.com\/tr\/wp-json\/wp\/v2\/product_cat?post=4669"},{"taxonomy":"product_tag","embeddable":true,"href":"https:\/\/imiapower.com\/tr\/wp-json\/wp\/v2\/product_tag?post=4669"}],"curies":[{"name":"wp","href":"https:\/\/api.w.org\/{rel}","templated":true}]}}