{"id":6432,"date":"2023-06-04T13:32:15","date_gmt":"2023-06-04T13:32:15","guid":{"rendered":"https:\/\/imia.com.cn\/?post_type=product&#038;p=6432"},"modified":"2024-04-08T07:49:04","modified_gmt":"2024-04-08T07:49:04","slug":"20w-pd-type-c-fast-charger","status":"publish","type":"product","link":"https:\/\/imiapower.com\/tr\/products\/wall-charger\/20w-pd-type-c-fast-charger\/","title":{"rendered":"20w pd type c h\u0131zl\u0131 \u015farj cihaz\u0131 Iphone 12&#039;yi ke\u015ffedin"},"content":{"rendered":"<ul>\n<li><strong>20w pd tip c h\u0131zl\u0131 \u015farj cihaz\u0131<\/strong><\/li>\n<li><strong>Giri\u015f:<\/strong> 110-240V AC 50-60HZ 0,5A<\/li>\n<li><strong>PD \u00c7\u0131k\u0131\u015f\u0131:<\/strong> 5V3A\/9V2.22\/12V1.67A(Maks.20W)<\/li>\n<li><strong>Destekleyici Anla\u015fma: <\/strong>SCP, FCPAFC, PD3.0.QC3.0.5V2.4 vb4<\/li>\n<li><strong>Malzeme:<\/strong> PC yanmaz malzeme, VO UL94 s\u0131n\u0131f\u0131<\/li>\n<li><strong>Boyut: <\/strong>31*32*32mm<\/li>\n<li><strong>A\u011f\u0131rl\u0131k: <\/strong>44g<\/li>\n<\/ul>\n<div id=\"gtx-trans\" style=\"position: absolute; left: 56px; top: -2px;\">\n<div class=\"gtx-trans-icon\"><\/div>\n<\/div>","protected":false},"excerpt":{"rendered":"<p>Duvar \u015farj cihaz\u0131, elektronik cihazlar\u0131n\u0131z\u0131 elektrik prizine tak\u0131l\u0131yken \u015farj etmek i\u00e7in kullan\u0131lan bir cihazd\u0131r. Ayn\u0131 zamanda USB \u015farj cihaz\u0131 olarak da bilinir. \u0130lgili incelemeler ve g\u00f6r\u00fc\u015flerle birlikte a\u015fa\u011f\u0131daki USB duvar \u015farj cihazlar\u0131n\u0131n en \u00fcst s\u0131radaki listesine g\u00f6z at\u0131n.<\/p>","protected":false},"featured_media":6830,"comment_status":"closed","ping_status":"closed","template":"","meta":{"rank_math_lock_modified_date":false,"site-sidebar-layout":"default","site-content-layout":"default","ast-site-content-layout":"default","site-content-style":"default","site-sidebar-style":"default","ast-global-header-display":"","ast-banner-title-visibility":"","ast-main-header-display":"","ast-hfb-above-header-display":"","ast-hfb-below-header-display":"","ast-hfb-mobile-header-display":"","site-post-title":"","ast-breadcrumbs-content":"","ast-featured-img":"","footer-sml-layout":"","ast-disable-related-posts":"","theme-transparent-header-meta":"default","adv-header-id-meta":"","stick-header-meta":"","header-above-stick-meta":"","header-main-stick-meta":"","header-below-stick-meta":"","astra-migrate-meta-layouts":"set","ast-page-background-enabled":"default","ast-page-background-meta":{"desktop":{"background-color":"","background-image":"","background-repeat":"repeat","background-position":"center center","background-size":"auto","background-attachment":"scroll","background-type":"","background-media":"","overlay-type":"","overlay-color":"","overlay-opacity":"","overlay-gradient":""},"tablet":{"background-color":"","background-image":"","background-repeat":"repeat","background-position":"center center","background-size":"auto","background-attachment":"scroll","background-type":"","background-media":"","overlay-type":"","overlay-color":"","overlay-opacity":"","overlay-gradient":""},"mobile":{"background-color":"","background-image":"","background-repeat":"repeat","background-position":"center center","background-size":"auto","background-attachment":"scroll","background-type":"","background-media":"","overlay-type":"","overlay-color":"","overlay-opacity":"","overlay-gradient":""}},"ast-content-background-meta":{"desktop":{"background-color":"var(--ast-global-color-5)","background-image":"","background-repeat":"repeat","background-position":"center center","background-size":"auto","background-attachment":"scroll","background-type":"","background-media":"","overlay-type":"","overlay-color":"","overlay-opacity":"","overlay-gradient":""},"tablet":{"background-color":"var(--ast-global-color-5)","background-image":"","background-repeat":"repeat","background-position":"center center","background-size":"auto","background-attachment":"scroll","background-type":"","background-media":"","overlay-type":"","overlay-color":"","overlay-opacity":"","overlay-gradient":""},"mobile":{"background-color":"var(--ast-global-color-5)","background-image":"","background-repeat":"repeat","background-position":"center center","background-size":"auto","background-attachment":"scroll","background-type":"","background-media":"","overlay-type":"","overlay-color":"","overlay-opacity":"","overlay-gradient":""}}},"product_cat":[43],"product_tag":[],"class_list":{"0":"post-6432","1":"product","2":"type-product","3":"status-publish","4":"has-post-thumbnail","6":"product_cat-wall-charger","7":"desktop-align-center","8":"tablet-align-center","9":"mobile-align-center","11":"first","12":"instock","13":"shipping-taxable","14":"product-type-simple"},"_links":{"self":[{"href":"https:\/\/imiapower.com\/tr\/wp-json\/wp\/v2\/product\/6432","targetHints":{"allow":["GET"]}}],"collection":[{"href":"https:\/\/imiapower.com\/tr\/wp-json\/wp\/v2\/product"}],"about":[{"href":"https:\/\/imiapower.com\/tr\/wp-json\/wp\/v2\/types\/product"}],"replies":[{"embeddable":true,"href":"https:\/\/imiapower.com\/tr\/wp-json\/wp\/v2\/comments?post=6432"}],"version-history":[{"count":0,"href":"https:\/\/imiapower.com\/tr\/wp-json\/wp\/v2\/product\/6432\/revisions"}],"wp:featuredmedia":[{"embeddable":true,"href":"https:\/\/imiapower.com\/tr\/wp-json\/wp\/v2\/media\/6830"}],"wp:attachment":[{"href":"https:\/\/imiapower.com\/tr\/wp-json\/wp\/v2\/media?parent=6432"}],"wp:term":[{"taxonomy":"product_cat","embeddable":true,"href":"https:\/\/imiapower.com\/tr\/wp-json\/wp\/v2\/product_cat?post=6432"},{"taxonomy":"product_tag","embeddable":true,"href":"https:\/\/imiapower.com\/tr\/wp-json\/wp\/v2\/product_tag?post=6432"}],"curies":[{"name":"wp","href":"https:\/\/api.w.org\/{rel}","templated":true}]}}