{"id":6477,"date":"2024-01-22T04:10:39","date_gmt":"2024-01-22T04:10:39","guid":{"rendered":"https:\/\/imia.com.cn\/?post_type=product&#038;p=6477"},"modified":"2024-11-12T09:56:59","modified_gmt":"2024-11-12T09:56:59","slug":"best-travel-power-adapter-converterter","status":"publish","type":"product","link":"https:\/\/imiapower.com\/tr\/products\/travel-adapter\/best-travel-power-adapter-converterter\/","title":{"rendered":"\u00c7in&#039;deki en iyi seyahat g\u00fc\u00e7 adapt\u00f6r\u00fc d\u00f6n\u00fc\u015ft\u00fcr\u00fcc\u00fc fabrikas\u0131"},"content":{"rendered":"<ul>\n<li><strong>En iyi seyahat g\u00fc\u00e7 adapt\u00f6r\u00fc d\u00f6n\u00fc\u015ft\u00fcr\u00fcc\u00fc<\/strong><\/li>\n<li><strong>AC giri\u015fi:<\/strong>100~250V\/AC 50-60Hz<\/li>\n<li><strong>AC \u00e7\u0131k\u0131\u015f\u0131:<\/strong> 6A Maks.(660W\/110V veya 1440W\/240V)<\/li>\n<li><strong>Fi\u015f:<\/strong> AB\/AU\/\u0130ngiltere\/ABD<\/li>\n<li><strong>Renk: <\/strong>Siyah beyaz<\/li>\n<li><strong>Boyut:<\/strong> 50*40*75mm<\/li>\n<li><strong>Malzeme:<\/strong> ABS+ bak\u0131r metali<\/li>\n<li><strong>Not:<\/strong> Hepsi bir arada 170&#039;den fazla \u00fclkede kullan\u0131labilir<\/li>\n<li><strong>Sertifika:<\/strong>\u00a0 CE, Rohs<\/li>\n<\/ul>\n<p>&nbsp;<\/p>","protected":false},"excerpt":{"rendered":"<p>Bu, farkl\u0131 \u00fclkelere seyahat i\u00e7in gerekli bir \u00fcr\u00fcnd\u00fcr, \u00e7\u00fcnk\u00fc di\u011fer \u00fclkelerde \u015farj fi\u015fi farkl\u0131d\u0131r, AB, ABD, AUS ve \u0130ngiltere fi\u015fleri dahil olmak \u00fczere bu adapt\u00f6r \u00e7o\u011fu \u00fclkenin fi\u015f taleplerini kar\u015f\u0131layabilir<\/p>\n<p>Bu en iyi seyahat g\u00fc\u00e7 adapt\u00f6r\u00fc d\u00f6n\u00fc\u015ft\u00fcr\u00fcc\u00fcs\u00fc <span style=\"font-size: 16px;\">en eski modeldir ve ayr\u0131ca ak\u0131ll\u0131 telefonlar\u0131, diz\u00fcst\u00fc bilgisayarlar\u0131 ve di\u011fer baz\u0131 elektronik cihazlar\u0131 rahatl\u0131kla \u015farj edebilen \u00e7ift USB \u015farj portuna sahip g\u00fcncellenmi\u015f bir s\u00fcr\u00fcm\u00fc vard\u0131r<\/span><\/p>\n<p>Bukle ma\u015fas\u0131 i\u00e7in en iyi seyahat voltaj d\u00f6n\u00fc\u015ft\u00fcr\u00fcc\u00fcs\u00fc<\/p>\n<p>En iyi seyahat g\u00fc\u00e7 d\u00f6n\u00fc\u015ft\u00fcr\u00fcc\u00fcs\u00fcn\u00fcn avantaj\u0131 nedir?<\/p>\n<p>\u00c7e\u015fitli uluslararas\u0131 prizlerle uyumlu hale getirir. USB portlar\u0131na yerle\u015ftirilmi\u015f adapt\u00f6rler bir\u00e7ok cihaz\u0131n ayn\u0131 anda \u015farj edilmesini sa\u011flar. Teknoloji merakl\u0131s\u0131 gezginler i\u00e7in ger\u00e7ek bir art\u0131.<\/p>\n<p>\u00c7in&#039;den en iyi seyahat adapt\u00f6r\u00fc d\u00f6n\u00fc\u015ft\u00fcr\u00fcc\u00fcs\u00fc<\/p>\n<p>\u00c7in&#039;den en iyi seyahat adapt\u00f6r\u00fc d\u00f6n\u00fc\u015ft\u00fcr\u00fcc\u00fcs\u00fcn\u00fc ar\u0131yorsan\u0131z, Imia adapt\u00f6r\u00fc en iyisidir. Kalitesi ve \u00e7ok y\u00f6nl\u00fcl\u00fc\u011f\u00fcyle bilinir. \u00c7in&#039;de her ge\u00e7en g\u00fcn daha da pop\u00fcler hale geliyor. Ayr\u0131ca, Imia i\u015flevselli\u011fi dayan\u0131kl\u0131l\u0131kla birle\u015ftiriyor. Hatta onu uluslararas\u0131 maceralar i\u00e7in m\u00fckemmel bir se\u00e7im haline getiriyor.<\/p>\n<p>Avrupa i\u00e7in en iyi seyahat adapt\u00f6r\u00fc d\u00f6n\u00fc\u015ft\u00fcr\u00fcc\u00fcs\u00fcn\u00fcn baz\u0131 dezavantajlar\u0131<\/p>\n<p>Seyahat adapt\u00f6rleri ve d\u00f6n\u00fc\u015ft\u00fcr\u00fcc\u00fcler Avrupa seyahatleri i\u00e7in olmazsa olmazd\u0131r. Ancak seyahat adapt\u00f6rleri ve d\u00f6n\u00fc\u015ft\u00fcr\u00fcc\u00fclerin baz\u0131 sorunlar\u0131 vard\u0131r.<\/p>\n<p>En iyi seyahat g\u00fc\u00e7 adapt\u00f6r\u00fc d\u00f6n\u00fc\u015ft\u00fcr\u00fcc\u00fcs\u00fcn\u00fcn belirtileri<\/p>\n<p>Bu nedenle, Avrupa i\u00e7in en iyi seyahat adapt\u00f6r\u00fc d\u00f6n\u00fc\u015ft\u00fcr\u00fcc\u00fcs\u00fcn\u00fc se\u00e7mek \u00e7ok \u00f6nemlidir. En iyi seyahat adapt\u00f6r\u00fc d\u00f6n\u00fc\u015ft\u00fcr\u00fcc\u00fcs\u00fc, Avrupa maceran\u0131z i\u00e7in s\u0131k\u0131nt\u0131n\u0131z\u0131 azaltabilir.<\/p>\n<p>Baz\u0131 pop\u00fcler en iyi g\u00fc\u00e7 d\u00f6n\u00fc\u015ft\u00fcr\u00fcc\u00fc \u015firketleri<\/p>\n<p>Bir\u00e7ok sayg\u0131n \u015firket, y\u00fcksek kaliteli g\u00fc\u00e7 d\u00f6n\u00fc\u015ft\u00fcr\u00fcc\u00fcleri ve seyahat adapt\u00f6rleri \u00fcretmeleriyle tan\u0131n\u0131r:<\/p>\n<p>Bu markalar\u0131n hepsi performanslar\u0131 nedeniyle \u00e7ok erken d\u00f6nemde pop\u00fcler oldular.<\/p>\n<p>&nbsp;<\/p>","protected":false},"featured_media":6480,"comment_status":"closed","ping_status":"closed","template":"","meta":{"rank_math_lock_modified_date":false,"site-sidebar-layout":"default","site-content-layout":"","ast-site-content-layout":"default","site-content-style":"default","site-sidebar-style":"default","ast-global-header-display":"","ast-banner-title-visibility":"","ast-main-header-display":"","ast-hfb-above-header-display":"","ast-hfb-below-header-display":"","ast-hfb-mobile-header-display":"","site-post-title":"","ast-breadcrumbs-content":"","ast-featured-img":"","footer-sml-layout":"","ast-disable-related-posts":"","theme-transparent-header-meta":"default","adv-header-id-meta":"","stick-header-meta":"","header-above-stick-meta":"","header-main-stick-meta":"","header-below-stick-meta":"","astra-migrate-meta-layouts":"set","ast-page-background-enabled":"default","ast-page-background-meta":{"desktop":{"background-color":"","background-image":"","background-repeat":"repeat","background-position":"center center","background-size":"auto","background-attachment":"scroll","background-type":"","background-media":"","overlay-type":"","overlay-color":"","overlay-opacity":"","overlay-gradient":""},"tablet":{"background-color":"","background-image":"","background-repeat":"repeat","background-position":"center center","background-size":"auto","background-attachment":"scroll","background-type":"","background-media":"","overlay-type":"","overlay-color":"","overlay-opacity":"","overlay-gradient":""},"mobile":{"background-color":"","background-image":"","background-repeat":"repeat","background-position":"center center","background-size":"auto","background-attachment":"scroll","background-type":"","background-media":"","overlay-type":"","overlay-color":"","overlay-opacity":"","overlay-gradient":""}},"ast-content-background-meta":{"desktop":{"background-color":"var(--ast-global-color-5)","background-image":"","background-repeat":"repeat","background-position":"center center","background-size":"auto","background-attachment":"scroll","background-type":"","background-media":"","overlay-type":"","overlay-color":"","overlay-opacity":"","overlay-gradient":""},"tablet":{"background-color":"var(--ast-global-color-5)","background-image":"","background-repeat":"repeat","background-position":"center center","background-size":"auto","background-attachment":"scroll","background-type":"","background-media":"","overlay-type":"","overlay-color":"","overlay-opacity":"","overlay-gradient":""},"mobile":{"background-color":"var(--ast-global-color-5)","background-image":"","background-repeat":"repeat","background-position":"center center","background-size":"auto","background-attachment":"scroll","background-type":"","background-media":"","overlay-type":"","overlay-color":"","overlay-opacity":"","overlay-gradient":""}}},"product_cat":[64],"product_tag":[],"class_list":{"0":"post-6477","1":"product","2":"type-product","3":"status-publish","4":"has-post-thumbnail","6":"product_cat-travel-adapter","7":"desktop-align-center","8":"tablet-align-center","9":"mobile-align-center","11":"first","12":"instock","13":"shipping-taxable","14":"product-type-simple"},"_links":{"self":[{"href":"https:\/\/imiapower.com\/tr\/wp-json\/wp\/v2\/product\/6477","targetHints":{"allow":["GET"]}}],"collection":[{"href":"https:\/\/imiapower.com\/tr\/wp-json\/wp\/v2\/product"}],"about":[{"href":"https:\/\/imiapower.com\/tr\/wp-json\/wp\/v2\/types\/product"}],"replies":[{"embeddable":true,"href":"https:\/\/imiapower.com\/tr\/wp-json\/wp\/v2\/comments?post=6477"}],"version-history":[{"count":14,"href":"https:\/\/imiapower.com\/tr\/wp-json\/wp\/v2\/product\/6477\/revisions"}],"predecessor-version":[{"id":8676,"href":"https:\/\/imiapower.com\/tr\/wp-json\/wp\/v2\/product\/6477\/revisions\/8676"}],"wp:featuredmedia":[{"embeddable":true,"href":"https:\/\/imiapower.com\/tr\/wp-json\/wp\/v2\/media\/6480"}],"wp:attachment":[{"href":"https:\/\/imiapower.com\/tr\/wp-json\/wp\/v2\/media?parent=6477"}],"wp:term":[{"taxonomy":"product_cat","embeddable":true,"href":"https:\/\/imiapower.com\/tr\/wp-json\/wp\/v2\/product_cat?post=6477"},{"taxonomy":"product_tag","embeddable":true,"href":"https:\/\/imiapower.com\/tr\/wp-json\/wp\/v2\/product_tag?post=6477"}],"curies":[{"name":"wp","href":"https:\/\/api.w.org\/{rel}","templated":true}]}}