{"id":6489,"date":"2024-01-24T00:21:54","date_gmt":"2024-01-24T00:21:54","guid":{"rendered":"https:\/\/imia.com.cn\/?post_type=product&#038;p=6489"},"modified":"2024-11-05T01:16:49","modified_gmt":"2024-11-05T01:16:49","slug":"apple-20w-usb-c","status":"publish","type":"product","link":"https:\/\/imiapower.com\/tr\/products\/wall-charger\/apple-20w-usb-c\/","title":{"rendered":"Pop\u00fcler apple 20w usb c g\u00fc\u00e7 katlanabilir adapt\u00f6r"},"content":{"rendered":"<ul>\n<li><strong>Apple 20w USB c<\/strong><\/li>\n<li><strong>Giri\u015f:<\/strong> 100~250V\/AC 50-60Hz<\/li>\n<li><strong>\u00c7\u0131kt\u0131:<\/strong> 5V3A, 9V2.22A, 12V1.67A (Maks. 20W)<\/li>\n<li><strong>Boyut:<\/strong> 49*46*31 cm<\/li>\n<li><strong>Malzeme:<\/strong> bilgisayar<\/li>\n<li><strong>Sertifika:<\/strong> UKCA, CE<\/li>\n<\/ul>","protected":false},"excerpt":{"rendered":"<p>Duvar \u015farj cihaz\u0131, elektronik cihazlar\u0131n\u0131z\u0131 elektrik prizine tak\u0131l\u0131yken \u015farj etmek i\u00e7in kullan\u0131lan bir cihazd\u0131r. Ayn\u0131 zamanda USB \u015farj cihaz\u0131 olarak da bilinir. \u0130lgili incelemeler ve g\u00f6r\u00fc\u015flerle birlikte a\u015fa\u011f\u0131daki USB duvar \u015farj cihazlar\u0131n\u0131n en \u00fcst s\u0131radaki listesine g\u00f6z at\u0131n.<\/p>\n<p>Bu 20w \u015farj cihaz\u0131 eski bir kal\u0131p ama ayn\u0131 zamanda piyasada \u00e7ok pop\u00fcler, bu modelin piyasada \u00e7e\u015fitli nitelikleri var ve m\u00fc\u015fterinin kendi pazar\u0131nda daha fazla sat\u0131\u015f yapmas\u0131na yard\u0131mc\u0131 olmak i\u00e7in sertifikal\u0131 kaliteyi benimsiyoruz.<\/p>","protected":false},"featured_media":7621,"comment_status":"closed","ping_status":"closed","template":"","meta":{"rank_math_lock_modified_date":false,"site-sidebar-layout":"default","site-content-layout":"","ast-site-content-layout":"default","site-content-style":"default","site-sidebar-style":"default","ast-global-header-display":"","ast-banner-title-visibility":"","ast-main-header-display":"","ast-hfb-above-header-display":"","ast-hfb-below-header-display":"","ast-hfb-mobile-header-display":"","site-post-title":"","ast-breadcrumbs-content":"","ast-featured-img":"","footer-sml-layout":"","ast-disable-related-posts":"","theme-transparent-header-meta":"default","adv-header-id-meta":"","stick-header-meta":"","header-above-stick-meta":"","header-main-stick-meta":"","header-below-stick-meta":"","astra-migrate-meta-layouts":"set","ast-page-background-enabled":"default","ast-page-background-meta":{"desktop":{"background-color":"","background-image":"","background-repeat":"repeat","background-position":"center center","background-size":"auto","background-attachment":"scroll","background-type":"","background-media":"","overlay-type":"","overlay-color":"","overlay-opacity":"","overlay-gradient":""},"tablet":{"background-color":"","background-image":"","background-repeat":"repeat","background-position":"center center","background-size":"auto","background-attachment":"scroll","background-type":"","background-media":"","overlay-type":"","overlay-color":"","overlay-opacity":"","overlay-gradient":""},"mobile":{"background-color":"","background-image":"","background-repeat":"repeat","background-position":"center center","background-size":"auto","background-attachment":"scroll","background-type":"","background-media":"","overlay-type":"","overlay-color":"","overlay-opacity":"","overlay-gradient":""}},"ast-content-background-meta":{"desktop":{"background-color":"var(--ast-global-color-5)","background-image":"","background-repeat":"repeat","background-position":"center center","background-size":"auto","background-attachment":"scroll","background-type":"","background-media":"","overlay-type":"","overlay-color":"","overlay-opacity":"","overlay-gradient":""},"tablet":{"background-color":"var(--ast-global-color-5)","background-image":"","background-repeat":"repeat","background-position":"center center","background-size":"auto","background-attachment":"scroll","background-type":"","background-media":"","overlay-type":"","overlay-color":"","overlay-opacity":"","overlay-gradient":""},"mobile":{"background-color":"var(--ast-global-color-5)","background-image":"","background-repeat":"repeat","background-position":"center center","background-size":"auto","background-attachment":"scroll","background-type":"","background-media":"","overlay-type":"","overlay-color":"","overlay-opacity":"","overlay-gradient":""}}},"product_cat":[43],"product_tag":[],"class_list":{"0":"post-6489","1":"product","2":"type-product","3":"status-publish","4":"has-post-thumbnail","6":"product_cat-wall-charger","7":"desktop-align-center","8":"tablet-align-center","9":"mobile-align-center","11":"first","12":"instock","13":"shipping-taxable","14":"product-type-simple"},"_links":{"self":[{"href":"https:\/\/imiapower.com\/tr\/wp-json\/wp\/v2\/product\/6489","targetHints":{"allow":["GET"]}}],"collection":[{"href":"https:\/\/imiapower.com\/tr\/wp-json\/wp\/v2\/product"}],"about":[{"href":"https:\/\/imiapower.com\/tr\/wp-json\/wp\/v2\/types\/product"}],"replies":[{"embeddable":true,"href":"https:\/\/imiapower.com\/tr\/wp-json\/wp\/v2\/comments?post=6489"}],"version-history":[{"count":8,"href":"https:\/\/imiapower.com\/tr\/wp-json\/wp\/v2\/product\/6489\/revisions"}],"predecessor-version":[{"id":8590,"href":"https:\/\/imiapower.com\/tr\/wp-json\/wp\/v2\/product\/6489\/revisions\/8590"}],"wp:featuredmedia":[{"embeddable":true,"href":"https:\/\/imiapower.com\/tr\/wp-json\/wp\/v2\/media\/7621"}],"wp:attachment":[{"href":"https:\/\/imiapower.com\/tr\/wp-json\/wp\/v2\/media?parent=6489"}],"wp:term":[{"taxonomy":"product_cat","embeddable":true,"href":"https:\/\/imiapower.com\/tr\/wp-json\/wp\/v2\/product_cat?post=6489"},{"taxonomy":"product_tag","embeddable":true,"href":"https:\/\/imiapower.com\/tr\/wp-json\/wp\/v2\/product_tag?post=6489"}],"curies":[{"name":"wp","href":"https:\/\/api.w.org\/{rel}","templated":true}]}}