{"id":6495,"date":"2024-01-26T03:06:36","date_gmt":"2024-01-26T03:06:36","guid":{"rendered":"https:\/\/imia.com.cn\/?post_type=product&#038;p=6495"},"modified":"2025-09-30T02:56:01","modified_gmt":"2025-09-30T02:56:01","slug":"best-travel-power-adapter","status":"publish","type":"product","link":"https:\/\/imiapower.com\/tr\/products\/travel-adapter\/best-travel-power-adapter\/","title":{"rendered":"En iyi seyahat g\u00fc\u00e7 adapt\u00f6r\u00fc h\u0131zl\u0131 \u015farj cihaz\u0131 33w"},"content":{"rendered":"<ul>\n<li><strong>En iyi seyahat g\u00fc\u00e7 adapt\u00f6r\u00fc<\/strong><\/li>\n<li><strong>Giri\u015f:<\/strong>100-250V\/0,8A Maksimum 50\/60Hz<\/li>\n<li><strong>\u00c7\u0131kt\u0131:<\/strong> Tip-C1: 5V3A, 9V3A, 12V2.5A, 15V2A, 20V1.5A MAX 30W<\/li>\n<li><strong>PPS:<\/strong> 3,3-11V3A, 3,3-16V2A Maksimum 33W<\/li>\n<li><strong>Tip-C2\/C3:<\/strong> 5V3A MAKS 15W<\/li>\n<li><strong>USB1\/USB2:<\/strong> 5V2.4A MAKS 12W<\/li>\n<li><strong>Tip-C1+Tip-C2\/C3:<\/strong> PD18W+12W<\/li>\n<li><strong>Tip-C1+USB:<\/strong> PD18W+12W<\/li>\n<li><strong>Toplam \u00e7\u0131kt\u0131:<\/strong>MAX 33W Boyut :50x70x65 mm<\/li>\n<li><strong>Malzeme:<\/strong> Pi\u015fmi\u015f PC + Cooper metal<\/li>\n<li><strong>Not:<\/strong> AB\/Avustralya\/\u0130ngiltere\/ABD hepsi bir arada ayg\u0131t 170&#039;den fazla \u00fclkede kullan\u0131labilir<\/li>\n<li><strong>Sertifika:<\/strong> CE, Rohs, FCC, UKCA, Eri\u015fim, ERP<\/li>\n<\/ul>","protected":false},"excerpt":{"rendered":"<p><img fetchpriority=\"high\" decoding=\"async\" class=\"alignnone wp-image-8697 size-full\" src=\"https:\/\/imiapower.com\/wp-content\/uploads\/Universal-Travel-Adapter-2-1.jpg\" alt=\"En iyi seyahat g\u00fc\u00e7 adapt\u00f6r\u00fc\" width=\"800\" height=\"800\" srcset=\"https:\/\/imiapower.com\/wp-content\/uploads\/Universal-Travel-Adapter-2-1.jpg 800w, https:\/\/imiapower.com\/wp-content\/uploads\/Universal-Travel-Adapter-2-1-300x300.jpg 300w, https:\/\/imiapower.com\/wp-content\/uploads\/Universal-Travel-Adapter-2-1-100x100.jpg 100w, https:\/\/imiapower.com\/wp-content\/uploads\/Universal-Travel-Adapter-2-1-600x600.jpg 600w, https:\/\/imiapower.com\/wp-content\/uploads\/Universal-Travel-Adapter-2-1-64x64.jpg 64w, https:\/\/imiapower.com\/wp-content\/uploads\/Universal-Travel-Adapter-2-1-150x150.jpg 150w, https:\/\/imiapower.com\/wp-content\/uploads\/Universal-Travel-Adapter-2-1-768x768.jpg 768w, https:\/\/imiapower.com\/wp-content\/uploads\/Universal-Travel-Adapter-2-1-12x12.jpg 12w\" sizes=\"(max-width: 800px) 100vw, 800px\" \/><\/p>\n<p>Evrensel seyahat adapt\u00f6r\u00fc, \u00e7o\u011fu ki\u015fi i\u00e7in en iyi seyahat arkada\u015f\u0131d\u0131r \u00e7\u00fcnk\u00fc sizi her t\u00fcrl\u00fc \u015farj veya g\u00fc\u00e7 ihtiyac\u0131na haz\u0131rlar. Evrensel seyahat adapt\u00f6rleri, bir \u00fclkenin transformat\u00f6r veya d\u00f6n\u00fc\u015ft\u00fcr\u00fcc\u00fc gibi \u00e7ift voltajl\u0131 ekipmanlar\u0131n\u0131n elektrik prizine ba\u011flanmas\u0131na olanak tan\u0131r<\/p>\n<p>Bu seyahat adapt\u00f6r soketi, di\u011fer \u00fcreticilerin sa\u011flayamad\u0131\u011f\u0131 \u201ck\u00fc\u00e7\u00fck G\u00fcney Afrika\u201d fi\u015fiyle uyumlu olabilir.<\/p>\n<p>Bu seyahat adapt\u00f6r\u00fc toprakl\u0131 bir modeldir, \u0130ngiltere fi\u015finde bak\u0131r malzeme kullan\u0131yoruz, di\u011ferleri ise plastik kullan\u0131yor<\/p>\n<p>Bu seyahat adapt\u00f6r\u00fc a\u015f\u0131r\u0131 voltaj kullan\u0131r; soket, sa\u00e7 kurutma makinesinin, sa\u00e7 ma\u015fas\u0131n\u0131n ve di\u011fer baz\u0131 k\u00fc\u00e7\u00fck ev aletlerinin fi\u015fine s\u0131\u011fabilir.<\/p>\n<p>Bu seyahat adapt\u00f6r\u00fc i\u00e7in farkl\u0131 \u00fclkelerin standartlar\u0131n\u0131 kar\u015f\u0131layan \u00e7e\u015fitli sertifikalar\u0131m\u0131z var<\/p>\n<p>Bu seyahat adapt\u00f6r\u00fc, \u00f6zelle\u015ftirilmi\u015f logo tasar\u0131m\u0131n\u0131 kabul eder ve logo tasar\u0131m konumunda, logonun harika g\u00f6r\u00fcnmesini sa\u011flayacak dijital ekran LED&#039;i bulunur.<\/p>\n<p>&nbsp;<\/p>\n<p>&nbsp;<\/p>","protected":false},"featured_media":7455,"comment_status":"closed","ping_status":"closed","template":"","meta":{"rank_math_lock_modified_date":false,"site-sidebar-layout":"default","site-content-layout":"","ast-site-content-layout":"default","site-content-style":"default","site-sidebar-style":"default","ast-global-header-display":"","ast-banner-title-visibility":"","ast-main-header-display":"","ast-hfb-above-header-display":"","ast-hfb-below-header-display":"","ast-hfb-mobile-header-display":"","site-post-title":"","ast-breadcrumbs-content":"","ast-featured-img":"","footer-sml-layout":"","ast-disable-related-posts":"","theme-transparent-header-meta":"default","adv-header-id-meta":"","stick-header-meta":"","header-above-stick-meta":"","header-main-stick-meta":"","header-below-stick-meta":"","astra-migrate-meta-layouts":"set","ast-page-background-enabled":"default","ast-page-background-meta":{"desktop":{"background-color":"","background-image":"","background-repeat":"repeat","background-position":"center center","background-size":"auto","background-attachment":"scroll","background-type":"","background-media":"","overlay-type":"","overlay-color":"","overlay-opacity":"","overlay-gradient":""},"tablet":{"background-color":"","background-image":"","background-repeat":"repeat","background-position":"center center","background-size":"auto","background-attachment":"scroll","background-type":"","background-media":"","overlay-type":"","overlay-color":"","overlay-opacity":"","overlay-gradient":""},"mobile":{"background-color":"","background-image":"","background-repeat":"repeat","background-position":"center center","background-size":"auto","background-attachment":"scroll","background-type":"","background-media":"","overlay-type":"","overlay-color":"","overlay-opacity":"","overlay-gradient":""}},"ast-content-background-meta":{"desktop":{"background-color":"var(--ast-global-color-5)","background-image":"","background-repeat":"repeat","background-position":"center center","background-size":"auto","background-attachment":"scroll","background-type":"","background-media":"","overlay-type":"","overlay-color":"","overlay-opacity":"","overlay-gradient":""},"tablet":{"background-color":"var(--ast-global-color-5)","background-image":"","background-repeat":"repeat","background-position":"center center","background-size":"auto","background-attachment":"scroll","background-type":"","background-media":"","overlay-type":"","overlay-color":"","overlay-opacity":"","overlay-gradient":""},"mobile":{"background-color":"var(--ast-global-color-5)","background-image":"","background-repeat":"repeat","background-position":"center center","background-size":"auto","background-attachment":"scroll","background-type":"","background-media":"","overlay-type":"","overlay-color":"","overlay-opacity":"","overlay-gradient":""}}},"product_cat":[64],"product_tag":[],"class_list":{"0":"post-6495","1":"product","2":"type-product","3":"status-publish","4":"has-post-thumbnail","6":"product_cat-travel-adapter","7":"desktop-align-center","8":"tablet-align-center","9":"mobile-align-center","11":"first","12":"instock","13":"shipping-taxable","14":"product-type-simple"},"_links":{"self":[{"href":"https:\/\/imiapower.com\/tr\/wp-json\/wp\/v2\/product\/6495","targetHints":{"allow":["GET"]}}],"collection":[{"href":"https:\/\/imiapower.com\/tr\/wp-json\/wp\/v2\/product"}],"about":[{"href":"https:\/\/imiapower.com\/tr\/wp-json\/wp\/v2\/types\/product"}],"replies":[{"embeddable":true,"href":"https:\/\/imiapower.com\/tr\/wp-json\/wp\/v2\/comments?post=6495"}],"version-history":[{"count":4,"href":"https:\/\/imiapower.com\/tr\/wp-json\/wp\/v2\/product\/6495\/revisions"}],"predecessor-version":[{"id":9201,"href":"https:\/\/imiapower.com\/tr\/wp-json\/wp\/v2\/product\/6495\/revisions\/9201"}],"wp:featuredmedia":[{"embeddable":true,"href":"https:\/\/imiapower.com\/tr\/wp-json\/wp\/v2\/media\/7455"}],"wp:attachment":[{"href":"https:\/\/imiapower.com\/tr\/wp-json\/wp\/v2\/media?parent=6495"}],"wp:term":[{"taxonomy":"product_cat","embeddable":true,"href":"https:\/\/imiapower.com\/tr\/wp-json\/wp\/v2\/product_cat?post=6495"},{"taxonomy":"product_tag","embeddable":true,"href":"https:\/\/imiapower.com\/tr\/wp-json\/wp\/v2\/product_tag?post=6495"}],"curies":[{"name":"wp","href":"https:\/\/api.w.org\/{rel}","templated":true}]}}