{"id":6499,"date":"2024-01-26T04:14:59","date_gmt":"2024-01-26T04:14:59","guid":{"rendered":"https:\/\/imia.com.cn\/?post_type=product&#038;p=6499"},"modified":"2024-11-30T03:07:57","modified_gmt":"2024-11-30T03:07:57","slug":"universal-travel-adapter","status":"publish","type":"product","link":"https:\/\/imiapower.com\/tr\/products\/travel-adapter\/universal-travel-adapter\/","title":{"rendered":"Sevimli evrensel seyahat adapt\u00f6r\u00fc USB C PD 65w"},"content":{"rendered":"<ul>\n<li><strong>evrensel seyahat adapt\u00f6r\u00fc<\/strong><\/li>\n<li><strong>Tip-C1:<\/strong> 5V\/3A 9V\/3A 12V\/3A 15V\/3A 20V\/3,25A Maksimum 65W PPS 5V-11V\/4,05A<\/li>\n<li><strong>USB-A:<\/strong> 5V\/3A 9V\/2A 12V\/1,5A Maksimum 18W<\/li>\n<li><strong>Tip-C2\/C3\/C4:<\/strong> 5V3A 15W<\/li>\n<li><strong>C1+USBA yaz\u0131n:<\/strong>PD45W+18W (5V3A\/9V3A\/12V3A\/15V2.5A\/20V2.25A 45w+5V\/3A 9V\/2A 12V\/1.5A Maksimum 18W)<\/li>\n<li><strong>Tip C1+C2\/C3\/C4:<\/strong> PD45W+15W(5V3A\/9V3A\/12V3A\/15V2.5A\/20V2.25A 45w+ 5V3A 15W)<\/li>\n<li><strong>TipC2+C3\/C3+C4\/C2+C4:<\/strong> payla\u015f\u0131lan 5V3A 15W<\/li>\n<li><strong>TipC1+C2+C3\/C1+C2+USBA\/C1+C3+USBA:<\/strong> PD45W+15W(5V3A\/9V3A\/12V3A\/15V2.5A\/20V2.25A 45w+ 5V3A 15W)<\/li>\n<li><strong>C1+C2+C3+C4\/C1+C2+C3+USBA:<\/strong> PD45W+15W(5V3A\/9V3A\/12V3A\/15V2.5A\/20V2.25A 45w+ 5V3A 15W)<\/li>\n<li><strong>TipC2+C3+C4+USBA:<\/strong>\u00a0payla\u015f\u0131lan 5V3A 15W<\/li>\n<li><strong>TipC1+C2+C3+C4+A1:<\/strong> PD45W+15W(5V3A\/9V3A\/12V3A\/15V2.5A\/20V2.25A 45w+ 5V3A 15W)<\/li>\n<li><strong>Boyut:<\/strong> 50x70x65mm<\/li>\n<li><strong>Malzeme:<\/strong> Pi\u015fmi\u015f PC + Cooper metal<\/li>\n<li><strong>Not:<\/strong> AB\/Avustralya\/\u0130ngiltere\/ABD hepsi bir arada ayg\u0131t 170&#039;den fazla \u00fclkede kullan\u0131labilir<\/li>\n<li><strong>Sertifikasyon:<\/strong> UKCA, CE, FCC<\/li>\n<\/ul>","protected":false},"excerpt":{"rendered":"<p><img fetchpriority=\"high\" decoding=\"async\" class=\"alignnone size-medium wp-image-8727\" src=\"https:\/\/imiapower.com\/wp-content\/uploads\/Travel-Adapter-6-1-216x300.jpg\" alt=\"evrensel seyahat adapt\u00f6r\u00fc\" width=\"216\" height=\"300\" srcset=\"https:\/\/imiapower.com\/wp-content\/uploads\/Travel-Adapter-6-1-216x300.jpg 216w, https:\/\/imiapower.com\/wp-content\/uploads\/Travel-Adapter-6-1-600x833.jpg 600w, https:\/\/imiapower.com\/wp-content\/uploads\/Travel-Adapter-6-1-64x89.jpg 64w, https:\/\/imiapower.com\/wp-content\/uploads\/Travel-Adapter-6-1-737x1024.jpg 737w, https:\/\/imiapower.com\/wp-content\/uploads\/Travel-Adapter-6-1-768x1067.jpg 768w, https:\/\/imiapower.com\/wp-content\/uploads\/Travel-Adapter-6-1-9x12.jpg 9w, https:\/\/imiapower.com\/wp-content\/uploads\/Travel-Adapter-6-1.jpg 800w\" sizes=\"(max-width: 216px) 100vw, 216px\" \/> <img decoding=\"async\" class=\"alignnone size-medium wp-image-8728\" src=\"https:\/\/imiapower.com\/wp-content\/uploads\/Travel-Adapter-13-238x300.jpg\" alt=\"evrensel seyahat adapt\u00f6r\u00fc\" width=\"238\" height=\"300\" srcset=\"https:\/\/imiapower.com\/wp-content\/uploads\/Travel-Adapter-13-238x300.jpg 238w, https:\/\/imiapower.com\/wp-content\/uploads\/Travel-Adapter-13-600x755.jpg 600w, https:\/\/imiapower.com\/wp-content\/uploads\/Travel-Adapter-13-64x81.jpg 64w, https:\/\/imiapower.com\/wp-content\/uploads\/Travel-Adapter-13-768x966.jpg 768w, https:\/\/imiapower.com\/wp-content\/uploads\/Travel-Adapter-13-10x12.jpg 10w, https:\/\/imiapower.com\/wp-content\/uploads\/Travel-Adapter-13.jpg 778w\" sizes=\"(max-width: 238px) 100vw, 238px\" \/> <img decoding=\"async\" class=\"alignnone size-medium wp-image-8729\" src=\"https:\/\/imiapower.com\/wp-content\/uploads\/Travel-Adapter-14-216x300.jpg\" alt=\"evrensel seyahat adapt\u00f6r\u00fc\" width=\"216\" height=\"300\" srcset=\"https:\/\/imiapower.com\/wp-content\/uploads\/Travel-Adapter-14-216x300.jpg 216w, https:\/\/imiapower.com\/wp-content\/uploads\/Travel-Adapter-14-600x833.jpg 600w, https:\/\/imiapower.com\/wp-content\/uploads\/Travel-Adapter-14-64x89.jpg 64w, https:\/\/imiapower.com\/wp-content\/uploads\/Travel-Adapter-14-737x1024.jpg 737w, https:\/\/imiapower.com\/wp-content\/uploads\/Travel-Adapter-14-768x1067.jpg 768w, https:\/\/imiapower.com\/wp-content\/uploads\/Travel-Adapter-14-9x12.jpg 9w, https:\/\/imiapower.com\/wp-content\/uploads\/Travel-Adapter-14.jpg 800w\" sizes=\"(max-width: 216px) 100vw, 216px\" \/><\/p>\n<p>&nbsp;<\/p>\n<p>Bu, farkl\u0131 \u00fclkelere seyahat i\u00e7in gerekli bir \u00fcr\u00fcnd\u00fcr, \u00e7\u00fcnk\u00fc farkl\u0131 \u00fclkeler, \u015farj fi\u015fi farkl\u0131d\u0131r, AB, ABD, AUS ve \u0130ngiltere fi\u015flerini i\u00e7eren bu adapt\u00f6r \u00e7o\u011fu \u00fclkenin fi\u015f taleplerini kar\u015f\u0131layabilir<\/p>\n<p>4 adet c tipi \u015farj ba\u011flant\u0131 noktas\u0131na sahip bu seyahat adapt\u00f6r\u00fc, c tipi kablolar elektronik pazar\u0131nda \u00f6nemli bir rol oynad\u0131\u011f\u0131ndan tasar\u0131m\u0131m\u0131z pazar trendine uygundur ve ayn\u0131 anda \u015farj olan elektronik cihazlar\u0131 kar\u015f\u0131lar<\/p>\n<p>Bu evrensel seyahat adapt\u00f6r\u00fc, lansmandan sonra bir\u00e7ok markal\u0131 m\u00fc\u015fterinin ilgisini \u00e7ekti<\/p>\n<p>Bu evrensel seyahat adapt\u00f6r\u00fc, di\u011fer tedarik\u00e7ilerin bu sorunu fark etmedi\u011fi k\u00fc\u00e7\u00fck G\u00fcney Afrika fi\u015fleri i\u00e7in uygundur.<\/p>\n<p>Bu evrensel seyahat adapt\u00f6r\u00fc i\u00e7in CE, UKCA, FCC, LVD, ERP, REACH, ROHS gibi pop\u00fcler sertifikalara ba\u015fvurduk<\/p>\n<p>Ayr\u0131ca \u00f6zelle\u015ftirilmi\u015f logo tasar\u0131mlar\u0131 da sa\u011fl\u0131yoruz, kullan\u0131c\u0131 bu adapt\u00f6rle telefonunu \u015farj etti\u011finde, adapt\u00f6r\u00fcn \u00fcst k\u0131sm\u0131nda logo g\u00f6r\u00fcnecektir.<\/p>\n<p>De\u011ferli m\u00fc\u015fterilerimize test etmek i\u00e7in \u00fccretsiz numune sa\u011fl\u0131yoruz<\/p>\n<p>En \u00f6nemlisi fiyat\u0131m\u0131z\u0131n rakip fiyatlardan daha d\u00fc\u015f\u00fck olmas\u0131<\/p>\n<p>T\u00fcm \u00fclkelerde tatilinizin tad\u0131n\u0131 \u00e7\u0131karmak i\u00e7in evrensel seyahat adapt\u00f6r\u00fcm\u00fcz\u00fc al\u0131n<\/p>\n<p>USBA D+,D- ak\u0131ll\u0131.\/USB D+,D-Ak\u0131ll\u0131 Tan\u0131ma, QC3.0,QC2.0,SCP,FCP,AFC,APPLE2.4A,BC1.2&#039;yi destekler. T\u0130P-C1, PD3.0,QC3.0,QC2.0,SCP,FCP,AFC,APPLE2.4A,BC1.2&#039;yi destekler<\/p>\n<p>\u00dcretim s\u00fcresi: 25-30 g\u00fcn<\/p>\n<div id=\"gtx-trans\" style=\"position: absolute; left: -152px; top: -3px;\">\n<div class=\"gtx-trans-icon\"><\/div>\n<\/div>","protected":false},"featured_media":7636,"comment_status":"closed","ping_status":"closed","template":"","meta":{"rank_math_lock_modified_date":false,"site-sidebar-layout":"default","site-content-layout":"","ast-site-content-layout":"default","site-content-style":"default","site-sidebar-style":"default","ast-global-header-display":"","ast-banner-title-visibility":"","ast-main-header-display":"","ast-hfb-above-header-display":"","ast-hfb-below-header-display":"","ast-hfb-mobile-header-display":"","site-post-title":"","ast-breadcrumbs-content":"","ast-featured-img":"","footer-sml-layout":"","ast-disable-related-posts":"","theme-transparent-header-meta":"default","adv-header-id-meta":"","stick-header-meta":"","header-above-stick-meta":"","header-main-stick-meta":"","header-below-stick-meta":"","astra-migrate-meta-layouts":"set","ast-page-background-enabled":"default","ast-page-background-meta":{"desktop":{"background-color":"","background-image":"","background-repeat":"repeat","background-position":"center center","background-size":"auto","background-attachment":"scroll","background-type":"","background-media":"","overlay-type":"","overlay-color":"","overlay-opacity":"","overlay-gradient":""},"tablet":{"background-color":"","background-image":"","background-repeat":"repeat","background-position":"center center","background-size":"auto","background-attachment":"scroll","background-type":"","background-media":"","overlay-type":"","overlay-color":"","overlay-opacity":"","overlay-gradient":""},"mobile":{"background-color":"","background-image":"","background-repeat":"repeat","background-position":"center center","background-size":"auto","background-attachment":"scroll","background-type":"","background-media":"","overlay-type":"","overlay-color":"","overlay-opacity":"","overlay-gradient":""}},"ast-content-background-meta":{"desktop":{"background-color":"var(--ast-global-color-5)","background-image":"","background-repeat":"repeat","background-position":"center center","background-size":"auto","background-attachment":"scroll","background-type":"","background-media":"","overlay-type":"","overlay-color":"","overlay-opacity":"","overlay-gradient":""},"tablet":{"background-color":"var(--ast-global-color-5)","background-image":"","background-repeat":"repeat","background-position":"center center","background-size":"auto","background-attachment":"scroll","background-type":"","background-media":"","overlay-type":"","overlay-color":"","overlay-opacity":"","overlay-gradient":""},"mobile":{"background-color":"var(--ast-global-color-5)","background-image":"","background-repeat":"repeat","background-position":"center center","background-size":"auto","background-attachment":"scroll","background-type":"","background-media":"","overlay-type":"","overlay-color":"","overlay-opacity":"","overlay-gradient":""}}},"product_cat":[64],"product_tag":[],"class_list":{"0":"post-6499","1":"product","2":"type-product","3":"status-publish","4":"has-post-thumbnail","6":"product_cat-travel-adapter","7":"desktop-align-center","8":"tablet-align-center","9":"mobile-align-center","11":"first","12":"instock","13":"featured","14":"shipping-taxable","15":"product-type-simple"},"_links":{"self":[{"href":"https:\/\/imiapower.com\/tr\/wp-json\/wp\/v2\/product\/6499","targetHints":{"allow":["GET"]}}],"collection":[{"href":"https:\/\/imiapower.com\/tr\/wp-json\/wp\/v2\/product"}],"about":[{"href":"https:\/\/imiapower.com\/tr\/wp-json\/wp\/v2\/types\/product"}],"replies":[{"embeddable":true,"href":"https:\/\/imiapower.com\/tr\/wp-json\/wp\/v2\/comments?post=6499"}],"version-history":[{"count":5,"href":"https:\/\/imiapower.com\/tr\/wp-json\/wp\/v2\/product\/6499\/revisions"}],"predecessor-version":[{"id":8108,"href":"https:\/\/imiapower.com\/tr\/wp-json\/wp\/v2\/product\/6499\/revisions\/8108"}],"wp:featuredmedia":[{"embeddable":true,"href":"https:\/\/imiapower.com\/tr\/wp-json\/wp\/v2\/media\/7636"}],"wp:attachment":[{"href":"https:\/\/imiapower.com\/tr\/wp-json\/wp\/v2\/media?parent=6499"}],"wp:term":[{"taxonomy":"product_cat","embeddable":true,"href":"https:\/\/imiapower.com\/tr\/wp-json\/wp\/v2\/product_cat?post=6499"},{"taxonomy":"product_tag","embeddable":true,"href":"https:\/\/imiapower.com\/tr\/wp-json\/wp\/v2\/product_tag?post=6499"}],"curies":[{"name":"wp","href":"https:\/\/api.w.org\/{rel}","templated":true}]}}