{"id":6746,"date":"2024-02-23T02:21:29","date_gmt":"2024-02-23T02:21:29","guid":{"rendered":"https:\/\/imia.com.cn\/?post_type=product&#038;p=6746"},"modified":"2025-09-30T02:50:54","modified_gmt":"2025-09-30T02:50:54","slug":"universal-travel-converter-adapter","status":"publish","type":"product","link":"https:\/\/imiapower.com\/tr\/products\/travel-adapter\/universal-travel-converter-adapter\/","title":{"rendered":"Ucuz evrensel seyahat d\u00f6n\u00fc\u015ft\u00fcr\u00fcc\u00fc adapt\u00f6r\u00fc"},"content":{"rendered":"<ul>\n<li><strong>Evrensel seyahat d\u00f6n\u00fc\u015ft\u00fcr\u00fcc\u00fc adapt\u00f6r\u00fc<\/strong><\/li>\n<li><strong>AC giri\u015fi: <\/strong>100~250V\/AC 50-60Hz<\/li>\n<li><strong>AC \u00e7\u0131k\u0131\u015f\u0131:<\/strong>6A Maks.(660W\/110V veya 1440W\/240V)<\/li>\n<li><strong>Fi\u015f:<\/strong> AB\/AU\/\u0130ngiltere\/ABD<\/li>\n<li><strong>Renk: <\/strong>Siyah beyaz<\/li>\n<li><strong>Boyut:<\/strong>50*45*75mm<\/li>\n<li><strong>Malzeme :<\/strong> ABS+ bak\u0131r metali<\/li>\n<li><strong>\u00dclkeler:<\/strong> AB\/AU\/\u0130ngiltere\/ABD hepsi bir arada 170&#039;den fazla \u00fclkede kullan\u0131labilir<\/li>\n<li><strong>Sertifika:<\/strong> CE, Rohs<\/li>\n<\/ul>","protected":false},"excerpt":{"rendered":"<p>Bu, farkl\u0131 \u00fclkelere seyahat i\u00e7in gerekli bir \u00fcr\u00fcnd\u00fcr, \u00e7\u00fcnk\u00fc farkl\u0131 \u00fclkeler, \u015farj fi\u015fi farkl\u0131d\u0131r, AB, ABD, AUS, \u0130ngiltere fi\u015fi dahil bu adapt\u00f6r \u00e7o\u011fu \u00fclkenin fi\u015f talebini kar\u015f\u0131layabilir<\/p>\n<p>https:\/\/www.youtube.com\/embed\/XpbN6vevT88<\/p>\n<p>&nbsp;<\/p>","protected":false},"featured_media":7311,"comment_status":"closed","ping_status":"closed","template":"","meta":{"rank_math_lock_modified_date":false,"site-sidebar-layout":"default","site-content-layout":"","ast-site-content-layout":"default","site-content-style":"default","site-sidebar-style":"default","ast-global-header-display":"","ast-banner-title-visibility":"","ast-main-header-display":"","ast-hfb-above-header-display":"","ast-hfb-below-header-display":"","ast-hfb-mobile-header-display":"","site-post-title":"","ast-breadcrumbs-content":"","ast-featured-img":"","footer-sml-layout":"","ast-disable-related-posts":"","theme-transparent-header-meta":"default","adv-header-id-meta":"","stick-header-meta":"","header-above-stick-meta":"","header-main-stick-meta":"","header-below-stick-meta":"","astra-migrate-meta-layouts":"set","ast-page-background-enabled":"default","ast-page-background-meta":{"desktop":{"background-color":"","background-image":"","background-repeat":"repeat","background-position":"center center","background-size":"auto","background-attachment":"scroll","background-type":"","background-media":"","overlay-type":"","overlay-color":"","overlay-opacity":"","overlay-gradient":""},"tablet":{"background-color":"","background-image":"","background-repeat":"repeat","background-position":"center center","background-size":"auto","background-attachment":"scroll","background-type":"","background-media":"","overlay-type":"","overlay-color":"","overlay-opacity":"","overlay-gradient":""},"mobile":{"background-color":"","background-image":"","background-repeat":"repeat","background-position":"center center","background-size":"auto","background-attachment":"scroll","background-type":"","background-media":"","overlay-type":"","overlay-color":"","overlay-opacity":"","overlay-gradient":""}},"ast-content-background-meta":{"desktop":{"background-color":"var(--ast-global-color-5)","background-image":"","background-repeat":"repeat","background-position":"center center","background-size":"auto","background-attachment":"scroll","background-type":"","background-media":"","overlay-type":"","overlay-color":"","overlay-opacity":"","overlay-gradient":""},"tablet":{"background-color":"var(--ast-global-color-5)","background-image":"","background-repeat":"repeat","background-position":"center center","background-size":"auto","background-attachment":"scroll","background-type":"","background-media":"","overlay-type":"","overlay-color":"","overlay-opacity":"","overlay-gradient":""},"mobile":{"background-color":"var(--ast-global-color-5)","background-image":"","background-repeat":"repeat","background-position":"center center","background-size":"auto","background-attachment":"scroll","background-type":"","background-media":"","overlay-type":"","overlay-color":"","overlay-opacity":"","overlay-gradient":""}}},"product_cat":[64],"product_tag":[],"class_list":{"0":"post-6746","1":"product","2":"type-product","3":"status-publish","4":"has-post-thumbnail","6":"product_cat-travel-adapter","7":"desktop-align-center","8":"tablet-align-center","9":"mobile-align-center","11":"first","12":"instock","13":"shipping-taxable","14":"product-type-simple"},"_links":{"self":[{"href":"https:\/\/imiapower.com\/tr\/wp-json\/wp\/v2\/product\/6746","targetHints":{"allow":["GET"]}}],"collection":[{"href":"https:\/\/imiapower.com\/tr\/wp-json\/wp\/v2\/product"}],"about":[{"href":"https:\/\/imiapower.com\/tr\/wp-json\/wp\/v2\/types\/product"}],"replies":[{"embeddable":true,"href":"https:\/\/imiapower.com\/tr\/wp-json\/wp\/v2\/comments?post=6746"}],"version-history":[{"count":2,"href":"https:\/\/imiapower.com\/tr\/wp-json\/wp\/v2\/product\/6746\/revisions"}],"predecessor-version":[{"id":7811,"href":"https:\/\/imiapower.com\/tr\/wp-json\/wp\/v2\/product\/6746\/revisions\/7811"}],"wp:featuredmedia":[{"embeddable":true,"href":"https:\/\/imiapower.com\/tr\/wp-json\/wp\/v2\/media\/7311"}],"wp:attachment":[{"href":"https:\/\/imiapower.com\/tr\/wp-json\/wp\/v2\/media?parent=6746"}],"wp:term":[{"taxonomy":"product_cat","embeddable":true,"href":"https:\/\/imiapower.com\/tr\/wp-json\/wp\/v2\/product_cat?post=6746"},{"taxonomy":"product_tag","embeddable":true,"href":"https:\/\/imiapower.com\/tr\/wp-json\/wp\/v2\/product_tag?post=6746"}],"curies":[{"name":"wp","href":"https:\/\/api.w.org\/{rel}","templated":true}]}}