{"id":7082,"date":"2024-03-13T01:21:06","date_gmt":"2024-03-13T01:21:06","guid":{"rendered":"https:\/\/imia.com.cn\/?post_type=product&#038;p=7082"},"modified":"2024-11-01T01:55:47","modified_gmt":"2024-11-01T01:55:47","slug":"european-travel-adapter","status":"publish","type":"product","link":"https:\/\/imiapower.com\/tr\/products\/travel-adapter\/european-travel-adapter\/","title":{"rendered":"Beauty Avrupa seyahat adapt\u00f6r\u00fc 20W"},"content":{"rendered":"<ul>\n<li><strong>Avrupa seyahat adapt\u00f6r\u00fc<\/strong><\/li>\n<li><strong>AC giri\u015fi:<\/strong> 100~250V\/AC 50-60Hz<\/li>\n<li><strong>AC \u00e7\u0131k\u0131\u015f\u0131:<\/strong> 6A Maks.(600W\/100V veya 1500W\/250V)<\/li>\n<li><strong>USB-A \u00e7\u0131k\u0131\u015f\u0131:<\/strong> 5V3A ,9V2A ,12V 1,5A (QC 3,0 18W)<\/li>\n<li><strong>Tip-C:<\/strong> 5V3A, 9V2.22A, 12V1.67A (Maks. 20W)<\/li>\n<li><strong>Fi\u015f :<\/strong> AB\/AUS\/\u0130ngiltere\/ABD Boyutu:64,5x53x61,5 mm<\/li>\n<li><strong>Malzeme :<\/strong> ABS+ bak\u0131r metali<\/li>\n<li><strong>\u00dclkeler:<\/strong> AB\/AU\/\u0130ngiltere\/ABD hepsi bir arada 170&#039;den fazla \u00fclkede kullan\u0131labilir<\/li>\n<li><strong>Sertifika:<\/strong> CE, Rohs<\/li>\n<\/ul>","protected":false},"excerpt":{"rendered":"<p>Bu Avrupa seyahat adapt\u00f6r\u00fc y\u00fczey i\u015flemi, \u00fcr\u00fcn\u00fc \u00e7ok iyi bir el hissi haline getirecek ya\u011fl\u0131 boyay\u0131 se\u00e7ebilir<\/p>\n<p>Bu adapt\u00f6r boyutu ayn\u0131 boyuttaki modele g\u00f6re b\u00fcy\u00fck de\u011fil, 5w veya 12w tasar\u0131ml\u0131 olacak<\/p>\n<p>Bu modelde klasik seyahat adapt\u00f6r\u00fcyle kar\u015f\u0131la\u015ft\u0131r\u0131ld\u0131\u011f\u0131nda basma d\u00fc\u011fmesi daha kullan\u0131\u015fl\u0131d\u0131r<\/p>\n<p>ABD(JP)\/AU\/EU\/UK tek adapt\u00f6rde d\u00f6rt fi\u015f<\/p>\n<p><span style=\"font-size: 16px;\"><img fetchpriority=\"high\" decoding=\"async\" class=\"alignnone size-medium wp-image-8509\" src=\"https:\/\/imiapower.com\/wp-content\/uploads\/Travel-Adapter-6-300x300.jpg\" alt=\"Avrupa seyahat adapt\u00f6r\u00fc\" width=\"300\" height=\"300\" srcset=\"https:\/\/imiapower.com\/wp-content\/uploads\/Travel-Adapter-6-300x300.jpg 300w, https:\/\/imiapower.com\/wp-content\/uploads\/Travel-Adapter-6-100x100.jpg 100w, https:\/\/imiapower.com\/wp-content\/uploads\/Travel-Adapter-6-600x600.jpg 600w, https:\/\/imiapower.com\/wp-content\/uploads\/Travel-Adapter-6-64x64.jpg 64w, https:\/\/imiapower.com\/wp-content\/uploads\/Travel-Adapter-6-150x150.jpg 150w, https:\/\/imiapower.com\/wp-content\/uploads\/Travel-Adapter-6-768x768.jpg 768w, https:\/\/imiapower.com\/wp-content\/uploads\/Travel-Adapter-6-12x12.jpg 12w, https:\/\/imiapower.com\/wp-content\/uploads\/Travel-Adapter-6.jpg 800w\" sizes=\"(max-width: 300px) 100vw, 300px\" \/>\u00a0<\/span><\/p>\n<p>&nbsp;<\/p>\n<p>&nbsp;<\/p>\n<p>&nbsp;<\/p>","protected":false},"featured_media":7982,"comment_status":"open","ping_status":"closed","template":"","meta":{"rank_math_lock_modified_date":false,"site-sidebar-layout":"default","site-content-layout":"","ast-site-content-layout":"default","site-content-style":"default","site-sidebar-style":"default","ast-global-header-display":"","ast-banner-title-visibility":"","ast-main-header-display":"","ast-hfb-above-header-display":"","ast-hfb-below-header-display":"","ast-hfb-mobile-header-display":"","site-post-title":"","ast-breadcrumbs-content":"","ast-featured-img":"","footer-sml-layout":"","ast-disable-related-posts":"","theme-transparent-header-meta":"default","adv-header-id-meta":"","stick-header-meta":"","header-above-stick-meta":"","header-main-stick-meta":"","header-below-stick-meta":"","astra-migrate-meta-layouts":"set","ast-page-background-enabled":"default","ast-page-background-meta":{"desktop":{"background-color":"","background-image":"","background-repeat":"repeat","background-position":"center center","background-size":"auto","background-attachment":"scroll","background-type":"","background-media":"","overlay-type":"","overlay-color":"","overlay-opacity":"","overlay-gradient":""},"tablet":{"background-color":"","background-image":"","background-repeat":"repeat","background-position":"center center","background-size":"auto","background-attachment":"scroll","background-type":"","background-media":"","overlay-type":"","overlay-color":"","overlay-opacity":"","overlay-gradient":""},"mobile":{"background-color":"","background-image":"","background-repeat":"repeat","background-position":"center center","background-size":"auto","background-attachment":"scroll","background-type":"","background-media":"","overlay-type":"","overlay-color":"","overlay-opacity":"","overlay-gradient":""}},"ast-content-background-meta":{"desktop":{"background-color":"var(--ast-global-color-5)","background-image":"","background-repeat":"repeat","background-position":"center center","background-size":"auto","background-attachment":"scroll","background-type":"","background-media":"","overlay-type":"","overlay-color":"","overlay-opacity":"","overlay-gradient":""},"tablet":{"background-color":"var(--ast-global-color-5)","background-image":"","background-repeat":"repeat","background-position":"center center","background-size":"auto","background-attachment":"scroll","background-type":"","background-media":"","overlay-type":"","overlay-color":"","overlay-opacity":"","overlay-gradient":""},"mobile":{"background-color":"var(--ast-global-color-5)","background-image":"","background-repeat":"repeat","background-position":"center center","background-size":"auto","background-attachment":"scroll","background-type":"","background-media":"","overlay-type":"","overlay-color":"","overlay-opacity":"","overlay-gradient":""}}},"product_cat":[64],"product_tag":[],"class_list":{"0":"post-7082","1":"product","2":"type-product","3":"status-publish","4":"has-post-thumbnail","6":"product_cat-travel-adapter","7":"desktop-align-center","8":"tablet-align-center","9":"mobile-align-center","11":"first","12":"instock","13":"shipping-taxable","14":"product-type-simple"},"_links":{"self":[{"href":"https:\/\/imiapower.com\/tr\/wp-json\/wp\/v2\/product\/7082","targetHints":{"allow":["GET"]}}],"collection":[{"href":"https:\/\/imiapower.com\/tr\/wp-json\/wp\/v2\/product"}],"about":[{"href":"https:\/\/imiapower.com\/tr\/wp-json\/wp\/v2\/types\/product"}],"replies":[{"embeddable":true,"href":"https:\/\/imiapower.com\/tr\/wp-json\/wp\/v2\/comments?post=7082"}],"version-history":[{"count":5,"href":"https:\/\/imiapower.com\/tr\/wp-json\/wp\/v2\/product\/7082\/revisions"}],"predecessor-version":[{"id":7984,"href":"https:\/\/imiapower.com\/tr\/wp-json\/wp\/v2\/product\/7082\/revisions\/7984"}],"wp:featuredmedia":[{"embeddable":true,"href":"https:\/\/imiapower.com\/tr\/wp-json\/wp\/v2\/media\/7982"}],"wp:attachment":[{"href":"https:\/\/imiapower.com\/tr\/wp-json\/wp\/v2\/media?parent=7082"}],"wp:term":[{"taxonomy":"product_cat","embeddable":true,"href":"https:\/\/imiapower.com\/tr\/wp-json\/wp\/v2\/product_cat?post=7082"},{"taxonomy":"product_tag","embeddable":true,"href":"https:\/\/imiapower.com\/tr\/wp-json\/wp\/v2\/product_tag?post=7082"}],"curies":[{"name":"wp","href":"https:\/\/api.w.org\/{rel}","templated":true}]}}