{"id":7122,"date":"2024-03-15T03:50:30","date_gmt":"2024-03-15T03:50:30","guid":{"rendered":"https:\/\/imia.com.cn\/?post_type=product&#038;p=7122"},"modified":"2026-01-05T08:15:11","modified_gmt":"2026-01-05T08:15:11","slug":"65w-usb-c-laptop-charger","status":"publish","type":"product","link":"https:\/\/imiapower.com\/tr\/products\/wall-charger\/65w-usb-c-laptop-charger\/","title":{"rendered":"1,2 m kablo ile yarat\u0131c\u0131 65w usb c diz\u00fcst\u00fc bilgisayar \u015farj cihaz\u0131"},"content":{"rendered":"<ul>\n<li><strong>65w USB C diz\u00fcst\u00fc bilgisayar \u015farj cihaz\u0131<\/strong><\/li>\n<li><strong>Boyut:<\/strong>65*65*29MM<\/li>\n<li><strong>Karakteristik:<\/strong> Katlan\u0131r ABD fi\u015fi<\/li>\n<li><strong>\u00c7\u0131kt\u0131:<\/strong> 5V\/3A, 9V\/3A, 12V\/3A, 15V\/3A, 20V\/3,25A (Maks. 65w)<\/li>\n<li><strong>Renk:<\/strong> Siyah beyaz<\/li>\n<li><strong>Giri\u015f:<\/strong> 100-240VAC 50\/60HZ<\/li>\n<li><strong>Sertifika:<\/strong> UL \/FCC\/ CE\/ CB\/ UKCA\/ PSE<\/li>\n<li><strong>Ekstra:<\/strong> 1,2M C tipi kablo<\/li>\n<li><strong>Kapak:<\/strong> Ate\u015fe dayan\u0131kl\u0131 malzeme<\/li>\n<\/ul>","protected":false},"excerpt":{"rendered":"<p>Bu 65w g\u00fc\u00e7 adapt\u00f6r\u00fc d\u00fcnya \u00e7ap\u0131nda sertifikaya sahiptir. Bunu bizden sat\u0131n alan m\u00fc\u015fteriler onu herhangi bir \u00fclkede satabilirler ve y\u00fcksek h\u0131zl\u0131 bir diz\u00fcst\u00fc bilgisayar i\u00e7in iyi bir \u015farj se\u00e7ene\u011fidir.<\/p>\n<p>Ar\u0131zal\u0131 veya kaybolan orijinal g\u00fc\u00e7 adapt\u00f6rlerinin yerine ge\u00e7en s\u00fcper ince ve kompakt bir \u00fcr\u00fcnd\u00fcr. Ayr\u0131ca ofiste, seyahatte veya evde ikinci bir g\u00fc\u00e7 adapt\u00f6r\u00fc i\u00e7in de idealdir.<\/p>\n<p>USB-C konekt\u00f6r\u00fcyle \u015farj edilen en yeni diz\u00fcst\u00fc bilgisayarlar\/diz\u00fcst\u00fc bilgisayarlar\/ak\u0131ll\u0131 telefonlar ile uyumludur<\/p>\n<p>ABD\/\u0130ngiltere\/AB\/AUS fi\u015fleri mevcuttur<\/p>\n<p>\u00dccretsiz \u00f6rnekler sa\u011flanabilir<\/p>\n<p>Di\u011ferleriyle kar\u015f\u0131la\u015ft\u0131r\u0131ld\u0131\u011f\u0131nda, bu 65w USB c diz\u00fcst\u00fc bilgisayar \u015farj cihaz\u0131 3 y\u0131l garanti sa\u011flar<\/p>\n<p>&nbsp;<\/p>\n<p>&nbsp;<\/p>\n<p>&nbsp;<\/p>\n<p>&nbsp;<\/p>","protected":false},"featured_media":7390,"comment_status":"open","ping_status":"closed","template":"","meta":{"rank_math_lock_modified_date":false,"site-sidebar-layout":"default","site-content-layout":"","ast-site-content-layout":"default","site-content-style":"default","site-sidebar-style":"default","ast-global-header-display":"","ast-banner-title-visibility":"","ast-main-header-display":"","ast-hfb-above-header-display":"","ast-hfb-below-header-display":"","ast-hfb-mobile-header-display":"","site-post-title":"","ast-breadcrumbs-content":"","ast-featured-img":"","footer-sml-layout":"","ast-disable-related-posts":"","theme-transparent-header-meta":"default","adv-header-id-meta":"","stick-header-meta":"","header-above-stick-meta":"","header-main-stick-meta":"","header-below-stick-meta":"","astra-migrate-meta-layouts":"set","ast-page-background-enabled":"default","ast-page-background-meta":{"desktop":{"background-color":"","background-image":"","background-repeat":"repeat","background-position":"center center","background-size":"auto","background-attachment":"scroll","background-type":"","background-media":"","overlay-type":"","overlay-color":"","overlay-opacity":"","overlay-gradient":""},"tablet":{"background-color":"","background-image":"","background-repeat":"repeat","background-position":"center center","background-size":"auto","background-attachment":"scroll","background-type":"","background-media":"","overlay-type":"","overlay-color":"","overlay-opacity":"","overlay-gradient":""},"mobile":{"background-color":"","background-image":"","background-repeat":"repeat","background-position":"center center","background-size":"auto","background-attachment":"scroll","background-type":"","background-media":"","overlay-type":"","overlay-color":"","overlay-opacity":"","overlay-gradient":""}},"ast-content-background-meta":{"desktop":{"background-color":"var(--ast-global-color-5)","background-image":"","background-repeat":"repeat","background-position":"center center","background-size":"auto","background-attachment":"scroll","background-type":"","background-media":"","overlay-type":"","overlay-color":"","overlay-opacity":"","overlay-gradient":""},"tablet":{"background-color":"var(--ast-global-color-5)","background-image":"","background-repeat":"repeat","background-position":"center center","background-size":"auto","background-attachment":"scroll","background-type":"","background-media":"","overlay-type":"","overlay-color":"","overlay-opacity":"","overlay-gradient":""},"mobile":{"background-color":"var(--ast-global-color-5)","background-image":"","background-repeat":"repeat","background-position":"center center","background-size":"auto","background-attachment":"scroll","background-type":"","background-media":"","overlay-type":"","overlay-color":"","overlay-opacity":"","overlay-gradient":""}}},"product_cat":[43],"product_tag":[],"class_list":{"0":"post-7122","1":"product","2":"type-product","3":"status-publish","4":"has-post-thumbnail","6":"product_cat-wall-charger","7":"desktop-align-center","8":"tablet-align-center","9":"mobile-align-center","11":"first","12":"instock","13":"featured","14":"shipping-taxable","15":"product-type-simple"},"_links":{"self":[{"href":"https:\/\/imiapower.com\/tr\/wp-json\/wp\/v2\/product\/7122","targetHints":{"allow":["GET"]}}],"collection":[{"href":"https:\/\/imiapower.com\/tr\/wp-json\/wp\/v2\/product"}],"about":[{"href":"https:\/\/imiapower.com\/tr\/wp-json\/wp\/v2\/types\/product"}],"replies":[{"embeddable":true,"href":"https:\/\/imiapower.com\/tr\/wp-json\/wp\/v2\/comments?post=7122"}],"version-history":[{"count":3,"href":"https:\/\/imiapower.com\/tr\/wp-json\/wp\/v2\/product\/7122\/revisions"}],"predecessor-version":[{"id":7904,"href":"https:\/\/imiapower.com\/tr\/wp-json\/wp\/v2\/product\/7122\/revisions\/7904"}],"wp:featuredmedia":[{"embeddable":true,"href":"https:\/\/imiapower.com\/tr\/wp-json\/wp\/v2\/media\/7390"}],"wp:attachment":[{"href":"https:\/\/imiapower.com\/tr\/wp-json\/wp\/v2\/media?parent=7122"}],"wp:term":[{"taxonomy":"product_cat","embeddable":true,"href":"https:\/\/imiapower.com\/tr\/wp-json\/wp\/v2\/product_cat?post=7122"},{"taxonomy":"product_tag","embeddable":true,"href":"https:\/\/imiapower.com\/tr\/wp-json\/wp\/v2\/product_tag?post=7122"}],"curies":[{"name":"wp","href":"https:\/\/api.w.org\/{rel}","templated":true}]}}