{"id":7141,"date":"2024-03-18T01:08:25","date_gmt":"2024-03-18T01:08:25","guid":{"rendered":"https:\/\/imia.com.cn\/?post_type=product&#038;p=7141"},"modified":"2024-11-29T01:37:07","modified_gmt":"2024-11-29T01:37:07","slug":"china-usb-charger-manufacturer","status":"publish","type":"product","link":"https:\/\/imiapower.com\/tr\/products\/wall-charger\/china-usb-charger-manufacturer\/","title":{"rendered":"G\u00fc\u00e7l\u00fc mini 33w \u00e7in usb \u015farj cihaz\u0131 \u00fcreticisi"},"content":{"rendered":"<ul>\n<li><strong>\u00c7in USB \u015farj cihaz\u0131 \u00fcreticisi<\/strong><\/li>\n<li><strong>Giri\u015f:<\/strong> 110-240V AC 50-60HZ<\/li>\n<li><strong>\u00c7\u0131kt\u0131:<\/strong> USB A: 5V3A\/9V2A\/12V1.5A QC18W<\/li>\n<li><strong>Tip C1:<\/strong> 5V3A\/9V3A\/12V1.5A\/15V2A\/20V1.5A<\/li>\n<li><strong>PPS:<\/strong> 3,3V-11V 3A 3,3V-16V2A 33W MAX A+C: 5V3A<\/li>\n<li><strong>Malzeme:<\/strong> PC yanmaz malzeme<\/li>\n<li><strong>Boyut:<\/strong> 30*30*68 cm<\/li>\n<li><strong>Renk:<\/strong> Pembe, Mavi, Ye\u015fil<\/li>\n<li><strong>Sertifika:<\/strong> KC, CE, FCC, ROHS<\/li>\n<\/ul>","protected":false},"excerpt":{"rendered":"<p>\u00c7in USB \u015farj cihaz\u0131 \u00fcreticisi olarak, her zaman farkl\u0131 serilerde g\u00fc\u00e7le ilgili \u00fcr\u00fcnler sa\u011fl\u0131yoruz.<\/p>\n<p>Bu, kolayca kullanabilece\u011finiz harika bir cihazd\u0131r \u00e7\u00fcnk\u00fc teknoloji, telefonunuzun pilini en iyi \u015fekilde korur.<\/p>\n<p>PD teknolojisiyle donat\u0131lm\u0131\u015f olup, cihazlar\u0131n\u0131z\u0131 standart \u015farj cihazlar\u0131na k\u0131yasla 3 kata kadar daha h\u0131zl\u0131 \u015farj eder.<\/p>\n<p>\u00c7ok \u00e7e\u015fitli markal\u0131 telefon cihazlar\u0131n\u0131 destekler, testi yapmak i\u00e7in her zaman farkl\u0131 markal\u0131 ak\u0131ll\u0131 telefonlar kullan\u0131r\u0131z ve uyumlu oldu\u011fundan emin oluruz. Ak\u0131ll\u0131 \u015farj teknolojisi, cihaz\u0131n\u0131z i\u00e7in optimum g\u00fcc\u00fc sa\u011flamak \u00fczere otomatik olarak uyum sa\u011flar<\/p>\n<p>&nbsp;<\/p>","protected":false},"featured_media":8240,"comment_status":"open","ping_status":"closed","template":"","meta":{"rank_math_lock_modified_date":false,"site-sidebar-layout":"default","site-content-layout":"","ast-site-content-layout":"default","site-content-style":"default","site-sidebar-style":"default","ast-global-header-display":"","ast-banner-title-visibility":"","ast-main-header-display":"","ast-hfb-above-header-display":"","ast-hfb-below-header-display":"","ast-hfb-mobile-header-display":"","site-post-title":"","ast-breadcrumbs-content":"","ast-featured-img":"","footer-sml-layout":"","ast-disable-related-posts":"","theme-transparent-header-meta":"default","adv-header-id-meta":"","stick-header-meta":"","header-above-stick-meta":"","header-main-stick-meta":"","header-below-stick-meta":"","astra-migrate-meta-layouts":"set","ast-page-background-enabled":"default","ast-page-background-meta":{"desktop":{"background-color":"","background-image":"","background-repeat":"repeat","background-position":"center center","background-size":"auto","background-attachment":"scroll","background-type":"","background-media":"","overlay-type":"","overlay-color":"","overlay-opacity":"","overlay-gradient":""},"tablet":{"background-color":"","background-image":"","background-repeat":"repeat","background-position":"center center","background-size":"auto","background-attachment":"scroll","background-type":"","background-media":"","overlay-type":"","overlay-color":"","overlay-opacity":"","overlay-gradient":""},"mobile":{"background-color":"","background-image":"","background-repeat":"repeat","background-position":"center center","background-size":"auto","background-attachment":"scroll","background-type":"","background-media":"","overlay-type":"","overlay-color":"","overlay-opacity":"","overlay-gradient":""}},"ast-content-background-meta":{"desktop":{"background-color":"var(--ast-global-color-5)","background-image":"","background-repeat":"repeat","background-position":"center center","background-size":"auto","background-attachment":"scroll","background-type":"","background-media":"","overlay-type":"","overlay-color":"","overlay-opacity":"","overlay-gradient":""},"tablet":{"background-color":"var(--ast-global-color-5)","background-image":"","background-repeat":"repeat","background-position":"center center","background-size":"auto","background-attachment":"scroll","background-type":"","background-media":"","overlay-type":"","overlay-color":"","overlay-opacity":"","overlay-gradient":""},"mobile":{"background-color":"var(--ast-global-color-5)","background-image":"","background-repeat":"repeat","background-position":"center center","background-size":"auto","background-attachment":"scroll","background-type":"","background-media":"","overlay-type":"","overlay-color":"","overlay-opacity":"","overlay-gradient":""}}},"product_cat":[43],"product_tag":[],"class_list":{"0":"post-7141","1":"product","2":"type-product","3":"status-publish","4":"has-post-thumbnail","6":"product_cat-wall-charger","7":"desktop-align-center","8":"tablet-align-center","9":"mobile-align-center","11":"first","12":"instock","13":"shipping-taxable","14":"product-type-simple"},"_links":{"self":[{"href":"https:\/\/imiapower.com\/tr\/wp-json\/wp\/v2\/product\/7141","targetHints":{"allow":["GET"]}}],"collection":[{"href":"https:\/\/imiapower.com\/tr\/wp-json\/wp\/v2\/product"}],"about":[{"href":"https:\/\/imiapower.com\/tr\/wp-json\/wp\/v2\/types\/product"}],"replies":[{"embeddable":true,"href":"https:\/\/imiapower.com\/tr\/wp-json\/wp\/v2\/comments?post=7141"}],"version-history":[{"count":5,"href":"https:\/\/imiapower.com\/tr\/wp-json\/wp\/v2\/product\/7141\/revisions"}],"predecessor-version":[{"id":8706,"href":"https:\/\/imiapower.com\/tr\/wp-json\/wp\/v2\/product\/7141\/revisions\/8706"}],"wp:featuredmedia":[{"embeddable":true,"href":"https:\/\/imiapower.com\/tr\/wp-json\/wp\/v2\/media\/8240"}],"wp:attachment":[{"href":"https:\/\/imiapower.com\/tr\/wp-json\/wp\/v2\/media?parent=7141"}],"wp:term":[{"taxonomy":"product_cat","embeddable":true,"href":"https:\/\/imiapower.com\/tr\/wp-json\/wp\/v2\/product_cat?post=7141"},{"taxonomy":"product_tag","embeddable":true,"href":"https:\/\/imiapower.com\/tr\/wp-json\/wp\/v2\/product_tag?post=7141"}],"curies":[{"name":"wp","href":"https:\/\/api.w.org\/{rel}","templated":true}]}}