{"id":7178,"date":"2024-03-19T01:52:07","date_gmt":"2024-03-19T01:52:07","guid":{"rendered":"https:\/\/imia.com.cn\/?post_type=product&#038;p=7178"},"modified":"2024-08-02T03:12:52","modified_gmt":"2024-08-02T03:12:52","slug":"usb-type-c-45w-charger","status":"publish","type":"product","link":"https:\/\/imiapower.com\/tr\/products\/wall-charger\/usb-type-c-45w-charger\/","title":{"rendered":"\u00c7ift renkli usb c tipi 45w \u015farj cihaz\u0131"},"content":{"rendered":"<ul>\n<li><strong>USB tip c 45w \u015farj cihaz\u0131<\/strong><\/li>\n<li><strong>Giri\u015f:<\/strong> 100-240V AC 50-60HZ 0,5A<\/li>\n<li><strong>\u00c7\u0131kt\u0131 :<\/strong> Tip-C 1: 5V3A 9V3A 12V3A 15V3A 20V2.25A (MAKS. 45W)<\/li>\n<li><strong>Tip-C 2:<\/strong> 5V3A 9V2 A 12V1,5A (MAKS. 18W)<\/li>\n<li><strong>USB+Tip C:<\/strong> 45W<\/li>\n<li><strong>Destekleyici Anla\u015fma:<\/strong> Qc4.0+,PD3.0,QC3.0,,QC2.0,SCP,FCP,AFC,PPS ELMA 2.4A,MTK P<\/li>\n<li><strong>Malzeme:<\/strong> Ate\u015flenen bilgisayar<\/li>\n<\/ul>","protected":false},"excerpt":{"rendered":"<p>USB Type C 45W \u015farj cihaz\u0131 Giri\u015f: 100-240V AC 50-60HZ 0.5A \u00c7\u0131k\u0131\u015f: Type-C 1: 5V3A 9V3A 12V3A 15V3A 20V2.25A (MAKS. 45W) Type-C 2: 5V3A 9V2 A 12V1.5A (MAKS. 18W) USB+Type C: 45W Desteklenen Anla\u015fma: Qc4.0+,PD3.0,QC3.0,,QC2.0,SCP,FCP,AFC,PPS APPLE 2.4A,MTK P Malzeme: Ate\u015fli PC<\/p>","protected":false},"featured_media":8251,"comment_status":"open","ping_status":"closed","template":"","meta":{"rank_math_lock_modified_date":false,"site-sidebar-layout":"default","site-content-layout":"","ast-site-content-layout":"default","site-content-style":"default","site-sidebar-style":"default","ast-global-header-display":"","ast-banner-title-visibility":"","ast-main-header-display":"","ast-hfb-above-header-display":"","ast-hfb-below-header-display":"","ast-hfb-mobile-header-display":"","site-post-title":"","ast-breadcrumbs-content":"","ast-featured-img":"","footer-sml-layout":"","ast-disable-related-posts":"","theme-transparent-header-meta":"default","adv-header-id-meta":"","stick-header-meta":"","header-above-stick-meta":"","header-main-stick-meta":"","header-below-stick-meta":"","astra-migrate-meta-layouts":"set","ast-page-background-enabled":"default","ast-page-background-meta":{"desktop":{"background-color":"","background-image":"","background-repeat":"repeat","background-position":"center center","background-size":"auto","background-attachment":"scroll","background-type":"","background-media":"","overlay-type":"","overlay-color":"","overlay-opacity":"","overlay-gradient":""},"tablet":{"background-color":"","background-image":"","background-repeat":"repeat","background-position":"center center","background-size":"auto","background-attachment":"scroll","background-type":"","background-media":"","overlay-type":"","overlay-color":"","overlay-opacity":"","overlay-gradient":""},"mobile":{"background-color":"","background-image":"","background-repeat":"repeat","background-position":"center center","background-size":"auto","background-attachment":"scroll","background-type":"","background-media":"","overlay-type":"","overlay-color":"","overlay-opacity":"","overlay-gradient":""}},"ast-content-background-meta":{"desktop":{"background-color":"var(--ast-global-color-5)","background-image":"","background-repeat":"repeat","background-position":"center center","background-size":"auto","background-attachment":"scroll","background-type":"","background-media":"","overlay-type":"","overlay-color":"","overlay-opacity":"","overlay-gradient":""},"tablet":{"background-color":"var(--ast-global-color-5)","background-image":"","background-repeat":"repeat","background-position":"center center","background-size":"auto","background-attachment":"scroll","background-type":"","background-media":"","overlay-type":"","overlay-color":"","overlay-opacity":"","overlay-gradient":""},"mobile":{"background-color":"var(--ast-global-color-5)","background-image":"","background-repeat":"repeat","background-position":"center center","background-size":"auto","background-attachment":"scroll","background-type":"","background-media":"","overlay-type":"","overlay-color":"","overlay-opacity":"","overlay-gradient":""}}},"product_cat":[43],"product_tag":[],"class_list":{"0":"post-7178","1":"product","2":"type-product","3":"status-publish","4":"has-post-thumbnail","6":"product_cat-wall-charger","7":"desktop-align-center","8":"tablet-align-center","9":"mobile-align-center","11":"first","12":"instock","13":"shipping-taxable","14":"product-type-simple"},"_links":{"self":[{"href":"https:\/\/imiapower.com\/tr\/wp-json\/wp\/v2\/product\/7178","targetHints":{"allow":["GET"]}}],"collection":[{"href":"https:\/\/imiapower.com\/tr\/wp-json\/wp\/v2\/product"}],"about":[{"href":"https:\/\/imiapower.com\/tr\/wp-json\/wp\/v2\/types\/product"}],"replies":[{"embeddable":true,"href":"https:\/\/imiapower.com\/tr\/wp-json\/wp\/v2\/comments?post=7178"}],"version-history":[{"count":1,"href":"https:\/\/imiapower.com\/tr\/wp-json\/wp\/v2\/product\/7178\/revisions"}],"predecessor-version":[{"id":8252,"href":"https:\/\/imiapower.com\/tr\/wp-json\/wp\/v2\/product\/7178\/revisions\/8252"}],"wp:featuredmedia":[{"embeddable":true,"href":"https:\/\/imiapower.com\/tr\/wp-json\/wp\/v2\/media\/8251"}],"wp:attachment":[{"href":"https:\/\/imiapower.com\/tr\/wp-json\/wp\/v2\/media?parent=7178"}],"wp:term":[{"taxonomy":"product_cat","embeddable":true,"href":"https:\/\/imiapower.com\/tr\/wp-json\/wp\/v2\/product_cat?post=7178"},{"taxonomy":"product_tag","embeddable":true,"href":"https:\/\/imiapower.com\/tr\/wp-json\/wp\/v2\/product_tag?post=7178"}],"curies":[{"name":"wp","href":"https:\/\/api.w.org\/{rel}","templated":true}]}}