{"id":7197,"date":"2024-03-22T00:15:10","date_gmt":"2024-03-22T00:15:10","guid":{"rendered":"https:\/\/imia.com.cn\/?post_type=product&#038;p=7197"},"modified":"2024-08-02T02:16:18","modified_gmt":"2024-08-02T02:16:18","slug":"usb-car-charger","status":"publish","type":"product","link":"https:\/\/imiapower.com\/tr\/products\/car-charger\/usb-car-charger\/","title":{"rendered":"\u00c7in&#039;den g\u00fc\u00e7l\u00fc USB ara\u00e7 \u015farj cihaz\u0131 38W"},"content":{"rendered":"<ul>\n<li><strong>usb ara\u00e7 \u015farj cihaz\u0131<\/strong><\/li>\n<li><strong>Giri\u015f:<\/strong> DC12V-24V<\/li>\n<li><strong>\u00c7\u0131k\u0131\u015f Versiyonu1# 1usb:<\/strong> 5V2.1A<\/li>\n<li><strong>S\u00fcr\u00fcm2# 1usb:<\/strong> 5V3A\/9V2A\/12V1.5A (Maks.18W)<\/li>\n<li><strong>S\u00fcr\u00fcm 3# 2usb:<\/strong> usb1 5V2.1A, usb2 5V2.1A usb1+usb2 5V3.4A<\/li>\n<li><strong>S\u00fcr\u00fcm 4# 2usb:<\/strong> usb1 5V3A\/9V2A\/12V1,5A(Maks.18W) usb2 5V3A\/9V2A\/12V1,5A(Maks.18W) Toplam: 36W(Maks.)<\/li>\n<li><strong>S\u00fcr\u00fcm 5# 1usb+1 tip-c:<\/strong> tipc: 5V3A\/9V2.22A\/12V1.67A(Maks.20W) usb1: 5V3A\/9V2A\/12V1.5A(Maks.18W) Toplam: 38W(Maks.)<\/li>\n<li><strong>Sertifikasyon:<\/strong> CE, ROHS, CCC<\/li>\n<li><strong>\u00dcretim teslim s\u00fcresi<\/strong>: yakla\u015f\u0131k 30-35 g\u00fcn<\/li>\n<\/ul>","protected":false},"excerpt":{"rendered":"<p>USB ara\u00e7 \u015farj cihaz\u0131 genellikle \u00e7akmak yuvas\u0131 olarak bilinir ve ak\u0131ll\u0131 telefonlar, tabletler ve di\u011fer elektronik ayg\u0131tlar gibi elektronik ayg\u0131tlar\u0131 \u015farj etmek i\u00e7in bir veya daha fazla USB ba\u011flant\u0131 noktas\u0131 sa\u011flar.<\/p>\n<p>Bu ara\u00e7 \u015farj cihaz\u0131, farkl\u0131 g\u00fc\u00e7 tasar\u0131mlar\u0131na sahip bir kal\u0131p kullan\u0131r (10,5w, 18w, 36w, 38w \u00e7e\u015fitli se\u00e7enekler), toptanc\u0131lar bunlar\u0131 ayr\u0131 olarak satabilir veya indirimli fiyatla ayarlayabilir<\/p>\n<p>Her zaman 1 y\u0131l garanti ve \u00fccretsiz numune sa\u011fl\u0131yoruz<\/p>\n<p>&nbsp;<\/p>","protected":false},"featured_media":8236,"comment_status":"open","ping_status":"closed","template":"","meta":{"rank_math_lock_modified_date":false,"site-sidebar-layout":"default","site-content-layout":"","ast-site-content-layout":"default","site-content-style":"default","site-sidebar-style":"default","ast-global-header-display":"","ast-banner-title-visibility":"","ast-main-header-display":"","ast-hfb-above-header-display":"","ast-hfb-below-header-display":"","ast-hfb-mobile-header-display":"","site-post-title":"","ast-breadcrumbs-content":"","ast-featured-img":"","footer-sml-layout":"","ast-disable-related-posts":"","theme-transparent-header-meta":"default","adv-header-id-meta":"","stick-header-meta":"","header-above-stick-meta":"","header-main-stick-meta":"","header-below-stick-meta":"","astra-migrate-meta-layouts":"set","ast-page-background-enabled":"default","ast-page-background-meta":{"desktop":{"background-color":"","background-image":"","background-repeat":"repeat","background-position":"center center","background-size":"auto","background-attachment":"scroll","background-type":"","background-media":"","overlay-type":"","overlay-color":"","overlay-opacity":"","overlay-gradient":""},"tablet":{"background-color":"","background-image":"","background-repeat":"repeat","background-position":"center center","background-size":"auto","background-attachment":"scroll","background-type":"","background-media":"","overlay-type":"","overlay-color":"","overlay-opacity":"","overlay-gradient":""},"mobile":{"background-color":"","background-image":"","background-repeat":"repeat","background-position":"center center","background-size":"auto","background-attachment":"scroll","background-type":"","background-media":"","overlay-type":"","overlay-color":"","overlay-opacity":"","overlay-gradient":""}},"ast-content-background-meta":{"desktop":{"background-color":"var(--ast-global-color-5)","background-image":"","background-repeat":"repeat","background-position":"center center","background-size":"auto","background-attachment":"scroll","background-type":"","background-media":"","overlay-type":"","overlay-color":"","overlay-opacity":"","overlay-gradient":""},"tablet":{"background-color":"var(--ast-global-color-5)","background-image":"","background-repeat":"repeat","background-position":"center center","background-size":"auto","background-attachment":"scroll","background-type":"","background-media":"","overlay-type":"","overlay-color":"","overlay-opacity":"","overlay-gradient":""},"mobile":{"background-color":"var(--ast-global-color-5)","background-image":"","background-repeat":"repeat","background-position":"center center","background-size":"auto","background-attachment":"scroll","background-type":"","background-media":"","overlay-type":"","overlay-color":"","overlay-opacity":"","overlay-gradient":""}}},"product_cat":[41],"product_tag":[],"class_list":{"0":"post-7197","1":"product","2":"type-product","3":"status-publish","4":"has-post-thumbnail","6":"product_cat-car-charger","7":"desktop-align-center","8":"tablet-align-center","9":"mobile-align-center","11":"first","12":"instock","13":"shipping-taxable","14":"product-type-simple"},"_links":{"self":[{"href":"https:\/\/imiapower.com\/tr\/wp-json\/wp\/v2\/product\/7197","targetHints":{"allow":["GET"]}}],"collection":[{"href":"https:\/\/imiapower.com\/tr\/wp-json\/wp\/v2\/product"}],"about":[{"href":"https:\/\/imiapower.com\/tr\/wp-json\/wp\/v2\/types\/product"}],"replies":[{"embeddable":true,"href":"https:\/\/imiapower.com\/tr\/wp-json\/wp\/v2\/comments?post=7197"}],"version-history":[{"count":2,"href":"https:\/\/imiapower.com\/tr\/wp-json\/wp\/v2\/product\/7197\/revisions"}],"predecessor-version":[{"id":8202,"href":"https:\/\/imiapower.com\/tr\/wp-json\/wp\/v2\/product\/7197\/revisions\/8202"}],"wp:featuredmedia":[{"embeddable":true,"href":"https:\/\/imiapower.com\/tr\/wp-json\/wp\/v2\/media\/8236"}],"wp:attachment":[{"href":"https:\/\/imiapower.com\/tr\/wp-json\/wp\/v2\/media?parent=7197"}],"wp:term":[{"taxonomy":"product_cat","embeddable":true,"href":"https:\/\/imiapower.com\/tr\/wp-json\/wp\/v2\/product_cat?post=7197"},{"taxonomy":"product_tag","embeddable":true,"href":"https:\/\/imiapower.com\/tr\/wp-json\/wp\/v2\/product_tag?post=7197"}],"curies":[{"name":"wp","href":"https:\/\/api.w.org\/{rel}","templated":true}]}}