{"id":7234,"date":"2024-03-23T01:39:56","date_gmt":"2024-03-23T01:39:56","guid":{"rendered":"https:\/\/imia.com.cn\/?post_type=product&#038;p=7234"},"modified":"2025-07-21T08:57:02","modified_gmt":"2025-07-21T08:57:02","slug":"usb-c-charger-65w","status":"publish","type":"product","link":"https:\/\/imiapower.com\/tr\/products\/wall-charger\/usb-c-charger-65w\/","title":{"rendered":"Ucuz fiyata usb c \u015farj cihaz\u0131 65w"},"content":{"rendered":"<ul>\n<li><strong>USB C \u015farj cihaz\u0131 65w<\/strong><\/li>\n<li><strong>Giri\u015f:<\/strong> 110-240V AC 50-60HZ<\/li>\n<li><strong>Tip C1\/C2:<\/strong> 5V3A\/9V3A\/12V3A\/15V3A\/20V3.25A<\/li>\n<li><strong>USB BA\u011eLANTI:<\/strong> 4.5V5A\/3V4A\/9V3A\/12V2.5A\/20V1.5A<\/li>\n<li><strong>C1+C2:<\/strong> 45W+20W<\/li>\n<li><strong>C1+USB:<\/strong> 45W+18W<\/li>\n<li><strong>C2+USB:<\/strong> 5V3A(15W)<\/li>\n<li><strong>C1+C2\/USB:<\/strong> 45W+15W<\/li>\n<li><strong>Sertifika:<\/strong> CE, KC<\/li>\n<li><strong>\u00dcretim teslim s\u00fcresi:<\/strong> 25-30 g\u00fcn<\/li>\n<\/ul>","protected":false},"excerpt":{"rendered":"<p>https:\/\/youtu.be\/N_ZkLYpTEQM<\/p>\n<p>Bu 65w \u015farj cihaz\u0131, y\u00fcksek \u015farj h\u0131z\u0131yla ayn\u0131 anda 3 cihaz\u0131 \u015farj edebilir<\/p>\n<p>USB C \u015farj cihaz\u0131 65w art\u0131k eskisinden daha pop\u00fcler hale geldi; bu \u015farj cihaz\u0131 cep telefonlar\u0131, tabletler, diz\u00fcst\u00fc bilgisayarlar vb. \u015farj s\u00fcresinden tasarruf edebilir<\/p>\n<p>Bu <mark>\u015farj cihaz\u0131 65w<\/mark> en ucuz 65w \u015farj cihaz\u0131d\u0131r, $4.8 fiyat\u0131n\u0131 sunuyoruz ve \u00f6zelle\u015ftirilmi\u015f tasar\u0131m da kabul edilebilir, ayr\u0131ca baz\u0131 m\u00fc\u015fterilerin isteklerini kar\u015f\u0131lamas\u0131 i\u00e7in daha d\u00fc\u015f\u00fck fiyata SKD (Yar\u0131 Devrilmi\u015f) sa\u011flayabiliriz<\/p>\n<p>Bu model \u00e7o\u011fu \u00fclkede kullan\u0131labilen tek voltaj\u0131 (y\u00fcksek voltaj) benimser<\/p>\n<p>Sertifika sa\u011flanabilir<\/p>\n<p>Sipari\u015f verilmeden \u00f6nce test ve fabrika denetimi i\u00e7in de\u011ferli m\u00fc\u015fterilerimize her zaman \u00fccretsiz numune sa\u011fl\u0131yoruz<\/p>\n<p>\u00c7e\u015fitli renkler se\u00e7ilebilir, beyaz, siyah, pembe, ye\u015fil, sar\u0131<\/p>\n<p><img fetchpriority=\"high\" decoding=\"async\" class=\"alignnone wp-image-9485 size-large\" src=\"https:\/\/imiapower.com\/wp-content\/uploads\/converted-8-1-1024x683.webp\" alt=\"65w pd \u015farj cihaz\u0131\" width=\"1024\" height=\"683\" srcset=\"https:\/\/imiapower.com\/wp-content\/uploads\/converted-8-1-1024x683.webp 1024w, https:\/\/imiapower.com\/wp-content\/uploads\/converted-8-1-300x200.webp 300w, https:\/\/imiapower.com\/wp-content\/uploads\/converted-8-1-768x512.webp 768w, https:\/\/imiapower.com\/wp-content\/uploads\/converted-8-1-18x12.webp 18w, https:\/\/imiapower.com\/wp-content\/uploads\/converted-8-1-600x400.webp 600w, https:\/\/imiapower.com\/wp-content\/uploads\/converted-8-1-64x43.webp 64w, https:\/\/imiapower.com\/wp-content\/uploads\/converted-8-1.webp 1536w\" sizes=\"(max-width: 1024px) 100vw, 1024px\" \/><\/p>\n<p>&nbsp;<\/p>","protected":false},"featured_media":9481,"comment_status":"open","ping_status":"closed","template":"","meta":{"rank_math_lock_modified_date":false,"site-sidebar-layout":"default","site-content-layout":"","ast-site-content-layout":"default","site-content-style":"default","site-sidebar-style":"default","ast-global-header-display":"","ast-banner-title-visibility":"","ast-main-header-display":"","ast-hfb-above-header-display":"","ast-hfb-below-header-display":"","ast-hfb-mobile-header-display":"","site-post-title":"","ast-breadcrumbs-content":"","ast-featured-img":"","footer-sml-layout":"","ast-disable-related-posts":"","theme-transparent-header-meta":"default","adv-header-id-meta":"","stick-header-meta":"","header-above-stick-meta":"","header-main-stick-meta":"","header-below-stick-meta":"","astra-migrate-meta-layouts":"set","ast-page-background-enabled":"default","ast-page-background-meta":{"desktop":{"background-color":"","background-image":"","background-repeat":"repeat","background-position":"center center","background-size":"auto","background-attachment":"scroll","background-type":"","background-media":"","overlay-type":"","overlay-color":"","overlay-opacity":"","overlay-gradient":""},"tablet":{"background-color":"","background-image":"","background-repeat":"repeat","background-position":"center center","background-size":"auto","background-attachment":"scroll","background-type":"","background-media":"","overlay-type":"","overlay-color":"","overlay-opacity":"","overlay-gradient":""},"mobile":{"background-color":"","background-image":"","background-repeat":"repeat","background-position":"center center","background-size":"auto","background-attachment":"scroll","background-type":"","background-media":"","overlay-type":"","overlay-color":"","overlay-opacity":"","overlay-gradient":""}},"ast-content-background-meta":{"desktop":{"background-color":"var(--ast-global-color-5)","background-image":"","background-repeat":"repeat","background-position":"center center","background-size":"auto","background-attachment":"scroll","background-type":"","background-media":"","overlay-type":"","overlay-color":"","overlay-opacity":"","overlay-gradient":""},"tablet":{"background-color":"var(--ast-global-color-5)","background-image":"","background-repeat":"repeat","background-position":"center center","background-size":"auto","background-attachment":"scroll","background-type":"","background-media":"","overlay-type":"","overlay-color":"","overlay-opacity":"","overlay-gradient":""},"mobile":{"background-color":"var(--ast-global-color-5)","background-image":"","background-repeat":"repeat","background-position":"center center","background-size":"auto","background-attachment":"scroll","background-type":"","background-media":"","overlay-type":"","overlay-color":"","overlay-opacity":"","overlay-gradient":""}}},"product_cat":[43],"product_tag":[],"class_list":{"0":"post-7234","1":"product","2":"type-product","3":"status-publish","4":"has-post-thumbnail","6":"product_cat-wall-charger","7":"desktop-align-center","8":"tablet-align-center","9":"mobile-align-center","11":"first","12":"instock","13":"featured","14":"shipping-taxable","15":"product-type-simple"},"_links":{"self":[{"href":"https:\/\/imiapower.com\/tr\/wp-json\/wp\/v2\/product\/7234","targetHints":{"allow":["GET"]}}],"collection":[{"href":"https:\/\/imiapower.com\/tr\/wp-json\/wp\/v2\/product"}],"about":[{"href":"https:\/\/imiapower.com\/tr\/wp-json\/wp\/v2\/types\/product"}],"replies":[{"embeddable":true,"href":"https:\/\/imiapower.com\/tr\/wp-json\/wp\/v2\/comments?post=7234"}],"version-history":[{"count":9,"href":"https:\/\/imiapower.com\/tr\/wp-json\/wp\/v2\/product\/7234\/revisions"}],"predecessor-version":[{"id":9522,"href":"https:\/\/imiapower.com\/tr\/wp-json\/wp\/v2\/product\/7234\/revisions\/9522"}],"wp:featuredmedia":[{"embeddable":true,"href":"https:\/\/imiapower.com\/tr\/wp-json\/wp\/v2\/media\/9481"}],"wp:attachment":[{"href":"https:\/\/imiapower.com\/tr\/wp-json\/wp\/v2\/media?parent=7234"}],"wp:term":[{"taxonomy":"product_cat","embeddable":true,"href":"https:\/\/imiapower.com\/tr\/wp-json\/wp\/v2\/product_cat?post=7234"},{"taxonomy":"product_tag","embeddable":true,"href":"https:\/\/imiapower.com\/tr\/wp-json\/wp\/v2\/product_tag?post=7234"}],"curies":[{"name":"wp","href":"https:\/\/api.w.org\/{rel}","templated":true}]}}