{"id":7242,"date":"2024-03-23T03:14:21","date_gmt":"2024-03-23T03:14:21","guid":{"rendered":"https:\/\/imia.com.cn\/?post_type=product&#038;p=7242"},"modified":"2026-01-05T08:19:03","modified_gmt":"2026-01-05T08:19:03","slug":"100w-usb-c-charger","status":"publish","type":"product","link":"https:\/\/imiapower.com\/tr\/products\/wall-charger\/100w-usb-c-charger\/","title":{"rendered":"1.5m kablo ile diz\u00fcst\u00fc bilgisayar i\u00e7in kesinlikle 100w usb c \u015farj cihaz\u0131"},"content":{"rendered":"<ul>\n<li><strong>100w USB C \u015farj cihaz\u0131<\/strong><\/li>\n<li><strong>Giri\u015f:<\/strong> 100-240VAC 50\/60HZ<\/li>\n<li><strong>\u00c7\u0131kt\u0131:<\/strong> 5.1V 5A 9V 3A 12V 3A 15V 3A 20V 5A<\/li>\n<li><strong>Boyut: <\/strong>65*65*29MM<\/li>\n<li><strong>Tasar\u0131m:<\/strong> ABD fi\u015fini katlay\u0131n\/a\u00e7\u0131n<\/li>\n<li><strong>Renk:<\/strong> Siyah<\/li>\n<li><strong>Sertifika:<\/strong> UL FCC CE CB UKCA<\/li>\n<li><strong>Kablo:<\/strong> 1,5M C tipi kablo<\/li>\n<li><strong>\u00dcretim teslim s\u00fcresi:<\/strong> 30 g\u00fcn<\/li>\n<li><strong>Garanti:<\/strong> 2 y\u0131l<\/li>\n<\/ul>","protected":false},"excerpt":{"rendered":"<p>100w usb c \u015farj cihaz\u0131 diz\u00fcst\u00fc bilgisayar\u0131n\u0131z\u0131 \u015farj etmek i\u00e7in 100 watt&#039;a kadar g\u00fc\u00e7 sa\u011flar. Bu watt, oyun diz\u00fcst\u00fc bilgisayarlar\u0131 ve g\u00fc\u00e7 a\u00e7\u0131s\u0131ndan a\u00e7g\u00f6zl\u00fc i\u015flemcilere ve grafik kartlar\u0131na sahip olanlar da dahil olmak \u00fczere bir\u00e7ok modern diz\u00fcst\u00fc bilgisayar i\u00e7in yeterlidir.<\/p>\n<p>Bu diz\u00fcst\u00fc bilgisayar \u015farj cihaz\u0131n\u0131n d\u00fcnya \u00e7ap\u0131nda sertifikas\u0131 var<\/p>\n<p>US fi\u015fi katlanabilir veya katlanabilir olarak tasarlanabilir<\/p>\n<p>Bu diz\u00fcst\u00fc bilgisayar \u015farj cihaz\u0131 ABD, AB, \u0130ngiltere ve Avustralya fi\u015flerini de\u011fi\u015ftirebilir ve farkl\u0131 \u00fclkelere i\u015f seyahatleri i\u00e7in getirilebilir, farkl\u0131 \u00fclkelerin AC soketi sorunlar\u0131 hakk\u0131nda endi\u015felenmenize gerek yok<\/p>","protected":false},"featured_media":7319,"comment_status":"open","ping_status":"closed","template":"","meta":{"rank_math_lock_modified_date":false,"site-sidebar-layout":"default","site-content-layout":"","ast-site-content-layout":"default","site-content-style":"default","site-sidebar-style":"default","ast-global-header-display":"","ast-banner-title-visibility":"","ast-main-header-display":"","ast-hfb-above-header-display":"","ast-hfb-below-header-display":"","ast-hfb-mobile-header-display":"","site-post-title":"","ast-breadcrumbs-content":"","ast-featured-img":"","footer-sml-layout":"","ast-disable-related-posts":"","theme-transparent-header-meta":"default","adv-header-id-meta":"","stick-header-meta":"","header-above-stick-meta":"","header-main-stick-meta":"","header-below-stick-meta":"","astra-migrate-meta-layouts":"set","ast-page-background-enabled":"default","ast-page-background-meta":{"desktop":{"background-color":"","background-image":"","background-repeat":"repeat","background-position":"center center","background-size":"auto","background-attachment":"scroll","background-type":"","background-media":"","overlay-type":"","overlay-color":"","overlay-opacity":"","overlay-gradient":""},"tablet":{"background-color":"","background-image":"","background-repeat":"repeat","background-position":"center center","background-size":"auto","background-attachment":"scroll","background-type":"","background-media":"","overlay-type":"","overlay-color":"","overlay-opacity":"","overlay-gradient":""},"mobile":{"background-color":"","background-image":"","background-repeat":"repeat","background-position":"center center","background-size":"auto","background-attachment":"scroll","background-type":"","background-media":"","overlay-type":"","overlay-color":"","overlay-opacity":"","overlay-gradient":""}},"ast-content-background-meta":{"desktop":{"background-color":"var(--ast-global-color-5)","background-image":"","background-repeat":"repeat","background-position":"center center","background-size":"auto","background-attachment":"scroll","background-type":"","background-media":"","overlay-type":"","overlay-color":"","overlay-opacity":"","overlay-gradient":""},"tablet":{"background-color":"var(--ast-global-color-5)","background-image":"","background-repeat":"repeat","background-position":"center center","background-size":"auto","background-attachment":"scroll","background-type":"","background-media":"","overlay-type":"","overlay-color":"","overlay-opacity":"","overlay-gradient":""},"mobile":{"background-color":"var(--ast-global-color-5)","background-image":"","background-repeat":"repeat","background-position":"center center","background-size":"auto","background-attachment":"scroll","background-type":"","background-media":"","overlay-type":"","overlay-color":"","overlay-opacity":"","overlay-gradient":""}}},"product_cat":[43],"product_tag":[],"class_list":{"0":"post-7242","1":"product","2":"type-product","3":"status-publish","4":"has-post-thumbnail","6":"product_cat-wall-charger","7":"desktop-align-center","8":"tablet-align-center","9":"mobile-align-center","11":"first","12":"instock","13":"shipping-taxable","14":"product-type-simple"},"_links":{"self":[{"href":"https:\/\/imiapower.com\/tr\/wp-json\/wp\/v2\/product\/7242","targetHints":{"allow":["GET"]}}],"collection":[{"href":"https:\/\/imiapower.com\/tr\/wp-json\/wp\/v2\/product"}],"about":[{"href":"https:\/\/imiapower.com\/tr\/wp-json\/wp\/v2\/types\/product"}],"replies":[{"embeddable":true,"href":"https:\/\/imiapower.com\/tr\/wp-json\/wp\/v2\/comments?post=7242"}],"version-history":[{"count":4,"href":"https:\/\/imiapower.com\/tr\/wp-json\/wp\/v2\/product\/7242\/revisions"}],"predecessor-version":[{"id":8277,"href":"https:\/\/imiapower.com\/tr\/wp-json\/wp\/v2\/product\/7242\/revisions\/8277"}],"wp:featuredmedia":[{"embeddable":true,"href":"https:\/\/imiapower.com\/tr\/wp-json\/wp\/v2\/media\/7319"}],"wp:attachment":[{"href":"https:\/\/imiapower.com\/tr\/wp-json\/wp\/v2\/media?parent=7242"}],"wp:term":[{"taxonomy":"product_cat","embeddable":true,"href":"https:\/\/imiapower.com\/tr\/wp-json\/wp\/v2\/product_cat?post=7242"},{"taxonomy":"product_tag","embeddable":true,"href":"https:\/\/imiapower.com\/tr\/wp-json\/wp\/v2\/product_tag?post=7242"}],"curies":[{"name":"wp","href":"https:\/\/api.w.org\/{rel}","templated":true}]}}