{"id":7279,"date":"2024-03-26T00:38:27","date_gmt":"2024-03-26T00:38:27","guid":{"rendered":"https:\/\/imia.com.cn\/?post_type=product&#038;p=7279"},"modified":"2024-04-30T08:36:34","modified_gmt":"2024-04-30T08:36:34","slug":"multi-port-usb-charger","status":"publish","type":"product","link":"https:\/\/imiapower.com\/tr\/products\/wall-charger\/multi-port-usb-charger\/","title":{"rendered":"\u00c7in&#039;de \u00fcretilen g\u00fcvenilir 12w 3 \u00e7ok ba\u011flant\u0131 noktal\u0131 USB \u015farj cihaz\u0131"},"content":{"rendered":"<ul>\n<li><strong>\u00c7ok portlu USB \u015farj cihaz\u0131<\/strong><\/li>\n<li><strong>Giri\u015f:<\/strong> 100~250V\/AC 50-60Hz<\/li>\n<li><strong>\u00c7\u0131kt\u0131:<\/strong> USB1+USB2+USB3: 5V2.4A<\/li>\n<li><strong>Malzeme:<\/strong> ABS&#039;ler<\/li>\n<li><strong>\u00dcretim teslim s\u00fcresi:<\/strong> 25-30 g\u00fcn<\/li>\n<li><strong>\u00d6rnek:<\/strong> serbest\u00e7e sa\u011flamak<\/li>\n<\/ul>","protected":false},"excerpt":{"rendered":"<p>3 USB \u015farj ba\u011flant\u0131 noktas\u0131na sahip bu \u015farj cihaz\u0131, Afrika pazar\u0131nda \u00e7ok satan bir \u00fcr\u00fcnd\u00fcr; \u00fccretsiz numune almak i\u00e7in bizimle ileti\u015fime ge\u00e7ebilirsiniz.<\/p>","protected":false},"featured_media":7368,"comment_status":"open","ping_status":"closed","template":"","meta":{"rank_math_lock_modified_date":false,"site-sidebar-layout":"default","site-content-layout":"","ast-site-content-layout":"default","site-content-style":"default","site-sidebar-style":"default","ast-global-header-display":"","ast-banner-title-visibility":"","ast-main-header-display":"","ast-hfb-above-header-display":"","ast-hfb-below-header-display":"","ast-hfb-mobile-header-display":"","site-post-title":"","ast-breadcrumbs-content":"","ast-featured-img":"","footer-sml-layout":"","ast-disable-related-posts":"","theme-transparent-header-meta":"default","adv-header-id-meta":"","stick-header-meta":"","header-above-stick-meta":"","header-main-stick-meta":"","header-below-stick-meta":"","astra-migrate-meta-layouts":"set","ast-page-background-enabled":"default","ast-page-background-meta":{"desktop":{"background-color":"","background-image":"","background-repeat":"repeat","background-position":"center center","background-size":"auto","background-attachment":"scroll","background-type":"","background-media":"","overlay-type":"","overlay-color":"","overlay-opacity":"","overlay-gradient":""},"tablet":{"background-color":"","background-image":"","background-repeat":"repeat","background-position":"center center","background-size":"auto","background-attachment":"scroll","background-type":"","background-media":"","overlay-type":"","overlay-color":"","overlay-opacity":"","overlay-gradient":""},"mobile":{"background-color":"","background-image":"","background-repeat":"repeat","background-position":"center center","background-size":"auto","background-attachment":"scroll","background-type":"","background-media":"","overlay-type":"","overlay-color":"","overlay-opacity":"","overlay-gradient":""}},"ast-content-background-meta":{"desktop":{"background-color":"var(--ast-global-color-5)","background-image":"","background-repeat":"repeat","background-position":"center center","background-size":"auto","background-attachment":"scroll","background-type":"","background-media":"","overlay-type":"","overlay-color":"","overlay-opacity":"","overlay-gradient":""},"tablet":{"background-color":"var(--ast-global-color-5)","background-image":"","background-repeat":"repeat","background-position":"center center","background-size":"auto","background-attachment":"scroll","background-type":"","background-media":"","overlay-type":"","overlay-color":"","overlay-opacity":"","overlay-gradient":""},"mobile":{"background-color":"var(--ast-global-color-5)","background-image":"","background-repeat":"repeat","background-position":"center center","background-size":"auto","background-attachment":"scroll","background-type":"","background-media":"","overlay-type":"","overlay-color":"","overlay-opacity":"","overlay-gradient":""}}},"product_cat":[43],"product_tag":[],"class_list":{"0":"post-7279","1":"product","2":"type-product","3":"status-publish","4":"has-post-thumbnail","6":"product_cat-wall-charger","7":"desktop-align-center","8":"tablet-align-center","9":"mobile-align-center","11":"first","12":"instock","13":"shipping-taxable","14":"product-type-simple"},"_links":{"self":[{"href":"https:\/\/imiapower.com\/tr\/wp-json\/wp\/v2\/product\/7279","targetHints":{"allow":["GET"]}}],"collection":[{"href":"https:\/\/imiapower.com\/tr\/wp-json\/wp\/v2\/product"}],"about":[{"href":"https:\/\/imiapower.com\/tr\/wp-json\/wp\/v2\/types\/product"}],"replies":[{"embeddable":true,"href":"https:\/\/imiapower.com\/tr\/wp-json\/wp\/v2\/comments?post=7279"}],"version-history":[{"count":0,"href":"https:\/\/imiapower.com\/tr\/wp-json\/wp\/v2\/product\/7279\/revisions"}],"wp:featuredmedia":[{"embeddable":true,"href":"https:\/\/imiapower.com\/tr\/wp-json\/wp\/v2\/media\/7368"}],"wp:attachment":[{"href":"https:\/\/imiapower.com\/tr\/wp-json\/wp\/v2\/media?parent=7279"}],"wp:term":[{"taxonomy":"product_cat","embeddable":true,"href":"https:\/\/imiapower.com\/tr\/wp-json\/wp\/v2\/product_cat?post=7279"},{"taxonomy":"product_tag","embeddable":true,"href":"https:\/\/imiapower.com\/tr\/wp-json\/wp\/v2\/product_tag?post=7279"}],"curies":[{"name":"wp","href":"https:\/\/api.w.org\/{rel}","templated":true}]}}