{"id":7489,"date":"2024-04-26T03:02:32","date_gmt":"2024-04-26T03:02:32","guid":{"rendered":"https:\/\/imiapower.com\/?post_type=product&#038;p=7489"},"modified":"2025-05-26T06:34:09","modified_gmt":"2025-05-26T06:34:09","slug":"all-in-one-travel-adapter","status":"publish","type":"product","link":"https:\/\/imiapower.com\/tr\/products\/travel-adapter\/all-in-one-travel-adapter\/","title":{"rendered":"En \u00e7ok satan hepsi bir arada seyahat adapt\u00f6r\u00fc"},"content":{"rendered":"<ul>\n<li><strong>Hepsi bir arada seyahat adapt\u00f6r\u00fc<\/strong><\/li>\n<li><strong>AC giri\u015fi:<\/strong>\u00a0 6A maks. 100- 240Vac<\/li>\n<li><strong>USB \u00e7\u0131k\u0131\u015f\u0131:<\/strong>5V 3100mA<\/li>\n<li><strong>Fi\u015f:<\/strong> AB\/AU\/\u0130ngiltere\/ABD<\/li>\n<li><strong>Renk:<\/strong> Siyah beyaz<\/li>\n<li><strong>Boyut:<\/strong>60*45*55mm<\/li>\n<li><strong>Malzeme:<\/strong> ABS+ bak\u0131r metal + Kau\u00e7uk Ya\u011f\u0131<\/li>\n<li><strong>A\u00e7\u0131klama:<\/strong> AB\/AU\/\u0130ngiltere\/ABD hepsi bir arada 170&#039;den fazla \u00fclkede kullan\u0131labilir<\/li>\n<li><strong>Sertifika:<\/strong> CE, Rohs<\/li>\n<\/ul>","protected":false},"excerpt":{"rendered":"<p>Bu AB seyahat adapt\u00f6r\u00fc farkl\u0131 \u00fclkelere seyahat i\u00e7in gerekli bir \u00fcr\u00fcnd\u00fcr, \u00e7\u00fcnk\u00fc farkl\u0131 \u00fclkeler, \u015farj fi\u015fi farkl\u0131d\u0131r, AB, ABD, AUS ve \u0130ngiltere fi\u015flerini i\u00e7eren bu adapt\u00f6r \u00e7o\u011fu \u00fclkenin fi\u015f isteklerini kar\u015f\u0131layabilir<\/p>\n<p>Bu \u00fcr\u00fcn, ki\u015fisel seyahat \u015farj\u0131 taleplerini kar\u015f\u0131layabilecek 1 USB A ve 1 Type-C \u015farj ba\u011flant\u0131 noktas\u0131na sahiptir.<\/p>\n<p>Bu model, ucuz fiyat\u0131yla klasik bir seyahat e\u015fyas\u0131 olup uzun y\u0131llar d\u00fcnyan\u0131n en \u00e7ok satan modeli olmu\u015ftur.<\/p>\n<p>De\u011ferli m\u00fc\u015fterimize \u00fccretsiz numune sa\u011flanabilir<\/p>\n<p>&nbsp;<\/p>","protected":false},"featured_media":7490,"comment_status":"closed","ping_status":"closed","template":"","meta":{"rank_math_lock_modified_date":false,"site-sidebar-layout":"default","site-content-layout":"","ast-site-content-layout":"default","site-content-style":"default","site-sidebar-style":"default","ast-global-header-display":"","ast-banner-title-visibility":"","ast-main-header-display":"","ast-hfb-above-header-display":"","ast-hfb-below-header-display":"","ast-hfb-mobile-header-display":"","site-post-title":"","ast-breadcrumbs-content":"","ast-featured-img":"","footer-sml-layout":"","ast-disable-related-posts":"","theme-transparent-header-meta":"default","adv-header-id-meta":"","stick-header-meta":"","header-above-stick-meta":"","header-main-stick-meta":"","header-below-stick-meta":"","astra-migrate-meta-layouts":"set","ast-page-background-enabled":"default","ast-page-background-meta":{"desktop":{"background-color":"","background-image":"","background-repeat":"repeat","background-position":"center center","background-size":"auto","background-attachment":"scroll","background-type":"","background-media":"","overlay-type":"","overlay-color":"","overlay-opacity":"","overlay-gradient":""},"tablet":{"background-color":"","background-image":"","background-repeat":"repeat","background-position":"center center","background-size":"auto","background-attachment":"scroll","background-type":"","background-media":"","overlay-type":"","overlay-color":"","overlay-opacity":"","overlay-gradient":""},"mobile":{"background-color":"","background-image":"","background-repeat":"repeat","background-position":"center center","background-size":"auto","background-attachment":"scroll","background-type":"","background-media":"","overlay-type":"","overlay-color":"","overlay-opacity":"","overlay-gradient":""}},"ast-content-background-meta":{"desktop":{"background-color":"var(--ast-global-color-5)","background-image":"","background-repeat":"repeat","background-position":"center center","background-size":"auto","background-attachment":"scroll","background-type":"","background-media":"","overlay-type":"","overlay-color":"","overlay-opacity":"","overlay-gradient":""},"tablet":{"background-color":"var(--ast-global-color-5)","background-image":"","background-repeat":"repeat","background-position":"center center","background-size":"auto","background-attachment":"scroll","background-type":"","background-media":"","overlay-type":"","overlay-color":"","overlay-opacity":"","overlay-gradient":""},"mobile":{"background-color":"var(--ast-global-color-5)","background-image":"","background-repeat":"repeat","background-position":"center center","background-size":"auto","background-attachment":"scroll","background-type":"","background-media":"","overlay-type":"","overlay-color":"","overlay-opacity":"","overlay-gradient":""}}},"product_cat":[64],"product_tag":[],"class_list":{"0":"post-7489","1":"product","2":"type-product","3":"status-publish","4":"has-post-thumbnail","6":"product_cat-travel-adapter","7":"desktop-align-center","8":"tablet-align-center","9":"mobile-align-center","11":"first","12":"instock","13":"shipping-taxable","14":"product-type-simple"},"_links":{"self":[{"href":"https:\/\/imiapower.com\/tr\/wp-json\/wp\/v2\/product\/7489","targetHints":{"allow":["GET"]}}],"collection":[{"href":"https:\/\/imiapower.com\/tr\/wp-json\/wp\/v2\/product"}],"about":[{"href":"https:\/\/imiapower.com\/tr\/wp-json\/wp\/v2\/types\/product"}],"replies":[{"embeddable":true,"href":"https:\/\/imiapower.com\/tr\/wp-json\/wp\/v2\/comments?post=7489"}],"version-history":[{"count":2,"href":"https:\/\/imiapower.com\/tr\/wp-json\/wp\/v2\/product\/7489\/revisions"}],"predecessor-version":[{"id":9197,"href":"https:\/\/imiapower.com\/tr\/wp-json\/wp\/v2\/product\/7489\/revisions\/9197"}],"wp:featuredmedia":[{"embeddable":true,"href":"https:\/\/imiapower.com\/tr\/wp-json\/wp\/v2\/media\/7490"}],"wp:attachment":[{"href":"https:\/\/imiapower.com\/tr\/wp-json\/wp\/v2\/media?parent=7489"}],"wp:term":[{"taxonomy":"product_cat","embeddable":true,"href":"https:\/\/imiapower.com\/tr\/wp-json\/wp\/v2\/product_cat?post=7489"},{"taxonomy":"product_tag","embeddable":true,"href":"https:\/\/imiapower.com\/tr\/wp-json\/wp\/v2\/product_tag?post=7489"}],"curies":[{"name":"wp","href":"https:\/\/api.w.org\/{rel}","templated":true}]}}