{"id":7654,"date":"2024-05-14T07:26:31","date_gmt":"2024-05-14T07:26:31","guid":{"rendered":"https:\/\/imiapower.com\/?post_type=product&#038;p=7654"},"modified":"2026-01-15T03:25:55","modified_gmt":"2026-01-15T03:25:55","slug":"eu-travel-adapter","status":"publish","type":"product","link":"https:\/\/imiapower.com\/tr\/products\/travel-adapter\/eu-travel-adapter\/","title":{"rendered":"Uygun fiyatl\u0131 35w AB seyahat adapt\u00f6r\u00fc"},"content":{"rendered":"<ul>\n<li><strong>AB seyahat adapt\u00f6r\u00fc<\/strong><\/li>\n<li style=\"text-align: left;\"><strong>Giri\u015f:<\/strong> AC100~250V Maks 50~60Hz, 0,8A \/ 2500W Maks<\/li>\n<li style=\"text-align: left;\"><strong>\u00c7\u0131k\u0131\u015f C1:<\/strong> 5V 3.0A, 9V 3.0A, 12V 2.9A, 15V 2.33A, 20V 1.75A 35W Maks.<\/li>\n<li style=\"text-align: left;\"><strong>PPS:<\/strong> 3.3V~11V 3A, 3.3V~16V 2.18A PPS 35W Maks.<\/li>\n<li style=\"text-align: left;\"><strong>\u00c7\u0131k\u0131\u015f C2\/C3:<\/strong> 5V 3A 15W Maks<\/li>\n<li style=\"text-align: left;\"><strong>\u00c7\u0131k\u0131\u015f C1+C2+C3 :<\/strong> PD20W +C2+C3 : 15W Maksimum<\/li>\n<li style=\"text-align: left;\"><strong>\u00c7\u0131k\u0131\u015f USB-A1\/A2:<\/strong> 5V 2,4A 12W Maks<\/li>\n<li style=\"text-align: left;\"><strong>\u00c7\u0131k\u0131\u015f C1+USB-A1\/A2:<\/strong> PD20W + 12W Maks.<\/li>\n<li style=\"text-align: left;\"><strong>\u00c7\u0131k\u0131\u015f C1+C2+C3+USB-A1+A2 :<\/strong> C1: PD20W + Di\u011fer Ba\u011flant\u0131 Noktalar\u0131 15W Maks.<\/li>\n<li style=\"text-align: left;\"><strong>Toplam \u00c7\u0131kt\u0131:<\/strong> Maksimum 35W<\/li>\n<li style=\"text-align: left;\"><strong>Sigorta De\u011feri:<\/strong> 10 A<\/li>\n<li><strong>Malzeme:<\/strong> kovulmu\u015f bilgisayar<\/li>\n<li><strong>Boyut: <\/strong>72x52x57mm<\/li>\n<li><strong>A\u00e7\u0131klama:<\/strong> AB\/AU\/\u0130ngiltere\/ABD hepsi bir arada 170&#039;den fazla \u00fclkede kullan\u0131labilir<\/li>\n<\/ul>","protected":false},"excerpt":{"rendered":"<p><img fetchpriority=\"high\" decoding=\"async\" class=\"alignnone wp-image-8688 size-full\" src=\"https:\/\/imiapower.com\/wp-content\/uploads\/Power-Adapter-1.jpg\" alt=\"ab seyahat adapt\u00f6r\u00fc\" width=\"800\" height=\"800\" srcset=\"https:\/\/imiapower.com\/wp-content\/uploads\/Power-Adapter-1.jpg 800w, https:\/\/imiapower.com\/wp-content\/uploads\/Power-Adapter-1-300x300.jpg 300w, https:\/\/imiapower.com\/wp-content\/uploads\/Power-Adapter-1-100x100.jpg 100w, https:\/\/imiapower.com\/wp-content\/uploads\/Power-Adapter-1-600x600.jpg 600w, https:\/\/imiapower.com\/wp-content\/uploads\/Power-Adapter-1-64x64.jpg 64w, https:\/\/imiapower.com\/wp-content\/uploads\/Power-Adapter-1-150x150.jpg 150w, https:\/\/imiapower.com\/wp-content\/uploads\/Power-Adapter-1-768x768.jpg 768w, https:\/\/imiapower.com\/wp-content\/uploads\/Power-Adapter-1-12x12.jpg 12w\" sizes=\"(max-width: 800px) 100vw, 800px\" \/> <img decoding=\"async\" class=\"alignnone wp-image-8689 size-full\" src=\"https:\/\/imiapower.com\/wp-content\/uploads\/Power-Adapter-2.jpg\" alt=\"ab seyahat adapt\u00f6r\u00fc\" width=\"800\" height=\"800\" srcset=\"https:\/\/imiapower.com\/wp-content\/uploads\/Power-Adapter-2.jpg 800w, https:\/\/imiapower.com\/wp-content\/uploads\/Power-Adapter-2-300x300.jpg 300w, https:\/\/imiapower.com\/wp-content\/uploads\/Power-Adapter-2-100x100.jpg 100w, https:\/\/imiapower.com\/wp-content\/uploads\/Power-Adapter-2-600x600.jpg 600w, https:\/\/imiapower.com\/wp-content\/uploads\/Power-Adapter-2-64x64.jpg 64w, https:\/\/imiapower.com\/wp-content\/uploads\/Power-Adapter-2-150x150.jpg 150w, https:\/\/imiapower.com\/wp-content\/uploads\/Power-Adapter-2-768x768.jpg 768w, https:\/\/imiapower.com\/wp-content\/uploads\/Power-Adapter-2-12x12.jpg 12w\" sizes=\"(max-width: 800px) 100vw, 800px\" \/><\/p>\n<p>Bu AB seyahat adapt\u00f6r\u00fc farkl\u0131 \u00fclkelere seyahat i\u00e7in gerekli bir \u00fcr\u00fcnd\u00fcr, \u00e7\u00fcnk\u00fc farkl\u0131 \u00fclkeler, \u015farj fi\u015fi farkl\u0131d\u0131r, AB, ABD, AUS ve \u0130ngiltere fi\u015flerini i\u00e7eren bu adapt\u00f6r \u00e7o\u011fu \u00fclkenin fi\u015f isteklerini kar\u015f\u0131layabilir<\/p>\n<p>Bu evrensel seyahat adapt\u00f6r\u00fc i\u00e7in CE, UKCA, FCC, LVD, ERP, REACH, ROHS gibi pop\u00fcler sertifikalara ba\u015fvurduk<\/p>\n<p>Bu AB seyahat adapt\u00f6r\u00fc, g\u00fc\u00e7 da\u011f\u0131t\u0131m \u00e7\u00f6z\u00fcmlerini benimser; bu, \u00e7ok ba\u011flant\u0131 noktal\u0131 \u015farj cihazlar\u0131 i\u00e7in pazar\u0131n en pop\u00fcler \u00e7\u00f6z\u00fcm\u00fcd\u00fcr, herhangi bir ba\u011flant\u0131 kesintisi olmayan \u015farj durumlar\u0131n\u0131 garanti eder<\/p>\n<p>M\u00fc\u015fteriler, LED \u0131\u015f\u0131kl\u0131 \u00f6zelle\u015ftirilmi\u015f bir logo tasarlaman\u0131n gerekip gerekmedi\u011fini se\u00e7ebilir<\/p>\n<p>\u0130ki adet 10A Sigortal\u0131 seyahat adapt\u00f6r\u00fc, cihazlar\u0131n\u0131z\u0131 etkili bir \u015fekilde korur ve elektrikli cihazlar\u0131n\u0131z\u0131 kullan\u0131rken onlar\u0131 korur<\/p>\n<p>100V\u2013250V\/10A(1000W-2500W) aras\u0131nda vah\u015fi voltaj deste\u011fi<\/p>\n<p>K\u00fc\u00e7\u00fck boyutu ve hafifli\u011fi sayesinde d\u0131\u015far\u0131ya \u00e7\u0131kt\u0131\u011f\u0131m\u0131zda ta\u015f\u0131mas\u0131 olduk\u00e7a kolayd\u0131r.<\/p>\n<p>Kullan\u0131m k\u0131lavuzu<\/p>\n<p><img decoding=\"async\" class=\"alignnone wp-image-9877 size-large\" style=\"font-style: inherit; font-weight: inherit;\" src=\"https:\/\/imiapower.com\/wp-content\/uploads\/\u5fae\u4fe1\u56fe\u7247_20260115111346_139_100-1024x620.png\" alt=\"ab seyahat adapt\u00f6r\u00fc\" width=\"1024\" height=\"620\" srcset=\"https:\/\/imiapower.com\/wp-content\/uploads\/\u5fae\u4fe1\u56fe\u7247_20260115111346_139_100-1024x620.png 1024w, https:\/\/imiapower.com\/wp-content\/uploads\/\u5fae\u4fe1\u56fe\u7247_20260115111346_139_100-300x182.png 300w, https:\/\/imiapower.com\/wp-content\/uploads\/\u5fae\u4fe1\u56fe\u7247_20260115111346_139_100-768x465.png 768w, https:\/\/imiapower.com\/wp-content\/uploads\/\u5fae\u4fe1\u56fe\u7247_20260115111346_139_100-18x12.png 18w, https:\/\/imiapower.com\/wp-content\/uploads\/\u5fae\u4fe1\u56fe\u7247_20260115111346_139_100-600x363.png 600w, https:\/\/imiapower.com\/wp-content\/uploads\/\u5fae\u4fe1\u56fe\u7247_20260115111346_139_100-64x39.png 64w, https:\/\/imiapower.com\/wp-content\/uploads\/\u5fae\u4fe1\u56fe\u7247_20260115111346_139_100.png 1133w\" sizes=\"(max-width: 1024px) 100vw, 1024px\" \/><\/p>\n<p>Mevcut paket<\/p>\n<p><img loading=\"lazy\" decoding=\"async\" class=\"alignnone size-full wp-image-9878\" src=\"https:\/\/imiapower.com\/wp-content\/uploads\/converted-2-17.webp\" alt=\"AB seyahat adapt\u00f6r\u00fc\" width=\"1024\" height=\"335\" srcset=\"https:\/\/imiapower.com\/wp-content\/uploads\/converted-2-17.webp 1024w, https:\/\/imiapower.com\/wp-content\/uploads\/converted-2-17-300x98.webp 300w, https:\/\/imiapower.com\/wp-content\/uploads\/converted-2-17-768x251.webp 768w, https:\/\/imiapower.com\/wp-content\/uploads\/converted-2-17-18x6.webp 18w, https:\/\/imiapower.com\/wp-content\/uploads\/converted-2-17-600x196.webp 600w, https:\/\/imiapower.com\/wp-content\/uploads\/converted-2-17-64x21.webp 64w\" sizes=\"(max-width: 1024px) 100vw, 1024px\" \/><\/p>\n<p>&nbsp;<\/p>\n<p>&nbsp;<\/p>","protected":false},"featured_media":7732,"comment_status":"open","ping_status":"closed","template":"","meta":{"rank_math_lock_modified_date":false,"site-sidebar-layout":"default","site-content-layout":"","ast-site-content-layout":"default","site-content-style":"default","site-sidebar-style":"default","ast-global-header-display":"","ast-banner-title-visibility":"","ast-main-header-display":"","ast-hfb-above-header-display":"","ast-hfb-below-header-display":"","ast-hfb-mobile-header-display":"","site-post-title":"","ast-breadcrumbs-content":"","ast-featured-img":"","footer-sml-layout":"","ast-disable-related-posts":"","theme-transparent-header-meta":"default","adv-header-id-meta":"","stick-header-meta":"","header-above-stick-meta":"","header-main-stick-meta":"","header-below-stick-meta":"","astra-migrate-meta-layouts":"set","ast-page-background-enabled":"default","ast-page-background-meta":{"desktop":{"background-color":"","background-image":"","background-repeat":"repeat","background-position":"center center","background-size":"auto","background-attachment":"scroll","background-type":"","background-media":"","overlay-type":"","overlay-color":"","overlay-opacity":"","overlay-gradient":""},"tablet":{"background-color":"","background-image":"","background-repeat":"repeat","background-position":"center center","background-size":"auto","background-attachment":"scroll","background-type":"","background-media":"","overlay-type":"","overlay-color":"","overlay-opacity":"","overlay-gradient":""},"mobile":{"background-color":"","background-image":"","background-repeat":"repeat","background-position":"center center","background-size":"auto","background-attachment":"scroll","background-type":"","background-media":"","overlay-type":"","overlay-color":"","overlay-opacity":"","overlay-gradient":""}},"ast-content-background-meta":{"desktop":{"background-color":"var(--ast-global-color-5)","background-image":"","background-repeat":"repeat","background-position":"center center","background-size":"auto","background-attachment":"scroll","background-type":"","background-media":"","overlay-type":"","overlay-color":"","overlay-opacity":"","overlay-gradient":""},"tablet":{"background-color":"var(--ast-global-color-5)","background-image":"","background-repeat":"repeat","background-position":"center center","background-size":"auto","background-attachment":"scroll","background-type":"","background-media":"","overlay-type":"","overlay-color":"","overlay-opacity":"","overlay-gradient":""},"mobile":{"background-color":"var(--ast-global-color-5)","background-image":"","background-repeat":"repeat","background-position":"center center","background-size":"auto","background-attachment":"scroll","background-type":"","background-media":"","overlay-type":"","overlay-color":"","overlay-opacity":"","overlay-gradient":""}}},"product_cat":[64],"product_tag":[],"class_list":{"0":"post-7654","1":"product","2":"type-product","3":"status-publish","4":"has-post-thumbnail","6":"product_cat-travel-adapter","7":"desktop-align-center","8":"tablet-align-center","9":"mobile-align-center","11":"first","12":"instock","13":"featured","14":"shipping-taxable","15":"product-type-simple"},"_links":{"self":[{"href":"https:\/\/imiapower.com\/tr\/wp-json\/wp\/v2\/product\/7654","targetHints":{"allow":["GET"]}}],"collection":[{"href":"https:\/\/imiapower.com\/tr\/wp-json\/wp\/v2\/product"}],"about":[{"href":"https:\/\/imiapower.com\/tr\/wp-json\/wp\/v2\/types\/product"}],"replies":[{"embeddable":true,"href":"https:\/\/imiapower.com\/tr\/wp-json\/wp\/v2\/comments?post=7654"}],"version-history":[{"count":14,"href":"https:\/\/imiapower.com\/tr\/wp-json\/wp\/v2\/product\/7654\/revisions"}],"predecessor-version":[{"id":8687,"href":"https:\/\/imiapower.com\/tr\/wp-json\/wp\/v2\/product\/7654\/revisions\/8687"}],"wp:featuredmedia":[{"embeddable":true,"href":"https:\/\/imiapower.com\/tr\/wp-json\/wp\/v2\/media\/7732"}],"wp:attachment":[{"href":"https:\/\/imiapower.com\/tr\/wp-json\/wp\/v2\/media?parent=7654"}],"wp:term":[{"taxonomy":"product_cat","embeddable":true,"href":"https:\/\/imiapower.com\/tr\/wp-json\/wp\/v2\/product_cat?post=7654"},{"taxonomy":"product_tag","embeddable":true,"href":"https:\/\/imiapower.com\/tr\/wp-json\/wp\/v2\/product_tag?post=7654"}],"curies":[{"name":"wp","href":"https:\/\/api.w.org\/{rel}","templated":true}]}}