{"id":7695,"date":"2024-05-22T08:49:10","date_gmt":"2024-05-22T08:49:10","guid":{"rendered":"https:\/\/imiapower.com\/?post_type=product&#038;p=7695"},"modified":"2024-06-07T03:54:10","modified_gmt":"2024-06-07T03:54:10","slug":"world-travel-adapter","status":"publish","type":"product","link":"https:\/\/imiapower.com\/tr\/products\/travel-adapter\/world-travel-adapter\/","title":{"rendered":"Yeni 45w d\u00fcnya seyahati adapt\u00f6r\u00fc"},"content":{"rendered":"<ul>\n<li><strong>d\u00fcnya seyahat adapt\u00f6r\u00fc<\/strong><\/li>\n<li><strong>Giri\u015f:<\/strong> AC giri\u015fi: 100~250V\/AC 50-60Hz 0,8A\u00c7\u0131k\u0131\u015f<\/li>\n<li><strong>Tek \u00e7\u0131k\u0131\u015fl\u0131 Tip-C1:<\/strong>5V3A \/ 9V3A \/ 12V3A \/ 15V3A \/ 20V2.25A 45W Maks.<\/li>\n<li><strong>PPS:<\/strong>3.3V-16V 3.0A 3.3V-21V2.25A 45W<\/li>\n<li><strong>Tip-C2\/Tip-C3\/Tip-C4\/USB-A1:<\/strong>5V3A 15W Maks.<\/li>\n<li><strong>\u00c7oklu \u00e7\u0131k\u0131\u015fl\u0131 Tip-C1+Tip-C2:<\/strong>30W+15W<\/li>\n<li><strong>Tip-C1:<\/strong>5V3A\/9V3A\/12V1.5A\/15V2A\/20V1.5A 30W<\/li>\n<li><strong>PPS:<\/strong>3.3-16V2A<\/li>\n<li><strong>Tip-C2:<\/strong> 5V3A 15W<\/li>\n<li><strong>Tip-C1+Tip-C2\/Tip-C3\/Tip-C4\/USB-A1:<\/strong>PD30W+15W<\/li>\n<li><strong>Tip-C1:<\/strong>5V3A\/9V3A\/12V1.5A\/15V2A\/20V1.5A 30W<\/li>\n<li><strong>PPS:<\/strong> 3.3-16V2A<\/li>\n<li><strong>Tip-C2\/Tip-C3\/Tip-C4\/USB-A1:<\/strong>5V3A 15W Maks.<\/li>\n<li><strong>Malzeme:<\/strong> Pi\u015fmi\u015f PC + Cooper metal<\/li>\n<li><strong>Boyut:<\/strong> 76*50,5*57 mm<\/li>\n<li><strong>Kullan\u0131m\u0131:<\/strong> AB\/AU\/\u0130ngiltere\/ABD hepsi bir arada 170&#039;den fazla \u00fclkede kullan\u0131labilir<\/li>\n<li><strong>Sertifika:<\/strong> CE, Rohs, FCC, UKCA, Eri\u015fim, ERP<\/li>\n<\/ul>","protected":false},"excerpt":{"rendered":"<p>Bu d\u00fcnya \u00e7ap\u0131nda seyahat adapt\u00f6r\u00fc, g\u00fc\u00e7 da\u011f\u0131t\u0131m \u00e7\u00f6z\u00fcmlerini benimser; bu, \u00e7ok ba\u011flant\u0131 noktal\u0131 \u015farj cihazlar\u0131 i\u00e7in pazar\u0131n en pop\u00fcler \u00e7\u00f6z\u00fcm\u00fcd\u00fcr, herhangi bir ba\u011flant\u0131 kesintisi olmayan \u015farj durumlar\u0131n\u0131 garanti eder<\/p>\n<p>Bu adapt\u00f6r i\u00e7in, \u00e7o\u011funlukla \u015farj cihaz\u0131 pazar\u0131n\u0131 kar\u015f\u0131lamak \u00fczere 4 adet c tipi ba\u011flant\u0131 noktas\u0131 tasarlad\u0131k<\/p>\n<p>Basma d\u00fc\u011fmesi \u00f6zelle\u015ftirilmi\u015f renk yapabilir<\/p>\n<p>\u0130ki adet 10A Sigortal\u0131 seyahat adapt\u00f6r\u00fc, cihazlar\u0131n\u0131z\u0131 etkili bir \u015fekilde korur ve elektrikli cihazlar\u0131n\u0131z\u0131 kullan\u0131rken onlar\u0131 korur<\/p>\n<p>100V\u2013250V\/10A(1000W-2500W) aras\u0131nda vah\u015fi voltaj deste\u011fi<\/p>\n<p>Bu g\u00f6vde tasar\u0131m\u0131 m\u00fc\u015fteri i\u00e7in 20w, 35w, 45w, 65w se\u00e7ene\u011fine sahiptir<\/p>\n<p>Renk kutusu veya blister ile \u00f6zelle\u015ftirilmi\u015f paket sa\u011fl\u0131yoruz<\/p>","protected":false},"featured_media":7704,"comment_status":"open","ping_status":"closed","template":"","meta":{"rank_math_lock_modified_date":false,"site-sidebar-layout":"default","site-content-layout":"","ast-site-content-layout":"default","site-content-style":"default","site-sidebar-style":"default","ast-global-header-display":"","ast-banner-title-visibility":"","ast-main-header-display":"","ast-hfb-above-header-display":"","ast-hfb-below-header-display":"","ast-hfb-mobile-header-display":"","site-post-title":"","ast-breadcrumbs-content":"","ast-featured-img":"","footer-sml-layout":"","ast-disable-related-posts":"","theme-transparent-header-meta":"default","adv-header-id-meta":"","stick-header-meta":"","header-above-stick-meta":"","header-main-stick-meta":"","header-below-stick-meta":"","astra-migrate-meta-layouts":"set","ast-page-background-enabled":"default","ast-page-background-meta":{"desktop":{"background-color":"","background-image":"","background-repeat":"repeat","background-position":"center center","background-size":"auto","background-attachment":"scroll","background-type":"","background-media":"","overlay-type":"","overlay-color":"","overlay-opacity":"","overlay-gradient":""},"tablet":{"background-color":"","background-image":"","background-repeat":"repeat","background-position":"center center","background-size":"auto","background-attachment":"scroll","background-type":"","background-media":"","overlay-type":"","overlay-color":"","overlay-opacity":"","overlay-gradient":""},"mobile":{"background-color":"","background-image":"","background-repeat":"repeat","background-position":"center center","background-size":"auto","background-attachment":"scroll","background-type":"","background-media":"","overlay-type":"","overlay-color":"","overlay-opacity":"","overlay-gradient":""}},"ast-content-background-meta":{"desktop":{"background-color":"var(--ast-global-color-5)","background-image":"","background-repeat":"repeat","background-position":"center center","background-size":"auto","background-attachment":"scroll","background-type":"","background-media":"","overlay-type":"","overlay-color":"","overlay-opacity":"","overlay-gradient":""},"tablet":{"background-color":"var(--ast-global-color-5)","background-image":"","background-repeat":"repeat","background-position":"center center","background-size":"auto","background-attachment":"scroll","background-type":"","background-media":"","overlay-type":"","overlay-color":"","overlay-opacity":"","overlay-gradient":""},"mobile":{"background-color":"var(--ast-global-color-5)","background-image":"","background-repeat":"repeat","background-position":"center center","background-size":"auto","background-attachment":"scroll","background-type":"","background-media":"","overlay-type":"","overlay-color":"","overlay-opacity":"","overlay-gradient":""}}},"product_cat":[64],"product_tag":[],"class_list":{"0":"post-7695","1":"product","2":"type-product","3":"status-publish","4":"has-post-thumbnail","6":"product_cat-travel-adapter","7":"desktop-align-center","8":"tablet-align-center","9":"mobile-align-center","11":"first","12":"instock","13":"shipping-taxable","14":"product-type-simple"},"_links":{"self":[{"href":"https:\/\/imiapower.com\/tr\/wp-json\/wp\/v2\/product\/7695","targetHints":{"allow":["GET"]}}],"collection":[{"href":"https:\/\/imiapower.com\/tr\/wp-json\/wp\/v2\/product"}],"about":[{"href":"https:\/\/imiapower.com\/tr\/wp-json\/wp\/v2\/types\/product"}],"replies":[{"embeddable":true,"href":"https:\/\/imiapower.com\/tr\/wp-json\/wp\/v2\/comments?post=7695"}],"version-history":[{"count":5,"href":"https:\/\/imiapower.com\/tr\/wp-json\/wp\/v2\/product\/7695\/revisions"}],"predecessor-version":[{"id":7706,"href":"https:\/\/imiapower.com\/tr\/wp-json\/wp\/v2\/product\/7695\/revisions\/7706"}],"wp:featuredmedia":[{"embeddable":true,"href":"https:\/\/imiapower.com\/tr\/wp-json\/wp\/v2\/media\/7704"}],"wp:attachment":[{"href":"https:\/\/imiapower.com\/tr\/wp-json\/wp\/v2\/media?parent=7695"}],"wp:term":[{"taxonomy":"product_cat","embeddable":true,"href":"https:\/\/imiapower.com\/tr\/wp-json\/wp\/v2\/product_cat?post=7695"},{"taxonomy":"product_tag","embeddable":true,"href":"https:\/\/imiapower.com\/tr\/wp-json\/wp\/v2\/product_tag?post=7695"}],"curies":[{"name":"wp","href":"https:\/\/api.w.org\/{rel}","templated":true}]}}