{"id":7707,"date":"2024-05-23T08:29:22","date_gmt":"2024-05-23T08:29:22","guid":{"rendered":"https:\/\/imiapower.com\/?post_type=product&#038;p=7707"},"modified":"2024-06-18T01:24:11","modified_gmt":"2024-06-18T01:24:11","slug":"international-adapter","status":"publish","type":"product","link":"https:\/\/imiapower.com\/tr\/products\/travel-adapter\/international-adapter\/","title":{"rendered":"G\u00fc\u00e7l\u00fc 65w uluslararas\u0131 adapt\u00f6r"},"content":{"rendered":"<ul>\n<li><strong>\u00a0Uluslararas\u0131 adapt\u00f6r<\/strong><\/li>\n<li><strong>AC giri\u015fi: <\/strong>100~250V\/AC 50-60Hz 0,8A<\/li>\n<li><strong>AC \u00e7\u0131k\u0131\u015f\u0131:<\/strong>10A Maks.(1000W\/100V veya 2400W\/240V)<\/li>\n<li><strong>USB \u00e7\u0131k\u0131\u015f\u0131:<\/strong>5V \/2,4A (MAKS. 12W)<\/li>\n<li><strong>Tip C2\/ C3\/C4 \u00e7\u0131k\u0131\u015f\u0131:<\/strong> 5V \/2,4A (MAKS 12W)<\/li>\n<li><strong>Tip C1 \u00e7\u0131k\u0131\u015f\u0131:<\/strong> 5V3A 9V3A 12V3A 15V3A 20V3.25A (MAX65W)<\/li>\n<li><strong>Boyut: <\/strong>76*50,5*57 mm<\/li>\n<li><strong>A\u011f\u0131rl\u0131k: <\/strong>180g<\/li>\n<li><strong>Malzeme:<\/strong> Pi\u015fmi\u015f PC + bak\u0131r metal<\/li>\n<\/ul>","protected":false},"excerpt":{"rendered":"<p>Bu uluslararas\u0131 adapt\u00f6r tasar\u0131m\u0131 Birle\u015fik Krall\u0131k topraklamas\u0131n\u0131 benimser, Birle\u015fik Krall\u0131k Topraklamas\u0131 elektrik \u00e7arpmalar\u0131na kar\u015f\u0131 korumaya yard\u0131mc\u0131 olur ve k\u0131sa devre veya yang\u0131n riskini azalt\u0131r.<\/p>\n<p>Birle\u015fik Krall\u0131k fi\u015fleri genellikle topraklama i\u00e7in \u00fc\u00e7\u00fcnc\u00fc bir pime sahiptir; bu, \u00f6zellikle farkl\u0131 elektrik standartlar\u0131na sahip b\u00f6lgelere seyahat ederken elektrikli cihazlar\u0131n g\u00fcvenli\u011fini sa\u011flamak i\u00e7in \u00f6nemlidir. Bir\u00e7ok cihaz toprakl\u0131 fi\u015flerle \u00e7al\u0131\u015facak \u015fekilde tasarlanm\u0131\u015ft\u0131r ve Birle\u015fik Krall\u0131k pinli topraklama adapt\u00f6r\u00fcn\u00fcn kullan\u0131lmas\u0131 bu t\u00fcr cihazlarla uyumlulu\u011fu sa\u011flar. Sabit bir elektrik ba\u011flant\u0131s\u0131 gerektiren hassas elektronik cihazlar veya cihazlar i\u00e7in \u00f6zellikle \u00f6nemlidir.<\/p>\n<p>\u0130ki adet 10A Sigortal\u0131 seyahat adapt\u00f6r\u00fc, cihazlar\u0131n\u0131z\u0131 etkili bir \u015fekilde korur ve elektrikli cihazlar\u0131n\u0131z\u0131 kullan\u0131rken onlar\u0131 korur<\/p>\n<p>100V\u2013250V\/10A(1000W-2500W) aras\u0131nda vah\u015fi voltaj deste\u011fi<\/p>","protected":false},"featured_media":7717,"comment_status":"open","ping_status":"closed","template":"","meta":{"rank_math_lock_modified_date":false,"site-sidebar-layout":"default","site-content-layout":"","ast-site-content-layout":"default","site-content-style":"default","site-sidebar-style":"default","ast-global-header-display":"","ast-banner-title-visibility":"","ast-main-header-display":"","ast-hfb-above-header-display":"","ast-hfb-below-header-display":"","ast-hfb-mobile-header-display":"","site-post-title":"","ast-breadcrumbs-content":"","ast-featured-img":"","footer-sml-layout":"","ast-disable-related-posts":"","theme-transparent-header-meta":"default","adv-header-id-meta":"","stick-header-meta":"","header-above-stick-meta":"","header-main-stick-meta":"","header-below-stick-meta":"","astra-migrate-meta-layouts":"set","ast-page-background-enabled":"default","ast-page-background-meta":{"desktop":{"background-color":"","background-image":"","background-repeat":"repeat","background-position":"center center","background-size":"auto","background-attachment":"scroll","background-type":"","background-media":"","overlay-type":"","overlay-color":"","overlay-opacity":"","overlay-gradient":""},"tablet":{"background-color":"","background-image":"","background-repeat":"repeat","background-position":"center center","background-size":"auto","background-attachment":"scroll","background-type":"","background-media":"","overlay-type":"","overlay-color":"","overlay-opacity":"","overlay-gradient":""},"mobile":{"background-color":"","background-image":"","background-repeat":"repeat","background-position":"center center","background-size":"auto","background-attachment":"scroll","background-type":"","background-media":"","overlay-type":"","overlay-color":"","overlay-opacity":"","overlay-gradient":""}},"ast-content-background-meta":{"desktop":{"background-color":"var(--ast-global-color-5)","background-image":"","background-repeat":"repeat","background-position":"center center","background-size":"auto","background-attachment":"scroll","background-type":"","background-media":"","overlay-type":"","overlay-color":"","overlay-opacity":"","overlay-gradient":""},"tablet":{"background-color":"var(--ast-global-color-5)","background-image":"","background-repeat":"repeat","background-position":"center center","background-size":"auto","background-attachment":"scroll","background-type":"","background-media":"","overlay-type":"","overlay-color":"","overlay-opacity":"","overlay-gradient":""},"mobile":{"background-color":"var(--ast-global-color-5)","background-image":"","background-repeat":"repeat","background-position":"center center","background-size":"auto","background-attachment":"scroll","background-type":"","background-media":"","overlay-type":"","overlay-color":"","overlay-opacity":"","overlay-gradient":""}}},"product_cat":[64],"product_tag":[],"class_list":{"0":"post-7707","1":"product","2":"type-product","3":"status-publish","4":"has-post-thumbnail","6":"product_cat-travel-adapter","7":"desktop-align-center","8":"tablet-align-center","9":"mobile-align-center","11":"first","12":"instock","13":"shipping-taxable","14":"product-type-simple"},"_links":{"self":[{"href":"https:\/\/imiapower.com\/tr\/wp-json\/wp\/v2\/product\/7707","targetHints":{"allow":["GET"]}}],"collection":[{"href":"https:\/\/imiapower.com\/tr\/wp-json\/wp\/v2\/product"}],"about":[{"href":"https:\/\/imiapower.com\/tr\/wp-json\/wp\/v2\/types\/product"}],"replies":[{"embeddable":true,"href":"https:\/\/imiapower.com\/tr\/wp-json\/wp\/v2\/comments?post=7707"}],"version-history":[{"count":7,"href":"https:\/\/imiapower.com\/tr\/wp-json\/wp\/v2\/product\/7707\/revisions"}],"predecessor-version":[{"id":7721,"href":"https:\/\/imiapower.com\/tr\/wp-json\/wp\/v2\/product\/7707\/revisions\/7721"}],"wp:featuredmedia":[{"embeddable":true,"href":"https:\/\/imiapower.com\/tr\/wp-json\/wp\/v2\/media\/7717"}],"wp:attachment":[{"href":"https:\/\/imiapower.com\/tr\/wp-json\/wp\/v2\/media?parent=7707"}],"wp:term":[{"taxonomy":"product_cat","embeddable":true,"href":"https:\/\/imiapower.com\/tr\/wp-json\/wp\/v2\/product_cat?post=7707"},{"taxonomy":"product_tag","embeddable":true,"href":"https:\/\/imiapower.com\/tr\/wp-json\/wp\/v2\/product_tag?post=7707"}],"curies":[{"name":"wp","href":"https:\/\/api.w.org\/{rel}","templated":true}]}}