{"id":7722,"date":"2024-05-25T02:05:55","date_gmt":"2024-05-25T02:05:55","guid":{"rendered":"https:\/\/imiapower.com\/?post_type=product&#038;p=7722"},"modified":"2024-08-16T10:08:45","modified_gmt":"2024-08-16T10:08:45","slug":"international-power-adapters","status":"publish","type":"product","link":"https:\/\/imiapower.com\/tr\/products\/travel-adapter\/international-power-adapters\/","title":{"rendered":"Ucuz 30w uluslararas\u0131 g\u00fc\u00e7 adapt\u00f6rleri"},"content":{"rendered":"<ul>\n<li><strong>uluslararas\u0131 g\u00fc\u00e7 adapt\u00f6rleri<\/strong><\/li>\n<li>\u00a0<strong>Giri\u015f gerilimi:<\/strong> 100~250V, 50\/60Hz<\/li>\n<li><strong>AC \u00c7\u0131k\u0131\u015f\u0131:<\/strong> 6 A Maks (660W\/100V,1330W\/250V)<\/li>\n<li><strong>Tip C1 \u00e7\u0131k\u0131\u015f\u0131:<\/strong> 5V3A (Maks. 15W)<\/li>\n<li><strong>Tip C2 \u00e7\u0131k\u0131\u015f\u0131:<\/strong> 5V3A\/9V3A\/12V2.5A\/15V2A\/20V1.5A (Maks. 30W)<\/li>\n<li><strong>Tek USB \u00e7\u0131k\u0131\u015f\u0131:<\/strong> 5V3A 9V2A (Maks. 18W)<\/li>\n<li><strong>\u00dcr\u00fcn boyutu:<\/strong> 70 mm x 50 mm x 55 mm<\/li>\n<li><strong>Malzemeler:<\/strong> ABS + PC<\/li>\n<li><strong>Sertifika:<\/strong> CE\/FCC\/RoHS<\/li>\n<\/ul>","protected":false},"excerpt":{"rendered":"<p>Do\u011frudan seyahat adapt\u00f6rleri fabrikas\u0131yla daha d\u00fc\u015f\u00fck MOQ&#039;lar\u0131 kabul edebilir ve m\u00fc\u015fterilerimizin \u00fcr\u00fcn kalitemize inanmas\u0131n\u0131 sa\u011flayabiliriz<\/p>\n<p>Bu uluslararas\u0131 g\u00fc\u00e7 adapt\u00f6rleri, patent sorunu nedeniyle \u00f6zel kal\u0131pt\u0131r<\/p>\n<p>Bu uluslararas\u0131 g\u00fc\u00e7 adapt\u00f6r\u00fcnde 150&#039;den fazla \u00fclkeyi kapsayan ABD\/AB\/\u0130ngiltere\/AU elektrik fi\u015fleri bulunur. Ve G\u00fcney Afrika, Hindistan, ABD, AB, \u0130ngiltere ve AU fi\u015fine tak\u0131labilir<\/p>\n<p>G\u00fcvenlik \u00d6zellikleri: Y\u00fcksek kaliteli adapt\u00f6rler, cihazlar\u0131n\u0131z\u0131 elektrik dalgalanmalar\u0131ndan ve olas\u0131 hasarlardan korumak i\u00e7in a\u015f\u0131r\u0131 y\u00fck korumas\u0131 ve k\u0131sa devre korumas\u0131 gibi yerle\u015fik g\u00fcvenlik \u00f6zellikleriyle birlikte gelir.<\/p>\n<p>&nbsp;<\/p>","protected":false},"featured_media":7726,"comment_status":"open","ping_status":"closed","template":"","meta":{"rank_math_lock_modified_date":false,"site-sidebar-layout":"default","site-content-layout":"","ast-site-content-layout":"default","site-content-style":"default","site-sidebar-style":"default","ast-global-header-display":"","ast-banner-title-visibility":"","ast-main-header-display":"","ast-hfb-above-header-display":"","ast-hfb-below-header-display":"","ast-hfb-mobile-header-display":"","site-post-title":"","ast-breadcrumbs-content":"","ast-featured-img":"","footer-sml-layout":"","ast-disable-related-posts":"","theme-transparent-header-meta":"default","adv-header-id-meta":"","stick-header-meta":"","header-above-stick-meta":"","header-main-stick-meta":"","header-below-stick-meta":"","astra-migrate-meta-layouts":"set","ast-page-background-enabled":"default","ast-page-background-meta":{"desktop":{"background-color":"","background-image":"","background-repeat":"repeat","background-position":"center center","background-size":"auto","background-attachment":"scroll","background-type":"","background-media":"","overlay-type":"","overlay-color":"","overlay-opacity":"","overlay-gradient":""},"tablet":{"background-color":"","background-image":"","background-repeat":"repeat","background-position":"center center","background-size":"auto","background-attachment":"scroll","background-type":"","background-media":"","overlay-type":"","overlay-color":"","overlay-opacity":"","overlay-gradient":""},"mobile":{"background-color":"","background-image":"","background-repeat":"repeat","background-position":"center center","background-size":"auto","background-attachment":"scroll","background-type":"","background-media":"","overlay-type":"","overlay-color":"","overlay-opacity":"","overlay-gradient":""}},"ast-content-background-meta":{"desktop":{"background-color":"var(--ast-global-color-5)","background-image":"","background-repeat":"repeat","background-position":"center center","background-size":"auto","background-attachment":"scroll","background-type":"","background-media":"","overlay-type":"","overlay-color":"","overlay-opacity":"","overlay-gradient":""},"tablet":{"background-color":"var(--ast-global-color-5)","background-image":"","background-repeat":"repeat","background-position":"center center","background-size":"auto","background-attachment":"scroll","background-type":"","background-media":"","overlay-type":"","overlay-color":"","overlay-opacity":"","overlay-gradient":""},"mobile":{"background-color":"var(--ast-global-color-5)","background-image":"","background-repeat":"repeat","background-position":"center center","background-size":"auto","background-attachment":"scroll","background-type":"","background-media":"","overlay-type":"","overlay-color":"","overlay-opacity":"","overlay-gradient":""}}},"product_cat":[64],"product_tag":[],"class_list":{"0":"post-7722","1":"product","2":"type-product","3":"status-publish","4":"has-post-thumbnail","6":"product_cat-travel-adapter","7":"desktop-align-center","8":"tablet-align-center","9":"mobile-align-center","11":"first","12":"instock","13":"shipping-taxable","14":"product-type-simple"},"_links":{"self":[{"href":"https:\/\/imiapower.com\/tr\/wp-json\/wp\/v2\/product\/7722","targetHints":{"allow":["GET"]}}],"collection":[{"href":"https:\/\/imiapower.com\/tr\/wp-json\/wp\/v2\/product"}],"about":[{"href":"https:\/\/imiapower.com\/tr\/wp-json\/wp\/v2\/types\/product"}],"replies":[{"embeddable":true,"href":"https:\/\/imiapower.com\/tr\/wp-json\/wp\/v2\/comments?post=7722"}],"version-history":[{"count":3,"href":"https:\/\/imiapower.com\/tr\/wp-json\/wp\/v2\/product\/7722\/revisions"}],"predecessor-version":[{"id":7730,"href":"https:\/\/imiapower.com\/tr\/wp-json\/wp\/v2\/product\/7722\/revisions\/7730"}],"wp:featuredmedia":[{"embeddable":true,"href":"https:\/\/imiapower.com\/tr\/wp-json\/wp\/v2\/media\/7726"}],"wp:attachment":[{"href":"https:\/\/imiapower.com\/tr\/wp-json\/wp\/v2\/media?parent=7722"}],"wp:term":[{"taxonomy":"product_cat","embeddable":true,"href":"https:\/\/imiapower.com\/tr\/wp-json\/wp\/v2\/product_cat?post=7722"},{"taxonomy":"product_tag","embeddable":true,"href":"https:\/\/imiapower.com\/tr\/wp-json\/wp\/v2\/product_tag?post=7722"}],"curies":[{"name":"wp","href":"https:\/\/api.w.org\/{rel}","templated":true}]}}