{"id":7768,"date":"2024-05-12T07:28:02","date_gmt":"2024-05-12T07:28:02","guid":{"rendered":"https:\/\/imiapower.com\/?post_type=product&#038;p=7768"},"modified":"2025-05-26T09:15:58","modified_gmt":"2025-05-26T09:15:58","slug":"international-plugs-adapters","status":"publish","type":"product","link":"https:\/\/imiapower.com\/tr\/products\/travel-adapter\/international-plugs-adapters\/","title":{"rendered":"Verimli 20w uluslararas\u0131 fi\u015f adapt\u00f6rleri"},"content":{"rendered":"<ul>\n<li><strong>uluslararas\u0131 fi\u015f adapt\u00f6rleri<\/strong><\/li>\n<li><strong>AC giri\u015fi:<\/strong>100~250V\/AC 50-60Hz<\/li>\n<li><strong>AC \u00e7\u0131k\u0131\u015f\u0131:<\/strong>6A Maks.(660W\/100V veya 1330W\/250V)<\/li>\n<li><strong>USB1+USB2 \u00e7\u0131k\u0131\u015f\u0131:<\/strong>5V \/2400mA<\/li>\n<li><strong>USB3:<\/strong> 5V 3A \/ 9V 2A \/ 12V 1,5A (Qc 3,0 18W)<\/li>\n<li><strong>C Tipi PD \u00e7\u0131k\u0131\u015f\u0131:<\/strong> 5V3A \/9V2.22A\/12V1.67A (Maks. 20W)<\/li>\n<li><strong>Boyut:<\/strong>50x70x55mm<\/li>\n<li><strong>Malzeme:<\/strong> Ate\u015flenmi\u015f PC + bak\u0131r metal<\/li>\n<li><strong>Rmark:<\/strong> AB\/AU\/UK\/US hepsi bir arada 170&#039;den fazla \u00fclkede kullan\u0131labilir<\/li>\n<li><strong>Sertifika:<\/strong> CE, Rohs<\/li>\n<\/ul>","protected":false},"excerpt":{"rendered":"<p>Do\u011frudan \u00fcreticiler, m\u00fc\u015fterinin fikrine g\u00f6re \u00f6zelle\u015ftirilmi\u015f seyahat adapt\u00f6rleri sa\u011flar, asl\u0131nda seyahat fi\u015fi geli\u015ftirme uzun bir s\u00fcre\u00e7tir ve bu t\u00fcr \u00fcr\u00fcnlerde uzun y\u0131llara dayanan deneyime sahibiz.<\/p>\n<p>Uluslararas\u0131 fi\u015f adapt\u00f6rleri farkl\u0131 \u00fclkelere seyahat i\u00e7in gerekli \u00fcr\u00fcnlerdir, \u00e7\u00fcnk\u00fc farkl\u0131 \u00fclkeler, ancak \u015farj fi\u015fi farkl\u0131d\u0131r, bu adapt\u00f6r AB, ABD, AUS ve \u0130ngiltere fi\u015flerini i\u00e7erir ve \u00e7o\u011fu \u00fclkenin fi\u015f taleplerini kar\u015f\u0131layabilir, bu model 3 versiyon i\u00e7erir<\/p>\n<p>3USB+1Tip-C 20W<\/p>\n<p>1USB+1Tip-C 30W<\/p>\n<p>2USB+2Tip-C 30W<\/p>\n<p>&nbsp;<\/p>","protected":false},"featured_media":7773,"comment_status":"open","ping_status":"closed","template":"","meta":{"rank_math_lock_modified_date":false,"site-sidebar-layout":"default","site-content-layout":"","ast-site-content-layout":"default","site-content-style":"default","site-sidebar-style":"default","ast-global-header-display":"","ast-banner-title-visibility":"","ast-main-header-display":"","ast-hfb-above-header-display":"","ast-hfb-below-header-display":"","ast-hfb-mobile-header-display":"","site-post-title":"","ast-breadcrumbs-content":"","ast-featured-img":"","footer-sml-layout":"","ast-disable-related-posts":"","theme-transparent-header-meta":"default","adv-header-id-meta":"","stick-header-meta":"","header-above-stick-meta":"","header-main-stick-meta":"","header-below-stick-meta":"","astra-migrate-meta-layouts":"set","ast-page-background-enabled":"default","ast-page-background-meta":{"desktop":{"background-color":"","background-image":"","background-repeat":"repeat","background-position":"center center","background-size":"auto","background-attachment":"scroll","background-type":"","background-media":"","overlay-type":"","overlay-color":"","overlay-opacity":"","overlay-gradient":""},"tablet":{"background-color":"","background-image":"","background-repeat":"repeat","background-position":"center center","background-size":"auto","background-attachment":"scroll","background-type":"","background-media":"","overlay-type":"","overlay-color":"","overlay-opacity":"","overlay-gradient":""},"mobile":{"background-color":"","background-image":"","background-repeat":"repeat","background-position":"center center","background-size":"auto","background-attachment":"scroll","background-type":"","background-media":"","overlay-type":"","overlay-color":"","overlay-opacity":"","overlay-gradient":""}},"ast-content-background-meta":{"desktop":{"background-color":"var(--ast-global-color-5)","background-image":"","background-repeat":"repeat","background-position":"center center","background-size":"auto","background-attachment":"scroll","background-type":"","background-media":"","overlay-type":"","overlay-color":"","overlay-opacity":"","overlay-gradient":""},"tablet":{"background-color":"var(--ast-global-color-5)","background-image":"","background-repeat":"repeat","background-position":"center center","background-size":"auto","background-attachment":"scroll","background-type":"","background-media":"","overlay-type":"","overlay-color":"","overlay-opacity":"","overlay-gradient":""},"mobile":{"background-color":"var(--ast-global-color-5)","background-image":"","background-repeat":"repeat","background-position":"center center","background-size":"auto","background-attachment":"scroll","background-type":"","background-media":"","overlay-type":"","overlay-color":"","overlay-opacity":"","overlay-gradient":""}}},"product_cat":[64],"product_tag":[],"class_list":{"0":"post-7768","1":"product","2":"type-product","3":"status-publish","4":"has-post-thumbnail","6":"product_cat-travel-adapter","7":"desktop-align-center","8":"tablet-align-center","9":"mobile-align-center","11":"first","12":"instock","13":"shipping-taxable","14":"product-type-simple"},"_links":{"self":[{"href":"https:\/\/imiapower.com\/tr\/wp-json\/wp\/v2\/product\/7768","targetHints":{"allow":["GET"]}}],"collection":[{"href":"https:\/\/imiapower.com\/tr\/wp-json\/wp\/v2\/product"}],"about":[{"href":"https:\/\/imiapower.com\/tr\/wp-json\/wp\/v2\/types\/product"}],"replies":[{"embeddable":true,"href":"https:\/\/imiapower.com\/tr\/wp-json\/wp\/v2\/comments?post=7768"}],"version-history":[{"count":6,"href":"https:\/\/imiapower.com\/tr\/wp-json\/wp\/v2\/product\/7768\/revisions"}],"predecessor-version":[{"id":9199,"href":"https:\/\/imiapower.com\/tr\/wp-json\/wp\/v2\/product\/7768\/revisions\/9199"}],"wp:featuredmedia":[{"embeddable":true,"href":"https:\/\/imiapower.com\/tr\/wp-json\/wp\/v2\/media\/7773"}],"wp:attachment":[{"href":"https:\/\/imiapower.com\/tr\/wp-json\/wp\/v2\/media?parent=7768"}],"wp:term":[{"taxonomy":"product_cat","embeddable":true,"href":"https:\/\/imiapower.com\/tr\/wp-json\/wp\/v2\/product_cat?post=7768"},{"taxonomy":"product_tag","embeddable":true,"href":"https:\/\/imiapower.com\/tr\/wp-json\/wp\/v2\/product_tag?post=7768"}],"curies":[{"name":"wp","href":"https:\/\/api.w.org\/{rel}","templated":true}]}}