{"id":7846,"date":"2024-06-04T03:17:08","date_gmt":"2024-06-04T03:17:08","guid":{"rendered":"https:\/\/imiapower.com\/?post_type=product&#038;p=7846"},"modified":"2024-12-09T08:09:28","modified_gmt":"2024-12-09T08:09:28","slug":"travel-adaptor-manufacturer","status":"publish","type":"product","link":"https:\/\/imiapower.com\/tr\/products\/travel-adapter\/travel-adaptor-manufacturer\/","title":{"rendered":"En iyi seyahat adapt\u00f6r\u00fc \u00fcreticisi"},"content":{"rendered":"<ul>\n<li><strong>seyahat adapt\u00f6r\u00fc \u00fcreticisi<\/strong><\/li>\n<li><strong>Giri\u015f:<\/strong> 100~250V\/AC 50-60Hz 0,8A<\/li>\n<li><strong>\u00c7\u0131kt\u0131 :<\/strong> 10A Maks.(1000W\/100V veya 2400W\/240V)<\/li>\n<li><strong>USB \u00e7\u0131k\u0131\u015f\u0131:<\/strong> 5V \/2,4A (MAKS. 12W)<\/li>\n<li><strong>Tip C2\/ C3\/C4 \u00e7\u0131k\u0131\u015f\u0131:<\/strong> 5V \/2,4A (MAKS 12W)<\/li>\n<li><strong>C1 \u00e7\u0131k\u0131\u015f\u0131 yaz\u0131n:<\/strong> 5V,3A 9V,3A 12V,2,91A 15V,2,33A 20V,1,75A (MAKS. 35W)<\/li>\n<li><strong>Boyut:<\/strong> 76*50,5*57 mm<\/li>\n<li><strong>A\u011f\u0131rl\u0131k: <\/strong>170g<\/li>\n<li><strong>Malzeme:<\/strong> Pi\u015fmi\u015f PC + bak\u0131r metal<\/li>\n<li><strong>Paket:<\/strong> M\u00fc\u015fterinin referans\u0131na g\u00f6re renk kutusu\/blister<\/li>\n<\/ul>","protected":false},"excerpt":{"rendered":"<p>Guangdong Eyaleti, Dongguan \u015eehri&#039;nde bulunan evrensel bir seyahat adapt\u00f6r\u00fc \u00fcreticisiyiz, bu t\u00fcr bir \u00fcr\u00fcn\u00fcn geli\u015ftirme s\u00fcreci uzun s\u00fcr\u00fcyor, bu nedenle \u00e7o\u011fu \u00fcr\u00fcn \u00f6zel kal\u0131pt\u0131r, bu t\u00fcr \u00fcr\u00fcn yap\u0131m\u0131 normal USB \u015farj cihaz\u0131yla kar\u015f\u0131la\u015ft\u0131r\u0131ld\u0131\u011f\u0131nda \u00e7ok karma\u015f\u0131kt\u0131r, m\u00fc\u015fteri plan yaparsa Bu t\u00fcr seyahat adapt\u00f6rlerini kendi markalar\u0131yla satmak i\u00e7in, daha fazla ayr\u0131nt\u0131 i\u00e7in bizimle ileti\u015fime ge\u00e7in.<\/p>\n<p>\u00d6nde gelen \u00fcreticiler, d\u00fcnya \u00e7ap\u0131nda kullan\u0131lan elektrik prizi standartlar\u0131n\u0131 kapsayan, birden fazla fi\u015f t\u00fcr\u00fcyle (\u00f6rne\u011fin, Tip A, B, C, D, E, F, G, I, vb.) uyumlu seyahat adapt\u00f6rleri \u00fcretmektedir<\/p>\n<p>Do\u011frudan seyahat adapt\u00f6r\u00fc \u00fcreticisi olarak, adapt\u00f6r\u00fcn i\u015flevini ve kullan\u0131m \u00f6mr\u00fcn\u00fc garanti alt\u0131na almak i\u00e7in her zaman kaliteli ham maddeler kullan\u0131r\u0131z<\/p>\n<p><img fetchpriority=\"high\" decoding=\"async\" class=\"alignnone wp-image-8794 size-large\" src=\"https:\/\/imiapower.com\/wp-content\/uploads\/Universal-travel-adapter-3-1024x1024.jpg\" alt=\"seyahat adapt\u00f6r\u00fc \u00fcreticisi\" width=\"1024\" height=\"1024\" srcset=\"https:\/\/imiapower.com\/wp-content\/uploads\/Universal-travel-adapter-3-1024x1024.jpg 1024w, https:\/\/imiapower.com\/wp-content\/uploads\/Universal-travel-adapter-3-300x300.jpg 300w, https:\/\/imiapower.com\/wp-content\/uploads\/Universal-travel-adapter-3-100x100.jpg 100w, https:\/\/imiapower.com\/wp-content\/uploads\/Universal-travel-adapter-3-600x600.jpg 600w, https:\/\/imiapower.com\/wp-content\/uploads\/Universal-travel-adapter-3-64x64.jpg 64w, https:\/\/imiapower.com\/wp-content\/uploads\/Universal-travel-adapter-3-150x150.jpg 150w, https:\/\/imiapower.com\/wp-content\/uploads\/Universal-travel-adapter-3-768x768.jpg 768w, https:\/\/imiapower.com\/wp-content\/uploads\/Universal-travel-adapter-3-12x12.jpg 12w, https:\/\/imiapower.com\/wp-content\/uploads\/Universal-travel-adapter-3.jpg 1500w\" sizes=\"(max-width: 1024px) 100vw, 1024px\" \/><\/p>\n<p>T\u00fcm \u00fcr\u00fcnlerimiz i\u00e7in her zaman 1 y\u0131l garanti veriyoruz ve \u00fcretim teslim s\u00fcresi her zaman 25-30 g\u00fcnd\u00fcr.<\/p>\n<p>Bir\u00e7ok markal\u0131 elektronik firmas\u0131na ODM hizmeti vermekteyiz<\/p>\n<p>M\u00fc\u015fteri referans\u0131 i\u00e7in 35w, 45w, 65w se\u00e7ene\u011fi olan bu kal\u0131p<\/p>\n<p>Basma d\u00fc\u011fmesinin se\u00e7ilebilecek birka\u00e7 rengi vard\u0131r<\/p>","protected":false},"featured_media":7847,"comment_status":"open","ping_status":"closed","template":"","meta":{"rank_math_lock_modified_date":false,"site-sidebar-layout":"default","site-content-layout":"","ast-site-content-layout":"default","site-content-style":"default","site-sidebar-style":"default","ast-global-header-display":"","ast-banner-title-visibility":"","ast-main-header-display":"","ast-hfb-above-header-display":"","ast-hfb-below-header-display":"","ast-hfb-mobile-header-display":"","site-post-title":"","ast-breadcrumbs-content":"","ast-featured-img":"","footer-sml-layout":"","ast-disable-related-posts":"","theme-transparent-header-meta":"default","adv-header-id-meta":"","stick-header-meta":"","header-above-stick-meta":"","header-main-stick-meta":"","header-below-stick-meta":"","astra-migrate-meta-layouts":"set","ast-page-background-enabled":"default","ast-page-background-meta":{"desktop":{"background-color":"","background-image":"","background-repeat":"repeat","background-position":"center center","background-size":"auto","background-attachment":"scroll","background-type":"","background-media":"","overlay-type":"","overlay-color":"","overlay-opacity":"","overlay-gradient":""},"tablet":{"background-color":"","background-image":"","background-repeat":"repeat","background-position":"center center","background-size":"auto","background-attachment":"scroll","background-type":"","background-media":"","overlay-type":"","overlay-color":"","overlay-opacity":"","overlay-gradient":""},"mobile":{"background-color":"","background-image":"","background-repeat":"repeat","background-position":"center center","background-size":"auto","background-attachment":"scroll","background-type":"","background-media":"","overlay-type":"","overlay-color":"","overlay-opacity":"","overlay-gradient":""}},"ast-content-background-meta":{"desktop":{"background-color":"var(--ast-global-color-5)","background-image":"","background-repeat":"repeat","background-position":"center center","background-size":"auto","background-attachment":"scroll","background-type":"","background-media":"","overlay-type":"","overlay-color":"","overlay-opacity":"","overlay-gradient":""},"tablet":{"background-color":"var(--ast-global-color-5)","background-image":"","background-repeat":"repeat","background-position":"center center","background-size":"auto","background-attachment":"scroll","background-type":"","background-media":"","overlay-type":"","overlay-color":"","overlay-opacity":"","overlay-gradient":""},"mobile":{"background-color":"var(--ast-global-color-5)","background-image":"","background-repeat":"repeat","background-position":"center center","background-size":"auto","background-attachment":"scroll","background-type":"","background-media":"","overlay-type":"","overlay-color":"","overlay-opacity":"","overlay-gradient":""}}},"product_cat":[64],"product_tag":[],"class_list":{"0":"post-7846","1":"product","2":"type-product","3":"status-publish","4":"has-post-thumbnail","6":"product_cat-travel-adapter","7":"desktop-align-center","8":"tablet-align-center","9":"mobile-align-center","11":"first","12":"instock","13":"shipping-taxable","14":"product-type-simple"},"_links":{"self":[{"href":"https:\/\/imiapower.com\/tr\/wp-json\/wp\/v2\/product\/7846","targetHints":{"allow":["GET"]}}],"collection":[{"href":"https:\/\/imiapower.com\/tr\/wp-json\/wp\/v2\/product"}],"about":[{"href":"https:\/\/imiapower.com\/tr\/wp-json\/wp\/v2\/types\/product"}],"replies":[{"embeddable":true,"href":"https:\/\/imiapower.com\/tr\/wp-json\/wp\/v2\/comments?post=7846"}],"version-history":[{"count":10,"href":"https:\/\/imiapower.com\/tr\/wp-json\/wp\/v2\/product\/7846\/revisions"}],"predecessor-version":[{"id":8795,"href":"https:\/\/imiapower.com\/tr\/wp-json\/wp\/v2\/product\/7846\/revisions\/8795"}],"wp:featuredmedia":[{"embeddable":true,"href":"https:\/\/imiapower.com\/tr\/wp-json\/wp\/v2\/media\/7847"}],"wp:attachment":[{"href":"https:\/\/imiapower.com\/tr\/wp-json\/wp\/v2\/media?parent=7846"}],"wp:term":[{"taxonomy":"product_cat","embeddable":true,"href":"https:\/\/imiapower.com\/tr\/wp-json\/wp\/v2\/product_cat?post=7846"},{"taxonomy":"product_tag","embeddable":true,"href":"https:\/\/imiapower.com\/tr\/wp-json\/wp\/v2\/product_tag?post=7846"}],"curies":[{"name":"wp","href":"https:\/\/api.w.org\/{rel}","templated":true}]}}