{"id":7869,"date":"2024-06-07T02:59:40","date_gmt":"2024-06-07T02:59:40","guid":{"rendered":"https:\/\/imiapower.com\/?post_type=product&#038;p=7869"},"modified":"2026-01-05T08:22:32","modified_gmt":"2026-01-05T08:22:32","slug":"power-adapter-for-laptop","status":"publish","type":"product","link":"https:\/\/imiapower.com\/tr\/products\/wall-charger\/power-adapter-for-laptop\/","title":{"rendered":"diz\u00fcst\u00fc bilgisayar i\u00e7in en iyi 45w g\u00fc\u00e7 adapt\u00f6r\u00fc"},"content":{"rendered":"<ul>\n<li><strong>diz\u00fcst\u00fc bilgisayar i\u00e7in g\u00fc\u00e7 adapt\u00f6r\u00fc<\/strong><\/li>\n<li><strong>Boyut:<\/strong>65*65*29MM<\/li>\n<li><strong>Karakteristik: <\/strong>Katlan\u0131r ABD fi\u015fi, a\u00e7\u0131lan ABD fi\u015fi, de\u011fi\u015ftirilebilir ABD\/AUS\/\u0130ngiltere\/AB fi\u015fi<\/li>\n<li><strong>\u00c7\u0131kt\u0131:<\/strong>5V3A, 9V3A, 12V3A, 15V3A, 20V2.25A (45W Maks.)<\/li>\n<li><strong>Renk:<\/strong>Siyah ve beyaz<\/li>\n<li><strong>Giri\u015f:<\/strong>100-240VAC 50\/60HZ 1,3A<\/li>\n<li><strong>Sertifika:<\/strong>UL \/FCC\/ CE\/ CB\/ UKCA\/ PSE<\/li>\n<li><strong>Ekstra: <\/strong>1,5M C tipi kablo<\/li>\n<li><strong>\u00dcretim teslim s\u00fcresi:<\/strong> 25-30 g\u00fcn<\/li>\n<\/ul>","protected":false},"excerpt":{"rendered":"<p>Diz\u00fcst\u00fc bilgisayar i\u00e7in g\u00fc\u00e7 adapt\u00f6r\u00fc, m\u00fc\u015fteri referans\u0131 i\u00e7in her zaman pop\u00fcler ABD\/\u0130ngiltere\/AB\/AUS fi\u015flerimiz vard\u0131r. 45w \u015farj cihaz\u0131 h\u0131zl\u0131 \u015farj h\u0131z\u0131na sahiptir ve pazar\u0131n diz\u00fcst\u00fc bilgisayar \u015farj taleplerini kar\u015f\u0131layacak kadar y\u00fcksek bir fiyata sahip de\u011fildir.<\/p>\n<p>D\u00fcnya \u00e7ap\u0131nda sat\u0131\u015f yapan baz\u0131 diz\u00fcst\u00fc bilgisayar markalar\u0131na adapt\u00f6rler sundu\u011fumuz i\u00e7in her zaman d\u00fcnya \u00e7ap\u0131nda sertifikasyon sa\u011fl\u0131yoruz.<\/p>\n<p>Bu adapt\u00f6r\u00fcn iki versiyonu var, bir versiyon TYPE-C kablolu ve bir versiyon kablosuz, m\u00fc\u015fteri iste\u011fine g\u00f6re se\u00e7im yapabilir<\/p>\n<p>D\u00fcnya \u00e7ap\u0131nda sertifikaya sahip bir g\u00fc\u00e7 adapt\u00f6r\u00fc arayan m\u00fc\u015fterimiz, tercihiniz olabiliriz<\/p>\n<p><img decoding=\"async\" class=\"alignnone wp-image-7878 size-thumbnail\" src=\"https:\/\/imiapower.com\/wp-content\/uploads\/\u5fae\u4fe1\u56fe\u7247_20240607110326-150x150.jpg\" alt=\"g\u00fc\u00e7 adapt\u00f6r\u00fc sertifikas\u0131\" width=\"150\" height=\"150\" srcset=\"https:\/\/imiapower.com\/wp-content\/uploads\/\u5fae\u4fe1\u56fe\u7247_20240607110326-150x150.jpg 150w, https:\/\/imiapower.com\/wp-content\/uploads\/\u5fae\u4fe1\u56fe\u7247_20240607110326-300x300.jpg 300w, https:\/\/imiapower.com\/wp-content\/uploads\/\u5fae\u4fe1\u56fe\u7247_20240607110326-100x100.jpg 100w\" sizes=\"(max-width: 150px) 100vw, 150px\" \/><img decoding=\"async\" class=\"alignnone wp-image-7877 size-thumbnail\" style=\"font-weight: inherit;\" src=\"https:\/\/imiapower.com\/wp-content\/uploads\/\u5fae\u4fe1\u56fe\u7247_20240607110208-150x150.jpg\" alt=\"g\u00fc\u00e7 adapt\u00f6r\u00fc sertifikas\u0131\" width=\"150\" height=\"150\" srcset=\"https:\/\/imiapower.com\/wp-content\/uploads\/\u5fae\u4fe1\u56fe\u7247_20240607110208-150x150.jpg 150w, https:\/\/imiapower.com\/wp-content\/uploads\/\u5fae\u4fe1\u56fe\u7247_20240607110208-300x300.jpg 300w, https:\/\/imiapower.com\/wp-content\/uploads\/\u5fae\u4fe1\u56fe\u7247_20240607110208-100x100.jpg 100w\" sizes=\"(max-width: 150px) 100vw, 150px\" \/><img decoding=\"async\" class=\"alignnone wp-image-7879 size-thumbnail\" style=\"font-style: inherit; font-weight: inherit;\" src=\"https:\/\/imiapower.com\/wp-content\/uploads\/\u5fae\u4fe1\u56fe\u7247_20240607110628-150x150.jpg\" alt=\"g\u00fc\u00e7 adapt\u00f6r\u00fc sertifikas\u0131\" width=\"150\" height=\"150\" srcset=\"https:\/\/imiapower.com\/wp-content\/uploads\/\u5fae\u4fe1\u56fe\u7247_20240607110628-150x150.jpg 150w, https:\/\/imiapower.com\/wp-content\/uploads\/\u5fae\u4fe1\u56fe\u7247_20240607110628-300x300.jpg 300w, https:\/\/imiapower.com\/wp-content\/uploads\/\u5fae\u4fe1\u56fe\u7247_20240607110628-100x100.jpg 100w\" sizes=\"(max-width: 150px) 100vw, 150px\" \/><\/p>","protected":false},"featured_media":7870,"comment_status":"open","ping_status":"closed","template":"","meta":{"rank_math_lock_modified_date":false,"site-sidebar-layout":"default","site-content-layout":"","ast-site-content-layout":"default","site-content-style":"default","site-sidebar-style":"default","ast-global-header-display":"","ast-banner-title-visibility":"","ast-main-header-display":"","ast-hfb-above-header-display":"","ast-hfb-below-header-display":"","ast-hfb-mobile-header-display":"","site-post-title":"","ast-breadcrumbs-content":"","ast-featured-img":"","footer-sml-layout":"","ast-disable-related-posts":"","theme-transparent-header-meta":"default","adv-header-id-meta":"","stick-header-meta":"","header-above-stick-meta":"","header-main-stick-meta":"","header-below-stick-meta":"","astra-migrate-meta-layouts":"set","ast-page-background-enabled":"default","ast-page-background-meta":{"desktop":{"background-color":"","background-image":"","background-repeat":"repeat","background-position":"center center","background-size":"auto","background-attachment":"scroll","background-type":"","background-media":"","overlay-type":"","overlay-color":"","overlay-opacity":"","overlay-gradient":""},"tablet":{"background-color":"","background-image":"","background-repeat":"repeat","background-position":"center center","background-size":"auto","background-attachment":"scroll","background-type":"","background-media":"","overlay-type":"","overlay-color":"","overlay-opacity":"","overlay-gradient":""},"mobile":{"background-color":"","background-image":"","background-repeat":"repeat","background-position":"center center","background-size":"auto","background-attachment":"scroll","background-type":"","background-media":"","overlay-type":"","overlay-color":"","overlay-opacity":"","overlay-gradient":""}},"ast-content-background-meta":{"desktop":{"background-color":"var(--ast-global-color-5)","background-image":"","background-repeat":"repeat","background-position":"center center","background-size":"auto","background-attachment":"scroll","background-type":"","background-media":"","overlay-type":"","overlay-color":"","overlay-opacity":"","overlay-gradient":""},"tablet":{"background-color":"var(--ast-global-color-5)","background-image":"","background-repeat":"repeat","background-position":"center center","background-size":"auto","background-attachment":"scroll","background-type":"","background-media":"","overlay-type":"","overlay-color":"","overlay-opacity":"","overlay-gradient":""},"mobile":{"background-color":"var(--ast-global-color-5)","background-image":"","background-repeat":"repeat","background-position":"center center","background-size":"auto","background-attachment":"scroll","background-type":"","background-media":"","overlay-type":"","overlay-color":"","overlay-opacity":"","overlay-gradient":""}}},"product_cat":[43],"product_tag":[],"class_list":{"0":"post-7869","1":"product","2":"type-product","3":"status-publish","4":"has-post-thumbnail","6":"product_cat-wall-charger","7":"desktop-align-center","8":"tablet-align-center","9":"mobile-align-center","11":"first","12":"instock","13":"shipping-taxable","14":"product-type-simple"},"_links":{"self":[{"href":"https:\/\/imiapower.com\/tr\/wp-json\/wp\/v2\/product\/7869","targetHints":{"allow":["GET"]}}],"collection":[{"href":"https:\/\/imiapower.com\/tr\/wp-json\/wp\/v2\/product"}],"about":[{"href":"https:\/\/imiapower.com\/tr\/wp-json\/wp\/v2\/types\/product"}],"replies":[{"embeddable":true,"href":"https:\/\/imiapower.com\/tr\/wp-json\/wp\/v2\/comments?post=7869"}],"version-history":[{"count":7,"href":"https:\/\/imiapower.com\/tr\/wp-json\/wp\/v2\/product\/7869\/revisions"}],"predecessor-version":[{"id":7883,"href":"https:\/\/imiapower.com\/tr\/wp-json\/wp\/v2\/product\/7869\/revisions\/7883"}],"wp:featuredmedia":[{"embeddable":true,"href":"https:\/\/imiapower.com\/tr\/wp-json\/wp\/v2\/media\/7870"}],"wp:attachment":[{"href":"https:\/\/imiapower.com\/tr\/wp-json\/wp\/v2\/media?parent=7869"}],"wp:term":[{"taxonomy":"product_cat","embeddable":true,"href":"https:\/\/imiapower.com\/tr\/wp-json\/wp\/v2\/product_cat?post=7869"},{"taxonomy":"product_tag","embeddable":true,"href":"https:\/\/imiapower.com\/tr\/wp-json\/wp\/v2\/product_tag?post=7869"}],"curies":[{"name":"wp","href":"https:\/\/api.w.org\/{rel}","templated":true}]}}