{"id":7891,"date":"2024-06-08T01:18:20","date_gmt":"2024-06-08T01:18:20","guid":{"rendered":"https:\/\/imiapower.com\/?post_type=product&#038;p=7891"},"modified":"2024-11-15T09:21:25","modified_gmt":"2024-11-15T09:21:25","slug":"usb-c-charger-45w","status":"publish","type":"product","link":"https:\/\/imiapower.com\/tr\/products\/wall-charger\/usb-c-charger-45w\/","title":{"rendered":"D\u00fcnya \u00e7ap\u0131nda sertifikaya sahip USB C \u015farj cihaz\u0131 45w&#039;yi ke\u015ffedin"},"content":{"rendered":"<ul>\n<li><strong>USB C \u015farj cihaz\u0131 45w<\/strong><\/li>\n<li><strong>Giri\u015f:<\/strong>100-240VAC 50\/60HZ 1,3A<\/li>\n<li><strong>Boyut:<\/strong>65*65*29MM<\/li>\n<li><strong>Karakteristik: <\/strong>Katlan\u0131r ABD fi\u015fi, a\u00e7\u0131lan ABD fi\u015fi, de\u011fi\u015ftirilebilir ABD\/AUS\/\u0130ngiltere\/AB fi\u015fi<\/li>\n<li><strong>\u00c7\u0131kt\u0131:<\/strong>5V3A, 9V3A, 12V3A, 15V3A, 20V2.25A (45W Maks.)<\/li>\n<li><strong>Renk: <\/strong>Siyah ve beyaz<\/li>\n<li><strong>Sertifika: <\/strong>UL \/FCC\/ CE\/ CB\/ UKCA\/ PSE<\/li>\n<li><strong>\u00dcretim teslim s\u00fcresi:<\/strong>25-30 g\u00fcn<\/li>\n<\/ul>","protected":false},"excerpt":{"rendered":"<p>USB C \u015farj cihaz\u0131 45w, 2024 y\u0131l\u0131n\u0131n en pop\u00fcler watt&#039;\u0131d\u0131r, her zaman ABD, AUS, CE, \u0130ngiltere gibi en pop\u00fcler fi\u015fleri ve ayr\u0131ca farkl\u0131 \u00fclkelerin sertifikalar\u0131n\u0131 sa\u011fl\u0131yoruz.<\/p>\n<p>Kendi markalar\u0131 olan ve d\u00fcnya \u00e7ap\u0131nda sat\u0131\u015f yapan m\u00fc\u015fteriler i\u00e7in \u201cKC, CB, CE, UL, FCC, UKCA, SAA, PSE, GS, C-TICK, COC, NRCS, BIS vb. gibi \u00e7e\u015fitli sertifikalara ihtiya\u00e7 vard\u0131r.<\/p>\n<p>Avantajl\u0131 \u00fcr\u00fcn\u00fcm\u00fcz m\u00fckemmel bir geli\u015ftirme ekibine dayanmaktad\u0131r, de\u011ferli m\u00fc\u015fterilerimize her zaman OEM\/ODM sa\u011fl\u0131yoruz<\/p>","protected":false},"featured_media":7892,"comment_status":"open","ping_status":"closed","template":"","meta":{"rank_math_lock_modified_date":false,"site-sidebar-layout":"default","site-content-layout":"","ast-site-content-layout":"default","site-content-style":"default","site-sidebar-style":"default","ast-global-header-display":"","ast-banner-title-visibility":"","ast-main-header-display":"","ast-hfb-above-header-display":"","ast-hfb-below-header-display":"","ast-hfb-mobile-header-display":"","site-post-title":"","ast-breadcrumbs-content":"","ast-featured-img":"","footer-sml-layout":"","ast-disable-related-posts":"","theme-transparent-header-meta":"default","adv-header-id-meta":"","stick-header-meta":"","header-above-stick-meta":"","header-main-stick-meta":"","header-below-stick-meta":"","astra-migrate-meta-layouts":"set","ast-page-background-enabled":"default","ast-page-background-meta":{"desktop":{"background-color":"","background-image":"","background-repeat":"repeat","background-position":"center center","background-size":"auto","background-attachment":"scroll","background-type":"","background-media":"","overlay-type":"","overlay-color":"","overlay-opacity":"","overlay-gradient":""},"tablet":{"background-color":"","background-image":"","background-repeat":"repeat","background-position":"center center","background-size":"auto","background-attachment":"scroll","background-type":"","background-media":"","overlay-type":"","overlay-color":"","overlay-opacity":"","overlay-gradient":""},"mobile":{"background-color":"","background-image":"","background-repeat":"repeat","background-position":"center center","background-size":"auto","background-attachment":"scroll","background-type":"","background-media":"","overlay-type":"","overlay-color":"","overlay-opacity":"","overlay-gradient":""}},"ast-content-background-meta":{"desktop":{"background-color":"var(--ast-global-color-5)","background-image":"","background-repeat":"repeat","background-position":"center center","background-size":"auto","background-attachment":"scroll","background-type":"","background-media":"","overlay-type":"","overlay-color":"","overlay-opacity":"","overlay-gradient":""},"tablet":{"background-color":"var(--ast-global-color-5)","background-image":"","background-repeat":"repeat","background-position":"center center","background-size":"auto","background-attachment":"scroll","background-type":"","background-media":"","overlay-type":"","overlay-color":"","overlay-opacity":"","overlay-gradient":""},"mobile":{"background-color":"var(--ast-global-color-5)","background-image":"","background-repeat":"repeat","background-position":"center center","background-size":"auto","background-attachment":"scroll","background-type":"","background-media":"","overlay-type":"","overlay-color":"","overlay-opacity":"","overlay-gradient":""}}},"product_cat":[43],"product_tag":[],"class_list":{"0":"post-7891","1":"product","2":"type-product","3":"status-publish","4":"has-post-thumbnail","6":"product_cat-wall-charger","7":"desktop-align-center","8":"tablet-align-center","9":"mobile-align-center","11":"first","12":"instock","13":"shipping-taxable","14":"product-type-simple"},"_links":{"self":[{"href":"https:\/\/imiapower.com\/tr\/wp-json\/wp\/v2\/product\/7891","targetHints":{"allow":["GET"]}}],"collection":[{"href":"https:\/\/imiapower.com\/tr\/wp-json\/wp\/v2\/product"}],"about":[{"href":"https:\/\/imiapower.com\/tr\/wp-json\/wp\/v2\/types\/product"}],"replies":[{"embeddable":true,"href":"https:\/\/imiapower.com\/tr\/wp-json\/wp\/v2\/comments?post=7891"}],"version-history":[{"count":5,"href":"https:\/\/imiapower.com\/tr\/wp-json\/wp\/v2\/product\/7891\/revisions"}],"predecessor-version":[{"id":7900,"href":"https:\/\/imiapower.com\/tr\/wp-json\/wp\/v2\/product\/7891\/revisions\/7900"}],"wp:featuredmedia":[{"embeddable":true,"href":"https:\/\/imiapower.com\/tr\/wp-json\/wp\/v2\/media\/7892"}],"wp:attachment":[{"href":"https:\/\/imiapower.com\/tr\/wp-json\/wp\/v2\/media?parent=7891"}],"wp:term":[{"taxonomy":"product_cat","embeddable":true,"href":"https:\/\/imiapower.com\/tr\/wp-json\/wp\/v2\/product_cat?post=7891"},{"taxonomy":"product_tag","embeddable":true,"href":"https:\/\/imiapower.com\/tr\/wp-json\/wp\/v2\/product_tag?post=7891"}],"curies":[{"name":"wp","href":"https:\/\/api.w.org\/{rel}","templated":true}]}}