{"id":7919,"date":"2024-06-11T03:14:55","date_gmt":"2024-06-11T03:14:55","guid":{"rendered":"https:\/\/imiapower.com\/?post_type=product&#038;p=7919"},"modified":"2024-11-07T12:55:24","modified_gmt":"2024-11-07T12:55:24","slug":"65w-charger-laptop","status":"publish","type":"product","link":"https:\/\/imiapower.com\/tr\/products\/wall-charger\/65w-charger-laptop\/","title":{"rendered":"\u00c7in&#039;de odaklanm\u0131\u015f 65w \u015farj cihaz\u0131 diz\u00fcst\u00fc bilgisayar \u00fcreticisi"},"content":{"rendered":"<ul>\n<li><strong>65w \u015farj cihaz\u0131 diz\u00fcst\u00fc bilgisayar<\/strong><\/li>\n<li><strong>Boyut:<\/strong>65*65*29MM<\/li>\n<li><strong>Karakteristik: <\/strong>Katlan\u0131r ABD fi\u015fi<\/li>\n<li><strong>\u00c7\u0131kt\u0131:<\/strong>5V\/3A, 9V\/3A, 12V\/3A, 15V\/3A, 20V\/3,25A (Maks. 65w)<\/li>\n<li><strong>Renk: <\/strong>Siyah beyaz<\/li>\n<li><strong>Giri\u015f:<\/strong>100-240VAC 50\/60HZ<\/li>\n<li><strong>Sertifika: <\/strong>UL \/FCC\/ CE\/ CB\/ UKCA\/ PSE<\/li>\n<li><strong>Kapak: <\/strong>Ate\u015fe dayan\u0131kl\u0131 malzeme<\/li>\n<li><strong>\u00dcretim teslim s\u00fcresi:<\/strong> 25-30 g\u00fcn<\/li>\n<\/ul>","protected":false},"excerpt":{"rendered":"<p>Bu 65w \u015farjl\u0131 diz\u00fcst\u00fc bilgisayar d\u00fcnya \u00e7ap\u0131nda sertifikasyona sahiptir. Bunu bizden sat\u0131n alan m\u00fc\u015fteriler onu herhangi bir \u00fclkede satabilirler ve bir diz\u00fcst\u00fc bilgisayar\u0131 y\u00fcksek h\u0131zda \u015farj etmek i\u00e7in iyi bir se\u00e7enektir.<\/p>\n<p>En yeni diz\u00fcst\u00fc bilgisayarlar\/diz\u00fcst\u00fc bilgisayarlar\/ak\u0131ll\u0131 telefonlar ile uyumlu<\/p>\n<p>\u00dccretsiz \u00f6rnekler sa\u011flanabilir<\/p>\n<p>Di\u011ferleriyle kar\u015f\u0131la\u015ft\u0131r\u0131ld\u0131\u011f\u0131nda bu diz\u00fcst\u00fc bilgisayar \u015farj cihaz\u0131 3 y\u0131l garanti sunuyor<\/p>\n<p>De\u011ferli m\u00fc\u015fteriye g\u00f6nderilen her numune i\u00e7in, numune fonksiyonunun m\u00fc\u015fteri a\u00e7\u0131s\u0131ndan uygun oldu\u011fundan emin olmak i\u00e7in bir QA kontrol raporu sunaca\u011f\u0131z, m\u00fc\u015fterinin iste\u011fini kar\u015f\u0131lamak i\u00e7in standart geli\u015ftirme ve kontrol s\u00fcrecimiz var.<\/p>\n<p>&nbsp;<\/p>\n<p>&nbsp;<\/p>\n<p>&nbsp;<\/p>","protected":false},"featured_media":7920,"comment_status":"open","ping_status":"closed","template":"","meta":{"rank_math_lock_modified_date":false,"site-sidebar-layout":"default","site-content-layout":"","ast-site-content-layout":"default","site-content-style":"default","site-sidebar-style":"default","ast-global-header-display":"","ast-banner-title-visibility":"","ast-main-header-display":"","ast-hfb-above-header-display":"","ast-hfb-below-header-display":"","ast-hfb-mobile-header-display":"","site-post-title":"","ast-breadcrumbs-content":"","ast-featured-img":"","footer-sml-layout":"","ast-disable-related-posts":"","theme-transparent-header-meta":"default","adv-header-id-meta":"","stick-header-meta":"","header-above-stick-meta":"","header-main-stick-meta":"","header-below-stick-meta":"","astra-migrate-meta-layouts":"set","ast-page-background-enabled":"default","ast-page-background-meta":{"desktop":{"background-color":"","background-image":"","background-repeat":"repeat","background-position":"center center","background-size":"auto","background-attachment":"scroll","background-type":"","background-media":"","overlay-type":"","overlay-color":"","overlay-opacity":"","overlay-gradient":""},"tablet":{"background-color":"","background-image":"","background-repeat":"repeat","background-position":"center center","background-size":"auto","background-attachment":"scroll","background-type":"","background-media":"","overlay-type":"","overlay-color":"","overlay-opacity":"","overlay-gradient":""},"mobile":{"background-color":"","background-image":"","background-repeat":"repeat","background-position":"center center","background-size":"auto","background-attachment":"scroll","background-type":"","background-media":"","overlay-type":"","overlay-color":"","overlay-opacity":"","overlay-gradient":""}},"ast-content-background-meta":{"desktop":{"background-color":"var(--ast-global-color-5)","background-image":"","background-repeat":"repeat","background-position":"center center","background-size":"auto","background-attachment":"scroll","background-type":"","background-media":"","overlay-type":"","overlay-color":"","overlay-opacity":"","overlay-gradient":""},"tablet":{"background-color":"var(--ast-global-color-5)","background-image":"","background-repeat":"repeat","background-position":"center center","background-size":"auto","background-attachment":"scroll","background-type":"","background-media":"","overlay-type":"","overlay-color":"","overlay-opacity":"","overlay-gradient":""},"mobile":{"background-color":"var(--ast-global-color-5)","background-image":"","background-repeat":"repeat","background-position":"center center","background-size":"auto","background-attachment":"scroll","background-type":"","background-media":"","overlay-type":"","overlay-color":"","overlay-opacity":"","overlay-gradient":""}}},"product_cat":[43],"product_tag":[],"class_list":{"0":"post-7919","1":"product","2":"type-product","3":"status-publish","4":"has-post-thumbnail","6":"product_cat-wall-charger","7":"desktop-align-center","8":"tablet-align-center","9":"mobile-align-center","11":"first","12":"instock","13":"shipping-taxable","14":"product-type-simple"},"_links":{"self":[{"href":"https:\/\/imiapower.com\/tr\/wp-json\/wp\/v2\/product\/7919","targetHints":{"allow":["GET"]}}],"collection":[{"href":"https:\/\/imiapower.com\/tr\/wp-json\/wp\/v2\/product"}],"about":[{"href":"https:\/\/imiapower.com\/tr\/wp-json\/wp\/v2\/types\/product"}],"replies":[{"embeddable":true,"href":"https:\/\/imiapower.com\/tr\/wp-json\/wp\/v2\/comments?post=7919"}],"version-history":[{"count":3,"href":"https:\/\/imiapower.com\/tr\/wp-json\/wp\/v2\/product\/7919\/revisions"}],"predecessor-version":[{"id":7926,"href":"https:\/\/imiapower.com\/tr\/wp-json\/wp\/v2\/product\/7919\/revisions\/7926"}],"wp:featuredmedia":[{"embeddable":true,"href":"https:\/\/imiapower.com\/tr\/wp-json\/wp\/v2\/media\/7920"}],"wp:attachment":[{"href":"https:\/\/imiapower.com\/tr\/wp-json\/wp\/v2\/media?parent=7919"}],"wp:term":[{"taxonomy":"product_cat","embeddable":true,"href":"https:\/\/imiapower.com\/tr\/wp-json\/wp\/v2\/product_cat?post=7919"},{"taxonomy":"product_tag","embeddable":true,"href":"https:\/\/imiapower.com\/tr\/wp-json\/wp\/v2\/product_tag?post=7919"}],"curies":[{"name":"wp","href":"https:\/\/api.w.org\/{rel}","templated":true}]}}