{"id":7960,"date":"2024-06-17T07:24:25","date_gmt":"2024-06-17T07:24:25","guid":{"rendered":"https:\/\/imiapower.com\/?post_type=product&#038;p=7960"},"modified":"2024-11-12T08:13:44","modified_gmt":"2024-11-12T08:13:44","slug":"universal-power-adapter","status":"publish","type":"product","link":"https:\/\/imiapower.com\/tr\/products\/travel-adapter\/universal-power-adapter\/","title":{"rendered":"\u00c7in \u00fcreticisinden yap\u0131c\u0131 evrensel g\u00fc\u00e7 adapt\u00f6r\u00fc"},"content":{"rendered":"<ul>\n<li><strong>Evrensel g\u00fc\u00e7 adapt\u00f6r\u00fc<\/strong><\/li>\n<li><strong>AC giri\u015fi:<\/strong>100~250V\/AC 50-60Hz 0,8A<\/li>\n<li><strong>AC \u00e7\u0131k\u0131\u015f\u0131:<\/strong>10A Maks.(1000W\/100V veya 2400W\/240V)<\/li>\n<li><strong>USB \u00e7\u0131k\u0131\u015f\u0131:<\/strong>5V \/2,4A (MAKS. 12W)<\/li>\n<li><strong>Tip C2\/ C3\/C4 \u00e7\u0131k\u0131\u015f\u0131:<\/strong> 5V \/2,4A (MAKS 12W)<\/li>\n<li><strong>Tip C1 \u00e7\u0131k\u0131\u015f\u0131:<\/strong> 5V3A 9V3A 12V3A 15V3A 20V3.25A (MAX65W)<\/li>\n<li><strong>Boyut:<\/strong> 76*50,5*57 mm<\/li>\n<li><strong>A\u011f\u0131rl\u0131k:<\/strong> 180g<\/li>\n<li><strong>Malzeme:<\/strong> Pi\u015fmi\u015f PC + bak\u0131r metal<\/li>\n<\/ul>","protected":false},"excerpt":{"rendered":"<p>UK Grounding, elektrik \u00e7arpmalar\u0131na kar\u015f\u0131 koruma sa\u011flar ve k\u0131sa devre veya yang\u0131n riskini azalt\u0131r.<\/p>\n<p>\u0130ngiltere&#039;deki fi\u015flerde genellikle topraklama i\u00e7in \u00fc\u00e7\u00fcnc\u00fc bir pim bulunur; bu, \u00f6zellikle farkl\u0131 elektrik standartlar\u0131na sahip b\u00f6lgelere seyahat ederken elektrikli cihazlar\u0131n g\u00fcvenli\u011fini sa\u011flamak i\u00e7in \u00f6nemlidir<\/p>\n<p>Bir\u00e7ok cihaz toprakl\u0131 fi\u015flerle \u00e7al\u0131\u015facak \u015fekilde tasarlanm\u0131\u015ft\u0131r ve bir \u0130ngiltere pin topraklama adapt\u00f6r\u00fcn\u00fcn kullan\u0131lmas\u0131 bu t\u00fcr cihazlarla uyumlulu\u011fu garanti eder<\/p>\n<p>\u00d6zellikle hassas elektronik cihazlar veya istikrarl\u0131 bir elektrik ba\u011flant\u0131s\u0131 gerektiren cihazlar i\u00e7in \u00f6nemlidir<\/p>\n<p>Modern seyahat adapt\u00f6rleri hafif, kompakt ve kullan\u0131m\u0131 kolay olacak \u015fekilde tasarlanmal\u0131d\u0131r, eski seyahat adapt\u00f6rlerinin farkl\u0131 \u00fclkelerin fi\u015f pimlerini ta\u015f\u0131mas\u0131 gerekir, tek bir \u00fcr\u00fcnde \u00e7e\u015fitli fi\u015f pimleri ile tasarlanm\u0131\u015f hepsi bir arada evrensel g\u00fc\u00e7 adapt\u00f6r\u00fc<\/p>\n<p>evrensel voltaj d\u00f6n\u00fc\u015f\u00fcm\u00fc, kullan\u0131c\u0131lar\u0131n ayn\u0131 anda birden fazla cihaz\u0131 \u015farj etmesine olanak tan\u0131r<\/p>\n<p>Bu t\u00fcr evrensel g\u00fc\u00e7 adapt\u00f6r\u00fc, t\u00fcketici elektroni\u011fi, seyahat ve turizm ve hediyelik e\u015fya serisi dahil olmak \u00fczere \u00e7ok satan bir \u00fcr\u00fcnd\u00fcr<\/p>\n<p>Verimli, g\u00fcvenli ve \u00e7ok i\u015flevli seyahat adapt\u00f6rlerine olan talep artmaya devam ediyor ve bu durum \u00fcreticileri k\u00fcresel ihtiya\u00e7lar\u0131 kar\u015f\u0131lamada yenilik yapmaya ve m\u00fckemmelle\u015fmeye zorluyor<\/p>","protected":false},"featured_media":7961,"comment_status":"open","ping_status":"closed","template":"","meta":{"rank_math_lock_modified_date":false,"site-sidebar-layout":"default","site-content-layout":"","ast-site-content-layout":"default","site-content-style":"default","site-sidebar-style":"default","ast-global-header-display":"","ast-banner-title-visibility":"","ast-main-header-display":"","ast-hfb-above-header-display":"","ast-hfb-below-header-display":"","ast-hfb-mobile-header-display":"","site-post-title":"","ast-breadcrumbs-content":"","ast-featured-img":"","footer-sml-layout":"","ast-disable-related-posts":"","theme-transparent-header-meta":"default","adv-header-id-meta":"","stick-header-meta":"","header-above-stick-meta":"","header-main-stick-meta":"","header-below-stick-meta":"","astra-migrate-meta-layouts":"set","ast-page-background-enabled":"default","ast-page-background-meta":{"desktop":{"background-color":"","background-image":"","background-repeat":"repeat","background-position":"center center","background-size":"auto","background-attachment":"scroll","background-type":"","background-media":"","overlay-type":"","overlay-color":"","overlay-opacity":"","overlay-gradient":""},"tablet":{"background-color":"","background-image":"","background-repeat":"repeat","background-position":"center center","background-size":"auto","background-attachment":"scroll","background-type":"","background-media":"","overlay-type":"","overlay-color":"","overlay-opacity":"","overlay-gradient":""},"mobile":{"background-color":"","background-image":"","background-repeat":"repeat","background-position":"center center","background-size":"auto","background-attachment":"scroll","background-type":"","background-media":"","overlay-type":"","overlay-color":"","overlay-opacity":"","overlay-gradient":""}},"ast-content-background-meta":{"desktop":{"background-color":"var(--ast-global-color-5)","background-image":"","background-repeat":"repeat","background-position":"center center","background-size":"auto","background-attachment":"scroll","background-type":"","background-media":"","overlay-type":"","overlay-color":"","overlay-opacity":"","overlay-gradient":""},"tablet":{"background-color":"var(--ast-global-color-5)","background-image":"","background-repeat":"repeat","background-position":"center center","background-size":"auto","background-attachment":"scroll","background-type":"","background-media":"","overlay-type":"","overlay-color":"","overlay-opacity":"","overlay-gradient":""},"mobile":{"background-color":"var(--ast-global-color-5)","background-image":"","background-repeat":"repeat","background-position":"center center","background-size":"auto","background-attachment":"scroll","background-type":"","background-media":"","overlay-type":"","overlay-color":"","overlay-opacity":"","overlay-gradient":""}}},"product_cat":[64],"product_tag":[],"class_list":{"0":"post-7960","1":"product","2":"type-product","3":"status-publish","4":"has-post-thumbnail","6":"product_cat-travel-adapter","7":"desktop-align-center","8":"tablet-align-center","9":"mobile-align-center","11":"first","12":"instock","13":"shipping-taxable","14":"product-type-simple"},"_links":{"self":[{"href":"https:\/\/imiapower.com\/tr\/wp-json\/wp\/v2\/product\/7960","targetHints":{"allow":["GET"]}}],"collection":[{"href":"https:\/\/imiapower.com\/tr\/wp-json\/wp\/v2\/product"}],"about":[{"href":"https:\/\/imiapower.com\/tr\/wp-json\/wp\/v2\/types\/product"}],"replies":[{"embeddable":true,"href":"https:\/\/imiapower.com\/tr\/wp-json\/wp\/v2\/comments?post=7960"}],"version-history":[{"count":6,"href":"https:\/\/imiapower.com\/tr\/wp-json\/wp\/v2\/product\/7960\/revisions"}],"predecessor-version":[{"id":8672,"href":"https:\/\/imiapower.com\/tr\/wp-json\/wp\/v2\/product\/7960\/revisions\/8672"}],"wp:featuredmedia":[{"embeddable":true,"href":"https:\/\/imiapower.com\/tr\/wp-json\/wp\/v2\/media\/7961"}],"wp:attachment":[{"href":"https:\/\/imiapower.com\/tr\/wp-json\/wp\/v2\/media?parent=7960"}],"wp:term":[{"taxonomy":"product_cat","embeddable":true,"href":"https:\/\/imiapower.com\/tr\/wp-json\/wp\/v2\/product_cat?post=7960"},{"taxonomy":"product_tag","embeddable":true,"href":"https:\/\/imiapower.com\/tr\/wp-json\/wp\/v2\/product_tag?post=7960"}],"curies":[{"name":"wp","href":"https:\/\/api.w.org\/{rel}","templated":true}]}}