{"id":7970,"date":"2024-06-18T01:04:57","date_gmt":"2024-06-18T01:04:57","guid":{"rendered":"https:\/\/imiapower.com\/?post_type=product&#038;p=7970"},"modified":"2024-11-12T10:06:20","modified_gmt":"2024-11-12T10:06:20","slug":"power-plug-travel-adapter","status":"publish","type":"product","link":"https:\/\/imiapower.com\/tr\/products\/travel-adapter\/power-plug-travel-adapter\/","title":{"rendered":"Ucuz priz seyahat adapt\u00f6r\u00fc \u00e7in \u00fcretimi"},"content":{"rendered":"<ul>\n<li><strong>elektrik fi\u015fi seyahat adapt\u00f6r\u00fc<\/strong><\/li>\n<li><strong>AC giri\u015fi:<\/strong> 100V \u2013 250V 50\/60HZ<\/li>\n<li><strong>Klima \u00c7\u0131k\u0131\u015f\u0131:<\/strong> 1000W-110V\/2500W-250V \/ Sigorta 10Amp maks<\/li>\n<li><strong>\u00dcr\u00fcn boyutu:<\/strong> 75*50*45mm<\/li>\n<li><strong>Malzemeler:<\/strong> Yang\u0131n Geciktirici PC + Saf bak\u0131r<\/li>\n<li><strong>Fi\u015f tipi:<\/strong> AB \u0130ngiltere ABD AUS fi\u015fleri hepsi bir arada<\/li>\n<li><strong>Kullan\u0131m\u0131:<\/strong> Seyahat fi\u015flerini de\u011fi\u015ftirme<\/li>\n<li><strong>Renk:<\/strong> Beyaz, Siyah, renkleri \u00f6zelle\u015ftirin<\/li>\n<li><strong>Sertifikasyon:<\/strong> CE FCC ROHS Onayland\u0131<\/li>\n<\/ul>","protected":false},"excerpt":{"rendered":"<p>elektrik fi\u015fi seyahat adapt\u00f6r\u00fc \u0130ngiltere, Almanya, \u0130talya, Avrupa, Orta\/Uzak Do\u011fu, Tayland, Endonezya, Avustralya, Yeni Zelanda, ABD, Kanada, Meksika, G\u00fcney Amerika dahil 150&#039;den fazla \u00fclkede \u00e7al\u0131\u015f\u0131r<\/p>\n<p>Sa\u00e7 kurutma makinesi, d\u00fczle\u015ftirici, \u00fct\u00fc, su \u0131s\u0131t\u0131c\u0131s\u0131 gibi y\u00fcksek g\u00fc\u00e7l\u00fc aletler 10A\/2000W&#039;a kadar kullan\u0131labilir. \u00c7ift voltaj\u0131 110V\/250V desteklemelidirler. Adapt\u00f6r voltaj\u0131 d\u00f6n\u00fc\u015ft\u00fcrmez<\/p>\n<p>Termal ve a\u015f\u0131r\u0131 y\u00fck koruma devrelerine sahip cihazlar\u0131n hasar g\u00f6rmesini \u00f6nleyin<\/p>\n<p>Poli torbada manuel paket, daha sonra Kraft Ka\u011f\u0131t kutusunda, Her 100 kutuda paketlenmi\u015f ana ihracat kartonu<\/p>","protected":false},"featured_media":7975,"comment_status":"open","ping_status":"closed","template":"","meta":{"rank_math_lock_modified_date":false,"site-sidebar-layout":"default","site-content-layout":"","ast-site-content-layout":"default","site-content-style":"default","site-sidebar-style":"default","ast-global-header-display":"","ast-banner-title-visibility":"","ast-main-header-display":"","ast-hfb-above-header-display":"","ast-hfb-below-header-display":"","ast-hfb-mobile-header-display":"","site-post-title":"","ast-breadcrumbs-content":"","ast-featured-img":"","footer-sml-layout":"","ast-disable-related-posts":"","theme-transparent-header-meta":"default","adv-header-id-meta":"","stick-header-meta":"","header-above-stick-meta":"","header-main-stick-meta":"","header-below-stick-meta":"","astra-migrate-meta-layouts":"set","ast-page-background-enabled":"default","ast-page-background-meta":{"desktop":{"background-color":"","background-image":"","background-repeat":"repeat","background-position":"center center","background-size":"auto","background-attachment":"scroll","background-type":"","background-media":"","overlay-type":"","overlay-color":"","overlay-opacity":"","overlay-gradient":""},"tablet":{"background-color":"","background-image":"","background-repeat":"repeat","background-position":"center center","background-size":"auto","background-attachment":"scroll","background-type":"","background-media":"","overlay-type":"","overlay-color":"","overlay-opacity":"","overlay-gradient":""},"mobile":{"background-color":"","background-image":"","background-repeat":"repeat","background-position":"center center","background-size":"auto","background-attachment":"scroll","background-type":"","background-media":"","overlay-type":"","overlay-color":"","overlay-opacity":"","overlay-gradient":""}},"ast-content-background-meta":{"desktop":{"background-color":"var(--ast-global-color-5)","background-image":"","background-repeat":"repeat","background-position":"center center","background-size":"auto","background-attachment":"scroll","background-type":"","background-media":"","overlay-type":"","overlay-color":"","overlay-opacity":"","overlay-gradient":""},"tablet":{"background-color":"var(--ast-global-color-5)","background-image":"","background-repeat":"repeat","background-position":"center center","background-size":"auto","background-attachment":"scroll","background-type":"","background-media":"","overlay-type":"","overlay-color":"","overlay-opacity":"","overlay-gradient":""},"mobile":{"background-color":"var(--ast-global-color-5)","background-image":"","background-repeat":"repeat","background-position":"center center","background-size":"auto","background-attachment":"scroll","background-type":"","background-media":"","overlay-type":"","overlay-color":"","overlay-opacity":"","overlay-gradient":""}}},"product_cat":[64],"product_tag":[],"class_list":{"0":"post-7970","1":"product","2":"type-product","3":"status-publish","4":"has-post-thumbnail","6":"product_cat-travel-adapter","7":"desktop-align-center","8":"tablet-align-center","9":"mobile-align-center","11":"first","12":"instock","13":"shipping-taxable","14":"product-type-simple"},"_links":{"self":[{"href":"https:\/\/imiapower.com\/tr\/wp-json\/wp\/v2\/product\/7970","targetHints":{"allow":["GET"]}}],"collection":[{"href":"https:\/\/imiapower.com\/tr\/wp-json\/wp\/v2\/product"}],"about":[{"href":"https:\/\/imiapower.com\/tr\/wp-json\/wp\/v2\/types\/product"}],"replies":[{"embeddable":true,"href":"https:\/\/imiapower.com\/tr\/wp-json\/wp\/v2\/comments?post=7970"}],"version-history":[{"count":4,"href":"https:\/\/imiapower.com\/tr\/wp-json\/wp\/v2\/product\/7970\/revisions"}],"predecessor-version":[{"id":7978,"href":"https:\/\/imiapower.com\/tr\/wp-json\/wp\/v2\/product\/7970\/revisions\/7978"}],"wp:featuredmedia":[{"embeddable":true,"href":"https:\/\/imiapower.com\/tr\/wp-json\/wp\/v2\/media\/7975"}],"wp:attachment":[{"href":"https:\/\/imiapower.com\/tr\/wp-json\/wp\/v2\/media?parent=7970"}],"wp:term":[{"taxonomy":"product_cat","embeddable":true,"href":"https:\/\/imiapower.com\/tr\/wp-json\/wp\/v2\/product_cat?post=7970"},{"taxonomy":"product_tag","embeddable":true,"href":"https:\/\/imiapower.com\/tr\/wp-json\/wp\/v2\/product_tag?post=7970"}],"curies":[{"name":"wp","href":"https:\/\/api.w.org\/{rel}","templated":true}]}}