{"id":8008,"date":"2024-06-19T00:51:20","date_gmt":"2024-06-19T00:51:20","guid":{"rendered":"https:\/\/imiapower.com\/?post_type=product&#038;p=8008"},"modified":"2024-06-19T01:06:42","modified_gmt":"2024-06-19T01:06:42","slug":"adaptors-for-international-travel","status":"publish","type":"product","link":"https:\/\/imiapower.com\/tr\/products\/travel-adapter\/adaptors-for-international-travel\/","title":{"rendered":"Uluslararas\u0131 seyahat i\u00e7in yarat\u0131c\u0131 adapt\u00f6rler 45w"},"content":{"rendered":"<ul>\n<li><strong>uluslararas\u0131 seyahat i\u00e7in adapt\u00f6rler<\/strong><\/li>\n<li><strong>AC giri\u015fi:<\/strong>100~250V\/AC 50-60Hz 0,8A<\/li>\n<li><strong>AC \u00e7\u0131k\u0131\u015f\u0131:<\/strong>10A Maks.(1000W\/100V veya 2400W\/240V)<\/li>\n<li><strong>USB \u00e7\u0131k\u0131\u015f\u0131:<\/strong> 5V 2,4A (Maks. 12W)<\/li>\n<li><strong>Tip C1\/C2\/C3 \u00e7\u0131k\u0131\u015f\u0131:<\/strong> 5V 2,4A (Maks. 12W)<\/li>\n<li><strong>C4 \u00e7\u0131k\u0131\u015f\u0131 yaz\u0131n:<\/strong> 5V,3A 9V,3A 12V,3A 15V,3A 20V,2,25A (MAKS. 45W)<\/li>\n<li><strong>Boyut:<\/strong>76*50,5*57 mm<\/li>\n<li><strong>Renk: <\/strong>siyah \/ beyaz \/ sar\u0131 \/ ye\u015fil veya \u00f6zelle\u015ftirilmi\u015f renk<\/li>\n<li><strong>A\u011f\u0131rl\u0131k:<\/strong>180g<\/li>\n<li><strong>Malzeme:<\/strong> Pi\u015fmi\u015f PC + bak\u0131r metal<\/li>\n<li><strong>Sertifika:<\/strong> UKCA, CE, FCC, RoHS, REACH<\/li>\n<\/ul>","protected":false},"excerpt":{"rendered":"<p>Uluslararas\u0131 seyahatlere y\u00f6nelik bu tasar\u0131m adapt\u00f6rleri, \u00e7e\u015fitli renklerde bir nakliye konteyneri fikrine dayal\u0131 olarak se\u00e7ilebilir<\/p>\n<p>D\u00fcnya \u00e7ap\u0131nda kullan\u0131labilecek 100v&#039;den 250v&#039;a kadar vah\u015fi voltaj tasar\u0131m\u0131<\/p>\n<p>Bu model 20w\/35w\/45w\/65w se\u00e7ene\u011fiyle yap\u0131labilir<\/p>\n<p>4 adet c tipi \u015farj portu ile c tipi kablolar elektronik pazar\u0131nda \u00f6nemli bir rol oynad\u0131\u011f\u0131ndan tasar\u0131m\u0131m\u0131z pazar trendine uygun ve ayn\u0131 anda \u015farj olan elektronik cihazlar\u0131 kar\u015f\u0131l\u0131yor<\/p>\n<p>Evrensel Soket, AB \/ \u0130ngiltere \/ ABD \/ ABD \/ G\u00fcney Afrika \/ Hindistan Pinine uygundur, ancak baz\u0131 rakiplerin modelleri G\u00fcney Afrika pinine uygun de\u011fildir<\/p>\n<p><img fetchpriority=\"high\" decoding=\"async\" class=\"alignnone\" src=\"https:\/\/p.globalsources.com\/IMAGES\/PDT\/B6020382707\/international-Travel-Adapter.jpg\" alt=\"uluslararas\u0131 seyahat i\u00e7in adapt\u00f6rler\" width=\"448\" height=\"448\" \/><\/p>\n<p>Bu t\u00fcr \u00fcr\u00fcnler i\u00e7in 1 y\u0131l garanti verdik<\/p>\n<p>\u00dccretsiz \u00f6rnekler sa\u011flanabilir ve toplu \u00fcretim teslim s\u00fcresi yakla\u015f\u0131k 25-30 g\u00fcnd\u00fcr<\/p>\n<p>&nbsp;<\/p>\n<p>&nbsp;<\/p>\n<p>&nbsp;<\/p>","protected":false},"featured_media":8010,"comment_status":"open","ping_status":"closed","template":"","meta":{"rank_math_lock_modified_date":false,"site-sidebar-layout":"default","site-content-layout":"","ast-site-content-layout":"default","site-content-style":"default","site-sidebar-style":"default","ast-global-header-display":"","ast-banner-title-visibility":"","ast-main-header-display":"","ast-hfb-above-header-display":"","ast-hfb-below-header-display":"","ast-hfb-mobile-header-display":"","site-post-title":"","ast-breadcrumbs-content":"","ast-featured-img":"","footer-sml-layout":"","ast-disable-related-posts":"","theme-transparent-header-meta":"default","adv-header-id-meta":"","stick-header-meta":"","header-above-stick-meta":"","header-main-stick-meta":"","header-below-stick-meta":"","astra-migrate-meta-layouts":"set","ast-page-background-enabled":"default","ast-page-background-meta":{"desktop":{"background-color":"","background-image":"","background-repeat":"repeat","background-position":"center center","background-size":"auto","background-attachment":"scroll","background-type":"","background-media":"","overlay-type":"","overlay-color":"","overlay-opacity":"","overlay-gradient":""},"tablet":{"background-color":"","background-image":"","background-repeat":"repeat","background-position":"center center","background-size":"auto","background-attachment":"scroll","background-type":"","background-media":"","overlay-type":"","overlay-color":"","overlay-opacity":"","overlay-gradient":""},"mobile":{"background-color":"","background-image":"","background-repeat":"repeat","background-position":"center center","background-size":"auto","background-attachment":"scroll","background-type":"","background-media":"","overlay-type":"","overlay-color":"","overlay-opacity":"","overlay-gradient":""}},"ast-content-background-meta":{"desktop":{"background-color":"var(--ast-global-color-5)","background-image":"","background-repeat":"repeat","background-position":"center center","background-size":"auto","background-attachment":"scroll","background-type":"","background-media":"","overlay-type":"","overlay-color":"","overlay-opacity":"","overlay-gradient":""},"tablet":{"background-color":"var(--ast-global-color-5)","background-image":"","background-repeat":"repeat","background-position":"center center","background-size":"auto","background-attachment":"scroll","background-type":"","background-media":"","overlay-type":"","overlay-color":"","overlay-opacity":"","overlay-gradient":""},"mobile":{"background-color":"var(--ast-global-color-5)","background-image":"","background-repeat":"repeat","background-position":"center center","background-size":"auto","background-attachment":"scroll","background-type":"","background-media":"","overlay-type":"","overlay-color":"","overlay-opacity":"","overlay-gradient":""}}},"product_cat":[64],"product_tag":[],"class_list":{"0":"post-8008","1":"product","2":"type-product","3":"status-publish","4":"has-post-thumbnail","6":"product_cat-travel-adapter","7":"desktop-align-center","8":"tablet-align-center","9":"mobile-align-center","11":"first","12":"instock","13":"shipping-taxable","14":"product-type-simple"},"_links":{"self":[{"href":"https:\/\/imiapower.com\/tr\/wp-json\/wp\/v2\/product\/8008","targetHints":{"allow":["GET"]}}],"collection":[{"href":"https:\/\/imiapower.com\/tr\/wp-json\/wp\/v2\/product"}],"about":[{"href":"https:\/\/imiapower.com\/tr\/wp-json\/wp\/v2\/types\/product"}],"replies":[{"embeddable":true,"href":"https:\/\/imiapower.com\/tr\/wp-json\/wp\/v2\/comments?post=8008"}],"version-history":[{"count":3,"href":"https:\/\/imiapower.com\/tr\/wp-json\/wp\/v2\/product\/8008\/revisions"}],"predecessor-version":[{"id":8016,"href":"https:\/\/imiapower.com\/tr\/wp-json\/wp\/v2\/product\/8008\/revisions\/8016"}],"wp:featuredmedia":[{"embeddable":true,"href":"https:\/\/imiapower.com\/tr\/wp-json\/wp\/v2\/media\/8010"}],"wp:attachment":[{"href":"https:\/\/imiapower.com\/tr\/wp-json\/wp\/v2\/media?parent=8008"}],"wp:term":[{"taxonomy":"product_cat","embeddable":true,"href":"https:\/\/imiapower.com\/tr\/wp-json\/wp\/v2\/product_cat?post=8008"},{"taxonomy":"product_tag","embeddable":true,"href":"https:\/\/imiapower.com\/tr\/wp-json\/wp\/v2\/product_tag?post=8008"}],"curies":[{"name":"wp","href":"https:\/\/api.w.org\/{rel}","templated":true}]}}