{"id":8069,"date":"2024-07-01T02:22:09","date_gmt":"2024-07-01T02:22:09","guid":{"rendered":"https:\/\/imiapower.com\/?post_type=product&#038;p=8069"},"modified":"2024-07-01T02:25:09","modified_gmt":"2024-07-01T02:25:09","slug":"universal-adapter","status":"publish","type":"product","link":"https:\/\/imiapower.com\/tr\/products\/travel-adapter\/universal-adapter\/","title":{"rendered":"Yenilik\u00e7i evrensel adapt\u00f6r 30w"},"content":{"rendered":"<ul>\n<li><strong>Evrensel adapt\u00f6r<\/strong><\/li>\n<li><strong>AC giri\u015fi:<\/strong> 100~250V\/AC 50-60Hz<\/li>\n<li><strong>AC \u00e7\u0131k\u0131\u015f\u0131: <\/strong>6A Maks.(660W\/100V veya 1330W\/250V)<\/li>\n<li><strong>PD \u00c7\u0131k\u0131\u015f\u0131:<\/strong> 5V3A\/9V3A\/12V2.5A\/15V2A\/20V1.5A (Maks. 30W)<\/li>\n<li><strong>QC3.0 \u00c7\u0131k\u0131\u015f\u0131:<\/strong> 5V3A\/9V2A\/12V1.5A (Maks. 18W)<\/li>\n<li><strong>PD+ QC \u00e7\u0131k\u0131\u015f\u0131:<\/strong> 5V 4A (Maks. 20W\uff09<\/li>\n<li><strong>\u00a0Boyut:<\/strong> 50x70x55mm<\/li>\n<li><strong>Malzeme:<\/strong> Pi\u015fmi\u015f PC + bak\u0131r metal + kau\u00e7uk Ya\u011f\u0131<\/li>\n<li><strong>\u0130\u015faret:<\/strong> AB\/AU\/\u0130ngiltere\/ABD hepsi bir arada 170&#039;den fazla \u00fclkede kullan\u0131labilir<\/li>\n<li><strong>Sertifika:<\/strong> CE, Rohs<\/li>\n<\/ul>","protected":false},"excerpt":{"rendered":"<p>Bu evrensel adapt\u00f6r, uluslararas\u0131 seyahat g\u00fc\u00e7 \u015farj\u0131 i\u00e7in USB Tip-C PD 30W h\u0131zl\u0131 \u015earj Aleti Evrensel Seyahat Fi\u015fi Adapt\u00f6r\u00fcne sahip, \u015f\u0131k bir Futbol tasar\u0131ml\u0131 Seyahat Adapt\u00f6r\u00fcd\u00fcr. En g\u00fcvenli tasar\u0131m Dahili 8A Otomatik S\u0131f\u0131rlama Sigortas\u0131<\/p>\n<p>Hepsi bir arada tasar\u0131m \u0130ngiltere, Almanya, \u0130talya, Avrupa, Orta\/Uzak Do\u011fu, Tayland, Endonezya, Avustralya, Yeni Zelanda, ABD, Kanada, Meksika, G\u00fcney Amerika dahil 170&#039;den fazla \u00fclkede \u00e7al\u0131\u015f\u0131yor<\/p>\n<p>Sa\u00e7 kurutma makinesi, d\u00fczle\u015ftirici, \u00fct\u00fc, su \u0131s\u0131t\u0131c\u0131s\u0131 gibi y\u00fcksek g\u00fc\u00e7l\u00fc aletler 10A\/2000W&#039;a kadar kullan\u0131labilir. \u00c7ift voltaj\u0131 110V\/250V desteklemelidirler. Adapt\u00f6r voltaj\u0131 d\u00f6n\u00fc\u015ft\u00fcrmez<\/p>\n<p>Termal ve a\u015f\u0131r\u0131 y\u00fck koruma devrelerine sahip cihazlara zarar vermekten ka\u00e7\u0131n\u0131n. Dahili 8A Otomatik S\u0131f\u0131rlama sigortas\u0131. Yayg\u0131n Sigortadan daha g\u00fcvenlidir ve sigortay\u0131 de\u011fi\u015ftirmeye gerek yoktur. Dahili g\u00fcvenlik kepenkleri ve fi\u015f kilidi tasar\u0131m\u0131. CE FCC ROHS Sertifikal\u0131<\/p>\n<p>&nbsp;<\/p>","protected":false},"featured_media":8071,"comment_status":"open","ping_status":"closed","template":"","meta":{"rank_math_lock_modified_date":false,"site-sidebar-layout":"default","site-content-layout":"","ast-site-content-layout":"default","site-content-style":"default","site-sidebar-style":"default","ast-global-header-display":"","ast-banner-title-visibility":"","ast-main-header-display":"","ast-hfb-above-header-display":"","ast-hfb-below-header-display":"","ast-hfb-mobile-header-display":"","site-post-title":"","ast-breadcrumbs-content":"","ast-featured-img":"","footer-sml-layout":"","ast-disable-related-posts":"","theme-transparent-header-meta":"default","adv-header-id-meta":"","stick-header-meta":"","header-above-stick-meta":"","header-main-stick-meta":"","header-below-stick-meta":"","astra-migrate-meta-layouts":"set","ast-page-background-enabled":"default","ast-page-background-meta":{"desktop":{"background-color":"","background-image":"","background-repeat":"repeat","background-position":"center center","background-size":"auto","background-attachment":"scroll","background-type":"","background-media":"","overlay-type":"","overlay-color":"","overlay-opacity":"","overlay-gradient":""},"tablet":{"background-color":"","background-image":"","background-repeat":"repeat","background-position":"center center","background-size":"auto","background-attachment":"scroll","background-type":"","background-media":"","overlay-type":"","overlay-color":"","overlay-opacity":"","overlay-gradient":""},"mobile":{"background-color":"","background-image":"","background-repeat":"repeat","background-position":"center center","background-size":"auto","background-attachment":"scroll","background-type":"","background-media":"","overlay-type":"","overlay-color":"","overlay-opacity":"","overlay-gradient":""}},"ast-content-background-meta":{"desktop":{"background-color":"var(--ast-global-color-5)","background-image":"","background-repeat":"repeat","background-position":"center center","background-size":"auto","background-attachment":"scroll","background-type":"","background-media":"","overlay-type":"","overlay-color":"","overlay-opacity":"","overlay-gradient":""},"tablet":{"background-color":"var(--ast-global-color-5)","background-image":"","background-repeat":"repeat","background-position":"center center","background-size":"auto","background-attachment":"scroll","background-type":"","background-media":"","overlay-type":"","overlay-color":"","overlay-opacity":"","overlay-gradient":""},"mobile":{"background-color":"var(--ast-global-color-5)","background-image":"","background-repeat":"repeat","background-position":"center center","background-size":"auto","background-attachment":"scroll","background-type":"","background-media":"","overlay-type":"","overlay-color":"","overlay-opacity":"","overlay-gradient":""}}},"product_cat":[64],"product_tag":[],"class_list":{"0":"post-8069","1":"product","2":"type-product","3":"status-publish","4":"has-post-thumbnail","6":"product_cat-travel-adapter","7":"desktop-align-center","8":"tablet-align-center","9":"mobile-align-center","11":"first","12":"instock","13":"shipping-taxable","14":"product-type-simple"},"_links":{"self":[{"href":"https:\/\/imiapower.com\/tr\/wp-json\/wp\/v2\/product\/8069","targetHints":{"allow":["GET"]}}],"collection":[{"href":"https:\/\/imiapower.com\/tr\/wp-json\/wp\/v2\/product"}],"about":[{"href":"https:\/\/imiapower.com\/tr\/wp-json\/wp\/v2\/types\/product"}],"replies":[{"embeddable":true,"href":"https:\/\/imiapower.com\/tr\/wp-json\/wp\/v2\/comments?post=8069"}],"version-history":[{"count":3,"href":"https:\/\/imiapower.com\/tr\/wp-json\/wp\/v2\/product\/8069\/revisions"}],"predecessor-version":[{"id":8076,"href":"https:\/\/imiapower.com\/tr\/wp-json\/wp\/v2\/product\/8069\/revisions\/8076"}],"wp:featuredmedia":[{"embeddable":true,"href":"https:\/\/imiapower.com\/tr\/wp-json\/wp\/v2\/media\/8071"}],"wp:attachment":[{"href":"https:\/\/imiapower.com\/tr\/wp-json\/wp\/v2\/media?parent=8069"}],"wp:term":[{"taxonomy":"product_cat","embeddable":true,"href":"https:\/\/imiapower.com\/tr\/wp-json\/wp\/v2\/product_cat?post=8069"},{"taxonomy":"product_tag","embeddable":true,"href":"https:\/\/imiapower.com\/tr\/wp-json\/wp\/v2\/product_tag?post=8069"}],"curies":[{"name":"wp","href":"https:\/\/api.w.org\/{rel}","templated":true}]}}