{"id":8092,"date":"2024-07-11T06:01:19","date_gmt":"2024-07-11T06:01:19","guid":{"rendered":"https:\/\/imiapower.com\/?post_type=product&#038;p=8092"},"modified":"2024-08-16T06:34:16","modified_gmt":"2024-08-16T06:34:16","slug":"travel-adaptor-with-usb","status":"publish","type":"product","link":"https:\/\/imiapower.com\/tr\/products\/travel-adapter\/travel-adaptor-with-usb\/","title":{"rendered":"USB 45w tedarik\u00e7ili orijinal seyahat adapt\u00f6r\u00fc"},"content":{"rendered":"<ul>\n<li><strong>USB&#039;li seyahat adapt\u00f6r\u00fc<\/strong><\/li>\n<li><strong>AC giri\u015fi:<\/strong>100~250V\/AC 50-60Hz 0,8A<\/li>\n<li><strong>AC \u00e7\u0131k\u0131\u015f\u0131:<\/strong>10A Maks.(1000W\/100V veya 2400W\/240V)<\/li>\n<li><strong>USB \u00e7\u0131k\u0131\u015f\u0131:<\/strong> 5V 2,4A (Maks. 12W)<\/li>\n<li><strong>Tip C1\/C2\/C3 \u00e7\u0131k\u0131\u015f\u0131:<\/strong> 5V 2,4A (Maks. 12W)<\/li>\n<li><strong>C4 \u00e7\u0131k\u0131\u015f\u0131 yaz\u0131n:<\/strong> 5V,3A 9V,3A 12V,3A 15V,3A 20V,2,25A (MAKS. 45W)<\/li>\n<li><strong>Boyut:<\/strong>52x73x57mm<\/li>\n<li><strong>Renk:<\/strong> Siyah<\/li>\n<li><strong>A\u011f\u0131rl\u0131k:<\/strong>170g<\/li>\n<li><strong>Malzeme:<\/strong> Pi\u015fmi\u015f PC + bak\u0131r metal<\/li>\n<li><strong>Sertifika:<\/strong> UKCA, CE, FCC, RoHS, REACH<\/li>\n<\/ul>","protected":false},"excerpt":{"rendered":"<p>usb&#039;li seyahat adapt\u00f6r\u00fc, uluslararas\u0131 seyahat ederken elektronik cihazlar\u0131n\u0131z\u0131n \u00e7al\u0131\u015f\u0131r durumda ve g\u00fcvenli kalmas\u0131n\u0131 sa\u011flamaya yard\u0131mc\u0131 olan, g\u00f6n\u00fcl rahatl\u0131\u011f\u0131 ve rahatl\u0131k sa\u011flayan basit ama \u00f6nemli bir ara\u00e7t\u0131r.<\/p>\n<p>Elektriksel Uyumluluk &amp; Cihaz Uyumlulu\u011fu &amp; G\u00fcvenlik &amp; Kolayl\u0131k &amp; \u00c7ok Y\u00f6nl\u00fcl\u00fck &amp; Haz\u0131rl\u0131k<\/p>\n<p>Numuneleri sa\u011flamak \u00fccretsizdir, bizimle sipari\u015f vermeden \u00f6nce m\u00fc\u015fterinin bize daha fazla inanmas\u0131n\u0131 sa\u011flay\u0131n<\/p>","protected":false},"featured_media":8096,"comment_status":"open","ping_status":"closed","template":"","meta":{"rank_math_lock_modified_date":false,"site-sidebar-layout":"default","site-content-layout":"","ast-site-content-layout":"default","site-content-style":"default","site-sidebar-style":"default","ast-global-header-display":"","ast-banner-title-visibility":"","ast-main-header-display":"","ast-hfb-above-header-display":"","ast-hfb-below-header-display":"","ast-hfb-mobile-header-display":"","site-post-title":"","ast-breadcrumbs-content":"","ast-featured-img":"","footer-sml-layout":"","ast-disable-related-posts":"","theme-transparent-header-meta":"default","adv-header-id-meta":"","stick-header-meta":"","header-above-stick-meta":"","header-main-stick-meta":"","header-below-stick-meta":"","astra-migrate-meta-layouts":"set","ast-page-background-enabled":"default","ast-page-background-meta":{"desktop":{"background-color":"","background-image":"","background-repeat":"repeat","background-position":"center center","background-size":"auto","background-attachment":"scroll","background-type":"","background-media":"","overlay-type":"","overlay-color":"","overlay-opacity":"","overlay-gradient":""},"tablet":{"background-color":"","background-image":"","background-repeat":"repeat","background-position":"center center","background-size":"auto","background-attachment":"scroll","background-type":"","background-media":"","overlay-type":"","overlay-color":"","overlay-opacity":"","overlay-gradient":""},"mobile":{"background-color":"","background-image":"","background-repeat":"repeat","background-position":"center center","background-size":"auto","background-attachment":"scroll","background-type":"","background-media":"","overlay-type":"","overlay-color":"","overlay-opacity":"","overlay-gradient":""}},"ast-content-background-meta":{"desktop":{"background-color":"var(--ast-global-color-5)","background-image":"","background-repeat":"repeat","background-position":"center center","background-size":"auto","background-attachment":"scroll","background-type":"","background-media":"","overlay-type":"","overlay-color":"","overlay-opacity":"","overlay-gradient":""},"tablet":{"background-color":"var(--ast-global-color-5)","background-image":"","background-repeat":"repeat","background-position":"center center","background-size":"auto","background-attachment":"scroll","background-type":"","background-media":"","overlay-type":"","overlay-color":"","overlay-opacity":"","overlay-gradient":""},"mobile":{"background-color":"var(--ast-global-color-5)","background-image":"","background-repeat":"repeat","background-position":"center center","background-size":"auto","background-attachment":"scroll","background-type":"","background-media":"","overlay-type":"","overlay-color":"","overlay-opacity":"","overlay-gradient":""}}},"product_cat":[64],"product_tag":[],"class_list":{"0":"post-8092","1":"product","2":"type-product","3":"status-publish","4":"has-post-thumbnail","6":"product_cat-travel-adapter","7":"desktop-align-center","8":"tablet-align-center","9":"mobile-align-center","11":"first","12":"instock","13":"shipping-taxable","14":"product-type-simple"},"_links":{"self":[{"href":"https:\/\/imiapower.com\/tr\/wp-json\/wp\/v2\/product\/8092","targetHints":{"allow":["GET"]}}],"collection":[{"href":"https:\/\/imiapower.com\/tr\/wp-json\/wp\/v2\/product"}],"about":[{"href":"https:\/\/imiapower.com\/tr\/wp-json\/wp\/v2\/types\/product"}],"replies":[{"embeddable":true,"href":"https:\/\/imiapower.com\/tr\/wp-json\/wp\/v2\/comments?post=8092"}],"version-history":[{"count":4,"href":"https:\/\/imiapower.com\/tr\/wp-json\/wp\/v2\/product\/8092\/revisions"}],"predecessor-version":[{"id":8099,"href":"https:\/\/imiapower.com\/tr\/wp-json\/wp\/v2\/product\/8092\/revisions\/8099"}],"wp:featuredmedia":[{"embeddable":true,"href":"https:\/\/imiapower.com\/tr\/wp-json\/wp\/v2\/media\/8096"}],"wp:attachment":[{"href":"https:\/\/imiapower.com\/tr\/wp-json\/wp\/v2\/media?parent=8092"}],"wp:term":[{"taxonomy":"product_cat","embeddable":true,"href":"https:\/\/imiapower.com\/tr\/wp-json\/wp\/v2\/product_cat?post=8092"},{"taxonomy":"product_tag","embeddable":true,"href":"https:\/\/imiapower.com\/tr\/wp-json\/wp\/v2\/product_tag?post=8092"}],"curies":[{"name":"wp","href":"https:\/\/api.w.org\/{rel}","templated":true}]}}